{"id":6855,"date":"2026-01-15T15:41:22","date_gmt":"2026-01-15T12:41:22","guid":{"rendered":"https:\/\/wristbandfactory.eu\/?post_type=product&#038;p=6855"},"modified":"2026-04-01T21:52:34","modified_gmt":"2026-04-01T18:52:34","slug":"custom-printed-event-badges-id-cards-pvc-laminated","status":"publish","type":"product","link":"https:\/\/displayproducts.eu\/fr\/p\/custom-printed-event-badges-id-cards-pvc-laminated\/","title":{"rendered":"Badges \u00e9v\u00e9nementiels et cartes d'accr\u00e9ditation"},"content":{"rendered":"<p data-path-to-node=\"6\">Rationalisez votre processus d&#039;accr\u00e9ditation gr\u00e2ce \u00e0 notre gamme polyvalente de <b data-path-to-node=\"6\" data-index-in-node=\"91\">Badges et cartes d&#039;identit\u00e9 personnalis\u00e9s pour \u00e9v\u00e9nements<\/b>. Que vous organisiez une conf\u00e9rence d&#039;une journ\u00e9e ou que vous g\u00e9riez la s\u00e9curit\u00e9 d&#039;un b\u00e2timent sur le long terme, nous vous proposons une solution adapt\u00e9e \u00e0 votre budget et \u00e0 vos exigences de durabilit\u00e9, le tout en une seule commande pratique.<\/p>\n<p data-path-to-node=\"7\">Au lieu d&#039;acheter des supports et des inserts s\u00e9par\u00e9ment, ces badges constituent une solution \u201c tout-en-un \u201d compl\u00e8te : imprim\u00e9s, finis et pr\u00eats \u00e0 \u00eatre accroch\u00e9s.<\/p>\n<h2 data-path-to-node=\"8\">S\u00e9lectionnez votre mat\u00e9riau<\/h2>\n<ul data-path-to-node=\"9\">\n<li>\n<p data-path-to-node=\"9,0,0\"><b data-path-to-node=\"9,0,0\" data-index-in-node=\"0\">Option A : PVC rigide (Premium) :<\/b> Fabriqu\u00e9es en polychlorure de vinyle (comme une carte bancaire), ces cartes sont imperm\u00e9ables, ind\u00e9formables et extr\u00eamement r\u00e9sistantes. Elles sont id\u00e9ales pour les badges d&#039;identification du personnel, les laissez-passer VIP et les badges de presse r\u00e9utilisables.<\/p>\n<\/li>\n<li>\n<p data-path-to-node=\"9,1,0\"><b data-path-to-node=\"9,1,0\" data-index-in-node=\"0\">Option B : Papier plastifi\u00e9 (standard) :<\/b> Un encart papier de haute qualit\u00e9, ins\u00e9r\u00e9 dans une pochette plastique robuste par thermolamination. C&#039;est la norme pour les salons professionnels, les festivals et les conf\u00e9rences o\u00f9 budget et rapidit\u00e9 sont essentiels.<\/p>\n<\/li>\n<\/ul>\n<h2 data-path-to-node=\"10\">Tailles et formats disponibles<\/h2>\n<ul data-path-to-node=\"11\">\n<li>\n<p data-path-to-node=\"11,0,0\"><b data-path-to-node=\"11,0,0\" data-index-in-node=\"0\">CR80 standard (86 x 54 mm) :<\/b> Format carte de cr\u00e9dit classique. Disponible en format paysage ou portrait.<\/p>\n<\/li>\n<li>\n<p data-path-to-node=\"11,1,0\"><b data-path-to-node=\"11,1,0\" data-index-in-node=\"0\">\u00c9v\u00e9nement moyen (100 x 70 mm) :<\/b> Le mod\u00e8le 30% offre une surface plus grande pour les agendas, les cartes ou les photos plus grandes.<\/p>\n<\/li>\n<li>\n<p data-path-to-node=\"11,2,0\"><b data-path-to-node=\"11,2,0\" data-index-in-node=\"0\">Grand \/ XL (120 x 80 mm) :<\/b> Visibilit\u00e9 maximale. Id\u00e9al pour les laissez-passer \u201c Acc\u00e8s \u00e0 toutes les zones \u201d et les programmes des festivals.<\/p>\n<\/li>\n<\/ul>\n<h2 data-path-to-node=\"12\">Caract\u00e9ristiques<\/h2>\n<ul data-path-to-node=\"13\">\n<li>\n<p data-path-to-node=\"13,0,0\"><b data-path-to-node=\"13,0,0\" data-index-in-node=\"0\">Technologie d&#039;impression\u00a0:<\/b> Impression num\u00e9rique ou offset en couleur<\/p>\n<\/li>\n<li>\n<p data-path-to-node=\"13,1,0\"><b data-path-to-node=\"13,1,0\" data-index-in-node=\"0\">\u00c9paisseur du PVC :<\/b> 0,76 mm (carte de cr\u00e9dit standard)<\/p>\n<\/li>\n<li>\n<p data-path-to-node=\"13,2,0\"><b data-path-to-node=\"13,2,0\" data-index-in-node=\"0\">\u00c9paisseur du stratifi\u00e9 :<\/b> Papier \u00e9pais + laminage de 150 \u00e0 250 microns<\/p>\n<\/li>\n<li>\n<p data-path-to-node=\"13,3,0\"><b data-path-to-node=\"13,3,0\" data-index-in-node=\"0\">Finition:<\/b> Coins arrondis d\u00e9coup\u00e9s \u00e0 l&#039;emporte-pi\u00e8ce + Perforation (cercle ou fente)<\/p>\n<\/li>\n<li>\n<p data-path-to-node=\"13,4,0\"><b data-path-to-node=\"13,4,0\" data-index-in-node=\"0\">Commande minimum:<\/b> 50 pi\u00e8ces<\/p>\n<\/li>\n<\/ul>\n<h2 data-path-to-node=\"14\">Cas d&#039;utilisation<\/h2>\n<ul data-path-to-node=\"15\">\n<li>\n<p data-path-to-node=\"15,0,0\"><b data-path-to-node=\"15,0,0\" data-index-in-node=\"0\">Conf\u00e9rences et salons professionnels\u00a0:<\/b> Des badges plastifi\u00e9s \u00e9conomiques pour des milliers de participants.<\/p>\n<\/li>\n<li>\n<p data-path-to-node=\"15,1,0\"><b data-path-to-node=\"15,1,0\" data-index-in-node=\"0\">Festivals de musique :<\/b> Pass XL grand format pour les artistes et l&#039;\u00e9quipe (faciles \u00e0 rep\u00e9rer de loin).<\/p>\n<\/li>\n<li>\n<p data-path-to-node=\"15,2,0\"><b data-path-to-node=\"15,2,0\" data-index-in-node=\"0\">Identifiant de l&#039;entreprise\u00a0:<\/b> Cartes en PVC r\u00e9sistant pour un acc\u00e8s quotidien au bureau.<\/p>\n<\/li>\n<li>\n<p data-path-to-node=\"15,3,0\"><b data-path-to-node=\"15,3,0\" data-index-in-node=\"0\">\u00c9v\u00e9nements sportifs :<\/b> Badges en PVC r\u00e9sistant aux intemp\u00e9ries pour le personnel ext\u00e9rieur et les m\u00e9dias.<\/p>\n<\/li>\n<\/ul>","protected":false},"excerpt":{"rendered":"<ul data-path-to-node=\"5\">\n<li>\n<p data-path-to-node=\"5,0,0\"><b data-path-to-node=\"5,0,0\" data-index-in-node=\"0\">Deux options de mat\u00e9riaux :<\/b> Choisissez entre les options rigides <b data-path-to-node=\"5,0,0\" data-index-in-node=\"43\">Plastique PVC<\/b> (durable, aspect carte de cr\u00e9dit) ou \u00e9conomique <b data-path-to-node=\"5,0,0\" data-index-in-node=\"101\">Papier plastifi\u00e9<\/b> (l\u00e9ger, encapsul\u00e9).<\/p>\n<\/li>\n<li>\n<p data-path-to-node=\"5,1,0\"><b data-path-to-node=\"5,1,0\" data-index-in-node=\"0\">Tailles polyvalentes :<\/b> Disponible au format carte de cr\u00e9dit standard (86x54mm) et aux grands formats \u00e9v\u00e9nementiels (100x70mm, 120x80mm).<\/p>\n<\/li>\n<li>\n<p data-path-to-node=\"5,2,0\"><b data-path-to-node=\"5,2,0\" data-index-in-node=\"0\">Impression bord \u00e0 bord\u00a0:<\/b> L&#039;impression recto verso en haute d\u00e9finition et en couleur garantit que votre marque ou vos supports graphiques \u00e9v\u00e9nementiels se d\u00e9marquent.<\/p>\n<\/li>\n<li>\n<p data-path-to-node=\"5,3,0\"><b data-path-to-node=\"5,3,0\" data-index-in-node=\"0\">Pr\u00eat \u00e0 porter:<\/b> Tous les badges sont munis d&#039;une perforation standard (ronde ou ovale) pour une fixation imm\u00e9diate aux cordons.<\/p>\n<\/li>\n<\/ul>","protected":false},"featured_media":6856,"comment_status":"closed","ping_status":"closed","template":"","meta":[],"product_brand":[],"product_cat":[90],"product_tag":[],"class_list":{"0":"post-6855","1":"product","2":"type-product","3":"status-publish","4":"has-post-thumbnail","6":"product_cat-laminated-cards","8":"first","9":"instock","10":"shipping-taxable","11":"purchasable","12":"product-type-simple"},"_links":{"self":[{"href":"https:\/\/displayproducts.eu\/fr\/wp-json\/wp\/v2\/product\/6855","targetHints":{"allow":["GET"]}}],"collection":[{"href":"https:\/\/displayproducts.eu\/fr\/wp-json\/wp\/v2\/product"}],"about":[{"href":"https:\/\/displayproducts.eu\/fr\/wp-json\/wp\/v2\/types\/product"}],"replies":[{"embeddable":true,"href":"https:\/\/displayproducts.eu\/fr\/wp-json\/wp\/v2\/comments?post=6855"}],"wp:featuredmedia":[{"embeddable":true,"href":"https:\/\/displayproducts.eu\/fr\/wp-json\/wp\/v2\/media\/6856"}],"wp:attachment":[{"href":"https:\/\/displayproducts.eu\/fr\/wp-json\/wp\/v2\/media?parent=6855"}],"wp:term":[{"taxonomy":"product_brand","embeddable":true,"href":"https:\/\/displayproducts.eu\/fr\/wp-json\/wp\/v2\/product_brand?post=6855"},{"taxonomy":"product_cat","embeddable":true,"href":"https:\/\/displayproducts.eu\/fr\/wp-json\/wp\/v2\/product_cat?post=6855"},{"taxonomy":"product_tag","embeddable":true,"href":"https:\/\/displayproducts.eu\/fr\/wp-json\/wp\/v2\/product_tag?post=6855"}],"curies":[{"name":"wp","href":"https:\/\/api.w.org\/{rel}","templated":true}]}}