{"id":6853,"date":"2026-01-15T15:29:17","date_gmt":"2026-01-15T12:29:17","guid":{"rendered":"https:\/\/wristbandfactory.eu\/?post_type=product&#038;p=6853"},"modified":"2026-04-01T21:52:34","modified_gmt":"2026-04-01T18:52:34","slug":"custom-printed-eco-friendly-yoga-mats-cork-microfiber-coconut","status":"publish","type":"product","link":"https:\/\/displayproducts.eu\/fr\/p\/custom-printed-eco-friendly-yoga-mats-cork-microfiber-coconut\/","title":{"rendered":"Tapis de yoga personnalis\u00e9s (li\u00e8ge et microfibre)"},"content":{"rendered":"<p data-path-to-node=\"6\">Transformez votre studio ou votre programme de bien-\u00eatre en entreprise gr\u00e2ce \u00e0 notre gamme premium de <b data-path-to-node=\"6\" data-index-in-node=\"109\">Tapis de yoga \u00e9cologiques imprim\u00e9s sur mesure<\/b>. Con\u00e7us pour un usage professionnel et le merchandising haut de gamme, ces tapis allient durabilit\u00e9 et performance sup\u00e9rieure. Contrairement aux tapis en PVC classiques, notre collection utilise une base en caoutchouc naturel pour une stabilit\u00e9 in\u00e9gal\u00e9e et propose trois rev\u00eatements de surface diff\u00e9rents afin de r\u00e9pondre \u00e0 vos besoins sp\u00e9cifiques en mati\u00e8re d&#039;image de marque et de fonctionnalit\u00e9.<\/p>\n<p data-path-to-node=\"7\">Que vous ayez besoin d&#039;une surface absorbant la transpiration pour le yoga chaud ou d&#039;une texture \u00e0 haute adh\u00e9rence pour des postures pr\u00e9cises, nos tapis personnalisables offrent le support id\u00e9al pour votre marque.<\/p>\n<h2 data-path-to-node=\"8\">Options de mat\u00e9riaux<\/h2>\n<ul data-path-to-node=\"9\">\n<li>\n<p data-path-to-node=\"9,0,0\"><b data-path-to-node=\"9,0,0\" data-index-in-node=\"0\">Option A : Microfibre effet daim :<\/b> Une surface douce et velout\u00e9e qui devient plus adh\u00e9rente avec la transpiration. Id\u00e9ale pour le yoga chaud et les impressions photo couleur haute d\u00e9finition.<\/p>\n<\/li>\n<li>\n<p data-path-to-node=\"9,1,0\"><b data-path-to-node=\"9,1,0\" data-index-in-node=\"0\">Option B\u00a0: 100% Li\u00e8ge naturel\u00a0:<\/b> Antimicrobien et \u00e9cologique. Offre un aspect naturel et biologique avec une excellente adh\u00e9rence \u00e0 sec.<\/p>\n<\/li>\n<li>\n<p data-path-to-node=\"9,2,0\"><b data-path-to-node=\"9,2,0\" data-index-in-node=\"0\">Option C : Fibre PU de noix de coco :<\/b> Le choix ultime en mati\u00e8re de performance. Un m\u00e9lange de polyur\u00e9thane et de fibres de coco 10% minimum offre une adh\u00e9rence sup\u00e9rieure et une esth\u00e9tique textur\u00e9e unique.<\/p>\n<\/li>\n<\/ul>\n<h2 data-path-to-node=\"10\">Caract\u00e9ristiques<\/h2>\n<ul data-path-to-node=\"11\">\n<li>\n<p data-path-to-node=\"11,0,0\"><b data-path-to-node=\"11,0,0\" data-index-in-node=\"0\">Mat\u00e9riau de base :<\/b> Caoutchouc naturel (Tous mod\u00e8les)<\/p>\n<\/li>\n<li>\n<p data-path-to-node=\"11,1,0\"><b data-path-to-node=\"11,1,0\" data-index-in-node=\"0\">Impression:<\/b> CMJN en couleur (Remarque : une variation de teinte de \u00b115% peut survenir en raison de l&#039;absorption du mat\u00e9riau)<\/p>\n<\/li>\n<li>\n<p data-path-to-node=\"11,2,0\"><b data-path-to-node=\"11,2,0\" data-index-in-node=\"0\">Commande minimum:<\/b> 12 pi\u00e8ces (Commandez par multiples de 6)<\/p>\n<\/li>\n<li>\n<p data-path-to-node=\"11,3,0\"><b data-path-to-node=\"11,3,0\" data-index-in-node=\"0\">Mod\u00e8le 1 (Microfibre) :<\/b> 183 x 68 cm | \u00c9paisseur : 0,15 cm ou 0,4 cm | Poids : environ 1,5 kg \u00e0 3 kg<\/p>\n<\/li>\n<li>\n<p data-path-to-node=\"11,4,0\"><b data-path-to-node=\"11,4,0\" data-index-in-node=\"0\">Mod\u00e8le 2 (Li\u00e8ge) :<\/b> 183 x 61 cm | \u00c9paisseur : 0,2 cm ou 0,4 cm | Poids : environ 1,4 kg \u2013 2,8 kg<\/p>\n<\/li>\n<li>\n<p data-path-to-node=\"11,5,0\"><b data-path-to-node=\"11,5,0\" data-index-in-node=\"0\">Mod\u00e8le 3 (PU Noix de coco) :<\/b> 183 x 68 cm | \u00c9paisseur : 0,2 cm ou 0,45 cm | Poids : environ 1,5 kg \u00e0 3 kg | 100% Sans latex ni PVC<\/p>\n<\/li>\n<\/ul>\n<h2 data-path-to-node=\"12\">Cas d&#039;utilisation<\/h2>\n<ul data-path-to-node=\"13\">\n<li>\n<p data-path-to-node=\"13,0,0\"><b data-path-to-node=\"13,0,0\" data-index-in-node=\"0\">Studios de yoga et salles de sport\u00a0:<\/b> \u00c9quipement de marque pour les cours ou la vente au d\u00e9tail aux membres.<\/p>\n<\/li>\n<li>\n<p data-path-to-node=\"13,1,0\"><b data-path-to-node=\"13,1,0\" data-index-in-node=\"0\">Bien-\u00eatre en entreprise :<\/b> Cadeaux haut de gamme pour les employ\u00e9s, favorisant la sant\u00e9 et l&#039;\u00e9quilibre entre vie professionnelle et vie personnelle.<\/p>\n<\/li>\n<li>\n<p data-path-to-node=\"13,2,0\"><b data-path-to-node=\"13,2,0\" data-index-in-node=\"0\">Retraites et spas :<\/b> Produits exclusifs pour les retraites de bien-\u00eatre de luxe.<\/p>\n<\/li>\n<li>\n<p data-path-to-node=\"13,3,0\"><b data-path-to-node=\"13,3,0\" data-index-in-node=\"0\">Produits d\u00e9riv\u00e9s pour influenceurs\u00a0:<\/b> Produits personnalis\u00e9s haut de gamme pour les influenceurs et les coachs de fitness.<\/p>\n<\/li>\n<\/ul>","protected":false},"excerpt":{"rendered":"<ul>\n<li>\n<p data-path-to-node=\"5,0,0\"><b data-path-to-node=\"5,0,0\" data-index-in-node=\"0\">Mat\u00e9riaux \u00e9cologiques de qualit\u00e9 sup\u00e9rieure\u00a0:<\/b> Choisissez parmi la microfibre su\u00e9d\u00e9e douce, le li\u00e8ge naturel antimicrobien ou les m\u00e9langes PU \u00e0 haute adh\u00e9rence en noix de coco, tous dot\u00e9s d&#039;une base antid\u00e9rapante en caoutchouc naturel.<\/p>\n<\/li>\n<li>\n<p data-path-to-node=\"5,1,0\"><b data-path-to-node=\"5,1,0\" data-index-in-node=\"0\">Identit\u00e9 visuelle en couleur\u00a0:<\/b> L&#039;impression CMJN bord \u00e0 bord permet de r\u00e9aliser des designs photor\u00e9alistes, des motifs personnalis\u00e9s ou des logos d&#039;entreprise audacieux.<\/p>\n<\/li>\n<li>\n<p data-path-to-node=\"5,2,0\"><b data-path-to-node=\"5,2,0\" data-index-in-node=\"0\">Durabilit\u00e9 commerciale :<\/b> Construction robuste con\u00e7ue pour les salles de sport, les studios de yoga et les cadeaux de bien-\u00eatre d&#039;entreprise haut de gamme.<\/p>\n<\/li>\n<li>\n<p data-path-to-node=\"5,3,0\"><b data-path-to-node=\"5,3,0\" data-index-in-node=\"0\">Stabilit\u00e9 antid\u00e9rapante :<\/b> Le dessous en caoutchouc naturel assure que le tapis reste bien en place m\u00eame lors d&#039;entra\u00eenements intensifs.<\/p>\n<\/li>\n<\/ul>","protected":false},"featured_media":6854,"comment_status":"closed","ping_status":"closed","template":"","meta":[],"product_brand":[],"product_cat":[118],"product_tag":[],"class_list":{"0":"post-6853","1":"product","2":"type-product","3":"status-publish","4":"has-post-thumbnail","6":"product_cat-sports-fitness","8":"first","9":"instock","10":"shipping-taxable","11":"purchasable","12":"product-type-simple"},"_links":{"self":[{"href":"https:\/\/displayproducts.eu\/fr\/wp-json\/wp\/v2\/product\/6853","targetHints":{"allow":["GET"]}}],"collection":[{"href":"https:\/\/displayproducts.eu\/fr\/wp-json\/wp\/v2\/product"}],"about":[{"href":"https:\/\/displayproducts.eu\/fr\/wp-json\/wp\/v2\/types\/product"}],"replies":[{"embeddable":true,"href":"https:\/\/displayproducts.eu\/fr\/wp-json\/wp\/v2\/comments?post=6853"}],"wp:featuredmedia":[{"embeddable":true,"href":"https:\/\/displayproducts.eu\/fr\/wp-json\/wp\/v2\/media\/6854"}],"wp:attachment":[{"href":"https:\/\/displayproducts.eu\/fr\/wp-json\/wp\/v2\/media?parent=6853"}],"wp:term":[{"taxonomy":"product_brand","embeddable":true,"href":"https:\/\/displayproducts.eu\/fr\/wp-json\/wp\/v2\/product_brand?post=6853"},{"taxonomy":"product_cat","embeddable":true,"href":"https:\/\/displayproducts.eu\/fr\/wp-json\/wp\/v2\/product_cat?post=6853"},{"taxonomy":"product_tag","embeddable":true,"href":"https:\/\/displayproducts.eu\/fr\/wp-json\/wp\/v2\/product_tag?post=6853"}],"curies":[{"name":"wp","href":"https:\/\/api.w.org\/{rel}","templated":true}]}}