{"id":6851,"date":"2026-01-15T15:18:22","date_gmt":"2026-01-15T12:18:22","guid":{"rendered":"https:\/\/wristbandfactory.eu\/?post_type=product&#038;p=6851"},"modified":"2026-04-01T21:52:03","modified_gmt":"2026-04-01T18:52:03","slug":"custom-printed-cotton-tea-towels-250gsm-45x70cm","status":"publish","type":"product","link":"https:\/\/displayproducts.eu\/fr\/p\/custom-printed-cotton-tea-towels-250gsm-45x70cm\/","title":{"rendered":"Torchons en coton imprim\u00e9s (250gsm)"},"content":{"rendered":"<p data-path-to-node=\"8\">Renforcez la pr\u00e9sence de votre marque au c\u0153ur des foyers ou des \u00e9tablissements h\u00f4teliers gr\u00e2ce \u00e0 notre <b data-path-to-node=\"8\" data-index-in-node=\"110\">Torchons en coton imprim\u00e9s personnalis\u00e9s<\/b>. Contrairement aux textiles promotionnels classiques, ces serviettes sont confectionn\u00e9es en coton haut de gamme de 250 g\/m\u00b2, offrant un toucher luxueux et une qualit\u00e9 sup\u00e9rieure qui valorise votre entreprise. Utilis\u00e9es aussi bien dans une cuisine professionnelle que comme cadeau d&#039;entreprise \u00e9l\u00e9gant, elles allient praticit\u00e9 au quotidien et visibilit\u00e9 optimale de votre marque.<\/p>\n<p data-path-to-node=\"9\">Ces torchons sont con\u00e7us pour les entreprises \u00e0 la recherche de produits durables. L&#039;impression s\u00e9rigraphique de haute qualit\u00e9 permet d&#039;obtenir des logos ou des motifs artistiques nets et pr\u00e9cis, ce qui en fait des articles parfaits pour les boutiques de mus\u00e9es, les commerces de d\u00e9tail et les cadeaux promotionnels lors d&#039;\u00e9v\u00e9nements.<\/p>\n<h2 data-path-to-node=\"10\">Caract\u00e9ristiques principales<\/h2>\n<ul data-path-to-node=\"11\">\n<li>\n<p data-path-to-node=\"11,0,0\"><b data-path-to-node=\"11,0,0\" data-index-in-node=\"0\">Tissu haute densit\u00e9 :<\/b> Avec un grammage de 250 g\/m\u00b2, ce coton est plus \u00e9pais et plus r\u00e9sistant que les serviettes promotionnelles standard, ce qui garantit sa long\u00e9vit\u00e9.<\/p>\n<\/li>\n<li>\n<p data-path-to-node=\"11,1,0\"><b data-path-to-node=\"11,1,0\" data-index-in-node=\"0\">Impression s\u00e9rigraphique nette :<\/b> Nous pouvons imprimer votre design sp\u00e9cifique en utilisant jusqu&#039;\u00e0 3 couleurs Pantone, garantissant ainsi la pr\u00e9servation de votre identit\u00e9 de marque.<\/p>\n<\/li>\n<li>\n<p data-path-to-node=\"11,2,0\"><b data-path-to-node=\"11,2,0\" data-index-in-node=\"0\">Taille fonctionnelle :<\/b> Le format 45x70cm est la norme du secteur pour les ustensiles de cuisine, offrant une surface suffisante pour le s\u00e9chage et la pr\u00e9sentation.<\/p>\n<\/li>\n<li>\n<p data-path-to-node=\"11,3,0\"><b data-path-to-node=\"11,3,0\" data-index-in-node=\"0\">Lavable en machine :<\/b> Con\u00e7u pour r\u00e9sister aux lavages r\u00e9guliers tout en pr\u00e9servant l&#039;int\u00e9grit\u00e9 du tissu (lavage recommand\u00e9 \u00e0 basse temp\u00e9rature pour pr\u00e9server la dur\u00e9e de vie de l&#039;impression).<\/p>\n<\/li>\n<\/ul>\n<h2 data-path-to-node=\"12\">Caract\u00e9ristiques<\/h2>\n<ul data-path-to-node=\"13\">\n<li>\n<p data-path-to-node=\"13,0,0\"><b data-path-to-node=\"13,0,0\" data-index-in-node=\"0\">Mat\u00e9riel:<\/b> Coton 100%<\/p>\n<\/li>\n<li>\n<p data-path-to-node=\"13,1,0\"><b data-path-to-node=\"13,1,0\" data-index-in-node=\"0\">Poids:<\/b> 250 g\/m\u00b2 (grammes par m\u00e8tre carr\u00e9)<\/p>\n<\/li>\n<li>\n<p data-path-to-node=\"13,2,0\"><b data-path-to-node=\"13,2,0\" data-index-in-node=\"0\">Dimensions:<\/b> 45 cm x 70 cm<\/p>\n<\/li>\n<li>\n<p data-path-to-node=\"13,3,0\"><b data-path-to-node=\"13,3,0\" data-index-in-node=\"0\">M\u00e9thode d&#039;impression :<\/b> S\u00e9rigraphie (jusqu&#039;\u00e0 3 couleurs)<\/p>\n<\/li>\n<li>\n<p data-path-to-node=\"13,4,0\"><b data-path-to-node=\"13,4,0\" data-index-in-node=\"0\">Boucle de suspension :<\/b> Int\u00e9gr\u00e9 pour plus de commodit\u00e9<\/p>\n<\/li>\n<li>\n<p data-path-to-node=\"13,5,0\"><b data-path-to-node=\"13,5,0\" data-index-in-node=\"0\">\u00c9cart de production :<\/b> Veuillez noter que nous nous r\u00e9servons le droit de livrer et de facturer +\/- 5% de la quantit\u00e9 command\u00e9e en raison du traitement par lots de production.<\/p>\n<\/li>\n<\/ul>\n<h2 data-path-to-node=\"14\">Cas d&#039;utilisation<\/h2>\n<ul data-path-to-node=\"15\">\n<li>\n<p data-path-to-node=\"15,0,0\"><b data-path-to-node=\"15,0,0\" data-index-in-node=\"0\">Image de marque dans le secteur de l&#039;h\u00f4tellerie\u00a0:<\/b> Accessoire d&#039;uniforme pour les serveurs, les barmans et les chefs cuisiniers dans les h\u00f4tels et restaurants.<\/p>\n<\/li>\n<li>\n<p data-path-to-node=\"15,1,0\"><b data-path-to-node=\"15,1,0\" data-index-in-node=\"0\">Cadeaux d&#039;entreprise\u00a0:<\/b> Un ajout pratique et \u00e9cologique aux ma s\u00e9lections-cadeaux des f\u00eates ou aux colis de relations publiques sur le th\u00e8me de la accueil.<\/p>\n<\/li>\n<li>\n<p data-path-to-node=\"15,2,0\"><b data-path-to-node=\"15,2,0\" data-index-in-node=\"0\">Marchandises de d\u00e9tail :<\/b> Articles de revente \u00e0 forte marge pour les artistes, les boutiques de souvenirs et les marques de style de vie.<\/p>\n<\/li>\n<li>\n<p data-path-to-node=\"15,3,0\"><b data-path-to-node=\"15,3,0\" data-index-in-node=\"0\">Cadeaux offerts lors de l&#039;\u00e9v\u00e9nement\u00a0:<\/b> Documents promotionnels m\u00e9morables pour les salons professionnels de l&#039;industrie agroalimentaire.<\/p>\n<\/li>\n<\/ul>","protected":false},"excerpt":{"rendered":"<ul>\n<li>\n<p data-path-to-node=\"7,0,0\"><b data-path-to-node=\"7,0,0\" data-index-in-node=\"0\">Coton \u00e9pais de qualit\u00e9 sup\u00e9rieure :<\/b> Fabriqu\u00e9 en tissu de coton r\u00e9sistant de 250 g\/m\u00b2 pour une excellente absorption et un toucher de haute qualit\u00e9.<\/p>\n<\/li>\n<li>\n<p data-path-to-node=\"7,1,0\"><b data-path-to-node=\"7,1,0\" data-index-in-node=\"0\">Grande zone de marquage :<\/b> Ses dimensions g\u00e9n\u00e9reuses de 45 x 70 cm offrent une visibilit\u00e9 maximale \u00e0 votre logo ou \u00e0 votre illustration personnalis\u00e9e.<\/p>\n<\/li>\n<li>\n<p data-path-to-node=\"7,2,0\"><b data-path-to-node=\"7,2,0\" data-index-in-node=\"0\">Personnalisation polyvalente\u00a0:<\/b> Permet l&#039;impression s\u00e9rigraphique jusqu&#039;\u00e0 3 couleurs distinctes (y compris le blanc) pour des motifs nets et durables.<\/p>\n<\/li>\n<li>\n<p data-path-to-node=\"7,3,0\"><b data-path-to-node=\"7,3,0\" data-index-in-node=\"0\">Id\u00e9al pour l&#039;h\u00f4tellerie et le commerce de d\u00e9tail\u00a0:<\/b> Id\u00e9al pour les restaurants, les cadeaux d&#039;entreprise, les collections de produits d\u00e9riv\u00e9s et les promotions de d\u00e9coration int\u00e9rieure.<\/p>\n<\/li>\n<\/ul>","protected":false},"featured_media":6852,"comment_status":"closed","ping_status":"closed","template":"","meta":[],"product_brand":[],"product_cat":[122],"product_tag":[],"class_list":{"0":"post-6851","1":"product","2":"type-product","3":"status-publish","4":"has-post-thumbnail","6":"product_cat-promotional-accessories","8":"first","9":"instock","10":"shipping-taxable","11":"purchasable","12":"product-type-simple"},"_links":{"self":[{"href":"https:\/\/displayproducts.eu\/fr\/wp-json\/wp\/v2\/product\/6851","targetHints":{"allow":["GET"]}}],"collection":[{"href":"https:\/\/displayproducts.eu\/fr\/wp-json\/wp\/v2\/product"}],"about":[{"href":"https:\/\/displayproducts.eu\/fr\/wp-json\/wp\/v2\/types\/product"}],"replies":[{"embeddable":true,"href":"https:\/\/displayproducts.eu\/fr\/wp-json\/wp\/v2\/comments?post=6851"}],"wp:featuredmedia":[{"embeddable":true,"href":"https:\/\/displayproducts.eu\/fr\/wp-json\/wp\/v2\/media\/6852"}],"wp:attachment":[{"href":"https:\/\/displayproducts.eu\/fr\/wp-json\/wp\/v2\/media?parent=6851"}],"wp:term":[{"taxonomy":"product_brand","embeddable":true,"href":"https:\/\/displayproducts.eu\/fr\/wp-json\/wp\/v2\/product_brand?post=6851"},{"taxonomy":"product_cat","embeddable":true,"href":"https:\/\/displayproducts.eu\/fr\/wp-json\/wp\/v2\/product_cat?post=6851"},{"taxonomy":"product_tag","embeddable":true,"href":"https:\/\/displayproducts.eu\/fr\/wp-json\/wp\/v2\/product_tag?post=6851"}],"curies":[{"name":"wp","href":"https:\/\/api.w.org\/{rel}","templated":true}]}}