{"id":6842,"date":"2026-01-13T11:51:23","date_gmt":"2026-01-13T08:51:23","guid":{"rendered":"https:\/\/wristbandfactory.eu\/?post_type=product&#038;p=6842"},"modified":"2026-04-01T21:52:03","modified_gmt":"2026-04-01T18:52:03","slug":"numbered-fabric-wristbands","status":"publish","type":"product","link":"https:\/\/displayproducts.eu\/fr\/p\/numbered-fabric-wristbands\/","title":{"rendered":"Bracelets en tissu num\u00e9rot\u00e9s"},"content":{"rendered":"<p data-path-to-node=\"10\">Ma\u00eetrisez la s\u00e9curit\u00e9 et la logistique de votre \u00e9v\u00e9nement gr\u00e2ce \u00e0 nos bracelets en tissu personnalis\u00e9s avec num\u00e9rotation s\u00e9quentielle. Si les bracelets de marque classiques offrent une identification visuelle, les bracelets num\u00e9rot\u00e9s constituent un atout pr\u00e9cieux pour les organisateurs d&#039;\u00e9v\u00e9nements professionnels. Que vous g\u00e9riez un festival, une conf\u00e9rence d&#039;entreprise ou un site \u00e0 acc\u00e8s restreint, un identifiant unique \u00e0 chaque poignet simplifiera vos op\u00e9rations.<\/p>\n<p data-path-to-node=\"11\">Ces bracelets sont indispensables pour les \u00e9v\u00e9nements soumis \u00e0 des restrictions de capacit\u00e9 ou \u00e0 un suivi pr\u00e9cis des donn\u00e9es des participants. La num\u00e9rotation peut \u00eatre imprim\u00e9e directement sur le tissu ou grav\u00e9e au laser sur le fermoir coulissant, garantissant ainsi sa lisibilit\u00e9 tout au long de l&#039;\u00e9v\u00e9nement. Cette caract\u00e9ristique transforme un accessoire classique en un outil performant de gestion des flux et de suivi des donn\u00e9es.<\/p>\n<h2 data-path-to-node=\"12\">Caract\u00e9ristiques principales<\/h2>\n<ul data-path-to-node=\"13\">\n<li>\n<p data-path-to-node=\"13,0,0\"><b data-path-to-node=\"13,0,0\" data-index-in-node=\"0\">Options de num\u00e9rotation s\u00e9quentielle\u00a0:<\/b> Choisissez entre des num\u00e9ros imprim\u00e9s sur la surface du bracelet ou une gravure laser sur le fermoir en plastique\/m\u00e9tal.<\/p>\n<\/li>\n<li>\n<p data-path-to-node=\"13,1,0\"><b data-path-to-node=\"13,1,0\" data-index-in-node=\"0\">Image de marque haute r\u00e9solution\u00a0:<\/b> Disponible en deux styles\u00a0: sublimation (finition photor\u00e9aliste) et tissage (look festival classique).<\/p>\n<\/li>\n<li>\n<p data-path-to-node=\"13,2,0\"><b data-path-to-node=\"13,2,0\" data-index-in-node=\"0\">Mat\u00e9riaux durables :<\/b> Fabriqu\u00e9 en polyester de haute qualit\u00e9, confortable \u00e0 porter pendant plusieurs jours et r\u00e9sistant \u00e0 l&#039;eau et aux d\u00e9chirures.<\/p>\n<\/li>\n<li>\n<p data-path-to-node=\"13,3,0\"><b data-path-to-node=\"13,3,0\" data-index-in-node=\"0\">S\u00e9rie personnalis\u00e9e\u00a0:<\/b> Nous pouvons prendre en charge des plages de num\u00e9ros sp\u00e9cifiques (par exemple, 0001\u20131000) ou des codes alphanum\u00e9riques pour correspondre \u00e0 votre syst\u00e8me de billetterie.<\/p>\n<\/li>\n<\/ul>\n<h2 data-path-to-node=\"14\">Caract\u00e9ristiques<\/h2>\n<ul data-path-to-node=\"15\">\n<li>\n<p data-path-to-node=\"15,0,0\"><b data-path-to-node=\"15,0,0\" data-index-in-node=\"0\">Mat\u00e9riel:<\/b> 100% Polyester (Finition satin\u00e9e ou tiss\u00e9e).<\/p>\n<\/li>\n<li>\n<p data-path-to-node=\"15,1,0\"><b data-path-to-node=\"15,1,0\" data-index-in-node=\"0\">Taille standard :<\/b> 15 mm x 350 mm ou 20 mm x 350 mm (taille unique).<\/p>\n<\/li>\n<li>\n<p data-path-to-node=\"15,2,0\"><b data-path-to-node=\"15,2,0\" data-index-in-node=\"0\">Technique de num\u00e9rotation\u00a0:<\/b> Injection d&#039;encre ou gravure laser.<\/p>\n<\/li>\n<li>\n<p data-path-to-node=\"15,3,0\"><b data-path-to-node=\"15,3,0\" data-index-in-node=\"0\">Options de verrouillage\u00a0:<\/b> Fermeture coulissante en plastique unidirectionnelle (s\u00e9curis\u00e9e) ou perle r\u00e9utilisable (promotionnelle).<\/p>\n<\/li>\n<li>\n<p data-path-to-node=\"15,4,0\"><b data-path-to-node=\"15,4,0\" data-index-in-node=\"0\">Commande minimum:<\/b> 100 unit\u00e9s.<\/p>\n<\/li>\n<\/ul>\n<h2 data-path-to-node=\"16\">Cas d&#039;utilisation<\/h2>\n<ul data-path-to-node=\"17\">\n<li>\n<p data-path-to-node=\"17,0,0\"><b data-path-to-node=\"17,0,0\" data-index-in-node=\"0\">Festivals et concerts :<\/b> Suivre les chiffres de fr\u00e9quentation quotidiens et associer les bracelets aux num\u00e9ros de billets vendus.<\/p>\n<\/li>\n<li>\n<p data-path-to-node=\"17,1,0\"><b data-path-to-node=\"17,1,0\" data-index-in-node=\"0\">Vestiaire et bagages :<\/b> Utilisez le num\u00e9ro du bracelet comme \u00e9tiquette de retrait s\u00e9curis\u00e9e pour les articles enregistr\u00e9s.<\/p>\n<\/li>\n<li>\n<p data-path-to-node=\"17,2,0\"><b data-path-to-node=\"17,2,0\" data-index-in-node=\"0\">Tirages au sort et concours :<\/b> Utilisez l&#039;identifiant unique pour participer directement aux tirages au sort des prix depuis la sc\u00e8ne.<\/p>\n<\/li>\n<li>\n<p data-path-to-node=\"17,3,0\"><b data-path-to-node=\"17,3,0\" data-index-in-node=\"0\">Contr\u00f4le d&#039;acc\u00e8s VIP\u00a0:<\/b> V\u00e9rifier chaque invit\u00e9 par rapport \u00e0 une liste principale d&#039;invit\u00e9s en utilisant son num\u00e9ro unique.<\/p>\n<\/li>\n<\/ul>","protected":false},"excerpt":{"rendered":"<ul>\n<li>\n<p data-path-to-node=\"8,0,0\"><b data-path-to-node=\"8,0,0\" data-index-in-node=\"0\">S\u00e9curit\u00e9 et suivi am\u00e9lior\u00e9s\u00a0:<\/b> La num\u00e9rotation s\u00e9quentielle unique permet un suivi pr\u00e9cis du nombre de personnes et une identification facile des clients.<\/p>\n<\/li>\n<li>\n<p data-path-to-node=\"8,1,0\"><b data-path-to-node=\"8,1,0\" data-index-in-node=\"0\">Correspondance des billets\u00a0:<\/b> Id\u00e9al pour associer des bracelets sp\u00e9cifiques \u00e0 des num\u00e9ros de billets, des articles de vestiaire ou des participations \u00e0 des tirages au sort VIP.<\/p>\n<\/li>\n<li>\n<p data-path-to-node=\"8,2,0\"><b data-path-to-node=\"8,2,0\" data-index-in-node=\"0\">Personnalisation premium\u00a0:<\/b> Impression par sublimation en couleur ou motifs tiss\u00e9s combin\u00e9s \u00e0 une num\u00e9rotation durable et clairement visible.<\/p>\n<\/li>\n<li>\n<p data-path-to-node=\"8,3,0\"><b data-path-to-node=\"8,3,0\" data-index-in-node=\"0\">Verrouillage inviolable\u00a0:<\/b> Dot\u00e9 de verrous coulissants s\u00e9curis\u00e9s pour emp\u00eacher tout transfert ou r\u00e9utilisation non autoris\u00e9s lors d&#039;\u00e9v\u00e9nements de plusieurs jours.<\/p>\n<\/li>\n<\/ul>","protected":false},"featured_media":6844,"comment_status":"closed","ping_status":"closed","template":"","meta":[],"product_brand":[],"product_cat":[47],"product_tag":[],"class_list":{"0":"post-6842","1":"product","2":"type-product","3":"status-publish","4":"has-post-thumbnail","6":"product_cat-fabric-wristbands","8":"first","9":"instock","10":"shipping-taxable","11":"purchasable","12":"product-type-simple"},"_links":{"self":[{"href":"https:\/\/displayproducts.eu\/fr\/wp-json\/wp\/v2\/product\/6842","targetHints":{"allow":["GET"]}}],"collection":[{"href":"https:\/\/displayproducts.eu\/fr\/wp-json\/wp\/v2\/product"}],"about":[{"href":"https:\/\/displayproducts.eu\/fr\/wp-json\/wp\/v2\/types\/product"}],"replies":[{"embeddable":true,"href":"https:\/\/displayproducts.eu\/fr\/wp-json\/wp\/v2\/comments?post=6842"}],"wp:featuredmedia":[{"embeddable":true,"href":"https:\/\/displayproducts.eu\/fr\/wp-json\/wp\/v2\/media\/6844"}],"wp:attachment":[{"href":"https:\/\/displayproducts.eu\/fr\/wp-json\/wp\/v2\/media?parent=6842"}],"wp:term":[{"taxonomy":"product_brand","embeddable":true,"href":"https:\/\/displayproducts.eu\/fr\/wp-json\/wp\/v2\/product_brand?post=6842"},{"taxonomy":"product_cat","embeddable":true,"href":"https:\/\/displayproducts.eu\/fr\/wp-json\/wp\/v2\/product_cat?post=6842"},{"taxonomy":"product_tag","embeddable":true,"href":"https:\/\/displayproducts.eu\/fr\/wp-json\/wp\/v2\/product_tag?post=6842"}],"curies":[{"name":"wp","href":"https:\/\/api.w.org\/{rel}","templated":true}]}}