{"id":6841,"date":"2026-01-13T11:36:59","date_gmt":"2026-01-13T08:36:59","guid":{"rendered":"https:\/\/wristbandfactory.eu\/?post_type=product&#038;p=6841"},"modified":"2026-04-01T21:52:34","modified_gmt":"2026-04-01T18:52:34","slug":"custom-hard-pvc-tags-for-wristbands-qr-barcode-rfid-ready","status":"publish","type":"product","link":"https:\/\/displayproducts.eu\/fr\/p\/custom-hard-pvc-tags-for-wristbands-qr-barcode-rfid-ready\/","title":{"rendered":"Plaques en PVC rigide pour bracelets en tissu"},"content":{"rendered":"<p data-path-to-node=\"10\">Transformez vos bracelets d&#039;\u00e9v\u00e9nement classiques en outils de contr\u00f4le d&#039;acc\u00e8s intelligents gr\u00e2ce \u00e0 nos \u00e9tiquettes rigides en PVC personnalis\u00e9es. Ces \u00e9tiquettes coulissantes rigides se fixent directement sur les bracelets en tissu, offrant une surface plane et r\u00e9sistante, sp\u00e9cialement optimis\u00e9e pour la lecture des donn\u00e9es. Contrairement aux surfaces en tissu souple o\u00f9 les codes QR peuvent se d\u00e9former, les \u00e9tiquettes rigides en PVC garantissent une lisibilit\u00e9 optimale (norme 100%) pour les paiements sans esp\u00e8ces, la billetterie et l&#039;int\u00e9gration aux r\u00e9seaux sociaux.<\/p>\n<h3 data-path-to-node=\"11\">Caract\u00e9ristiques principales<\/h3>\n<ul data-path-to-node=\"12\">\n<li>\n<p data-path-to-node=\"12,0,0\"><b data-path-to-node=\"12,0,0\" data-index-in-node=\"0\">Impression de donn\u00e9es variables\u00a0:<\/b> Nous pouvons imprimer des codes QR uniques, des codes-barres ou des num\u00e9ros de s\u00e9rie s\u00e9quentiels sur chaque \u00e9tiquette, permettant ainsi un suivi individuel des invit\u00e9s et un contr\u00f4le d&#039;acc\u00e8s s\u00e9curis\u00e9.<\/p>\n<\/li>\n<li>\n<p data-path-to-node=\"12,1,0\"><b data-path-to-node=\"12,1,0\" data-index-in-node=\"0\">Construction haut de gamme :<\/b> Fabriqu\u00e9es en PVC rigide de haute qualit\u00e9, ces \u00e9tiquettes r\u00e9sistent \u00e0 la flexion, \u00e0 l&#039;eau et aux UV, ce qui les rend sup\u00e9rieures aux alternatives en papier lamin\u00e9.<\/p>\n<\/li>\n<li>\n<p data-path-to-node=\"12,2,0\"><b data-path-to-node=\"12,2,0\" data-index-in-node=\"0\">Image de marque dynamique :<\/b> La surface blanche et lisse constitue une toile parfaite pour des logos et des marques de sponsors nets et en couleur qui se d\u00e9tachent nettement sur la sangle en tissu.<\/p>\n<\/li>\n<li>\n<p data-path-to-node=\"12,3,0\"><b data-path-to-node=\"12,3,0\" data-index-in-node=\"0\">Capacit\u00e9 RFID\/NFC\u00a0:<\/b> Disponible sur demande avec des puces RFID ou NFC int\u00e9gr\u00e9es pour les syst\u00e8mes d&#039;entr\u00e9e sans contact et de paiement sans esp\u00e8ces.<\/p>\n<\/li>\n<\/ul>\n<h3 data-path-to-node=\"13\">Caract\u00e9ristiques<\/h3>\n<ul data-path-to-node=\"14\">\n<li>\n<p data-path-to-node=\"14,0,0\"><b data-path-to-node=\"14,0,0\" data-index-in-node=\"0\">Mat\u00e9riel:<\/b> PVC rigide (polychlorure de vinyle)<\/p>\n<\/li>\n<li>\n<p data-path-to-node=\"14,1,0\"><b data-path-to-node=\"14,1,0\" data-index-in-node=\"0\">Dimensions:<\/b> Tailles standard disponibles (ex.\u00a0: 26x33\u00a0mm, 30x40\u00a0mm) ou formes personnalis\u00e9es.<\/p>\n<\/li>\n<li>\n<p data-path-to-node=\"14,2,0\"><b data-path-to-node=\"14,2,0\" data-index-in-node=\"0\">Compatibilit\u00e9:<\/b> Fentes con\u00e7ues pour des bracelets tiss\u00e9s ou en satin de 15 mm ou 20 mm de largeur.<\/p>\n<\/li>\n<li>\n<p data-path-to-node=\"14,3,0\"><b data-path-to-node=\"14,3,0\" data-index-in-node=\"0\">M\u00e9thode d&#039;impression :<\/b> Impression num\u00e9rique UV ou impression offset pour une qualit\u00e9 photographique.<\/p>\n<\/li>\n<li>\n<p data-path-to-node=\"14,4,0\"><b data-path-to-node=\"14,4,0\" data-index-in-node=\"0\">Finition:<\/b> Pelliculage brillant ou mat disponible.<\/p>\n<\/li>\n<\/ul>\n<h3 data-path-to-node=\"15\">Cas d&#039;utilisation B2B<\/h3>\n<ul data-path-to-node=\"16\">\n<li>\n<p data-path-to-node=\"16,0,0\"><b data-path-to-node=\"16,0,0\" data-index-in-node=\"0\">Festivals de musique :<\/b> Utilisez les codes QR pour les recharges sans esp\u00e8ces et le contr\u00f4le d&#039;acc\u00e8s.<\/p>\n<\/li>\n<li>\n<p data-path-to-node=\"16,1,0\"><b data-path-to-node=\"16,1,0\" data-index-in-node=\"0\">Acc\u00e8s VIP :<\/b> Des \u00e9tiquettes rigides distinctives pour identifier les invit\u00e9s sp\u00e9ciaux ou le personnel en coulisses.<\/p>\n<\/li>\n<li>\n<p data-path-to-node=\"16,2,0\"><b data-path-to-node=\"16,2,0\" data-index-in-node=\"0\">Gestion du vestiaire :<\/b> \u00c9tiquettes num\u00e9rot\u00e9es fix\u00e9es aux bracelets pour une r\u00e9cup\u00e9ration s\u00e9curis\u00e9e des objets.<\/p>\n<\/li>\n<li>\n<p data-path-to-node=\"16,3,0\"><b data-path-to-node=\"16,3,0\" data-index-in-node=\"0\">Complexes h\u00f4teliers et h\u00f4tels :<\/b> Des cl\u00e9s de chambre durables ou des jetons d&#039;\u00e9change de serviettes attach\u00e9s aux poignets des clients.<\/p>\n<\/li>\n<\/ul>","protected":false},"excerpt":{"rendered":"<ul>\n<li>\n<p data-path-to-node=\"9,0,0\"><b data-path-to-node=\"9,0,0\" data-index-in-node=\"0\">Solution d&#039;identification intelligente\u00a0:<\/b> Id\u00e9al pour int\u00e9grer des codes QR, des codes-barres et des num\u00e9ros UID sur des bracelets en tissu.<\/p>\n<\/li>\n<li>\n<p data-path-to-node=\"9,1,0\"><b data-path-to-node=\"9,1,0\" data-index-in-node=\"0\">Mat\u00e9riau durable :<\/b> Fabriqu\u00e9 en PVC rigide et r\u00e9sistant \u00e0 l&#039;eau, capable de supporter des \u00e9v\u00e9nements de plusieurs jours et des conditions difficiles.<\/p>\n<\/li>\n<li>\n<p data-path-to-node=\"9,2,0\"><b data-path-to-node=\"9,2,0\" data-index-in-node=\"0\">Personnalisation compl\u00e8te :<\/b> L&#039;impression UV ou offset haute r\u00e9solution permet d&#039;obtenir des logos \u00e9clatants et une num\u00e9risation de donn\u00e9es complexes.<\/p>\n<\/li>\n<li>\n<p data-path-to-node=\"9,3,0\"><b data-path-to-node=\"9,3,0\" data-index-in-node=\"0\">Ajustement universel :<\/b> Con\u00e7u avec deux fentes pour s&#039;adapter parfaitement aux bracelets en tissu standard de 15 mm et 20 mm.<\/p>\n<\/li>\n<\/ul>","protected":false},"featured_media":6840,"comment_status":"closed","ping_status":"closed","template":"","meta":[],"product_brand":[],"product_cat":[66,124],"product_tag":[],"class_list":{"0":"post-6841","1":"product","2":"type-product","3":"status-publish","4":"has-post-thumbnail","6":"product_cat-wristbands","7":"product_cat-id-solutions","9":"first","10":"instock","11":"shipping-taxable","12":"product-type-simple"},"_links":{"self":[{"href":"https:\/\/displayproducts.eu\/fr\/wp-json\/wp\/v2\/product\/6841","targetHints":{"allow":["GET"]}}],"collection":[{"href":"https:\/\/displayproducts.eu\/fr\/wp-json\/wp\/v2\/product"}],"about":[{"href":"https:\/\/displayproducts.eu\/fr\/wp-json\/wp\/v2\/types\/product"}],"replies":[{"embeddable":true,"href":"https:\/\/displayproducts.eu\/fr\/wp-json\/wp\/v2\/comments?post=6841"}],"wp:featuredmedia":[{"embeddable":true,"href":"https:\/\/displayproducts.eu\/fr\/wp-json\/wp\/v2\/media\/6840"}],"wp:attachment":[{"href":"https:\/\/displayproducts.eu\/fr\/wp-json\/wp\/v2\/media?parent=6841"}],"wp:term":[{"taxonomy":"product_brand","embeddable":true,"href":"https:\/\/displayproducts.eu\/fr\/wp-json\/wp\/v2\/product_brand?post=6841"},{"taxonomy":"product_cat","embeddable":true,"href":"https:\/\/displayproducts.eu\/fr\/wp-json\/wp\/v2\/product_cat?post=6841"},{"taxonomy":"product_tag","embeddable":true,"href":"https:\/\/displayproducts.eu\/fr\/wp-json\/wp\/v2\/product_tag?post=6841"}],"curies":[{"name":"wp","href":"https:\/\/api.w.org\/{rel}","templated":true}]}}