{"id":6678,"date":"2026-01-09T22:38:59","date_gmt":"2026-01-09T19:38:59","guid":{"rendered":"https:\/\/wristbandfactory.eu\/?post_type=product&#038;p=6678"},"modified":"2026-04-01T21:52:34","modified_gmt":"2026-04-01T18:52:34","slug":"metal-opera-glasses-with-handle-bulk-theatre-binoculars-3x-4x","status":"publish","type":"product","link":"https:\/\/displayproducts.eu\/fr\/p\/metal-opera-glasses-with-handle-bulk-theatre-binoculars-3x-4x\/","title":{"rendered":"Jumelles de th\u00e9\u00e2tre en m\u00e9tal avec poign\u00e9e"},"content":{"rendered":"<p data-path-to-node=\"9\">Enrichissez l&#039;exp\u00e9rience culturelle de vos clients gr\u00e2ce \u00e0 notre <b data-path-to-node=\"9\" data-index-in-node=\"94\">Lunettes de th\u00e9\u00e2tre en m\u00e9tal haut de gamme<\/b>. Con\u00e7ues pour allier \u00e9l\u00e9gance et clart\u00e9, ces jumelles de th\u00e9\u00e2tre sont l&#039;accessoire indispensable des op\u00e9ras, th\u00e9\u00e2tres et salles de concert. Contrairement aux mod\u00e8les en plastique, elles sont enti\u00e8rement en m\u00e9tal robuste avec une finition dor\u00e9e, ce qui en fait un objet de grande valeur, id\u00e9al pour la revente ou comme cadeau d&#039;entreprise exclusif.<\/p>\n<p data-path-to-node=\"10\">La poign\u00e9e pliable int\u00e9gr\u00e9e ajoute une touche de charme vintage tout en assurant un confort optimal lors des longues repr\u00e9sentations. Que vous souhaitiez approvisionner la boutique d&#039;un mus\u00e9e ou trouver un cadeau souvenir unique pour un gala, ces jumelles de th\u00e9\u00e2tre offrent l&#039;alliance parfaite du style et de la fonctionnalit\u00e9.<\/p>\n<h2 data-path-to-node=\"11\">Caract\u00e9ristiques principales<\/h2>\n<ul data-path-to-node=\"12\">\n<li>\n<p data-path-to-node=\"12,0,0\"><b data-path-to-node=\"12,0,0\" data-index-in-node=\"0\">Deux variantes optiques\u00a0:<\/b> Choisissez entre <b data-path-to-node=\"12,0,0\" data-index-in-node=\"37\">Grossissement 3x<\/b> (champ de vision plus large, 122 m\/1000 m) pour capturer toute la sc\u00e8ne, ou <b data-path-to-node=\"12,0,0\" data-index-in-node=\"122\">Grossissement 4x<\/b> (105 m\/1000 m) pour se concentrer sur les expressions faciales et les d\u00e9tails fins.<\/p>\n<\/li>\n<li>\n<p data-path-to-node=\"12,1,0\"><b data-path-to-node=\"12,1,0\" data-index-in-node=\"0\">Conception ergonomique :<\/b> Il est dot\u00e9 d&#039;un prisme de mise au point central et d&#039;une poign\u00e9e pliable\/t\u00e9lescopique (105\u2013165 mm) pour un r\u00e9glage sans effort et une prise en main confortable.<\/p>\n<\/li>\n<li>\n<p data-path-to-node=\"12,2,0\"><b data-path-to-node=\"12,2,0\" data-index-in-node=\"0\">Configuration Premium :<\/b> Pesant 175 g avec un format compact (100 \u00d7 54 mm), le bo\u00eetier m\u00e9tallique robuste assure une longue dur\u00e9e de vie et une sensation haut de gamme en main.<\/p>\n<\/li>\n<li>\n<p data-path-to-node=\"12,3,0\"><b data-path-to-node=\"12,3,0\" data-index-in-node=\"0\">Pr\u00eat pour la pr\u00e9sentation\u00a0:<\/b> Chaque unit\u00e9 est livr\u00e9e avec un \u00e9l\u00e9gant \u00e9tui de rangement, simplifiant ainsi le processus d&#039;emballage pour les cadeaux ou la pr\u00e9sentation en magasin.<\/p>\n<\/li>\n<\/ul>\n<h2 data-path-to-node=\"13\">Caract\u00e9ristiques<\/h2>\n<ul data-path-to-node=\"14\">\n<li>\n<p data-path-to-node=\"14,0,0\"><b data-path-to-node=\"14,0,0\" data-index-in-node=\"0\">Mat\u00e9riel:<\/b> Alliage m\u00e9tallique complet avec finition dor\u00e9e<\/p>\n<\/li>\n<li>\n<p data-path-to-node=\"14,1,0\"><b data-path-to-node=\"14,1,0\" data-index-in-node=\"0\">Poign\u00e9e:<\/b> T\u00e9lescopique\/Pliable (105 mm \u00e0 165 mm)<\/p>\n<\/li>\n<li>\n<p data-path-to-node=\"14,2,0\"><b data-path-to-node=\"14,2,0\" data-index-in-node=\"0\">Poids:<\/b> 175 g<\/p>\n<\/li>\n<li>\n<p data-path-to-node=\"14,3,0\"><b data-path-to-node=\"14,3,0\" data-index-in-node=\"0\">Dimensions:<\/b> 100 \u00d7 54 mm<\/p>\n<\/li>\n<li>\n<p data-path-to-node=\"14,4,0\"><b data-path-to-node=\"14,4,0\" data-index-in-node=\"0\">Type de prisme :<\/b> Centre de concentration<\/p>\n<\/li>\n<li>\n<p data-path-to-node=\"14,5,0\"><b data-path-to-node=\"14,5,0\" data-index-in-node=\"0\">Sp\u00e9cifications du mod\u00e8le 3x\u00a0:<\/b><\/p>\n<ul data-path-to-node=\"14,5,1\">\n<li>\n<p data-path-to-node=\"14,5,1,0,0\">Pupille de sortie : 8 mm<\/p>\n<\/li>\n<li>\n<p data-path-to-node=\"14,5,1,1,0\">Champ de vision : 122 m \/ 1000 m<\/p>\n<\/li>\n<li>\n<p data-path-to-node=\"14,5,1,2,0\">Indice de luminosit\u00e9 : 69<\/p>\n<\/li>\n<\/ul>\n<\/li>\n<li>\n<p data-path-to-node=\"14,6,0\"><b data-path-to-node=\"14,6,0\" data-index-in-node=\"0\">Sp\u00e9cifications du mod\u00e8le 4x\u00a0:<\/b><\/p>\n<ul data-path-to-node=\"14,6,1\">\n<li>\n<p data-path-to-node=\"14,6,1,0,0\">Pupille de sortie : 6,5 mm<\/p>\n<\/li>\n<li>\n<p data-path-to-node=\"14,6,1,1,0\">Champ de vision : 105 m \/ 1000 m<\/p>\n<\/li>\n<li>\n<p data-path-to-node=\"14,6,1,2,0\">Indice de luminosit\u00e9 : 39<\/p>\n<\/li>\n<\/ul>\n<\/li>\n<li>\n<p data-path-to-node=\"14,7,0\"><b data-path-to-node=\"14,7,0\" data-index-in-node=\"0\">D\u00e9lai de livraison:<\/b> Environ 37 jours (Fabrication sur commande\/Importation)<\/p>\n<\/li>\n<\/ul>\n<h2 data-path-to-node=\"15\">Cas d&#039;utilisation<\/h2>\n<ul data-path-to-node=\"16\">\n<li>\n<p data-path-to-node=\"16,0,0\"><b data-path-to-node=\"16,0,0\" data-index-in-node=\"0\">Boutiques de th\u00e9\u00e2tre et d&#039;op\u00e9ra :<\/b> Un article promotionnel \u00e0 forte marge pour les visiteurs souhaitant am\u00e9liorer leur exp\u00e9rience de visionnage.<\/p>\n<\/li>\n<li>\n<p data-path-to-node=\"16,1,0\"><b data-path-to-node=\"16,1,0\" data-index-in-node=\"0\">Cadeaux d&#039;entreprise\u00a0:<\/b> Un cadeau exquis pour les partenaires du secteur des arts et de la culture.<\/p>\n<\/li>\n<li>\n<p data-path-to-node=\"16,2,0\"><b data-path-to-node=\"16,2,0\" data-index-in-node=\"0\">Prestations VIP pour \u00e9v\u00e9nements :<\/b> Offrir aux d\u00e9tenteurs de billets haut de gamme des outils de visionnage exclusifs ou portant la marque.<\/p>\n<\/li>\n<\/ul>","protected":false},"excerpt":{"rendered":"<ul data-path-to-node=\"8\">\n<li>\n<p data-path-to-node=\"8,0,0\"><b data-path-to-node=\"8,0,0\" data-index-in-node=\"0\">\u00c9l\u00e9gance classique :<\/b> Bo\u00eetier enti\u00e8rement m\u00e9tallique avec une luxueuse finition dor\u00e9e et poign\u00e9e pliable pour un visionnage sophistiqu\u00e9.<\/p>\n<\/li>\n<li>\n<p data-path-to-node=\"8,1,0\"><b data-path-to-node=\"8,1,0\" data-index-in-node=\"0\">Optique sup\u00e9rieure :<\/b> Disponible en grossissement 3x (vue large) ou 4x (mise au point d\u00e9taill\u00e9e) avec un indice de luminosit\u00e9 \u00e9lev\u00e9.<\/p>\n<\/li>\n<li>\n<p data-path-to-node=\"8,2,0\"><b data-path-to-node=\"8,2,0\" data-index-in-node=\"0\">Pr\u00eat pour le B2B\u00a0:<\/b> Id\u00e9al pour les boutiques de produits d\u00e9riv\u00e9s de th\u00e9\u00e2tre, les cadeaux d&#039;\u00e9v\u00e9nements VIP et les r\u00e9compenses d&#039;entreprise haut de gamme.<\/p>\n<\/li>\n<li>\n<p data-path-to-node=\"8,3,0\"><b data-path-to-node=\"8,3,0\" data-index-in-node=\"0\">Ensemble complet :<\/b> Comprend un \u00e9tui de rangement r\u00e9sistant pour la protection et la pr\u00e9sentation.<\/p>\n<\/li>\n<\/ul>","protected":false},"featured_media":6679,"comment_status":"closed","ping_status":"closed","template":"","meta":[],"product_brand":[],"product_cat":[121],"product_tag":[],"class_list":{"0":"post-6678","1":"product","2":"type-product","3":"status-publish","4":"has-post-thumbnail","6":"product_cat-promotional-merchandise","8":"first","9":"instock","10":"shipping-taxable","11":"purchasable","12":"product-type-simple"},"_links":{"self":[{"href":"https:\/\/displayproducts.eu\/fr\/wp-json\/wp\/v2\/product\/6678","targetHints":{"allow":["GET"]}}],"collection":[{"href":"https:\/\/displayproducts.eu\/fr\/wp-json\/wp\/v2\/product"}],"about":[{"href":"https:\/\/displayproducts.eu\/fr\/wp-json\/wp\/v2\/types\/product"}],"replies":[{"embeddable":true,"href":"https:\/\/displayproducts.eu\/fr\/wp-json\/wp\/v2\/comments?post=6678"}],"wp:featuredmedia":[{"embeddable":true,"href":"https:\/\/displayproducts.eu\/fr\/wp-json\/wp\/v2\/media\/6679"}],"wp:attachment":[{"href":"https:\/\/displayproducts.eu\/fr\/wp-json\/wp\/v2\/media?parent=6678"}],"wp:term":[{"taxonomy":"product_brand","embeddable":true,"href":"https:\/\/displayproducts.eu\/fr\/wp-json\/wp\/v2\/product_brand?post=6678"},{"taxonomy":"product_cat","embeddable":true,"href":"https:\/\/displayproducts.eu\/fr\/wp-json\/wp\/v2\/product_cat?post=6678"},{"taxonomy":"product_tag","embeddable":true,"href":"https:\/\/displayproducts.eu\/fr\/wp-json\/wp\/v2\/product_tag?post=6678"}],"curies":[{"name":"wp","href":"https:\/\/api.w.org\/{rel}","templated":true}]}}