{"id":6671,"date":"2026-01-09T18:39:46","date_gmt":"2026-01-09T15:39:46","guid":{"rendered":"https:\/\/wristbandfactory.eu\/?post_type=product&#038;p=6671"},"modified":"2026-04-01T21:52:34","modified_gmt":"2026-04-01T18:52:34","slug":"custom-foil-holographic-event-wristbands","status":"publish","type":"product","link":"https:\/\/displayproducts.eu\/fr\/p\/custom-foil-holographic-event-wristbands\/","title":{"rendered":"Bracelets \u00e9v\u00e9nementiels \u00e0 dorure"},"content":{"rendered":"<p data-path-to-node=\"9\">Sublimez l&#039;image de votre \u00e9v\u00e9nement avec nos bracelets personnalis\u00e9s m\u00e9tallis\u00e9s et holographiques. Fabriqu\u00e9s en papier synth\u00e9tique YUPO de haute qualit\u00e9, ces bracelets constituent une alternative haut de gamme au Tyvek standard. Leur surface blanc laiteux garantit des couleurs \u00e9clatantes et fid\u00e8les \u00e0 votre design.<\/p>\n<p data-path-to-node=\"10\">Con\u00e7us pour les \u00e9v\u00e9nements prestigieux, les clubs et les festivals, ces bracelets offrent des finitions m\u00e9talliques luxueuses (or, argent, feuille de verre) ou holographiques. Leur texture lisse, associ\u00e9e \u00e0 une impression offset CMJN haute r\u00e9solution, les rend id\u00e9aux pour les designs complexes et l&#039;identification VIP. Malgr\u00e9 leur \u00e9l\u00e9gance, ils sont robustes et r\u00e9sistent \u00e0 l&#039;eau, \u00e0 la transpiration et aux activit\u00e9s les plus intenses.<\/p>\n<h2 data-path-to-node=\"11\">Caract\u00e9ristiques principales<\/h2>\n<ul data-path-to-node=\"12\">\n<li>\n<p data-path-to-node=\"12,0,0\"><b data-path-to-node=\"12,0,0\" data-index-in-node=\"0\">Finitions de luxe :<\/b> Disponible avec marquage \u00e0 chaud en feuille d&#039;or, feuille d&#039;argent, feuille \u201c verre \u201d et superpositions holographiques pour une visibilit\u00e9 maximale.<\/p>\n<\/li>\n<li>\n<p data-path-to-node=\"12,1,0\"><b data-path-to-node=\"12,1,0\" data-index-in-node=\"0\">Excellence des mat\u00e9riaux :<\/b> La p\u00e2te synth\u00e9tique YUPO offre une finition plus lisse que le Tyvek, permettant des d\u00e9tails d&#039;impression plus nets et des couleurs plus vives.<\/p>\n<\/li>\n<li>\n<p data-path-to-node=\"12,2,0\"><b data-path-to-node=\"12,2,0\" data-index-in-node=\"0\">Conception inviolable\u00a0:<\/b> La fermeture adh\u00e9sive r\u00e9sistante est dot\u00e9e de bandes de s\u00e9curit\u00e9 pr\u00e9d\u00e9coup\u00e9es qui se cassent en cas de tentative de retrait, garantissant ainsi que le bracelet ne peut pas \u00eatre r\u00e9utilis\u00e9.<\/p>\n<\/li>\n<li>\n<p data-path-to-node=\"12,3,0\"><b data-path-to-node=\"12,3,0\" data-index-in-node=\"0\">Pr\u00eat pour les donn\u00e9es intelligentes\u00a0:<\/b> Enti\u00e8rement compatible avec l&#039;impression de donn\u00e9es variables, y compris la num\u00e9rotation s\u00e9quentielle, les codes-barres et les codes QR pour l&#039;int\u00e9gration num\u00e9rique.<\/p>\n<\/li>\n<\/ul>\n<h2 data-path-to-node=\"13\">Caract\u00e9ristiques<\/h2>\n<ul data-path-to-node=\"14\">\n<li>\n<p data-path-to-node=\"14,0,0\"><b data-path-to-node=\"14,0,0\" data-index-in-node=\"0\">Mat\u00e9riel:<\/b> YUPO (P\u00e2te mixte \/ Papier synth\u00e9tique) \u2013 Imperm\u00e9able et r\u00e9sistant aux d\u00e9chirures.<\/p>\n<\/li>\n<li>\n<p data-path-to-node=\"14,1,0\"><b data-path-to-node=\"14,1,0\" data-index-in-node=\"0\">Dimensions standard :<\/b><\/p>\n<ul data-path-to-node=\"14,1,1\">\n<li>\n<p data-path-to-node=\"14,1,1,0,0\">20 mm x 250 mm<\/p>\n<\/li>\n<li>\n<p data-path-to-node=\"14,1,1,1,0\">25 mm x 250 mm<\/p>\n<\/li>\n<li>\n<p data-path-to-node=\"14,1,1,2,0\"><i data-path-to-node=\"14,1,1,2,0\" data-index-in-node=\"0\">Tailles personnalis\u00e9es disponibles sur demande.<\/i><\/p>\n<\/li>\n<\/ul>\n<\/li>\n<li>\n<p data-path-to-node=\"14,2,0\"><b data-path-to-node=\"14,2,0\" data-index-in-node=\"0\">M\u00e9thode d&#039;impression\u00a0:<\/b> Impression offset CMJN en quadrichromie + marquage \u00e0 chaud.<\/p>\n<\/li>\n<li>\n<p data-path-to-node=\"14,3,0\"><b data-path-to-node=\"14,3,0\" data-index-in-node=\"0\">Options de feuille m\u00e9tallique\u00a0:<\/b> Or, argent, feuille de verre, hologramme.<\/p>\n<\/li>\n<li>\n<p data-path-to-node=\"14,4,0\"><b data-path-to-node=\"14,4,0\" data-index-in-node=\"0\">Origine:<\/b> Cor\u00e9e du Sud (ANYWRISTBAND \/ Mod\u00e8le TS25).<\/p>\n<\/li>\n<\/ul>\n<h2 data-path-to-node=\"15\">Cas d&#039;utilisation<\/h2>\n<ul data-path-to-node=\"16\">\n<li>\n<p data-path-to-node=\"16,0,0\"><b data-path-to-node=\"16,0,0\" data-index-in-node=\"0\">Contr\u00f4le d&#039;acc\u00e8s VIP\u00a0:<\/b> Parfait pour distinguer les invit\u00e9s VIP lors de concerts, de festivals et de bo\u00eetes de nuit gr\u00e2ce \u00e0 sa finition m\u00e9tallique r\u00e9fl\u00e9chissante.<\/p>\n<\/li>\n<li>\n<p data-path-to-node=\"16,1,0\"><b data-path-to-node=\"16,1,0\" data-index-in-node=\"0\">\u00c9v\u00e9nements d&#039;entreprise :<\/b> Image de marque haut de gamme pour les galas et les conf\u00e9rences o\u00f9 la pr\u00e9sentation visuelle est essentielle.<\/p>\n<\/li>\n<li>\n<p data-path-to-node=\"16,2,0\"><b data-path-to-node=\"16,2,0\" data-index-in-node=\"0\">Lieux s\u00e9curis\u00e9s\u00a0:<\/b> Id\u00e9al pour les parcs d&#039;attractions et les zones r\u00e9glement\u00e9es n\u00e9cessitant une identification fiable gr\u00e2ce \u00e0 l&#039;int\u00e9gration de codes-barres.<\/p>\n<\/li>\n<\/ul>\n<p data-path-to-node=\"17\">","protected":false},"excerpt":{"rendered":"<ul>\n<li>\n<p data-path-to-node=\"7,0,0\"><b data-path-to-node=\"7,0,0\" data-index-in-node=\"0\">Impact visuel premium\u00a0:<\/b> Pr\u00e9sente de superbes accents m\u00e9talliques (or, argent, feuille de verre) ou des effets holographiques sur une surface YUPO lisse et blanc laiteux.<\/p>\n<\/li>\n<li>\n<p data-path-to-node=\"7,1,0\"><b data-path-to-node=\"7,1,0\" data-index-in-node=\"0\">Durabilit\u00e9 sup\u00e9rieure :<\/b> Fabriqu\u00e9 \u00e0 partir de papier synth\u00e9tique imperm\u00e9able 100% r\u00e9sistant \u00e0 la d\u00e9chirure et surpassant les bandes de papier standard.<\/p>\n<\/li>\n<li>\n<p data-path-to-node=\"7,2,0\"><b data-path-to-node=\"7,2,0\" data-index-in-node=\"0\">Haute s\u00e9curit\u00e9 :<\/b> Dot\u00e9 d&#039;une fermeture adh\u00e9sive inviolable et de d\u00e9coupes de s\u00e9curit\u00e9 sp\u00e9cifiques pour emp\u00eacher tout transfert.<\/p>\n<\/li>\n<li>\n<p data-path-to-node=\"7,3,0\"><b data-path-to-node=\"7,3,0\" data-index-in-node=\"0\">Personnalisation compl\u00e8te :<\/b> Prend en charge l&#039;impression offset CMJN \u00e9clatante, les codes-barres, les codes QR et la num\u00e9rotation variable pour le contr\u00f4le d&#039;acc\u00e8s.<\/p>\n<\/li>\n<\/ul>","protected":false},"featured_media":6677,"comment_status":"closed","ping_status":"closed","template":"","meta":[],"product_brand":[],"product_cat":[41],"product_tag":[],"class_list":{"0":"post-6671","1":"product","2":"type-product","3":"status-publish","4":"has-post-thumbnail","6":"product_cat-tyvek","8":"first","9":"instock","10":"shipping-taxable","11":"product-type-simple"},"_links":{"self":[{"href":"https:\/\/displayproducts.eu\/fr\/wp-json\/wp\/v2\/product\/6671","targetHints":{"allow":["GET"]}}],"collection":[{"href":"https:\/\/displayproducts.eu\/fr\/wp-json\/wp\/v2\/product"}],"about":[{"href":"https:\/\/displayproducts.eu\/fr\/wp-json\/wp\/v2\/types\/product"}],"replies":[{"embeddable":true,"href":"https:\/\/displayproducts.eu\/fr\/wp-json\/wp\/v2\/comments?post=6671"}],"wp:featuredmedia":[{"embeddable":true,"href":"https:\/\/displayproducts.eu\/fr\/wp-json\/wp\/v2\/media\/6677"}],"wp:attachment":[{"href":"https:\/\/displayproducts.eu\/fr\/wp-json\/wp\/v2\/media?parent=6671"}],"wp:term":[{"taxonomy":"product_brand","embeddable":true,"href":"https:\/\/displayproducts.eu\/fr\/wp-json\/wp\/v2\/product_brand?post=6671"},{"taxonomy":"product_cat","embeddable":true,"href":"https:\/\/displayproducts.eu\/fr\/wp-json\/wp\/v2\/product_cat?post=6671"},{"taxonomy":"product_tag","embeddable":true,"href":"https:\/\/displayproducts.eu\/fr\/wp-json\/wp\/v2\/product_tag?post=6671"}],"curies":[{"name":"wp","href":"https:\/\/api.w.org\/{rel}","templated":true}]}}