{"id":6618,"date":"2026-01-09T15:51:34","date_gmt":"2026-01-09T12:51:34","guid":{"rendered":"https:\/\/wristbandfactory.eu\/?post_type=product&#038;p=6618"},"modified":"2026-04-01T21:52:34","modified_gmt":"2026-04-01T18:52:34","slug":"custom-natural-cork-wristbands","status":"publish","type":"product","link":"https:\/\/displayproducts.eu\/fr\/p\/custom-natural-cork-wristbands\/","title":{"rendered":"Bracelets en li\u00e8ge naturel"},"content":{"rendered":"<p data-path-to-node=\"10\">Affirmez votre engagement en faveur du d\u00e9veloppement durable avec notre <b data-path-to-node=\"10\" data-index-in-node=\"77\">Bracelets en li\u00e8ge naturel<\/b>. R\u00e9colt\u00e9 \u00e0 partir de l&#039;\u00e9corce du ch\u00eane-li\u00e8ge sans endommager l&#039;arbre, ce mat\u00e9riau est l&#039;une des ressources les plus \u00e9cologiques qui soient. Ces bracelets sont le choix id\u00e9al pour les conf\u00e9rences environnementales, les r\u00e9serves naturelles et les festivals soucieux de r\u00e9duire leurs d\u00e9chets plastiques tout en offrant \u00e0 leurs participants un accessoire haut de gamme.<\/p>\n<p data-path-to-node=\"11\">Contrairement aux mati\u00e8res synth\u00e9tiques, chaque bracelet en li\u00e8ge pr\u00e9sente un veinage naturel unique. Doux au toucher, l\u00e9ger et \u00e9tonnamment r\u00e9sistant, il est naturellement d\u00e9perlant et anti-transpirant. Pour un look \u00e9co-responsable par excellence, nous vous recommandons\u2026 <b data-path-to-node=\"11\" data-index-in-node=\"239\">Gravure laser<\/b> Votre logo, qui cr\u00e9e un contraste sombre et net sur le fond en li\u00e8ge dor\u00e9 sans utiliser d&#039;encres chimiques.<\/p>\n<h2 data-path-to-node=\"12\">Caract\u00e9ristiques principales<\/h2>\n<ul data-path-to-node=\"13\">\n<li>\n<p data-path-to-node=\"13,0,0\"><b data-path-to-node=\"13,0,0\" data-index-in-node=\"0\">Ressource renouvelable :<\/b> Le li\u00e8ge est r\u00e9colt\u00e9 de mani\u00e8re durable ; l&#039;arbre r\u00e9g\u00e9n\u00e8re son \u00e9corce, ce qui en fait un produit sans culpabilit\u00e9.<\/p>\n<\/li>\n<li>\n<p data-path-to-node=\"13,1,0\"><b data-path-to-node=\"13,1,0\" data-index-in-node=\"0\">Image de marque haut de gamme\u00a0:<\/b> Choisissez entre une s\u00e9rigraphie noire nette ou une gravure laser sophistiqu\u00e9e pour une sensation tactile.<\/p>\n<\/li>\n<li>\n<p data-path-to-node=\"13,2,0\"><b data-path-to-node=\"13,2,0\" data-index-in-node=\"0\">Verrouillage s\u00e9curis\u00e9\u00a0:<\/b> Disponible avec une version durable <b data-path-to-node=\"13,2,0\" data-index-in-node=\"45\">Glissi\u00e8re en bois<\/b> ou une perle en bambou pour compl\u00e9ter le profil sans plastique 100% (verrous en plastique standard \u00e9galement disponibles).<\/p>\n<\/li>\n<li>\n<p data-path-to-node=\"13,3,0\"><b data-path-to-node=\"13,3,0\" data-index-in-node=\"0\">Hypoallerg\u00e9nique :<\/b> Id\u00e9al pour les personnes \u00e0 la peau sensible, car le li\u00e8ge r\u00e9siste \u00e0 la poussi\u00e8re et aux bact\u00e9ries.<\/p>\n<\/li>\n<\/ul>\n<h2 data-path-to-node=\"14\">Caract\u00e9ristiques<\/h2>\n<ul data-path-to-node=\"15\">\n<li>\n<p data-path-to-node=\"15,0,0\"><b data-path-to-node=\"15,0,0\" data-index-in-node=\"0\">Mat\u00e9riel:<\/b> Couche de li\u00e8ge naturel (support renforc\u00e9)<\/p>\n<\/li>\n<li>\n<p data-path-to-node=\"15,1,0\"><b data-path-to-node=\"15,1,0\" data-index-in-node=\"0\">M\u00e9thode de branding\u00a0:<\/b> Gravure laser (recommand\u00e9e) ou s\u00e9rigraphie<\/p>\n<\/li>\n<li>\n<p data-path-to-node=\"15,2,0\"><b data-path-to-node=\"15,2,0\" data-index-in-node=\"0\">Taille:<\/b> 350 mm x 15 mm (r\u00e9glable)<\/p>\n<\/li>\n<li>\n<p data-path-to-node=\"15,3,0\"><b data-path-to-node=\"15,3,0\" data-index-in-node=\"0\">\u00c9tanche:<\/b> Oui (naturellement r\u00e9sistant \u00e0 l&#039;eau)<\/p>\n<\/li>\n<li>\n<p data-path-to-node=\"15,4,0\"><b data-path-to-node=\"15,4,0\" data-index-in-node=\"0\">Options de verrouillage\u00a0:<\/b> Perle en bois, curseur en bambou ou plastique recycl\u00e9<\/p>\n<\/li>\n<li>\n<p data-path-to-node=\"15,5,0\"><b data-path-to-node=\"15,5,0\" data-index-in-node=\"0\">Quantit\u00e9 minimale :<\/b> 100 unit\u00e9s<\/p>\n<\/li>\n<\/ul>\n<h2 data-path-to-node=\"16\">Cas d&#039;utilisation<\/h2>\n<ul data-path-to-node=\"17\">\n<li>\n<p data-path-to-node=\"17,0,0\"><b data-path-to-node=\"17,0,0\" data-index-in-node=\"0\">Conf\u00e9rences sur le d\u00e9veloppement durable\u00a0:<\/b> L&#039;accr\u00e9ditation id\u00e9ale pour les \u00e9v\u00e9nements ax\u00e9s sur le climat et l&#039;environnement.<\/p>\n<\/li>\n<li>\n<p data-path-to-node=\"17,1,0\"><b data-path-to-node=\"17,1,0\" data-index-in-node=\"0\">\u00c9co-resorts et glamping\u00a0:<\/b> S&#039;accorde avec l&#039;esth\u00e9tique naturelle des h\u00e9bergements de luxe en plein air.<\/p>\n<\/li>\n<li>\n<p data-path-to-node=\"17,2,0\"><b data-path-to-node=\"17,2,0\" data-index-in-node=\"0\">Festivals du vin :<\/b> Le lien th\u00e9matique avec les bouchons de vin en fait un outil de branding amusant et pertinent.<\/p>\n<\/li>\n<li>\n<p data-path-to-node=\"17,3,0\"><b data-path-to-node=\"17,3,0\" data-index-in-node=\"0\">Galas de charit\u00e9 :<\/b> Un style sophistiqu\u00e9 et discret pour des \u00e9v\u00e9nements de collecte de fonds haut de gamme.<\/p>\n<\/li>\n<\/ul>","protected":false},"excerpt":{"rendered":"<ul>\n<li>\n<p data-path-to-node=\"9,0,0\"><b data-path-to-node=\"9,0,0\" data-index-in-node=\"0\">100% Esth\u00e9tique naturelle\u00a0:<\/b> Fabriqu\u00e9 \u00e0 partir de li\u00e8ge v\u00e9ritable, offrant une texture unique et organique semblable \u00e0 celle du bois.<\/p>\n<\/li>\n<li>\n<p data-path-to-node=\"9,1,0\"><b data-path-to-node=\"9,1,0\" data-index-in-node=\"0\">Choix \u00e9cologique :<\/b> Une alternative renouvelable et biod\u00e9gradable au plastique, id\u00e9ale pour les \u00e9v\u00e9nements \u00e9co-responsables.<\/p>\n<\/li>\n<li>\n<p data-path-to-node=\"9,2,0\"><b data-path-to-node=\"9,2,0\" data-index-in-node=\"0\">Gravure laser :<\/b> Le marquage est grav\u00e9 directement dans le li\u00e8ge pour une finition haut de gamme et permanente (impression \u00e0 l&#039;encre \u00e9galement disponible).<\/p>\n<\/li>\n<li>\n<p data-path-to-node=\"9,3,0\"><b data-path-to-node=\"9,3,0\" data-index-in-node=\"0\">Naturellement durable :<\/b> Le li\u00e8ge est naturellement r\u00e9sistant \u00e0 l&#039;eau, hypoallerg\u00e9nique et confortable pour un port prolong\u00e9.<\/p>\n<\/li>\n<\/ul>","protected":false},"featured_media":6620,"comment_status":"closed","ping_status":"closed","template":"","meta":[],"product_brand":[],"product_cat":[133,47],"product_tag":[],"class_list":{"0":"post-6618","1":"product","2":"type-product","3":"status-publish","4":"has-post-thumbnail","6":"product_cat-eco-friendly-wristbands","7":"product_cat-fabric-wristbands","9":"first","10":"instock","11":"shipping-taxable","12":"purchasable","13":"product-type-simple"},"_links":{"self":[{"href":"https:\/\/displayproducts.eu\/fr\/wp-json\/wp\/v2\/product\/6618","targetHints":{"allow":["GET"]}}],"collection":[{"href":"https:\/\/displayproducts.eu\/fr\/wp-json\/wp\/v2\/product"}],"about":[{"href":"https:\/\/displayproducts.eu\/fr\/wp-json\/wp\/v2\/types\/product"}],"replies":[{"embeddable":true,"href":"https:\/\/displayproducts.eu\/fr\/wp-json\/wp\/v2\/comments?post=6618"}],"wp:featuredmedia":[{"embeddable":true,"href":"https:\/\/displayproducts.eu\/fr\/wp-json\/wp\/v2\/media\/6620"}],"wp:attachment":[{"href":"https:\/\/displayproducts.eu\/fr\/wp-json\/wp\/v2\/media?parent=6618"}],"wp:term":[{"taxonomy":"product_brand","embeddable":true,"href":"https:\/\/displayproducts.eu\/fr\/wp-json\/wp\/v2\/product_brand?post=6618"},{"taxonomy":"product_cat","embeddable":true,"href":"https:\/\/displayproducts.eu\/fr\/wp-json\/wp\/v2\/product_cat?post=6618"},{"taxonomy":"product_tag","embeddable":true,"href":"https:\/\/displayproducts.eu\/fr\/wp-json\/wp\/v2\/product_tag?post=6618"}],"curies":[{"name":"wp","href":"https:\/\/api.w.org\/{rel}","templated":true}]}}