{"id":6615,"date":"2026-01-09T15:29:35","date_gmt":"2026-01-09T12:29:35","guid":{"rendered":"https:\/\/wristbandfactory.eu\/?post_type=product&#038;p=6615"},"modified":"2026-04-01T21:52:34","modified_gmt":"2026-04-01T18:52:34","slug":"custom-full-color-vinyl-wristbands","status":"publish","type":"product","link":"https:\/\/displayproducts.eu\/fr\/p\/custom-full-color-vinyl-wristbands\/","title":{"rendered":"Bracelets vinyle impression couleur"},"content":{"rendered":"<p data-path-to-node=\"10\">Rehaussez l&#039;image de marque de votre \u00e9v\u00e9nement gr\u00e2ce \u00e0 notre <b data-path-to-node=\"10\" data-index-in-node=\"62\">Bracelets vinyle impression couleur<\/b>. Alors que les bracelets standards se limitent \u00e0 de sans impressions logos monochromes, ces bracelets haut de gamme utilisent des technologies avanc\u00e9es. <b data-path-to-node=\"10\" data-index-in-node=\"200\">technologie d&#039;impression num\u00e9rique CMJN<\/b> reproduire des images photographiques, des transitions de couleurs fluides et des graphismes tr\u00e8s d\u00e9taill\u00e9s directement sur la surface du bracelet.<\/p>\n<p data-path-to-node=\"11\">Con\u00e7u pour les \u00e9v\u00e9nements, festivals et complexes h\u00f4teliers de prestige, <b data-path-to-node=\"11\" data-index-in-node=\"62\">Visage large (en forme de L)<\/b> Sa structure maximise la surface d&#039;impression, ce qui en fait le choix id\u00e9al pour mettre en valeur les logos des sponsors ou des visuels complexes. Malgr\u00e9 sa finition haut de gamme, ce bracelet conserve les caract\u00e9ristiques de s\u00e9curit\u00e9 de pointe que vous \u00eates en droit d&#039;attendre, notamment un fermoir inviolable et une construction trilamin\u00e9e \u00e9tanche qui r\u00e9siste \u00e0 la natation, aux douches et \u00e0 une utilisation prolong\u00e9e.<\/p>\n<h2 data-path-to-node=\"12\">Caract\u00e9ristiques principales<\/h2>\n<ul data-path-to-node=\"13\">\n<li>\n<p data-path-to-node=\"13,0,0\"><b data-path-to-node=\"13,0,0\" data-index-in-node=\"0\">Impression de qualit\u00e9 photo :<\/b> Reproduisez n&#039;importe quel motif, y compris les photos et les d\u00e9grad\u00e9s, avec une nettet\u00e9 et une r\u00e9solution exceptionnelles.<\/p>\n<\/li>\n<li>\n<p data-path-to-node=\"13,1,0\"><b data-path-to-node=\"13,1,0\" data-index-in-node=\"0\">Verrouillage inviolable\u00a0:<\/b> Le fermoir en plastique permanent doit \u00eatre d\u00e9truit pour retirer le bracelet, garantissant ainsi une s\u00e9curit\u00e9 absolue.<\/p>\n<\/li>\n<li>\n<p data-path-to-node=\"13,2,0\"><b data-path-to-node=\"13,2,0\" data-index-in-node=\"0\">Imperm\u00e9able et r\u00e9sistant aux d\u00e9chirures :<\/b> Id\u00e9al pour une utilisation de plusieurs jours dans des environnements humides comme les parcs aquatiques et les stations baln\u00e9aires.<\/p>\n<\/li>\n<li>\n<p data-path-to-node=\"13,3,0\"><b data-path-to-node=\"13,3,0\" data-index-in-node=\"0\">Donn\u00e9es variables pr\u00eates\u00a0:<\/b> Peut \u00eatre imprim\u00e9 avec des codes QR, des codes-barres ou des num\u00e9ros de s\u00e9rie uniques pour un contr\u00f4le d&#039;acc\u00e8s int\u00e9gr\u00e9.<\/p>\n<\/li>\n<\/ul>\n<h2 data-path-to-node=\"14\">Caract\u00e9ristiques<\/h2>\n<ul data-path-to-node=\"15\">\n<li>\n<p data-path-to-node=\"15,0,0\"><b data-path-to-node=\"15,0,0\" data-index-in-node=\"0\">Mat\u00e9riel:<\/b> Vinyle tri-lamin\u00e9 3 plis<\/p>\n<\/li>\n<li>\n<p data-path-to-node=\"15,1,0\"><b data-path-to-node=\"15,1,0\" data-index-in-node=\"0\">M\u00e9thode d&#039;impression\u00a0:<\/b> Impression num\u00e9rique CMJN (couleurs vives)<\/p>\n<\/li>\n<li>\n<p data-path-to-node=\"15,2,0\"><b data-path-to-node=\"15,2,0\" data-index-in-node=\"0\">Mod\u00e8le:<\/b> Visage large \/ en forme de L<\/p>\n<\/li>\n<li>\n<p data-path-to-node=\"15,3,0\"><b data-path-to-node=\"15,3,0\" data-index-in-node=\"0\">Fermeture:<\/b> Bouton-pression en plastique \u00e0 usage unique<\/p>\n<\/li>\n<li>\n<p data-path-to-node=\"15,4,0\"><b data-path-to-node=\"15,4,0\" data-index-in-node=\"0\">\u00c9tanche:<\/b> Oui (100%)<\/p>\n<\/li>\n<li>\n<p data-path-to-node=\"15,5,0\"><b data-path-to-node=\"15,5,0\" data-index-in-node=\"0\">D\u00e9lai de production :<\/b> 5 \u00e0 10 jours ouvrables<\/p>\n<\/li>\n<li>\n<p data-path-to-node=\"15,6,0\"><b data-path-to-node=\"15,6,0\" data-index-in-node=\"0\">Quantit\u00e9 minimale :<\/b> 100 unit\u00e9s<\/p>\n<\/li>\n<\/ul>\n<h2 data-path-to-node=\"16\">Cas d&#039;utilisation<\/h2>\n<ul data-path-to-node=\"17\">\n<li>\n<p data-path-to-node=\"17,0,0\"><b data-path-to-node=\"17,0,0\" data-index-in-node=\"0\">Festivals de musique :<\/b> Des mod\u00e8les complexes et difficiles \u00e0 copier servent de justificatifs s\u00e9curis\u00e9s pour un acc\u00e8s de plusieurs jours.<\/p>\n<\/li>\n<li>\n<p data-path-to-node=\"17,1,0\"><b data-path-to-node=\"17,1,0\" data-index-in-node=\"0\">VIP et coulisses :<\/b> Un design haut de gamme en couleur distingue les invit\u00e9s VIP des autres passagers.<\/p>\n<\/li>\n<li>\n<p data-path-to-node=\"17,2,0\"><b data-path-to-node=\"17,2,0\" data-index-in-node=\"0\">Parrainages :<\/b> Sa grande surface permet un affichage clair et color\u00e9 des logos des sponsors.<\/p>\n<\/li>\n<li>\n<p data-path-to-node=\"17,3,0\"><b data-path-to-node=\"17,3,0\" data-index-in-node=\"0\">Complexes h\u00f4teliers et h\u00f4tels :<\/b> Suffisamment r\u00e9sistant pour une identification des invit\u00e9s pendant une semaine, avec une esth\u00e9tique haut de gamme.<\/p>\n<\/li>\n<\/ul>","protected":false},"excerpt":{"rendered":"<ul>\n<li>\n<p data-path-to-node=\"9,0,0\"><b data-path-to-node=\"9,0,0\" data-index-in-node=\"0\">Couleurs illimit\u00e9es :<\/b> L&#039;impression num\u00e9rique CMJN permet de r\u00e9aliser des photos, des d\u00e9grad\u00e9s et des motifs complexes sans aucune limite de couleurs.<\/p>\n<\/li>\n<li>\n<p data-path-to-node=\"9,1,0\"><b data-path-to-node=\"9,1,0\" data-index-in-node=\"0\">Espace de marque maximal :<\/b> \u201cLe format \u201d Wide Face \u00bb offre une large surface pour les logos des sponsors et les \u00e9l\u00e9ments graphiques de l&#039;\u00e9v\u00e9nement.<\/p>\n<\/li>\n<li>\n<p data-path-to-node=\"9,2,0\"><b data-path-to-node=\"9,2,0\" data-index-in-node=\"0\">Haute s\u00e9curit\u00e9 :<\/b> La fermeture \u00e0 pression en plastique \u00e0 usage unique emp\u00eache le transfert et la r\u00e9utilisation entre les invit\u00e9s.<\/p>\n<\/li>\n<li>\n<p data-path-to-node=\"9,3,0\"><b data-path-to-node=\"9,3,0\" data-index-in-node=\"0\">Durabilit\u00e9 sup\u00e9rieure :<\/b> Sa construction en vinyle \u00e0 3 couches garantit que le bracelet reste intact et \u00e9clatant pendant plus de 7 jours.<\/p>\n<\/li>\n<\/ul>","protected":false},"featured_media":6616,"comment_status":"closed","ping_status":"closed","template":"","meta":[],"product_brand":[],"product_cat":[51],"product_tag":[],"class_list":{"0":"post-6615","1":"product","2":"type-product","3":"status-publish","4":"has-post-thumbnail","6":"product_cat-vinyl","8":"first","9":"instock","10":"shipping-taxable","11":"purchasable","12":"product-type-simple"},"_links":{"self":[{"href":"https:\/\/displayproducts.eu\/fr\/wp-json\/wp\/v2\/product\/6615","targetHints":{"allow":["GET"]}}],"collection":[{"href":"https:\/\/displayproducts.eu\/fr\/wp-json\/wp\/v2\/product"}],"about":[{"href":"https:\/\/displayproducts.eu\/fr\/wp-json\/wp\/v2\/types\/product"}],"replies":[{"embeddable":true,"href":"https:\/\/displayproducts.eu\/fr\/wp-json\/wp\/v2\/comments?post=6615"}],"wp:featuredmedia":[{"embeddable":true,"href":"https:\/\/displayproducts.eu\/fr\/wp-json\/wp\/v2\/media\/6616"}],"wp:attachment":[{"href":"https:\/\/displayproducts.eu\/fr\/wp-json\/wp\/v2\/media?parent=6615"}],"wp:term":[{"taxonomy":"product_brand","embeddable":true,"href":"https:\/\/displayproducts.eu\/fr\/wp-json\/wp\/v2\/product_brand?post=6615"},{"taxonomy":"product_cat","embeddable":true,"href":"https:\/\/displayproducts.eu\/fr\/wp-json\/wp\/v2\/product_cat?post=6615"},{"taxonomy":"product_tag","embeddable":true,"href":"https:\/\/displayproducts.eu\/fr\/wp-json\/wp\/v2\/product_tag?post=6615"}],"curies":[{"name":"wp","href":"https:\/\/api.w.org\/{rel}","templated":true}]}}