{"id":6609,"date":"2026-01-06T13:25:58","date_gmt":"2026-01-06T10:25:58","guid":{"rendered":"https:\/\/wristbandfactory.eu\/?post_type=product&#038;p=6609"},"modified":"2026-04-01T21:52:03","modified_gmt":"2026-04-01T18:52:03","slug":"custom-full-color-microfiber-suede-towels","status":"publish","type":"product","link":"https:\/\/displayproducts.eu\/fr\/p\/custom-full-color-microfiber-suede-towels\/","title":{"rendered":"Serviettes en microfibre personnalis\u00e9es"},"content":{"rendered":"<p data-path-to-node=\"9\">Renforcez la pr\u00e9sence de votre marque \u00e0 la salle de sport, \u00e0 la plage ou lors d&#039;\u00e9v\u00e9nements sportifs gr\u00e2ce \u00e0 nos serviettes haut de gamme en microfibre su\u00e9d\u00e9e personnalis\u00e9es. Contrairement aux serviettes traditionnelles, la microfibre su\u00e9d\u00e9e offre une surface lisse et sans boucles, id\u00e9ale pour une impression couleur d&#039;une nettet\u00e9 et d&#039;une vivacit\u00e9 exceptionnelles. Votre logo ou visuel se d\u00e9marquera ainsi avec une clart\u00e9 photographique.<\/p>\n<h2 data-path-to-node=\"10\">Caract\u00e9ristiques principales<\/h2>\n<ul data-path-to-node=\"11\">\n<li>\n<p data-path-to-node=\"11,0,0\"><b data-path-to-node=\"11,0,0\" data-index-in-node=\"0\">Sublimation \u00e9clatante :<\/b> Nous utilisons une technique d&#039;impression par transfert thermique avanc\u00e9e pour garantir que vos couleurs restent \u00e9clatantes m\u00eame apr\u00e8s de nombreux lavages.<\/p>\n<\/li>\n<li>\n<p data-path-to-node=\"11,1,0\"><b data-path-to-node=\"11,1,0\" data-index-in-node=\"0\">Finition daim :<\/b> Sa texture douce et bross\u00e9e offre une sensation luxueuse sur la peau tout en restant tr\u00e8s fonctionnelle et r\u00e9sistante au sable.<\/p>\n<\/li>\n<li>\n<p data-path-to-node=\"11,2,0\"><b data-path-to-node=\"11,2,0\" data-index-in-node=\"0\">Encres \u00e9cologiques :<\/b> Notre proc\u00e9d\u00e9 d&#039;impression utilise des encres s\u00fbres et durables, adapt\u00e9es \u00e0 un usage quotidien.<\/p>\n<\/li>\n<li>\n<p data-path-to-node=\"11,3,0\"><b data-path-to-node=\"11,3,0\" data-index-in-node=\"0\">Tailles polyvalentes :<\/b> Choisissez parmi des serviettes de toilette (50x70cm) ou de grandes serviettes de plage (80x160cm).<\/p>\n<\/li>\n<\/ul>\n<h2 data-path-to-node=\"12\">Caract\u00e9ristiques<\/h2>\n<ul data-path-to-node=\"13\">\n<li>\n<p data-path-to-node=\"13,0,0\"><b data-path-to-node=\"13,0,0\" data-index-in-node=\"0\">Mat\u00e9riel:<\/b> 100% Daim en microfibre (m\u00e9lange polyester\/polyamide).<\/p>\n<\/li>\n<li>\n<p data-path-to-node=\"13,1,0\"><b data-path-to-node=\"13,1,0\" data-index-in-node=\"0\">Tailles standard :<\/b> 50x70cm, 50x100cm, 70x140cm, 80x160cm.<\/p>\n<\/li>\n<li>\n<p data-path-to-node=\"13,2,0\"><b data-path-to-node=\"13,2,0\" data-index-in-node=\"0\">Personnalisation:<\/b> Impression num\u00e9rique pleine surface (recto ou recto-verso).<\/p>\n<\/li>\n<li>\n<p data-path-to-node=\"13,3,0\"><b data-path-to-node=\"13,3,0\" data-index-in-node=\"0\">Options sur mesure\u00a0:<\/b> Tailles et formes personnalis\u00e9es disponibles sur demande.<\/p>\n<\/li>\n<li>\n<p data-path-to-node=\"13,4,0\"><b data-path-to-node=\"13,4,0\" data-index-in-node=\"0\">Poids:<\/b> L\u00e9ger et pliable pour un transport facile.<\/p>\n<\/li>\n<\/ul>\n<h2 data-path-to-node=\"14\">Cas d&#039;utilisation<\/h2>\n<ul data-path-to-node=\"15\">\n<li>\n<p data-path-to-node=\"15,0,0\"><b data-path-to-node=\"15,0,0\" data-index-in-node=\"0\">Identit\u00e9 d&#039;entreprise :<\/b> Cadeaux haut de gamme pour les employ\u00e9s et les partenaires.<\/p>\n<\/li>\n<li>\n<p data-path-to-node=\"15,1,0\"><b data-path-to-node=\"15,1,0\" data-index-in-node=\"0\">Sports et fitness :<\/b> \u00c9quipements de marque pour les salles de CrossFit, les clubs de natation et les studios de yoga.<\/p>\n<\/li>\n<li>\n<p data-path-to-node=\"15,2,0\"><b data-path-to-node=\"15,2,0\" data-index-in-node=\"0\">Merchandising \u00e9v\u00e9nementiel :<\/b> Des souvenirs m\u00e9morables pour les festivals et les comp\u00e9titions en plein air.<\/p>\n<\/li>\n<li>\n<p data-path-to-node=\"15,3,0\"><b data-path-to-node=\"15,3,0\" data-index-in-node=\"0\">Tourisme et h\u00f4tellerie :<\/b> Serviettes de plage personnalis\u00e9es pour h\u00f4tels, spas et complexes h\u00f4teliers.<\/p>\n<\/li>\n<\/ul>\n<p data-path-to-node=\"16\">","protected":false},"excerpt":{"rendered":"<p data-path-to-node=\"7\">Nos serviettes personnalis\u00e9es en microfibre su\u00e9d\u00e9e offrent une surface douce et haut de gamme, id\u00e9ale pour un marquage couleur haute r\u00e9solution. Parfaites pour les clubs sportifs, les cadeaux d&#039;entreprise et les \u00e9v\u00e9nements.<\/p>\n<ul data-path-to-node=\"8\">\n<li>\n<p data-path-to-node=\"8,0,0\"><b data-path-to-node=\"8,0,0\" data-index-in-node=\"0\">Image de marque de qualit\u00e9 photo\u00a0:<\/b> Impression par sublimation couleur bord \u00e0 bord.<\/p>\n<\/li>\n<li>\n<p data-path-to-node=\"8,1,0\"><b data-path-to-node=\"8,1,0\" data-index-in-node=\"0\">Technologie de s\u00e9chage rapide\u00a0:<\/b> Mati\u00e8re en microfibre su\u00e9d\u00e9e haute performance qui s\u00e8che beaucoup plus vite que le coton.<\/p>\n<\/li>\n<li>\n<p data-path-to-node=\"8,2,0\"><b data-path-to-node=\"8,2,0\" data-index-in-node=\"0\">Enti\u00e8rement personnalisable :<\/b> Disponible en quatre tailles standard ou sur mesure pour r\u00e9pondre aux besoins de votre marque.<\/p>\n<\/li>\n<li>\n<p data-path-to-node=\"8,3,0\"><b data-path-to-node=\"8,3,0\" data-index-in-node=\"0\">Compact et l\u00e9ger :<\/b> Id\u00e9al pour les voyages, la salle de sport ou les cadeaux promotionnels.<\/p>\n<\/li>\n<\/ul>","protected":false},"featured_media":6610,"comment_status":"closed","ping_status":"closed","template":"","meta":[],"product_brand":[],"product_cat":[129,118],"product_tag":[],"class_list":{"0":"post-6609","1":"product","2":"type-product","3":"status-publish","4":"has-post-thumbnail","6":"product_cat-leisure-lifestyle","7":"product_cat-sports-fitness","9":"first","10":"instock","11":"shipping-taxable","12":"purchasable","13":"product-type-simple"},"_links":{"self":[{"href":"https:\/\/displayproducts.eu\/fr\/wp-json\/wp\/v2\/product\/6609","targetHints":{"allow":["GET"]}}],"collection":[{"href":"https:\/\/displayproducts.eu\/fr\/wp-json\/wp\/v2\/product"}],"about":[{"href":"https:\/\/displayproducts.eu\/fr\/wp-json\/wp\/v2\/types\/product"}],"replies":[{"embeddable":true,"href":"https:\/\/displayproducts.eu\/fr\/wp-json\/wp\/v2\/comments?post=6609"}],"wp:featuredmedia":[{"embeddable":true,"href":"https:\/\/displayproducts.eu\/fr\/wp-json\/wp\/v2\/media\/6610"}],"wp:attachment":[{"href":"https:\/\/displayproducts.eu\/fr\/wp-json\/wp\/v2\/media?parent=6609"}],"wp:term":[{"taxonomy":"product_brand","embeddable":true,"href":"https:\/\/displayproducts.eu\/fr\/wp-json\/wp\/v2\/product_brand?post=6609"},{"taxonomy":"product_cat","embeddable":true,"href":"https:\/\/displayproducts.eu\/fr\/wp-json\/wp\/v2\/product_cat?post=6609"},{"taxonomy":"product_tag","embeddable":true,"href":"https:\/\/displayproducts.eu\/fr\/wp-json\/wp\/v2\/product_tag?post=6609"}],"curies":[{"name":"wp","href":"https:\/\/api.w.org\/{rel}","templated":true}]}}