{"id":6604,"date":"2026-01-06T01:05:42","date_gmt":"2026-01-05T22:05:42","guid":{"rendered":"https:\/\/wristbandfactory.eu\/?post_type=product&#038;p=6604"},"modified":"2026-04-01T21:52:03","modified_gmt":"2026-04-01T18:52:03","slug":"custom-rpet-sublimation-yoyo-keyring","status":"publish","type":"product","link":"https:\/\/displayproducts.eu\/fr\/p\/custom-rpet-sublimation-yoyo-keyring\/","title":{"rendered":"Porte-cl\u00e9s yoyo personnalis\u00e9 RPET"},"content":{"rendered":"<p data-path-to-node=\"10\">Le porte-cl\u00e9s personnalis\u00e9 Subiner YoYo en RPET est l&#039;accessoire multifonctionnel par excellence pour les entreprises modernes. Con\u00e7u pour les employ\u00e9s qui ont besoin d&#039;acc\u00e9der rapidement \u00e0 leurs badges d&#039;identification, cl\u00e9s ou porte-cl\u00e9s \u00e9lectroniques, ce porte-cl\u00e9s r\u00e9tractable offre une exp\u00e9rience utilisateur optimale tout en mettant en valeur votre marque en couleur.<\/p>\n<h2 data-path-to-node=\"11\">Caract\u00e9ristiques principales<\/h2>\n<p data-path-to-node=\"12\">Chaque \u00e9l\u00e9ment du Subiner YoYo est con\u00e7u pour une durabilit\u00e9 et une visibilit\u00e9 optimales. La sangle en polyester recycl\u00e9 offre une base \u00e0 la fois souple et r\u00e9sistante pour une impression par sublimation haute d\u00e9finition. Contrairement \u00e0 la s\u00e9rigraphie classique, la sublimation p\u00e9n\u00e8tre les fibres, garantissant ainsi que votre logo ne se d\u00e9colorera pas, ne craquera pas et ne s&#039;\u00e9caillera pas, m\u00eame en cas d&#039;utilisation quotidienne intensive. Le m\u00e9canisme t\u00e9lescopique int\u00e9gr\u00e9 est test\u00e9 pour sa long\u00e9vit\u00e9 et assure une traction fluide \u00e0 chaque utilisation.<\/p>\n<h2 data-path-to-node=\"13\">Caract\u00e9ristiques<\/h2>\n<ul data-path-to-node=\"14\">\n<li>\n<p data-path-to-node=\"14,0,0\"><b data-path-to-node=\"14,0,0\" data-index-in-node=\"0\">Mat\u00e9riel:<\/b> Polyester RPET recycl\u00e9 (sangle et \u00e9tiquette), aluminium (mousqueton), m\u00e9tal (anneau porte-cl\u00e9s).<\/p>\n<\/li>\n<li>\n<p data-path-to-node=\"14,1,0\"><b data-path-to-node=\"14,1,0\" data-index-in-node=\"0\">Impression:<\/b> Sublimation recto verso en couleur.<\/p>\n<\/li>\n<li>\n<p data-path-to-node=\"14,2,0\"><b data-path-to-node=\"14,2,0\" data-index-in-node=\"0\">Pi\u00e8ces jointes:<\/b> Porte-badge t\u00e9lescopique, mousqueton et anneau bris\u00e9.<\/p>\n<\/li>\n<li>\n<p data-path-to-node=\"14,3,0\"><b data-path-to-node=\"14,3,0\" data-index-in-node=\"0\">Durabilit\u00e9:<\/b> Comprend une \u00e9tiquette interne en RPET pour v\u00e9rifier l&#039;utilisation de mat\u00e9riaux \u00e9cologiques.<\/p>\n<\/li>\n<li>\n<p data-path-to-node=\"14,4,0\"><b data-path-to-node=\"14,4,0\" data-index-in-node=\"0\">Quantit\u00e9 minimale de commande\u00a0:<\/b> 100 pi\u00e8ces.<\/p>\n<\/li>\n<\/ul>\n<h2 data-path-to-node=\"15\">Cas d&#039;utilisation<\/h2>\n<p data-path-to-node=\"16\">Ces porte-cl\u00e9s YoYo sont parfaits pour les environnements professionnels o\u00f9 les badges d&#039;identification sont fr\u00e9quemment contr\u00f4l\u00e9s. Ils constituent d&#039;excellents cadeaux promotionnels lors de salons, des accessoires pratiques pour le personnel \u00e9v\u00e9nementiel ou encore un \u00e9l\u00e9ment d&#039;un kit de bienvenue \u00e9coresponsable pour les nouveaux employ\u00e9s. Le mousqueton permet de l&#039;accrocher facilement \u00e0 une ceinture, un sac \u00e0 dos ou un cordon, ce qui en fait un accessoire id\u00e9al pour les professionnels actifs.<\/p>","protected":false},"excerpt":{"rendered":"<p data-path-to-node=\"8\">Ce porte-cl\u00e9s t\u00e9lescopique \u00e9co-responsable allie fonctionnalit\u00e9 et image de marque dynamique. Fabriqu\u00e9 en PET recycl\u00e9, il est dot\u00e9 d&#039;un cordon r\u00e9tractable et d&#039;un mousqueton s\u00e9curis\u00e9 pour un usage professionnel quotidien.<\/p>\n<ul data-path-to-node=\"9\">\n<li>\n<p data-path-to-node=\"9,0,0\"><b data-path-to-node=\"9,0,0\" data-index-in-node=\"0\">Image de marque \u00e9coresponsable\u00a0:<\/b> Fabriqu\u00e9 \u00e0 partir de polyester RPET recycl\u00e9 de haute qualit\u00e9 afin de soutenir les objectifs de d\u00e9veloppement durable de l&#039;entreprise.<\/p>\n<\/li>\n<li>\n<p data-path-to-node=\"9,1,0\"><b data-path-to-node=\"9,1,0\" data-index-in-node=\"0\">Personnalisation en couleur :<\/b> L&#039;impression par sublimation recto verso permet de r\u00e9aliser des motifs photographiques complexes, bord \u00e0 bord.<\/p>\n<\/li>\n<li>\n<p data-path-to-node=\"9,2,0\"><b data-path-to-node=\"9,2,0\" data-index-in-node=\"0\">Conception polyvalente 3 en 1\u00a0:<\/b> Il est dot\u00e9 d&#039;un porte-badge t\u00e9lescopique, d&#039;un mousqueton robuste en aluminium et d&#039;un anneau porte-cl\u00e9s en m\u00e9tal.<\/p>\n<\/li>\n<li>\n<p data-path-to-node=\"9,3,0\"><b data-path-to-node=\"9,3,0\" data-index-in-node=\"0\">Faibles seuils de rentabilit\u00e9 B2B\u00a0:<\/b> Production professionnelle sur mesure \u00e0 partir de seulement 100 pi\u00e8ces.<\/p>\n<\/li>\n<\/ul>","protected":false},"featured_media":6606,"comment_status":"closed","ping_status":"closed","template":"","meta":[],"product_brand":[],"product_cat":[105,94],"product_tag":[],"class_list":{"0":"post-6604","1":"product","2":"type-product","3":"status-publish","4":"has-post-thumbnail","6":"product_cat-badge-holder-lanyards","7":"product_cat-keychains","9":"first","10":"instock","11":"shipping-taxable","12":"purchasable","13":"product-type-simple"},"_links":{"self":[{"href":"https:\/\/displayproducts.eu\/fr\/wp-json\/wp\/v2\/product\/6604","targetHints":{"allow":["GET"]}}],"collection":[{"href":"https:\/\/displayproducts.eu\/fr\/wp-json\/wp\/v2\/product"}],"about":[{"href":"https:\/\/displayproducts.eu\/fr\/wp-json\/wp\/v2\/types\/product"}],"replies":[{"embeddable":true,"href":"https:\/\/displayproducts.eu\/fr\/wp-json\/wp\/v2\/comments?post=6604"}],"wp:featuredmedia":[{"embeddable":true,"href":"https:\/\/displayproducts.eu\/fr\/wp-json\/wp\/v2\/media\/6606"}],"wp:attachment":[{"href":"https:\/\/displayproducts.eu\/fr\/wp-json\/wp\/v2\/media?parent=6604"}],"wp:term":[{"taxonomy":"product_brand","embeddable":true,"href":"https:\/\/displayproducts.eu\/fr\/wp-json\/wp\/v2\/product_brand?post=6604"},{"taxonomy":"product_cat","embeddable":true,"href":"https:\/\/displayproducts.eu\/fr\/wp-json\/wp\/v2\/product_cat?post=6604"},{"taxonomy":"product_tag","embeddable":true,"href":"https:\/\/displayproducts.eu\/fr\/wp-json\/wp\/v2\/product_tag?post=6604"}],"curies":[{"name":"wp","href":"https:\/\/api.w.org\/{rel}","templated":true}]}}