{"id":6599,"date":"2026-01-06T00:43:04","date_gmt":"2026-01-05T21:43:04","guid":{"rendered":"https:\/\/wristbandfactory.eu\/?post_type=product&#038;p=6599"},"modified":"2026-04-01T21:52:34","modified_gmt":"2026-04-01T18:52:34","slug":"premium-fabric-wristbands-with-gold-thread","status":"publish","type":"product","link":"https:\/\/displayproducts.eu\/fr\/p\/premium-fabric-wristbands-with-gold-thread\/","title":{"rendered":"Bracelets en tissu avec fil dor\u00e9"},"content":{"rendered":"<p data-path-to-node=\"8\">Nos bracelets en tissu \u00e0 fil d&#039;or haut de gamme repr\u00e9sentent le summum de l&#039;identification \u00e9v\u00e9nementielle. En associant des fibres de polyester traditionnelles de haute qualit\u00e9 \u00e0 un fil de lurex m\u00e9tallis\u00e9, nous cr\u00e9ons un bracelet qui, au-del\u00e0 de la sans impression identification des invit\u00e9s, sublime l&#039;exp\u00e9rience de l&#039;\u00e9v\u00e9nement. Ces bracelets sont con\u00e7us pour les organisateurs exigeants qui refusent tout compromis entre s\u00e9curit\u00e9 et \u00e9l\u00e9gance.<\/p>\n<h2 data-path-to-node=\"9\">Caract\u00e9ristiques principales<\/h2>\n<ul data-path-to-node=\"10\">\n<li>\n<p data-path-to-node=\"10,0,0\"><b data-path-to-node=\"10,0,0\" data-index-in-node=\"0\">Tissage en lurex m\u00e9tallis\u00e9 :<\/b> Fil d&#039;or authentique tiss\u00e9 directement dans le tissu pour une finition scintillante permanente.<\/p>\n<\/li>\n<li>\n<p data-path-to-node=\"10,1,0\"><b data-path-to-node=\"10,1,0\" data-index-in-node=\"0\">Fermetures inviolables\u00a0:<\/b> Choisissez parmi des glissi\u00e8res en plastique unidirectionnelles, des anneaux m\u00e9talliques ou des cadenas en bambou \u00e9cologiques.<\/p>\n<\/li>\n<li>\n<p data-path-to-node=\"10,2,0\"><b data-path-to-node=\"10,2,0\" data-index-in-node=\"0\">Conception ergonomique :<\/b> Les bords souples garantissent le confort du bracelet m\u00eame lors d&#039;\u00e9v\u00e9nements de plusieurs jours.<\/p>\n<\/li>\n<li>\n<p data-path-to-node=\"10,3,0\"><b data-path-to-node=\"10,3,0\" data-index-in-node=\"0\">R\u00e9sistant \u00e0 l&#039;eau et aux d\u00e9chirures :<\/b> Con\u00e7ue pour r\u00e9sister \u00e0 la pluie, \u00e0 la transpiration et aux activit\u00e9s intenses sans se d\u00e9colorer ni perdre son int\u00e9grit\u00e9 structurelle.<\/p>\n<\/li>\n<\/ul>\n<h2 data-path-to-node=\"11\">Caract\u00e9ristiques<\/h2>\n<ul data-path-to-node=\"12\">\n<li>\n<p data-path-to-node=\"12,0,0\"><b data-path-to-node=\"12,0,0\" data-index-in-node=\"0\">Mat\u00e9riel:<\/b> Polyester de haute qualit\u00e9 + Lurex dor\u00e9 m\u00e9tallis\u00e9.<\/p>\n<\/li>\n<li>\n<p data-path-to-node=\"12,1,0\"><b data-path-to-node=\"12,1,0\" data-index-in-node=\"0\">Dimensions:<\/b> Dimensions standard : 15 mm x 350 mm (largeurs personnalis\u00e9es disponibles sur demande).<\/p>\n<\/li>\n<li>\n<p data-path-to-node=\"12,2,0\"><b data-path-to-node=\"12,2,0\" data-index-in-node=\"0\">Impression:<\/b> Jusqu&#039;\u00e0 8 coloris tiss\u00e9s, y compris la base m\u00e9tallique.<\/p>\n<\/li>\n<li>\n<p data-path-to-node=\"12,3,0\"><b data-path-to-node=\"12,3,0\" data-index-in-node=\"0\">Options de verrouillage\u00a0:<\/b> Fermoir coulissant \u00e0 usage unique (plastique\/m\u00e9tal) ou perle r\u00e9utilisable.<\/p>\n<\/li>\n<li>\n<p data-path-to-node=\"12,4,0\"><b data-path-to-node=\"12,4,0\" data-index-in-node=\"0\">Quantit\u00e9 minimale de commande\u00a0:<\/b> 100 unit\u00e9s.<\/p>\n<\/li>\n<\/ul>\n<h2 data-path-to-node=\"13\">Cas d&#039;utilisation<\/h2>\n<ul data-path-to-node=\"14\">\n<li>\n<p data-path-to-node=\"14,0,0\"><b data-path-to-node=\"14,0,0\" data-index-in-node=\"0\">Festivals de musique :<\/b> Identification des zones VIP, coulisses ou artistes par un marquage premium visible.<\/p>\n<\/li>\n<li>\n<p data-path-to-node=\"14,1,0\"><b data-path-to-node=\"14,1,0\" data-index-in-node=\"0\">Galas d&#039;entreprise :<\/b> Une alternative sophistiqu\u00e9e aux bracelets classiques en plastique ou en papier pour les \u00e9v\u00e9nements de gala.<\/p>\n<\/li>\n<li>\n<p data-path-to-node=\"14,2,0\"><b data-path-to-node=\"14,2,0\" data-index-in-node=\"0\">H\u00f4tels et complexes h\u00f4teliers de luxe\u00a0:<\/b> Distinguer avec style les clients ayant opt\u00e9 pour la formule \u201c tout compris \u201d ou \u201c club \u201d.<\/p>\n<\/li>\n<li>\n<p data-path-to-node=\"14,3,0\"><b data-path-to-node=\"14,3,0\" data-index-in-node=\"0\">\u00c9v\u00e9nements comm\u00e9moratifs\u00a0:<\/b> C\u00e9l\u00e9brations d&#039;anniversaire o\u00f9 le bracelet sert de souvenir de grande valeur.<\/p>\n<\/li>\n<\/ul>\n<p data-path-to-node=\"15\">","protected":false},"excerpt":{"rendered":"<ul>\n<li>\n<p data-path-to-node=\"7,0,0\"><b data-path-to-node=\"7,0,0\" data-index-in-node=\"0\">Esth\u00e9tique VIP Premium :<\/b> Le fil m\u00e9tallique dor\u00e9 tiss\u00e9 offre un aspect exclusif et haut de gamme qui distingue les invit\u00e9s VIP.<\/p>\n<\/li>\n<li>\n<p data-path-to-node=\"7,1,0\"><b data-path-to-node=\"7,1,0\" data-index-in-node=\"0\">S\u00e9curit\u00e9 ultime :<\/b> Il est dot\u00e9 d&#039;un m\u00e9canisme de verrouillage non transf\u00e9rable afin d&#039;emp\u00eacher tout partage et toute entr\u00e9e non autoris\u00e9s.<\/p>\n<\/li>\n<li>\n<p data-path-to-node=\"7,2,0\"><b data-path-to-node=\"7,2,0\" data-index-in-node=\"0\">Image de marque durable\u00a0:<\/b> Fabriqu\u00e9 en polyester de haute qualit\u00e9, r\u00e9sistant aux festivals de plusieurs jours et pouvant servir de souvenir.<\/p>\n<\/li>\n<li>\n<p data-path-to-node=\"7,3,0\"><b data-path-to-node=\"7,3,0\" data-index-in-node=\"0\">Personnalisation compl\u00e8te\u00a0:<\/b> Le tissage en quadrichromie permet d&#039;int\u00e9grer des logos complexes aux accents dor\u00e9s scintillants.<\/p>\n<\/li>\n<\/ul>","protected":false},"featured_media":6603,"comment_status":"closed","ping_status":"closed","template":"","meta":[],"product_brand":[],"product_cat":[47],"product_tag":[],"class_list":{"0":"post-6599","1":"product","2":"type-product","3":"status-publish","4":"has-post-thumbnail","6":"product_cat-fabric-wristbands","8":"first","9":"instock","10":"shipping-taxable","11":"purchasable","12":"product-type-simple"},"_links":{"self":[{"href":"https:\/\/displayproducts.eu\/fr\/wp-json\/wp\/v2\/product\/6599","targetHints":{"allow":["GET"]}}],"collection":[{"href":"https:\/\/displayproducts.eu\/fr\/wp-json\/wp\/v2\/product"}],"about":[{"href":"https:\/\/displayproducts.eu\/fr\/wp-json\/wp\/v2\/types\/product"}],"replies":[{"embeddable":true,"href":"https:\/\/displayproducts.eu\/fr\/wp-json\/wp\/v2\/comments?post=6599"}],"wp:featuredmedia":[{"embeddable":true,"href":"https:\/\/displayproducts.eu\/fr\/wp-json\/wp\/v2\/media\/6603"}],"wp:attachment":[{"href":"https:\/\/displayproducts.eu\/fr\/wp-json\/wp\/v2\/media?parent=6599"}],"wp:term":[{"taxonomy":"product_brand","embeddable":true,"href":"https:\/\/displayproducts.eu\/fr\/wp-json\/wp\/v2\/product_brand?post=6599"},{"taxonomy":"product_cat","embeddable":true,"href":"https:\/\/displayproducts.eu\/fr\/wp-json\/wp\/v2\/product_cat?post=6599"},{"taxonomy":"product_tag","embeddable":true,"href":"https:\/\/displayproducts.eu\/fr\/wp-json\/wp\/v2\/product_tag?post=6599"}],"curies":[{"name":"wp","href":"https:\/\/api.w.org\/{rel}","templated":true}]}}