{"id":6514,"date":"2026-01-03T00:15:17","date_gmt":"2026-01-02T21:15:17","guid":{"rendered":"https:\/\/wristbandfactory.eu\/?post_type=product&#038;p=6514"},"modified":"2026-04-01T21:52:34","modified_gmt":"2026-04-01T18:52:34","slug":"event-watch-led-wristband-with-custom-logo","status":"publish","type":"product","link":"https:\/\/displayproducts.eu\/fr\/p\/event-watch-led-wristband-with-custom-logo\/","title":{"rendered":"Bracelets LED de style montre avec logo"},"content":{"rendered":"<p data-path-to-node=\"10\">Valorisez votre image de marque avec le bracelet LED \u201c\u00a0Montre \u00c9v\u00e9nementielle\u00a0\u201d. Son bo\u00eetier imposant, inspir\u00e9 des montres modernes, est sp\u00e9cialement con\u00e7u pour une visibilit\u00e9 optimale de votre marque. La surface plate et surdimensionn\u00e9e du module LED garantit une nettet\u00e9 parfaite des logos, m\u00eame les plus d\u00e9taill\u00e9s, et les maintient au centre de l&#039;attention tout au long de l&#039;\u00e9v\u00e9nement. Fabriqu\u00e9 en ABS haute r\u00e9sistance et en silicone de qualit\u00e9 m\u00e9dicale, ce bracelet de 30\u00a0g offre une sensation de qualit\u00e9 et de robustesse, un souvenir high-tech que vos invit\u00e9s appr\u00e9cieront.<\/p>\n<h2 data-path-to-node=\"11\">Caract\u00e9ristiques principales<\/h2>\n<ul data-path-to-node=\"12\">\n<li>\n<p data-path-to-node=\"12,0,0\"><b data-path-to-node=\"12,0,0\" data-index-in-node=\"0\">Esth\u00e9tique haut de gamme, digne d&#039;une montre :<\/b> Son design familier en fait le choix le plus professionnel pour les galas haut de gamme et les conf\u00e9rences d&#039;entreprise.<\/p>\n<\/li>\n<li>\n<p data-path-to-node=\"12,1,0\"><b data-path-to-node=\"12,1,0\" data-index-in-node=\"0\">Int\u00e9gration RF professionnelle\u00a0:<\/b> Se synchronise parfaitement avec votre console d&#039;\u00e9clairage pour pulser et clignoter en parfaite harmonie avec la programmation sc\u00e9nique de l&#039;\u00e9v\u00e9nement.<\/p>\n<\/li>\n<li>\n<p data-path-to-node=\"12,2,0\"><b data-path-to-node=\"12,2,0\" data-index-in-node=\"0\">Durable et r\u00e9utilisable :<\/b> Gr\u00e2ce \u00e0 leurs mat\u00e9riaux de haute qualit\u00e9 et \u00e0 leur syst\u00e8me de batterie rempla\u00e7able, ces bracelets sont adapt\u00e9s \u00e0 une utilisation sur plusieurs jours ou \u00e0 des tourn\u00e9es cons\u00e9cutives.<\/p>\n<\/li>\n<li>\n<p data-path-to-node=\"12,3,0\"><b data-path-to-node=\"12,3,0\" data-index-in-node=\"0\">LED haute intensit\u00e9\u00a0:<\/b> Dot\u00e9 d&#039;une puissante sortie lumineuse capable d&#039;afficher 15 couleurs distinctes pour correspondre parfaitement \u00e0 la palette sp\u00e9cifique de votre marque.<\/p>\n<\/li>\n<\/ul>\n<h2 data-path-to-node=\"13\">Caract\u00e9ristiques<\/h2>\n<ul data-path-to-node=\"14\">\n<li>\n<p data-path-to-node=\"14,0,0\"><b data-path-to-node=\"14,0,0\" data-index-in-node=\"0\">Mat\u00e9riel:<\/b> Bo\u00eetier en ABS renforc\u00e9 et bracelet en silicone de qualit\u00e9 sup\u00e9rieure<\/p>\n<\/li>\n<li>\n<p data-path-to-node=\"14,1,0\"><b data-path-to-node=\"14,1,0\" data-index-in-node=\"0\">Poids:<\/b> 30 g<\/p>\n<\/li>\n<li>\n<p data-path-to-node=\"14,2,0\"><b data-path-to-node=\"14,2,0\" data-index-in-node=\"0\">Taille de l&#039;unit\u00e9 :<\/b> 6,7 x 7,5 cm<\/p>\n<\/li>\n<li>\n<p data-path-to-node=\"14,3,0\"><b data-path-to-node=\"14,3,0\" data-index-in-node=\"0\">Communication:<\/b> RF 433 MHz \/ T\u00e9l\u00e9commande \/ DMX512<\/p>\n<\/li>\n<li>\n<p data-path-to-node=\"14,4,0\"><b data-path-to-node=\"14,4,0\" data-index-in-node=\"0\">Batterie:<\/b> 2 piles CR2032 (rempla\u00e7ables)<\/p>\n<\/li>\n<li>\n<p data-path-to-node=\"14,5,0\"><b data-path-to-node=\"14,5,0\" data-index-in-node=\"0\">Temps de travail:<\/b> Jusqu&#039;\u00e0 12 heures<\/p>\n<\/li>\n<li>\n<p data-path-to-node=\"14,6,0\"><b data-path-to-node=\"14,6,0\" data-index-in-node=\"0\">Couleurs des LED :<\/b> 15 modes multicolores<\/p>\n<\/li>\n<\/ul>\n<h2 data-path-to-node=\"15\">Cas d&#039;utilisation<\/h2>\n<ul data-path-to-node=\"16\">\n<li>\n<p data-path-to-node=\"16,0,0\"><b data-path-to-node=\"16,0,0\" data-index-in-node=\"0\">\u00c9v\u00e9nements de gala d&#039;entreprise :<\/b> Un objet connect\u00e9 professionnel qui fait office \u00e0 la fois d&#039;accessoire interactif et de cadeau de marque de grande valeur.<\/p>\n<\/li>\n<li>\n<p data-path-to-node=\"16,1,0\"><b data-path-to-node=\"16,1,0\" data-index-in-node=\"0\">Conf\u00e9rences \u00e0 grande \u00e9chelle\u00a0:<\/b> Transformer l&#039;ensemble du public en une toile de lumi\u00e8re synchronis\u00e9e lors des discours d&#039;ouverture et des r\u00e9v\u00e9lations.<\/p>\n<\/li>\n<li>\n<p data-path-to-node=\"16,2,0\"><b data-path-to-node=\"16,2,0\" data-index-in-node=\"0\">Visibilit\u00e9 du sponsor VIP\u00a0:<\/b> Utiliser le panneau d&#039;affichage surdimensionn\u00e9 pour mettre en valeur les principaux sponsors de l&#039;\u00e9v\u00e9nement lors de soir\u00e9es exclusives.<\/p>\n<\/li>\n<li>\n<p data-path-to-node=\"16,3,0\"><b data-path-to-node=\"16,3,0\" data-index-in-node=\"0\">Lancement de produits\u00a0:<\/b> Mise en valeur des identit\u00e9s de marque aupr\u00e8s de milliers de participants simultan\u00e9ment gr\u00e2ce \u00e0 un contr\u00f4le centralis\u00e9 de l&#039;\u00e9clairage.<\/p>\n<\/li>\n<\/ul>\n<p data-path-to-node=\"17\">","protected":false},"excerpt":{"rendered":"<ul>\n<li>\n<p data-path-to-node=\"9,0,0\"><b data-path-to-node=\"9,0,0\" data-index-in-node=\"0\">Design de montres modernes :<\/b> Elle pr\u00e9sente un bo\u00eetier rectangulaire pro\u00e9minent sur un bracelet en silicone confortable, imitant l&#039;apparence d&#039;une montre connect\u00e9e professionnelle.<\/p>\n<\/li>\n<li>\n<p data-path-to-node=\"9,1,0\"><b data-path-to-node=\"9,1,0\" data-index-in-node=\"0\">Surface de marque maximis\u00e9e\u00a0:<\/b> Le cadran plat surdimensionn\u00e9 offre la plus grande surface d&#039;impression de notre catalogue pour des logos personnalis\u00e9s \u00e0 fort impact.<\/p>\n<\/li>\n<li>\n<p data-path-to-node=\"9,2,0\"><b data-path-to-node=\"9,2,0\" data-index-in-node=\"0\">Une puissance durable :<\/b> \u00c9quip\u00e9 de 2 piles CR2032 rempla\u00e7ables, offrant un spectacle lumineux fiable de 12 heures pour les \u00e9v\u00e9nements de longue dur\u00e9e.<\/p>\n<\/li>\n<li>\n<p data-path-to-node=\"9,3,0\"><b data-path-to-node=\"9,3,0\" data-index-in-node=\"0\">Contr\u00f4le enti\u00e8rement synchronis\u00e9\u00a0:<\/b> R\u00e9pond instantan\u00e9ment aux contr\u00f4leurs RF et DMX512 centraux pour g\u00e9rer simultan\u00e9ment 15 couleurs LED \u00e9clatantes.<\/p>\n<\/li>\n<\/ul>","protected":false},"featured_media":6515,"comment_status":"closed","ping_status":"closed","template":"","meta":[],"product_brand":[],"product_cat":[80],"product_tag":[],"class_list":{"0":"post-6514","1":"product","2":"type-product","3":"status-publish","4":"has-post-thumbnail","6":"product_cat-led-wristbands","8":"first","9":"instock","10":"shipping-taxable","11":"purchasable","12":"product-type-simple"},"_links":{"self":[{"href":"https:\/\/displayproducts.eu\/fr\/wp-json\/wp\/v2\/product\/6514","targetHints":{"allow":["GET"]}}],"collection":[{"href":"https:\/\/displayproducts.eu\/fr\/wp-json\/wp\/v2\/product"}],"about":[{"href":"https:\/\/displayproducts.eu\/fr\/wp-json\/wp\/v2\/types\/product"}],"replies":[{"embeddable":true,"href":"https:\/\/displayproducts.eu\/fr\/wp-json\/wp\/v2\/comments?post=6514"}],"wp:featuredmedia":[{"embeddable":true,"href":"https:\/\/displayproducts.eu\/fr\/wp-json\/wp\/v2\/media\/6515"}],"wp:attachment":[{"href":"https:\/\/displayproducts.eu\/fr\/wp-json\/wp\/v2\/media?parent=6514"}],"wp:term":[{"taxonomy":"product_brand","embeddable":true,"href":"https:\/\/displayproducts.eu\/fr\/wp-json\/wp\/v2\/product_brand?post=6514"},{"taxonomy":"product_cat","embeddable":true,"href":"https:\/\/displayproducts.eu\/fr\/wp-json\/wp\/v2\/product_cat?post=6514"},{"taxonomy":"product_tag","embeddable":true,"href":"https:\/\/displayproducts.eu\/fr\/wp-json\/wp\/v2\/product_tag?post=6514"}],"curies":[{"name":"wp","href":"https:\/\/api.w.org\/{rel}","templated":true}]}}