{"id":6513,"date":"2026-01-02T23:41:25","date_gmt":"2026-01-02T20:41:25","guid":{"rendered":"https:\/\/wristbandfactory.eu\/?post_type=product&#038;p=6513"},"modified":"2026-04-01T21:52:34","modified_gmt":"2026-04-01T18:52:34","slug":"nylon-cord-remote-controlled-led-wristbands-with-custom-logo","status":"publish","type":"product","link":"https:\/\/displayproducts.eu\/fr\/p\/nylon-cord-remote-controlled-led-wristbands-with-custom-logo\/","title":{"rendered":"Bracelets LED avec cordon en nylon et logo"},"content":{"rendered":"<p data-path-to-node=\"9\">Sublimez l&#039;impact visuel de votre \u00e9v\u00e9nement avec le bracelet LED \u201c\u00a0Nylon Cord\u00a0\u201d. Ce mod\u00e8le offre un style festival d\u00e9contract\u00e9 et unique, tout en int\u00e9grant une technologie d&#039;\u00e9clairage t\u00e9l\u00e9command\u00e9e de qualit\u00e9 professionnelle. Son cordon en nylon ajustable garantit un maintien s\u00fbr et confortable pour tous les participants, ce qui en fait un choix id\u00e9al pour les grands festivals en plein air, les courses nocturnes et les \u00e9v\u00e9nements musicaux o\u00f9 un bracelet l\u00e9ger est privil\u00e9gi\u00e9 par rapport aux mod\u00e8les traditionnels en silicone.<\/p>\n<h2 data-path-to-node=\"10\">Caract\u00e9ristiques principales<\/h2>\n<ul data-path-to-node=\"11\">\n<li>\n<p data-path-to-node=\"11,0,0\"><b data-path-to-node=\"11,0,0\" data-index-in-node=\"0\">15 couleurs LED dynamiques\u00a0:<\/b> Choisissez parmi 15 modes multicolores \u00e9clatants pour les adapter en temps r\u00e9el au th\u00e8me de votre \u00e9v\u00e9nement ou \u00e0 vos indications musicales.<\/p>\n<\/li>\n<li>\n<p data-path-to-node=\"11,1,0\"><b data-path-to-node=\"11,1,0\" data-index-in-node=\"0\">Fixation s\u00e9curis\u00e9e\u00a0:<\/b> La conception en cordon de nylon nou\u00e9 est durable et facile \u00e0 ajuster pour les invit\u00e9s, offrant ainsi une solution universelle.<\/p>\n<\/li>\n<li>\n<p data-path-to-node=\"11,2,0\"><b data-path-to-node=\"11,2,0\" data-index-in-node=\"0\">Gestion efficace de l&#039;\u00e9nergie\u00a0:<\/b> En utilisant un syst\u00e8me \u00e0 languette au lieu d&#039;un interrupteur manuel, vous pouvez distribuer les bracelets plusieurs jours \u00e0 l&#039;avance sans aucun risque de d\u00e9charge de la batterie.<\/p>\n<\/li>\n<li>\n<p data-path-to-node=\"11,3,0\"><b data-path-to-node=\"11,3,0\" data-index-in-node=\"0\">Image de marque B2B professionnelle\u00a0:<\/b> La surface plane du bo\u00eetier LED est optimis\u00e9e pour une impression par tampographie de haute qualit\u00e9 du logo de votre entreprise.<\/p>\n<\/li>\n<\/ul>\n<h2 data-path-to-node=\"12\">Caract\u00e9ristiques<\/h2>\n<ul data-path-to-node=\"13\">\n<li>\n<p data-path-to-node=\"13,0,0\"><b data-path-to-node=\"13,0,0\" data-index-in-node=\"0\">Mat\u00e9riel:<\/b> Bo\u00eetier en ABS avec un cordon en nylon haute r\u00e9sistance.<\/p>\n<\/li>\n<li>\n<p data-path-to-node=\"13,1,0\"><b data-path-to-node=\"13,1,0\" data-index-in-node=\"0\">Poids:<\/b> 20 g.<\/p>\n<\/li>\n<li>\n<p data-path-to-node=\"13,2,0\"><b data-path-to-node=\"13,2,0\" data-index-in-node=\"0\">Taille de l&#039;unit\u00e9 :<\/b> 6,7 x 7,5 cm.<\/p>\n<\/li>\n<li>\n<p data-path-to-node=\"13,3,0\"><b data-path-to-node=\"13,3,0\" data-index-in-node=\"0\">Modes d&#039;\u00e9clairage LED\u00a0:<\/b> 15 options multicolores.<\/p>\n<\/li>\n<li>\n<p data-path-to-node=\"13,4,0\"><b data-path-to-node=\"13,4,0\" data-index-in-node=\"0\">Communication:<\/b> RF 433 MHz \/ T\u00e9l\u00e9commande.<\/p>\n<\/li>\n<li>\n<p data-path-to-node=\"13,5,0\"><b data-path-to-node=\"13,5,0\" data-index-in-node=\"0\">Batterie:<\/b> 2x CR2032 (rempla\u00e7ables).<\/p>\n<\/li>\n<li>\n<p data-path-to-node=\"13,6,0\"><b data-path-to-node=\"13,6,0\" data-index-in-node=\"0\">Temps de travail:<\/b> 12 heures.<\/p>\n<\/li>\n<\/ul>\n<h2 data-path-to-node=\"14\">Cas d&#039;utilisation<\/h2>\n<ul data-path-to-node=\"15\">\n<li>\n<p data-path-to-node=\"15,0,0\"><b data-path-to-node=\"15,0,0\" data-index-in-node=\"0\">Festivals de musique :<\/b> Elle reprend l&#039;esth\u00e9tique classique des bracelets tiss\u00e9s, mais y ajoute un spectacle de lumi\u00e8re high-tech synchronis\u00e9.<\/p>\n<\/li>\n<li>\n<p data-path-to-node=\"15,1,0\"><b data-path-to-node=\"15,1,0\" data-index-in-node=\"0\">Courses caritatives nocturnes :<\/b> Un accessoire ultra-l\u00e9ger qui am\u00e9liore la visibilit\u00e9 et la coh\u00e9sion entre les participants.<\/p>\n<\/li>\n<li>\n<p data-path-to-node=\"15,2,0\"><b data-path-to-node=\"15,2,0\" data-index-in-node=\"0\">F\u00eates sur la plage et \u00e9v\u00e9nements estivaux :<\/b> Le cordon en nylon respirant est confortable par temps chaud et dans les environnements dynamiques.<\/p>\n<\/li>\n<li>\n<p data-path-to-node=\"15,3,0\"><b data-path-to-node=\"15,3,0\" data-index-in-node=\"0\">Activations des sponsors\u00a0:<\/b> Un accessoire portable de marque \u00e0 un prix abordable, qui cr\u00e9e un effet \u201c waouh \u201d m\u00e9morable aupr\u00e8s des grandes foules.<\/p>\n<\/li>\n<\/ul>\n<p data-path-to-node=\"16\">","protected":false},"excerpt":{"rendered":"<ul>\n<li>\n<p data-path-to-node=\"8,0,0\"><b data-path-to-node=\"8,0,0\" data-index-in-node=\"0\">Confort ultra-l\u00e9ger :<\/b> Design minimaliste avec un cordon en nylon souple et un bo\u00eetier compact en ABS, ne pesant que 20 g.<\/p>\n<\/li>\n<li>\n<p data-path-to-node=\"8,1,0\"><b data-path-to-node=\"8,1,0\" data-index-in-node=\"0\">T\u00e9l\u00e9commande synchronis\u00e9e :<\/b> Enti\u00e8rement compatible avec les contr\u00f4leurs centraux pour g\u00e9rer simultan\u00e9ment 15 couleurs de LED diff\u00e9rentes dans toute la salle.<\/p>\n<\/li>\n<li>\n<p data-path-to-node=\"8,2,0\"><b data-path-to-node=\"8,2,0\" data-index-in-node=\"0\">Autonomie de batterie prolong\u00e9e\u00a0:<\/b> \u00c9quip\u00e9 de 2 piles CR2032 rempla\u00e7ables offrant 12 heures de spectacle lumineux actif.<\/p>\n<\/li>\n<li>\n<p data-path-to-node=\"8,3,0\"><b data-path-to-node=\"8,3,0\" data-index-in-node=\"0\">Protection contre les languettes de traction\u00a0:<\/b> Le syst\u00e8me de protection de la batterie garantit que les unit\u00e9s restent aliment\u00e9es en 100% jusqu&#039;au moment pr\u00e9cis de votre \u00e9v\u00e9nement.<\/p>\n<\/li>\n<\/ul>","protected":false},"featured_media":5983,"comment_status":"closed","ping_status":"closed","template":"","meta":[],"product_brand":[],"product_cat":[80],"product_tag":[],"class_list":{"0":"post-6513","1":"product","2":"type-product","3":"status-publish","4":"has-post-thumbnail","6":"product_cat-led-wristbands","8":"first","9":"instock","10":"shipping-taxable","11":"product-type-simple"},"_links":{"self":[{"href":"https:\/\/displayproducts.eu\/fr\/wp-json\/wp\/v2\/product\/6513","targetHints":{"allow":["GET"]}}],"collection":[{"href":"https:\/\/displayproducts.eu\/fr\/wp-json\/wp\/v2\/product"}],"about":[{"href":"https:\/\/displayproducts.eu\/fr\/wp-json\/wp\/v2\/types\/product"}],"replies":[{"embeddable":true,"href":"https:\/\/displayproducts.eu\/fr\/wp-json\/wp\/v2\/comments?post=6513"}],"wp:featuredmedia":[{"embeddable":true,"href":"https:\/\/displayproducts.eu\/fr\/wp-json\/wp\/v2\/media\/5983"}],"wp:attachment":[{"href":"https:\/\/displayproducts.eu\/fr\/wp-json\/wp\/v2\/media?parent=6513"}],"wp:term":[{"taxonomy":"product_brand","embeddable":true,"href":"https:\/\/displayproducts.eu\/fr\/wp-json\/wp\/v2\/product_brand?post=6513"},{"taxonomy":"product_cat","embeddable":true,"href":"https:\/\/displayproducts.eu\/fr\/wp-json\/wp\/v2\/product_cat?post=6513"},{"taxonomy":"product_tag","embeddable":true,"href":"https:\/\/displayproducts.eu\/fr\/wp-json\/wp\/v2\/product_tag?post=6513"}],"curies":[{"name":"wp","href":"https:\/\/api.w.org\/{rel}","templated":true}]}}