{"id":6512,"date":"2026-01-02T23:35:13","date_gmt":"2026-01-02T20:35:13","guid":{"rendered":"https:\/\/wristbandfactory.eu\/?post_type=product&#038;p=6512"},"modified":"2026-04-01T21:52:34","modified_gmt":"2026-04-01T18:52:34","slug":"curved-ergonomic-led-wristband-with-custom-logo","status":"publish","type":"product","link":"https:\/\/displayproducts.eu\/fr\/p\/curved-ergonomic-led-wristband-with-custom-logo\/","title":{"rendered":"Bracelets LED ergonomiques avec logo"},"content":{"rendered":"<p data-path-to-node=\"9\">Sublimez votre image de marque avec le bracelet LED ergonomique \u201c\u00a0Curved\u00a0\u201d. Ce mod\u00e8le (r\u00e9f. LED 7 du catalogue) se distingue par sa conception en PVC rigide, offrant un aspect et un toucher haut de gamme, contrairement aux bracelets en silicone classiques. La mati\u00e8re translucide permet \u00e0 la lumi\u00e8re de se diffuser \u00e9l\u00e9gamment sur toute la surface, tandis que sa fermeture unique assure un maintien confortable et optimal tout au long de l&#039;\u00e9v\u00e9nement. C&#039;est le choix id\u00e9al pour les espaces VIP d&#039;entreprise et les lancements de produits \u00e0 fort impact, o\u00f9 l&#039;esth\u00e9tique moderne est primordiale.<\/p>\n<h2 data-path-to-node=\"10\">Caract\u00e9ristiques principales<\/h2>\n<ul data-path-to-node=\"11\">\n<li>\n<p data-path-to-node=\"11,0,0\"><b data-path-to-node=\"11,0,0\" data-index-in-node=\"0\">Puissance LED s\u00e9lectionnable\u00a0:<\/b> Choisissez entre la version \u00e0 2 LED pour une ambiance subtile ou la version \u00e0 4 LED pour une luminosit\u00e9 maximale dans les grands espaces.<\/p>\n<\/li>\n<li>\n<p data-path-to-node=\"11,1,0\"><b data-path-to-node=\"11,1,0\" data-index-in-node=\"0\">Mat\u00e9riau PVC durable :<\/b> Fabriqu\u00e9 \u00e0 partir d&#039;une combinaison d&#039;ABS haute r\u00e9sistance et de PVC de qualit\u00e9 professionnelle pour une durabilit\u00e9 accrue.<\/p>\n<\/li>\n<li>\n<p data-path-to-node=\"11,2,0\"><b data-path-to-node=\"11,2,0\" data-index-in-node=\"0\">Int\u00e9gration RF transparente\u00a0:<\/b> Se connecte aux consoles d&#039;\u00e9clairage centrales pour d\u00e9clencher des changements de couleur en temps r\u00e9el et des s\u00e9quences de clignotement dynamiques.<\/p>\n<\/li>\n<li>\n<p data-path-to-node=\"11,3,0\"><b data-path-to-node=\"11,3,0\" data-index-in-node=\"0\">Ajustement anatomique :<\/b> Sa forme pr\u00e9-courb\u00e9e permet une pose plus basse sur le poignet, r\u00e9duisant ainsi l&#039;encombrement et offrant un profil \u00e9l\u00e9gant, semblable \u00e0 celui d&#039;une montre.<\/p>\n<\/li>\n<\/ul>\n<h2 data-path-to-node=\"12\">Caract\u00e9ristiques<\/h2>\n<ul data-path-to-node=\"13\">\n<li>\n<p data-path-to-node=\"13,0,0\"><b data-path-to-node=\"13,0,0\" data-index-in-node=\"0\">Mat\u00e9riel:<\/b> Bo\u00eetier en ABS haute r\u00e9sistance et bracelet en PVC de qualit\u00e9 sup\u00e9rieure.<\/p>\n<\/li>\n<li>\n<p data-path-to-node=\"13,1,0\"><b data-path-to-node=\"13,1,0\" data-index-in-node=\"0\">Taille de l&#039;unit\u00e9 :<\/b> Diam\u00e8tre 6,9 x 6,4 cm.<\/p>\n<\/li>\n<li>\n<p data-path-to-node=\"13,2,0\"><b data-path-to-node=\"13,2,0\" data-index-in-node=\"0\">Poids:<\/b> 30 g.<\/p>\n<\/li>\n<li>\n<p data-path-to-node=\"13,3,0\"><b data-path-to-node=\"13,3,0\" data-index-in-node=\"0\">Communication:<\/b> RF 433 MHz \/ T\u00e9l\u00e9commande \/ DMX512.<\/p>\n<\/li>\n<li>\n<p data-path-to-node=\"13,4,0\"><b data-path-to-node=\"13,4,0\" data-index-in-node=\"0\">Batterie:<\/b> 2x CR2032 (rempla\u00e7ables).<\/p>\n<\/li>\n<li>\n<p data-path-to-node=\"13,5,0\"><b data-path-to-node=\"13,5,0\" data-index-in-node=\"0\">Autonomie de la batterie :<\/b> Environ 8 heures de spectacle lumineux actif.<\/p>\n<\/li>\n<li>\n<p data-path-to-node=\"13,6,0\"><b data-path-to-node=\"13,6,0\" data-index-in-node=\"0\">Modes d&#039;\u00e9clairage LED\u00a0:<\/b> Plus de 15 modes de synchronisation multicolores.<\/p>\n<\/li>\n<\/ul>\n<h2 data-path-to-node=\"14\">Cas d&#039;utilisation<\/h2>\n<ul data-path-to-node=\"15\">\n<li>\n<p data-path-to-node=\"15,0,0\"><b data-path-to-node=\"15,0,0\" data-index-in-node=\"0\">\u00c9v\u00e9nements de gala d&#039;entreprise :<\/b> Proposer un v\u00eatement connect\u00e9 de haute technologie et \u00e9l\u00e9gant qui rehausse l&#039;atmosph\u00e8re formelle.<\/p>\n<\/li>\n<li>\n<p data-path-to-node=\"15,1,0\"><b data-path-to-node=\"15,1,0\" data-index-in-node=\"0\">D\u00e9voilement des produits\u00a0:<\/b> Utiliser des motifs de couleurs synchronis\u00e9s pour susciter l&#039;enthousiasme lors des lancements de nouveaux produits.<\/p>\n<\/li>\n<li>\n<p data-path-to-node=\"15,2,0\"><b data-path-to-node=\"15,2,0\" data-index-in-node=\"0\">Contr\u00f4le d&#039;acc\u00e8s VIP\u00a0:<\/b> Diff\u00e9rencier les clients haut de gamme gr\u00e2ce \u00e0 un mod\u00e8le LED rigide et \u00e0 haute visibilit\u00e9.<\/p>\n<\/li>\n<li>\n<p data-path-to-node=\"15,3,0\"><b data-path-to-node=\"15,3,0\" data-index-in-node=\"0\">F\u00eates \u00e0 th\u00e8me :<\/b> Utiliser les fonctionnalit\u00e9s multicolores pour correspondre \u00e0 la palette de couleurs sp\u00e9cifique de votre \u00e9v\u00e9nement.<\/p>\n<\/li>\n<\/ul>\n<p data-path-to-node=\"16\">","protected":false},"excerpt":{"rendered":"<ul>\n<li>\n<p data-path-to-node=\"8,0,0\"><b data-path-to-node=\"8,0,0\" data-index-in-node=\"0\">Conception anatomique rigide\u00a0:<\/b> Sa conception profil\u00e9e en PVC \u00e9pouse la forme naturelle du poignet pour un confort ergonomique professionnel lors des \u00e9v\u00e9nements.<\/p>\n<\/li>\n<li>\n<p data-path-to-node=\"8,1,0\"><b data-path-to-node=\"8,1,0\" data-index-in-node=\"0\">Fermeture s\u00e9curis\u00e9e \u00e0 verrouillage :<\/b> Dot\u00e9 d&#039;un syst\u00e8me d&#039;embo\u00eetement unique de type puzzle pour garantir que le bracelet reste bien en place m\u00eame lors de mouvements dynamiques.<\/p>\n<\/li>\n<li>\n<p data-path-to-node=\"8,2,0\"><b data-path-to-node=\"8,2,0\" data-index-in-node=\"0\">Synchronisation \u00e0 distance\u00a0:<\/b> Enti\u00e8rement compatible avec les contr\u00f4leurs RF et DMX512 professionnels pour des effets lumineux synchronis\u00e9s dans toute la salle.<\/p>\n<\/li>\n<li>\n<p data-path-to-node=\"8,3,0\"><b data-path-to-node=\"8,3,0\" data-index-in-node=\"0\">Image de marque \u00e0 haute visibilit\u00e9 :<\/b> La surface rigide en PVC offre une zone stable et bien visible pour l&#039;impression de logos personnalis\u00e9s de haute pr\u00e9cision.<\/p>\n<\/li>\n<\/ul>","protected":false},"featured_media":6687,"comment_status":"closed","ping_status":"closed","template":"","meta":[],"product_brand":[],"product_cat":[80],"product_tag":[],"class_list":{"0":"post-6512","1":"product","2":"type-product","3":"status-publish","4":"has-post-thumbnail","6":"product_cat-led-wristbands","8":"first","9":"instock","10":"shipping-taxable","11":"product-type-simple"},"_links":{"self":[{"href":"https:\/\/displayproducts.eu\/fr\/wp-json\/wp\/v2\/product\/6512","targetHints":{"allow":["GET"]}}],"collection":[{"href":"https:\/\/displayproducts.eu\/fr\/wp-json\/wp\/v2\/product"}],"about":[{"href":"https:\/\/displayproducts.eu\/fr\/wp-json\/wp\/v2\/types\/product"}],"replies":[{"embeddable":true,"href":"https:\/\/displayproducts.eu\/fr\/wp-json\/wp\/v2\/comments?post=6512"}],"wp:featuredmedia":[{"embeddable":true,"href":"https:\/\/displayproducts.eu\/fr\/wp-json\/wp\/v2\/media\/6687"}],"wp:attachment":[{"href":"https:\/\/displayproducts.eu\/fr\/wp-json\/wp\/v2\/media?parent=6512"}],"wp:term":[{"taxonomy":"product_brand","embeddable":true,"href":"https:\/\/displayproducts.eu\/fr\/wp-json\/wp\/v2\/product_brand?post=6512"},{"taxonomy":"product_cat","embeddable":true,"href":"https:\/\/displayproducts.eu\/fr\/wp-json\/wp\/v2\/product_cat?post=6512"},{"taxonomy":"product_tag","embeddable":true,"href":"https:\/\/displayproducts.eu\/fr\/wp-json\/wp\/v2\/product_tag?post=6512"}],"curies":[{"name":"wp","href":"https:\/\/api.w.org\/{rel}","templated":true}]}}