{"id":6507,"date":"2026-01-02T23:24:17","date_gmt":"2026-01-02T20:24:17","guid":{"rendered":"https:\/\/wristbandfactory.eu\/?post_type=product&#038;p=6507"},"modified":"2026-04-01T21:52:34","modified_gmt":"2026-04-01T18:52:34","slug":"the-bright-stadium-led-wristband-with-custom-logo","status":"publish","type":"product","link":"https:\/\/displayproducts.eu\/fr\/p\/the-bright-stadium-led-wristband-with-custom-logo\/","title":{"rendered":"Bracelets LED de stade haute puissance avec logo"},"content":{"rendered":"<p>Transformez votre \u00e9v\u00e9nement en stade en un oc\u00e9an de lumi\u00e8re hypnotisant gr\u00e2ce au bracelet LED \u201c The Bright \u201d. Ce mod\u00e8le est sp\u00e9cialement con\u00e7u pour les productions de grande envergure o\u00f9 les bracelets \u00e0 piles boutons classiques ne fournissent pas la luminosit\u00e9 n\u00e9cessaire. Gr\u00e2ce \u00e0 ses 11 LED individuelles et \u00e0 son alimentation AAA d\u00e9di\u00e9e, \u201c The Bright \u201d garantit une visibilit\u00e9 optimale de votre marque et de votre spectacle lumineux, m\u00eame dans les tribunes les plus \u00e9loign\u00e9es, avec une intensit\u00e9 et une clart\u00e9 exceptionnelles. C&#039;est l&#039;outil id\u00e9al pour les organisateurs d&#039;\u00e9v\u00e9nements qui exigent un impact visuel maximal.<\/p>\n<h2 data-path-to-node=\"11\">Caract\u00e9ristiques principales<\/h2>\n<ul data-path-to-node=\"12\">\n<li>\n<p data-path-to-node=\"12,0,0\"><b data-path-to-node=\"12,0,0\" data-index-in-node=\"0\">Matrice de 11 LED :<\/b> Notre configuration d&#039;\u00e9clairage la plus puissante, con\u00e7ue sp\u00e9cifiquement pour un rendement maximal dans les grands espaces ext\u00e9rieurs et int\u00e9rieurs.<\/p>\n<\/li>\n<li>\n<p data-path-to-node=\"12,1,0\"><b data-path-to-node=\"12,1,0\" data-index-in-node=\"0\">Aliment\u00e9 par pile AAA :<\/b> Contrairement aux mod\u00e8les standard, celui-ci utilise des piles AAA rempla\u00e7ables pour un entretien plus facile et une performance \u00e0 haute intensit\u00e9 nettement plus longue.<\/p>\n<\/li>\n<li>\n<p data-path-to-node=\"12,2,0\"><b data-path-to-node=\"12,2,0\" data-index-in-node=\"0\">Contr\u00f4le RF et DMX\u00a0:<\/b> S&#039;int\u00e8gre parfaitement aux consoles d&#039;\u00e9clairage professionnelles pour d\u00e9clencher des changements de couleur, des vagues et des motifs en temps r\u00e9el.<\/p>\n<\/li>\n<li>\n<p data-path-to-node=\"12,3,0\"><b data-path-to-node=\"12,3,0\" data-index-in-node=\"0\">Construction durable :<\/b> Fabriqu\u00e9 en plastique ABS haute r\u00e9sistance et en silicone confortable pour r\u00e9sister \u00e0 l&#039;\u00e9nergie du public.<\/p>\n<\/li>\n<\/ul>\n<h2 data-path-to-node=\"13\">Caract\u00e9ristiques<\/h2>\n<ul data-path-to-node=\"14\">\n<li>\n<p data-path-to-node=\"14,0,0\"><b data-path-to-node=\"14,0,0\" data-index-in-node=\"0\">Nombre de LED :<\/b> 11 LED haute intensit\u00e9.<\/p>\n<\/li>\n<li>\n<p data-path-to-node=\"14,1,0\"><b data-path-to-node=\"14,1,0\" data-index-in-node=\"0\">Source d&#039;alimentation :<\/b> 2 piles AAA (rempla\u00e7ables).<\/p>\n<\/li>\n<li>\n<p data-path-to-node=\"14,2,0\"><b data-path-to-node=\"14,2,0\" data-index-in-node=\"0\">Poids:<\/b> 31 g (piles comprises).<\/p>\n<\/li>\n<li>\n<p data-path-to-node=\"14,3,0\"><b data-path-to-node=\"14,3,0\" data-index-in-node=\"0\">Dur\u00e9e d&#039;ex\u00e9cution :<\/b> Jusqu&#039;\u00e0 12 heures de fonctionnement actif.<\/p>\n<\/li>\n<li>\n<p data-path-to-node=\"14,4,0\"><b data-path-to-node=\"14,4,0\" data-index-in-node=\"0\">Communication:<\/b> RF 433 MHz \/ DMX512.<\/p>\n<\/li>\n<li>\n<p data-path-to-node=\"14,5,0\"><b data-path-to-node=\"14,5,0\" data-index-in-node=\"0\">Mat\u00e9riel:<\/b> Bo\u00eetier en ABS haute r\u00e9sistance et bracelet en silicone.<\/p>\n<\/li>\n<li>\n<p data-path-to-node=\"14,6,0\"><b data-path-to-node=\"14,6,0\" data-index-in-node=\"0\">Personnalisation:<\/b> Impression par tampographie de haute pr\u00e9cision sur le bo\u00eetier de la batterie\/LED.<\/p>\n<\/li>\n<\/ul>\n<h2 data-path-to-node=\"15\">Cas d&#039;utilisation<\/h2>\n<ul data-path-to-node=\"16\">\n<li>\n<p data-path-to-node=\"16,0,0\"><b data-path-to-node=\"16,0,0\" data-index-in-node=\"0\">Visites de concerts dans les stades :<\/b> Cr\u00e9er des spectacles de lumi\u00e8re impressionnants et tr\u00e8s lumineux, parfaitement synchronis\u00e9s avec la performance musicale.<\/p>\n<\/li>\n<li>\n<p data-path-to-node=\"16,1,0\"><b data-path-to-node=\"16,1,0\" data-index-in-node=\"0\">Grands festivals en plein air :<\/b> Assurer la visibilit\u00e9 de la marque et l&#039;engagement du public sur le vaste site du festival, de nuit.<\/p>\n<\/li>\n<li>\n<p data-path-to-node=\"16,2,0\"><b data-path-to-node=\"16,2,0\" data-index-in-node=\"0\">\u00c9v\u00e9nements sportifs :<\/b> Susciter l&#039;int\u00e9r\u00eat des fans et mettre en valeur les moments cl\u00e9s du match gr\u00e2ce \u00e0 des jeux de lumi\u00e8re synchronis\u00e9s aux couleurs de l&#039;\u00e9quipe.<\/p>\n<\/li>\n<li>\n<p data-path-to-node=\"16,3,0\"><b data-path-to-node=\"16,3,0\" data-index-in-node=\"0\">Activations des sponsors\u00a0:<\/b> Offrir un v\u00eatement connect\u00e9 haut de gamme et de marque que les invit\u00e9s appr\u00e9cieront comme un souvenir high-tech.<\/p>\n<\/li>\n<\/ul>","protected":false},"excerpt":{"rendered":"<ul>\n<li>\n<p data-path-to-node=\"9,0,0\"><b data-path-to-node=\"9,0,0\" data-index-in-node=\"0\">Visibilit\u00e9 maximale :<\/b> Dot\u00e9 de 11 LED haute intensit\u00e9 pour garantir un spectacle lumineux des plus \u00e9clatants dans les grands stades et ar\u00e8nes.<\/p>\n<\/li>\n<li>\n<p data-path-to-node=\"9,1,0\"><b data-path-to-node=\"9,1,0\" data-index-in-node=\"0\">Performances \u00e9tendues :<\/b> Aliment\u00e9 par 2 piles AAA, il offre une autonomie fiable de 12 heures pour les \u00e9v\u00e9nements les plus longs.<\/p>\n<\/li>\n<li>\n<p data-path-to-node=\"9,2,0\"><b data-path-to-node=\"9,2,0\" data-index-in-node=\"0\">Synchronisation professionnelle :<\/b> Enti\u00e8rement compatible avec les contr\u00f4leurs RF et DMX512 pour des effets lumineux synchronis\u00e9s dans toute la salle.<\/p>\n<\/li>\n<li>\n<p data-path-to-node=\"9,3,0\"><b data-path-to-node=\"9,3,0\" data-index-in-node=\"0\">Personnalisation B2B\u00a0:<\/b> Grande zone d&#039;impression bien visible sur le bo\u00eetier en ABS pour un logo personnalis\u00e9 \u00e0 haute visibilit\u00e9.<\/p>\n<\/li>\n<\/ul>","protected":false},"featured_media":6690,"comment_status":"closed","ping_status":"closed","template":"","meta":[],"product_brand":[],"product_cat":[80],"product_tag":[],"class_list":{"0":"post-6507","1":"product","2":"type-product","3":"status-publish","4":"has-post-thumbnail","6":"product_cat-led-wristbands","8":"first","9":"instock","10":"shipping-taxable","11":"product-type-simple"},"_links":{"self":[{"href":"https:\/\/displayproducts.eu\/fr\/wp-json\/wp\/v2\/product\/6507","targetHints":{"allow":["GET"]}}],"collection":[{"href":"https:\/\/displayproducts.eu\/fr\/wp-json\/wp\/v2\/product"}],"about":[{"href":"https:\/\/displayproducts.eu\/fr\/wp-json\/wp\/v2\/types\/product"}],"replies":[{"embeddable":true,"href":"https:\/\/displayproducts.eu\/fr\/wp-json\/wp\/v2\/comments?post=6507"}],"wp:featuredmedia":[{"embeddable":true,"href":"https:\/\/displayproducts.eu\/fr\/wp-json\/wp\/v2\/media\/6690"}],"wp:attachment":[{"href":"https:\/\/displayproducts.eu\/fr\/wp-json\/wp\/v2\/media?parent=6507"}],"wp:term":[{"taxonomy":"product_brand","embeddable":true,"href":"https:\/\/displayproducts.eu\/fr\/wp-json\/wp\/v2\/product_brand?post=6507"},{"taxonomy":"product_cat","embeddable":true,"href":"https:\/\/displayproducts.eu\/fr\/wp-json\/wp\/v2\/product_cat?post=6507"},{"taxonomy":"product_tag","embeddable":true,"href":"https:\/\/displayproducts.eu\/fr\/wp-json\/wp\/v2\/product_tag?post=6507"}],"curies":[{"name":"wp","href":"https:\/\/api.w.org\/{rel}","templated":true}]}}