{"id":6248,"date":"2025-12-20T19:03:55","date_gmt":"2025-12-20T16:03:55","guid":{"rendered":"https:\/\/wristbandfactory.eu\/?post_type=product&#038;p=6248"},"modified":"2026-04-01T21:52:03","modified_gmt":"2026-04-01T18:52:03","slug":"custom-printed-nail-files-made-in-europe-full-color-uv-print","status":"publish","type":"product","link":"https:\/\/displayproducts.eu\/fr\/p\/custom-printed-nail-files-made-in-europe-full-color-uv-print\/","title":{"rendered":"Limes \u00e0 ongles personnalis\u00e9es"},"content":{"rendered":"<p data-path-to-node=\"10\">Sublimez votre marque de beaut\u00e9 ou votre s\u00e9lection de cadeaux d&#039;entreprise avec notre <b data-path-to-node=\"10\" data-index-in-node=\"88\">Limes \u00e0 ongles personnalis\u00e9es<\/b>, fi\u00e8rement <b data-path-to-node=\"10\" data-index-in-node=\"123\">Fabriqu\u00e9 en Europe<\/b>. Contrairement aux articles promotionnels g\u00e9n\u00e9riques, ces limes \u00e0 ongles de haute qualit\u00e9 sont con\u00e7ues pour une utilisation concr\u00e8te, ce qui en fait un accessoire pr\u00e9cieux pour les salons professionnels, les spas et les trousses de voyage.<\/p>\n<p data-path-to-node=\"11\">Nous utilisons des technologies de pointe <b data-path-to-node=\"11\" data-index-in-node=\"20\">Impression num\u00e9rique UV<\/b> Pour recouvrir le fichier avec votre design, logo ou motif personnalis\u00e9. Cette technologie permet d&#039;obtenir des d\u00e9tails photor\u00e9alistes et des couleurs \u00e9clatantes gr\u00e2ce \u00e0 des encres s\u00fbres et non toxiques, r\u00e9sistantes \u00e0 un usage quotidien. Que vous soyez une cha\u00eene h\u00f4teli\u00e8re \u00e0 la recherche d&#039;articles de toilette haut de gamme ou une marque de cosm\u00e9tiques souhaitant diversifier ses produits, ces fichiers offrent un parfait \u00e9quilibre entre style et fonctionnalit\u00e9.<\/p>\n<h2 data-path-to-node=\"12\">Caract\u00e9ristiques principales<\/h2>\n<ul data-path-to-node=\"13\">\n<li>\n<p data-path-to-node=\"13,0,0\"><b data-path-to-node=\"13,0,0\" data-index-in-node=\"0\">Personnalisation dynamique\u00a0:<\/b> L&#039;impression UV sur toute la surface transforme un sans impression outil en accessoire de mode. Id\u00e9ale pour les logos complexes ou les motifs \u00e0 motifs complets.<\/p>\n<\/li>\n<li>\n<p data-path-to-node=\"13,1,0\"><b data-path-to-node=\"13,1,0\" data-index-in-node=\"0\">La s\u00e9curit\u00e9 avant tout :<\/b> Nous utilisons uniquement des encres d&#039;impression non toxiques et s\u00fbres, ce qui rend nos produits adapt\u00e9s \u00e0 une large diffusion et \u00e0 un contact fr\u00e9quent avec la peau.<\/p>\n<\/li>\n<li>\n<p data-path-to-node=\"13,2,0\"><b data-path-to-node=\"13,2,0\" data-index-in-node=\"0\">Construction durable :<\/b> Con\u00e7u pour durer, avec un papier abrasif de haute qualit\u00e9 qui fa\u00e7onne efficacement les ongles naturels et les extensions sans s&#039;\u00e9cailler.<\/p>\n<\/li>\n<li>\n<p data-path-to-node=\"13,3,0\"><b data-path-to-node=\"13,3,0\" data-index-in-node=\"0\">Impact marketing :<\/b> Un objet tr\u00e8s fonctionnel qui reste dans le sac \u00e0 main ou la salle de bain de votre client, assurant une visibilit\u00e9 r\u00e9p\u00e9t\u00e9e de votre marque.<\/p>\n<\/li>\n<\/ul>\n<h2 data-path-to-node=\"14\">Caract\u00e9ristiques<\/h2>\n<ul data-path-to-node=\"15\">\n<li>\n<p data-path-to-node=\"15,0,0\"><b data-path-to-node=\"15,0,0\" data-index-in-node=\"0\">Origine:<\/b> Fabriqu\u00e9 en Europe.<\/p>\n<\/li>\n<li>\n<p data-path-to-node=\"15,1,0\"><b data-path-to-node=\"15,1,0\" data-index-in-node=\"0\">M\u00e9thode d&#039;impression\u00a0:<\/b> Impression num\u00e9rique UV en couleur.<\/p>\n<\/li>\n<li>\n<p data-path-to-node=\"15,2,0\"><b data-path-to-node=\"15,2,0\" data-index-in-node=\"0\">Mat\u00e9riel:<\/b> Noyau en papier abrasif de haute qualit\u00e9.<\/p>\n<\/li>\n<li>\n<p data-path-to-node=\"15,3,0\"><b data-path-to-node=\"15,3,0\" data-index-in-node=\"0\">Tailles disponibles :<\/b><\/p>\n<ul data-path-to-node=\"15,3,1\">\n<li>\n<p data-path-to-node=\"15,3,1,0,0\"><b data-path-to-node=\"15,3,1,0,0\" data-index-in-node=\"0\">Professionnel (18 cm \u00d7 1,85 cm) :<\/b> La r\u00e9f\u00e9rence pour les manucures en salon et \u00e0 domicile. Surface allong\u00e9e pour des mouvements fluides.<\/p>\n<\/li>\n<li>\n<p data-path-to-node=\"15,3,1,1,0\"><b data-path-to-node=\"15,3,1,1,0\" data-index-in-node=\"0\">Universel (12 cm \u00d7 1,6 cm) :<\/b> Un \u00e9quilibre parfait entre confort et portabilit\u00e9.<\/p>\n<\/li>\n<li>\n<p data-path-to-node=\"15,3,1,2,0\"><b data-path-to-node=\"15,3,1,2,0\" data-index-in-node=\"0\">D\u00e9placement (8,7 cm \u00d7 1,6 cm) :<\/b> Format compact id\u00e9al pour les trousses de toilette, les kits de voyage et les retouches rapides en d\u00e9placement.<\/p>\n<\/li>\n<\/ul>\n<\/li>\n<\/ul>\n<h2 data-path-to-node=\"16\">Cas d&#039;utilisation<\/h2>\n<ul data-path-to-node=\"17\">\n<li>\n<p data-path-to-node=\"17,0,0\"><b data-path-to-node=\"17,0,0\" data-index-in-node=\"0\">Salons de beaut\u00e9 et spas\u00a0:<\/b> Des outils de marque pour les techniciens ou des articles de vente au d\u00e9tail pour les clients.<\/p>\n<\/li>\n<li>\n<p data-path-to-node=\"17,1,0\"><b data-path-to-node=\"17,1,0\" data-index-in-node=\"0\">\u00c9quipements de l&#039;h\u00f4tel\u00a0:<\/b> Un ajout bien pens\u00e9 aux ensembles de meubles-lavabos des salles de bains des h\u00f4tels et complexes h\u00f4teliers de luxe.<\/p>\n<\/li>\n<li>\n<p data-path-to-node=\"17,2,0\"><b data-path-to-node=\"17,2,0\" data-index-in-node=\"0\">Cadeaux d&#039;entreprise\u00a0:<\/b> Un cadeau publicitaire compact, peu co\u00fbteux mais tr\u00e8s utile pour les conf\u00e9rences f\u00e9minines, les \u00e9v\u00e9nements de mode ou les campagnes de bien-\u00eatre.<\/p>\n<\/li>\n<\/ul>","protected":false},"excerpt":{"rendered":"<ul>\n<li>\n<p data-path-to-node=\"9,0,0\"><b data-path-to-node=\"9,0,0\" data-index-in-node=\"0\">Production europ\u00e9enne :<\/b> Fabriqu\u00e9 avec fiert\u00e9 en Europe, garantissant une qualit\u00e9 de fabrication, une s\u00e9curit\u00e9 et une durabilit\u00e9 sup\u00e9rieures aux importations standard.<\/p>\n<\/li>\n<li>\n<p data-path-to-node=\"9,1,0\"><b data-path-to-node=\"9,1,0\" data-index-in-node=\"0\">Identit\u00e9 visuelle en couleur\u00a0:<\/b> Utilise une technologie d&#039;impression UV avanc\u00e9e avec des encres non toxiques pour cr\u00e9er des logos et des motifs \u00e9clatants et r\u00e9sistants aux rayures.<\/p>\n<\/li>\n<li>\n<p data-path-to-node=\"9,2,0\"><b data-path-to-node=\"9,2,0\" data-index-in-node=\"0\">Trois tailles polyvalentes :<\/b> Disponible en grand format (professionnel), moyen format (universel) et petit format (voyage) pour s&#039;adapter \u00e0 tous les publics cibles.<\/p>\n<\/li>\n<li>\n<p data-path-to-node=\"9,3,0\"><b data-path-to-node=\"9,3,0\" data-index-in-node=\"0\">Qualit\u00e9 professionnelle :<\/b> Adapt\u00e9 aux ongles naturels et artificiels, ce produit permet un limage efficace gr\u00e2ce \u00e0 des mat\u00e9riaux abrasifs de haute qualit\u00e9.<\/p>\n<\/li>\n<\/ul>","protected":false},"featured_media":6249,"comment_status":"closed","ping_status":"closed","template":"","meta":[],"product_brand":[],"product_cat":[132],"product_tag":[],"class_list":{"0":"post-6248","1":"product","2":"type-product","3":"status-publish","4":"has-post-thumbnail","6":"product_cat-hotel-spa-amenities","8":"first","9":"instock","10":"shipping-taxable","11":"product-type-simple"},"_links":{"self":[{"href":"https:\/\/displayproducts.eu\/fr\/wp-json\/wp\/v2\/product\/6248","targetHints":{"allow":["GET"]}}],"collection":[{"href":"https:\/\/displayproducts.eu\/fr\/wp-json\/wp\/v2\/product"}],"about":[{"href":"https:\/\/displayproducts.eu\/fr\/wp-json\/wp\/v2\/types\/product"}],"replies":[{"embeddable":true,"href":"https:\/\/displayproducts.eu\/fr\/wp-json\/wp\/v2\/comments?post=6248"}],"wp:featuredmedia":[{"embeddable":true,"href":"https:\/\/displayproducts.eu\/fr\/wp-json\/wp\/v2\/media\/6249"}],"wp:attachment":[{"href":"https:\/\/displayproducts.eu\/fr\/wp-json\/wp\/v2\/media?parent=6248"}],"wp:term":[{"taxonomy":"product_brand","embeddable":true,"href":"https:\/\/displayproducts.eu\/fr\/wp-json\/wp\/v2\/product_brand?post=6248"},{"taxonomy":"product_cat","embeddable":true,"href":"https:\/\/displayproducts.eu\/fr\/wp-json\/wp\/v2\/product_cat?post=6248"},{"taxonomy":"product_tag","embeddable":true,"href":"https:\/\/displayproducts.eu\/fr\/wp-json\/wp\/v2\/product_tag?post=6248"}],"curies":[{"name":"wp","href":"https:\/\/api.w.org\/{rel}","templated":true}]}}