{"id":6245,"date":"2025-12-20T18:56:31","date_gmt":"2025-12-20T15:56:31","guid":{"rendered":"https:\/\/wristbandfactory.eu\/?post_type=product&#038;p=6245"},"modified":"2026-04-01T21:52:03","modified_gmt":"2026-04-01T18:52:03","slug":"bio-based-reusable-coffee-cups","status":"publish","type":"product","link":"https:\/\/displayproducts.eu\/fr\/p\/bio-based-reusable-coffee-cups\/","title":{"rendered":"Gobelets r\u00e9utilisables personnalis\u00e9s (Bio)"},"content":{"rendered":"<p data-path-to-node=\"10\">Affirmez votre engagement durable avec notre <b data-path-to-node=\"10\" data-index-in-node=\"63\">Tasses \u00e0 caf\u00e9 r\u00e9utilisables personnalis\u00e9es \u00e0 base de biosourc\u00e9s<\/b>. Con\u00e7u comme une alternative \u00e9cologique id\u00e9ale aux gobelets en papier jetables, ce r\u00e9cipient de 200 ml allie savoir-faire allemand et mat\u00e9riaux renouvelables. C&#039;est un objet publicitaire id\u00e9al pour les bureaux, caf\u00e9s et \u00e9v\u00e9nements d&#039;entreprise soucieux de l&#039;environnement.<\/p>\n<p data-path-to-node=\"11\">La tasse est fabriqu\u00e9e \u00e0 partir de mat\u00e9riaux de haute qualit\u00e9. <b data-path-to-node=\"11\" data-index-in-node=\"37\">plastiques biosourc\u00e9s issus de sources renouvelables<\/b>, Ce produit garantit une empreinte carbone r\u00e9duite sans compromettre sa durabilit\u00e9. Son design pratique comprend un couvercle herm\u00e9tique qui maintient les boissons chaudes plus longtemps et \u00e9vite les d\u00e9versements lors des d\u00e9placements.<\/p>\n<h2 data-path-to-node=\"12\">Caract\u00e9ristiques principales<\/h2>\n<ul data-path-to-node=\"13\">\n<li>\n<p data-path-to-node=\"13,0,0\"><b data-path-to-node=\"13,0,0\" data-index-in-node=\"0\">Composition renouvelable :<\/b> Fabriqu\u00e9s \u00e0 partir de polym\u00e8res biosourc\u00e9s, ils offrent une alternative responsable aux plastiques issus de combustibles fossiles.<\/p>\n<\/li>\n<li>\n<p data-path-to-node=\"13,1,0\"><b data-path-to-node=\"13,1,0\" data-index-in-node=\"0\">Adapt\u00e9 au bureau :<\/b> Con\u00e7u pour s&#039;adapter parfaitement sous les becs verseurs des machines \u00e0 caf\u00e9 standard, ce qui en fait l&#039;accessoire id\u00e9al pour passer du bureau aux r\u00e9unions.<\/p>\n<\/li>\n<li>\n<p data-path-to-node=\"13,2,0\"><b data-path-to-node=\"13,2,0\" data-index-in-node=\"0\">Hygi\u00e8ne et s\u00e9curit\u00e9 :<\/b> Sans BPA et apte au contact alimentaire. Le mat\u00e9riau est robuste et enti\u00e8rement recyclable en fin de vie.<\/p>\n<\/li>\n<li>\n<p data-path-to-node=\"13,3,0\"><b data-path-to-node=\"13,3,0\" data-index-in-node=\"0\">Image de marque polyvalente\u00a0:<\/b> Personnalisez votre produit avec la s\u00e9rigraphie, la tampographie ou la gravure laser haut de gamme pour afficher votre logo de fa\u00e7on permanente.<\/p>\n<\/li>\n<\/ul>\n<h2 data-path-to-node=\"14\">Caract\u00e9ristiques<\/h2>\n<ul data-path-to-node=\"15\">\n<li>\n<p data-path-to-node=\"15,0,0\"><b data-path-to-node=\"15,0,0\" data-index-in-node=\"0\">Capacit\u00e9:<\/b> 200 ml.<\/p>\n<\/li>\n<li>\n<p data-path-to-node=\"15,1,0\"><b data-path-to-node=\"15,1,0\" data-index-in-node=\"0\">Mat\u00e9riel:<\/b> Plastique biosourc\u00e9 (sources renouvelables).<\/p>\n<\/li>\n<li>\n<p data-path-to-node=\"15,2,0\"><b data-path-to-node=\"15,2,0\" data-index-in-node=\"0\">Origine:<\/b> Fabriqu\u00e9 en Allemagne.<\/p>\n<\/li>\n<li>\n<p data-path-to-node=\"15,3,0\"><b data-path-to-node=\"15,3,0\" data-index-in-node=\"0\">Propri\u00e9t\u00e9s:<\/b> Sans BPA, recyclable (100%), compatible lave-vaisselle.<\/p>\n<\/li>\n<li>\n<p data-path-to-node=\"15,4,0\"><b data-path-to-node=\"15,4,0\" data-index-in-node=\"0\">Couvercle:<\/b> Inclus (biosourc\u00e9, thermor\u00e9gulateur).<\/p>\n<\/li>\n<li>\n<p data-path-to-node=\"15,5,0\"><b data-path-to-node=\"15,5,0\" data-index-in-node=\"0\">Options de marque\u00a0:<\/b> S\u00e9rigraphie, tampographie, gravure laser.<\/p>\n<\/li>\n<\/ul>\n<h2 data-path-to-node=\"16\">Cas d&#039;utilisation<\/h2>\n<ul data-path-to-node=\"17\">\n<li>\n<p data-path-to-node=\"17,0,0\"><b data-path-to-node=\"17,0,0\" data-index-in-node=\"0\">D\u00e9veloppement durable au bureau\u00a0:<\/b> Remplacez les gobelets jetables dans la kitchenette du bureau afin de r\u00e9duire les d\u00e9chets et les co\u00fbts.<\/p>\n<\/li>\n<li>\n<p data-path-to-node=\"17,1,0\"><b data-path-to-node=\"17,1,0\" data-index-in-node=\"0\">Cadeaux d&#039;entreprise\u00a0:<\/b> Un cadeau pratique et de grande qualit\u00e9 pour les employ\u00e9s et les clients, en accord avec les objectifs RSE.<\/p>\n<\/li>\n<li>\n<p data-path-to-node=\"17,2,0\"><b data-path-to-node=\"17,2,0\" data-index-in-node=\"0\">Caf\u00e9t\u00e9rias et \u00e9v\u00e9nements :<\/b> Solution de service durable pour les conf\u00e9rences et les cantines n\u00e9cessitant des verres empilables et lavables.<\/p>\n<\/li>\n<\/ul>","protected":false},"excerpt":{"rendered":"<ul>\n<li>\n<p data-path-to-node=\"9,0,0\"><b data-path-to-node=\"9,0,0\" data-index-in-node=\"0\">\u00c9co-innovation :<\/b> Fabriqu\u00e9 en Allemagne \u00e0 partir de mat\u00e9riaux biosourc\u00e9s renouvelables, pour un mode de vie plus \u00e9cologique.<\/p>\n<\/li>\n<li>\n<p data-path-to-node=\"9,1,0\"><b data-path-to-node=\"9,1,0\" data-index-in-node=\"0\">Format id\u00e9al \u00e0 emporter :<\/b> Sa capacit\u00e9 de 200 ml s&#039;adapte \u00e0 la plupart des machines \u00e0 caf\u00e9 standard ; id\u00e9ale pour une utilisation au bureau et \u00e0 la accueil.<\/p>\n<\/li>\n<li>\n<p data-path-to-node=\"9,2,0\"><b data-path-to-node=\"9,2,0\" data-index-in-node=\"0\">Conception intelligente\u00a0:<\/b> Il est dot\u00e9 d&#039;un couvercle biod\u00e9gradable qui retient la chaleur et r\u00e9duit les fuites, ainsi que d&#039;une forme empilable pour un rangement facile.<\/p>\n<\/li>\n<li>\n<p data-path-to-node=\"9,3,0\"><b data-path-to-node=\"9,3,0\" data-index-in-node=\"0\">S\u00fbr et durable :<\/b> Sans BPA, recyclable 100% et lavable au lave-vaisselle (lavage \u00e0 la main recommand\u00e9 pour les logos imprim\u00e9s).<\/p>\n<\/li>\n<\/ul>","protected":false},"featured_media":6246,"comment_status":"closed","ping_status":"closed","template":"","meta":[],"product_brand":[],"product_cat":[111],"product_tag":[],"class_list":{"0":"post-6245","1":"product","2":"type-product","3":"status-publish","4":"has-post-thumbnail","6":"product_cat-reusable-event-cups","8":"first","9":"instock","10":"shipping-taxable","11":"purchasable","12":"product-type-simple"},"_links":{"self":[{"href":"https:\/\/displayproducts.eu\/fr\/wp-json\/wp\/v2\/product\/6245","targetHints":{"allow":["GET"]}}],"collection":[{"href":"https:\/\/displayproducts.eu\/fr\/wp-json\/wp\/v2\/product"}],"about":[{"href":"https:\/\/displayproducts.eu\/fr\/wp-json\/wp\/v2\/types\/product"}],"replies":[{"embeddable":true,"href":"https:\/\/displayproducts.eu\/fr\/wp-json\/wp\/v2\/comments?post=6245"}],"wp:featuredmedia":[{"embeddable":true,"href":"https:\/\/displayproducts.eu\/fr\/wp-json\/wp\/v2\/media\/6246"}],"wp:attachment":[{"href":"https:\/\/displayproducts.eu\/fr\/wp-json\/wp\/v2\/media?parent=6245"}],"wp:term":[{"taxonomy":"product_brand","embeddable":true,"href":"https:\/\/displayproducts.eu\/fr\/wp-json\/wp\/v2\/product_brand?post=6245"},{"taxonomy":"product_cat","embeddable":true,"href":"https:\/\/displayproducts.eu\/fr\/wp-json\/wp\/v2\/product_cat?post=6245"},{"taxonomy":"product_tag","embeddable":true,"href":"https:\/\/displayproducts.eu\/fr\/wp-json\/wp\/v2\/product_tag?post=6245"}],"curies":[{"name":"wp","href":"https:\/\/api.w.org\/{rel}","templated":true}]}}