{"id":6239,"date":"2025-12-20T18:40:33","date_gmt":"2025-12-20T15:40:33","guid":{"rendered":"https:\/\/wristbandfactory.eu\/?post_type=product&#038;p=6239"},"modified":"2026-04-01T21:52:34","modified_gmt":"2026-04-01T18:52:34","slug":"custom-laser-engraved-portable-ashtrays-zinc-alloy-with-carabiner","status":"publish","type":"product","link":"https:\/\/displayproducts.eu\/fr\/p\/custom-laser-engraved-portable-ashtrays-zinc-alloy-with-carabiner\/","title":{"rendered":"Cendriers de poche personnalis\u00e9s"},"content":{"rendered":"<p data-path-to-node=\"10\">Alliez style, fonctionnalit\u00e9 et responsabilit\u00e9 environnementale avec notre <b data-path-to-node=\"10\" data-index-in-node=\"97\">Cendriers portables personnalis\u00e9s grav\u00e9s au laser<\/b>. Con\u00e7u pour le professionnel moderne, cet accessoire offre une solution discr\u00e8te et \u00e9l\u00e9gante pour g\u00e9rer les cendres et les m\u00e9gots de cigarettes lors de vos d\u00e9placements. Id\u00e9al pour un cadre, un amateur de plein air ou comme cadeau d&#039;entreprise raffin\u00e9, ce cendrier en alliage de zinc est un gage de qualit\u00e9.<\/p>\n<p data-path-to-node=\"11\">L&#039;\u00e9l\u00e9gant <b data-path-to-node=\"11\" data-index-in-node=\"10\">Construction en alliage de zinc<\/b> Ce produit offre non seulement une esth\u00e9tique argent\u00e9e moderne et brillante, mais garantit \u00e9galement une grande durabilit\u00e9. R\u00e9sistant \u00e0 la rouille et \u00e0 l&#039;usure, il conserve son aspect poli au fil du temps. Son format rectangulaire compact est dot\u00e9 d&#039;un m\u00e9canisme de fermeture s\u00e9curis\u00e9 qui retient les odeurs et les cendres, permettant de le transporter en toute s\u00e9curit\u00e9 dans une poche ou un sac.<\/p>\n<h2 data-path-to-node=\"12\">Caract\u00e9ristiques principales<\/h2>\n<ul data-path-to-node=\"13\">\n<li>\n<p data-path-to-node=\"13,0,0\"><b data-path-to-node=\"13,0,0\" data-index-in-node=\"0\">Con\u00e7u pour durer :<\/b> L&#039;alliage de zinc est nettement plus durable que les alternatives en plastique ou en aluminium, ce qui conf\u00e8re au produit un poids agr\u00e9able et une sensation haut de gamme.<\/p>\n<\/li>\n<li>\n<p data-path-to-node=\"13,1,0\"><b data-path-to-node=\"13,1,0\" data-index-in-node=\"0\">Pr\u00e9cision laser :<\/b> Nous utilisons la gravure laser pour graver votre logo sur la surface m\u00e9tallique. Cette technique cr\u00e9e un marquage net et permanent qui ne s&#039;efface pas comme l&#039;encre d&#039;impression.<\/p>\n<\/li>\n<li>\n<p data-path-to-node=\"13,2,0\"><b data-path-to-node=\"13,2,0\" data-index-in-node=\"0\">Commodit\u00e9 portable :<\/b> Dot\u00e9 d&#039;un mousqueton (crochet), permettant aux utilisateurs de l&#039;attacher aux passants de ceinture, aux sacs \u00e0 dos ou aux porte-cl\u00e9s pour un acc\u00e8s facile.<\/p>\n<\/li>\n<li>\n<p data-path-to-node=\"13,3,0\"><b data-path-to-node=\"13,3,0\" data-index-in-node=\"0\">Hygi\u00e8ne et s\u00e9curit\u00e9 :<\/b> Le couvercle herm\u00e9tique emp\u00eache les cendres de se r\u00e9pandre et retient les odeurs, gardant ainsi les poches et les sacs propres.<\/p>\n<\/li>\n<\/ul>\n<h2 data-path-to-node=\"14\">Caract\u00e9ristiques<\/h2>\n<ul data-path-to-node=\"15\">\n<li>\n<p data-path-to-node=\"15,0,0\"><b data-path-to-node=\"15,0,0\" data-index-in-node=\"0\">Mat\u00e9riel:<\/b> Alliage de zinc de haute qualit\u00e9.<\/p>\n<\/li>\n<li>\n<p data-path-to-node=\"15,1,0\"><b data-path-to-node=\"15,1,0\" data-index-in-node=\"0\">Finition:<\/b> Argent brillant \/ Poli.<\/p>\n<\/li>\n<li>\n<p data-path-to-node=\"15,2,0\"><b data-path-to-node=\"15,2,0\" data-index-in-node=\"0\">Dimensions:<\/b> 85 \u00d7 32 \u00d7 17 mm.<\/p>\n<\/li>\n<li>\n<p data-path-to-node=\"15,3,0\"><b data-path-to-node=\"15,3,0\" data-index-in-node=\"0\">M\u00e9thode de branding\u00a0:<\/b> Gravure laser (une face).<\/p>\n<\/li>\n<li>\n<p data-path-to-node=\"15,4,0\"><b data-path-to-node=\"15,4,0\" data-index-in-node=\"0\">Conditionnement:<\/b> Livr\u00e9 dans une pochette\/un sac de protection, pr\u00eat \u00e0 offrir.<\/p>\n<\/li>\n<li>\n<p data-path-to-node=\"15,5,0\"><b data-path-to-node=\"15,5,0\" data-index-in-node=\"0\">Caract\u00e9ristiques:<\/b> Mousqueton int\u00e9gr\u00e9.<\/p>\n<\/li>\n<\/ul>\n<h2 data-path-to-node=\"16\">Cas d&#039;utilisation<\/h2>\n<ul data-path-to-node=\"17\">\n<li>\n<p data-path-to-node=\"17,0,0\"><b data-path-to-node=\"17,0,0\" data-index-in-node=\"0\">Cadeaux d&#039;entreprise\u00a0:<\/b> Un cadeau raffin\u00e9 pour les clients et partenaires qui appr\u00e9cient les accessoires pratiques et haut de gamme.<\/p>\n<\/li>\n<li>\n<p data-path-to-node=\"17,1,0\"><b data-path-to-node=\"17,1,0\" data-index-in-node=\"0\">\u00c9v\u00e9nements en plein air :<\/b> Indispensable pour les festivals, les tournois de golf et les \u00e9v\u00e9nements en plein air afin de maintenir les lieux propres.<\/p>\n<\/li>\n<li>\n<p data-path-to-node=\"17,2,0\"><b data-path-to-node=\"17,2,0\" data-index-in-node=\"0\">Hospitalit\u00e9:<\/b> Proposez des cendriers portables de marque aux clients de l&#039;h\u00f4tel ou du restaurant dans les zones fumeurs.<\/p>\n<\/li>\n<\/ul>\n<p data-path-to-node=\"18\">","protected":false},"excerpt":{"rendered":"<ul>\n<li>\n<p data-path-to-node=\"9,0,0\"><b data-path-to-node=\"9,0,0\" data-index-in-node=\"0\">Mat\u00e9riau de qualit\u00e9 sup\u00e9rieure :<\/b> Fabriqu\u00e9 en alliage de zinc de haute qualit\u00e9 avec une finition argent\u00e9e brillante, offrant une r\u00e9sistance \u00e0 la rouille et \u00e0 l&#039;usure.<\/p>\n<\/li>\n<li>\n<p data-path-to-node=\"9,1,0\"><b data-path-to-node=\"9,1,0\" data-index-in-node=\"0\">Compact et portable :<\/b> Mesurant 85 \u00d7 32 \u00d7 17 mm, il se glisse facilement dans les poches ou les sacs, ou se fixe sur l&#039;\u00e9quipement gr\u00e2ce au mousqueton.<\/p>\n<\/li>\n<li>\n<p data-path-to-node=\"9,2,0\"><b data-path-to-node=\"9,2,0\" data-index-in-node=\"0\">Image de marque sophistiqu\u00e9e\u00a0:<\/b> Votre logo est grav\u00e9 au laser sur le c\u00f4t\u00e9 pour un rendu permanent, discret et professionnel.<\/p>\n<\/li>\n<li>\n<p data-path-to-node=\"9,3,0\"><b data-path-to-node=\"9,3,0\" data-index-in-node=\"0\">Solution \u00e9cologique :<\/b> Encourage l&#039;\u00e9limination responsable des m\u00e9gots de cigarettes, id\u00e9al pour les \u00e9v\u00e9nements en plein air et les initiatives \u00e9cologiques.<\/p>\n<\/li>\n<\/ul>","protected":false},"featured_media":6240,"comment_status":"closed","ping_status":"closed","template":"","meta":[],"product_brand":[],"product_cat":[68,121],"product_tag":[],"class_list":{"0":"post-6239","1":"product","2":"type-product","3":"status-publish","4":"has-post-thumbnail","6":"product_cat-event-supplies","7":"product_cat-promotional-merchandise","9":"first","10":"instock","11":"shipping-taxable","12":"purchasable","13":"product-type-simple"},"_links":{"self":[{"href":"https:\/\/displayproducts.eu\/fr\/wp-json\/wp\/v2\/product\/6239","targetHints":{"allow":["GET"]}}],"collection":[{"href":"https:\/\/displayproducts.eu\/fr\/wp-json\/wp\/v2\/product"}],"about":[{"href":"https:\/\/displayproducts.eu\/fr\/wp-json\/wp\/v2\/types\/product"}],"replies":[{"embeddable":true,"href":"https:\/\/displayproducts.eu\/fr\/wp-json\/wp\/v2\/comments?post=6239"}],"wp:featuredmedia":[{"embeddable":true,"href":"https:\/\/displayproducts.eu\/fr\/wp-json\/wp\/v2\/media\/6240"}],"wp:attachment":[{"href":"https:\/\/displayproducts.eu\/fr\/wp-json\/wp\/v2\/media?parent=6239"}],"wp:term":[{"taxonomy":"product_brand","embeddable":true,"href":"https:\/\/displayproducts.eu\/fr\/wp-json\/wp\/v2\/product_brand?post=6239"},{"taxonomy":"product_cat","embeddable":true,"href":"https:\/\/displayproducts.eu\/fr\/wp-json\/wp\/v2\/product_cat?post=6239"},{"taxonomy":"product_tag","embeddable":true,"href":"https:\/\/displayproducts.eu\/fr\/wp-json\/wp\/v2\/product_tag?post=6239"}],"curies":[{"name":"wp","href":"https:\/\/api.w.org\/{rel}","templated":true}]}}