{"id":6237,"date":"2025-12-20T18:34:37","date_gmt":"2025-12-20T15:34:37","guid":{"rendered":"https:\/\/wristbandfactory.eu\/?post_type=product&#038;p=6237"},"modified":"2026-04-01T21:52:03","modified_gmt":"2026-04-01T18:52:03","slug":"velvet-presentation-boxes-for-badges-jewelry-custom-printable","status":"publish","type":"product","link":"https:\/\/displayproducts.eu\/fr\/p\/velvet-presentation-boxes-for-badges-jewelry-custom-printable\/","title":{"rendered":"Bo\u00eetes en velours pour pin's et bijoux"},"content":{"rendered":"<p data-path-to-node=\"10\">Transformez un sans impression objet promotionnel en un souvenir pr\u00e9cieux gr\u00e2ce \u00e0 notre <b data-path-to-node=\"10\" data-index-in-node=\"96\">Coffrets de pr\u00e9sentation en velours<\/b>. Con\u00e7ues pour les d\u00e9taillants, les bijouteries et les organisateurs d&#039;\u00e9v\u00e9nements d&#039;entreprise, ces bo\u00eetes offrent une protection et une pr\u00e9sentation optimales pour les badges, les \u00e9pinglettes et les petits accessoires.<\/p>\n<p data-path-to-node=\"11\">Contrairement aux emballages classiques en plastique ou en papier, la texture riche du velours \u00e9voque imm\u00e9diatement le luxe et le prestige. Que vous remettiez un prix, vendiez des boutons de manchette haut de gamme ou distribuiez des \u00e9pinglettes comm\u00e9moratives, notre gamme de tailles et de couleurs vous garantit un emballage parfaitement adapt\u00e9 \u00e0 votre article.<\/p>\n<h2 data-path-to-node=\"12\">Caract\u00e9ristiques principales<\/h2>\n<ul data-path-to-node=\"13\">\n<li>\n<p data-path-to-node=\"13,0,0\"><b data-path-to-node=\"13,0,0\" data-index-in-node=\"0\">Esth\u00e9tique du luxe :<\/b> L&#039;ext\u00e9rieur classique en velours (disponible en rouge, bleu, vert, noir et bordeaux) remplace l&#039;emballage jetable par un \u00e9tui r\u00e9utilisable et digne d&#039;\u00eatre expos\u00e9.<\/p>\n<\/li>\n<li>\n<p data-path-to-node=\"13,1,0\"><b data-path-to-node=\"13,1,0\" data-index-in-node=\"0\">Protection sur mesure\u00a0:<\/b> Chaque type de bo\u00eete comprend un insert con\u00e7u pour des articles sp\u00e9cifiques. <b data-path-to-node=\"13,1,0\" data-index-in-node=\"87\">coussinets de piercing<\/b> pour les boucles d&#039;oreilles et les \u00e9pingles \u00e0 <b data-path-to-node=\"13,1,0\" data-index-in-node=\"131\">hame\u00e7ons dor\u00e9s<\/b> pour accrocher des m\u00e9dailles.<\/p>\n<\/li>\n<li>\n<p data-path-to-node=\"13,2,0\"><b data-path-to-node=\"13,2,0\" data-index-in-node=\"0\">Pr\u00eat pour le commerce de d\u00e9tail et les \u00e9v\u00e9nements\u00a0:<\/b> Id\u00e9al pour la pr\u00e9sentation de bijoux dans des pr\u00e9sentoirs ou pour la remise de prix officiels lors de c\u00e9r\u00e9monies.<\/p>\n<\/li>\n<li>\n<p data-path-to-node=\"13,3,0\"><b data-path-to-node=\"13,3,0\" data-index-in-node=\"0\">Personnalisation:<\/b> Nous pouvons appliquer une impression personnalis\u00e9e sur le couvercle de certains mod\u00e8les, transformant ainsi l&#039;emballage en un outil marketing de marque.<\/p>\n<\/li>\n<\/ul>\n<h2 data-path-to-node=\"14\">Caract\u00e9ristiques<\/h2>\n<table data-path-to-node=\"15\">\n<thead>\n<tr>\n<td><strong>Type de mod\u00e8le<\/strong><\/td>\n<td><strong>Dimensions<\/strong><\/td>\n<td><strong>Couleurs disponibles<\/strong><\/td>\n<td><strong>Rev\u00eatement int\u00e9rieur<\/strong><\/td>\n<\/tr>\n<\/thead>\n<tbody>\n<tr>\n<td><span data-path-to-node=\"15,1,0,0\"><b data-path-to-node=\"15,1,0,0\" data-index-in-node=\"0\">Bo\u00eete \u00e0 badges standard<\/b><\/span><\/td>\n<td><span data-path-to-node=\"15,1,1,0\">54 \u00d7 57 \u00d7 34 mm<\/span><\/td>\n<td><span data-path-to-node=\"15,1,2,0\">Rouge, bleu marine, vert, noir<\/span><\/td>\n<td><span data-path-to-node=\"15,1,3,0\">Coussin en velours + Crochet dor\u00e9<\/span><\/td>\n<\/tr>\n<tr>\n<td><span data-path-to-node=\"15,2,0,0\"><b data-path-to-node=\"15,2,0,0\" data-index-in-node=\"0\">Petite bo\u00eete \u00e0 badges<\/b><\/span><\/td>\n<td><span data-path-to-node=\"15,2,1,0\">45 \u00d7 51 \u00d7 24 mm<\/span><\/td>\n<td><span data-path-to-node=\"15,2,2,0\">Rouge, marine<\/span><\/td>\n<td><span data-path-to-node=\"15,2,3,0\">Coussinet de piercing en carton<\/span><\/td>\n<\/tr>\n<tr>\n<td><span data-path-to-node=\"15,3,0,0\"><b data-path-to-node=\"15,3,0,0\" data-index-in-node=\"0\">Bo\u00eete \u00e0 badges moyenne<\/b><\/span><\/td>\n<td><span data-path-to-node=\"15,3,1,0\">60 \u00d7 75 \u00d7 31 mm<\/span><\/td>\n<td><span data-path-to-node=\"15,3,2,0\">Rouge, vert, bleu marine, bordeaux<\/span><\/td>\n<td><span data-path-to-node=\"15,3,3,0\">Coussinet de piercing en velours<\/span><\/td>\n<\/tr>\n<tr>\n<td><span data-path-to-node=\"15,4,0,0\"><b data-path-to-node=\"15,4,0,0\" data-index-in-node=\"0\">Bo\u00eete \u00e0 bijoux ronde<\/b><\/span><\/td>\n<td><span data-path-to-node=\"15,4,1,0\">57 \u00d7 51 \u00d7 39 mm<\/span><\/td>\n<td><span data-path-to-node=\"15,4,2,0\">Rouge, bleu marine, vert, noir<\/span><\/td>\n<td><span data-path-to-node=\"15,4,3,0\">Coussinet en velours avec fente<\/span><\/td>\n<\/tr>\n<tr>\n<td><span data-path-to-node=\"15,5,0,0\"><b data-path-to-node=\"15,5,0,0\" data-index-in-node=\"0\">Bo\u00eete \u00e0 pinces \u00e0 cravate<\/b><\/span><\/td>\n<td><span data-path-to-node=\"15,5,1,0\">89 \u00d7 41 \u00d7 29 mm<\/span><\/td>\n<td><span data-path-to-node=\"15,5,2,0\">Rouge, vert, bleu marine<\/span><\/td>\n<td><span data-path-to-node=\"15,5,3,0\">Coussinet en velours avec fente<\/span><\/td>\n<\/tr>\n<tr>\n<td><span data-path-to-node=\"15,6,0,0\"><b data-path-to-node=\"15,6,0,0\" data-index-in-node=\"0\">Bo\u00eete \u00e0 couvercle transparent<\/b><\/span><\/td>\n<td><span data-path-to-node=\"15,6,1,0\">74 \u00d7 50 \u00d7 38 mm<\/span><\/td>\n<td><span data-path-to-node=\"15,6,2,0\">Rouge<\/span><\/td>\n<td><span data-path-to-node=\"15,6,3,0\">Coussinet en velours avec fente<\/span><\/td>\n<\/tr>\n<\/tbody>\n<\/table>\n<h2 data-path-to-node=\"16\">Cas d&#039;utilisation<\/h2>\n<ul data-path-to-node=\"17\">\n<li>\n<p data-path-to-node=\"17,0,0\"><b data-path-to-node=\"17,0,0\" data-index-in-node=\"0\">Prix d&#039;entreprise :<\/b> La norme pour la remise des \u00e9pinglettes ou des insignes de m\u00e9rite \u201c Ann\u00e9es de service \u201d aux employ\u00e9s.<\/p>\n<\/li>\n<li>\n<p data-path-to-node=\"17,1,0\"><b data-path-to-node=\"17,1,0\" data-index-in-node=\"0\">Vente au d\u00e9tail de bijoux\u00a0:<\/b> am\u00e9liorer l&#039;exp\u00e9rience de d\u00e9ballage des bagues, boucles d&#039;oreilles et pinces \u00e0 cravate.<\/p>\n<\/li>\n<li>\n<p data-path-to-node=\"17,2,0\"><b data-path-to-node=\"17,2,0\" data-index-in-node=\"0\">Militaire et gouvernemental :<\/b> Coffrets de pr\u00e9sentation officiels pour insignes et m\u00e9dailles.<\/p>\n<\/li>\n<\/ul>","protected":false},"excerpt":{"rendered":"<ul>\n<li>\n<p data-path-to-node=\"9,0,0\"><b data-path-to-node=\"9,0,0\" data-index-in-node=\"0\">Finition velours haut de gamme :<\/b> Un ext\u00e9rieur doux au toucher qui rehausse la valeur per\u00e7ue de toute r\u00e9compense, \u00e9pinglette ou bijou.<\/p>\n<\/li>\n<li>\n<p data-path-to-node=\"9,1,0\"><b data-path-to-node=\"9,1,0\" data-index-in-node=\"0\">Inserts s\u00e9curis\u00e9s\u00a0:<\/b> Il est dot\u00e9 de doublures sp\u00e9cialis\u00e9es, notamment des coussinets pour broches et des crochets dor\u00e9s pour m\u00e9dailles.<\/p>\n<\/li>\n<li>\n<p data-path-to-node=\"9,2,0\"><b data-path-to-node=\"9,2,0\" data-index-in-node=\"0\">Gamme polyvalente :<\/b> Des mod\u00e8les sp\u00e9cifiques sont disponibles pour les \u00e9pingles de revers, les pinces \u00e0 cravate, les boutons de manchette et les bagues.<\/p>\n<\/li>\n<li>\n<p data-path-to-node=\"9,3,0\"><b data-path-to-node=\"9,3,0\" data-index-in-node=\"0\">Personnalisation de la marque\u00a0:<\/b> Certains mod\u00e8les offrent la possibilit\u00e9 d&#039;imprimer votre logo directement sur le couvercle pour une identit\u00e9 visuelle compl\u00e8te.<\/p>\n<\/li>\n<\/ul>","protected":false},"featured_media":6238,"comment_status":"closed","ping_status":"closed","template":"","meta":[],"product_brand":[],"product_cat":[79,121],"product_tag":[],"class_list":{"0":"post-6237","1":"product","2":"type-product","3":"status-publish","4":"has-post-thumbnail","6":"product_cat-awards","7":"product_cat-promotional-merchandise","9":"first","10":"instock","11":"shipping-taxable","12":"purchasable","13":"product-type-simple"},"_links":{"self":[{"href":"https:\/\/displayproducts.eu\/fr\/wp-json\/wp\/v2\/product\/6237","targetHints":{"allow":["GET"]}}],"collection":[{"href":"https:\/\/displayproducts.eu\/fr\/wp-json\/wp\/v2\/product"}],"about":[{"href":"https:\/\/displayproducts.eu\/fr\/wp-json\/wp\/v2\/types\/product"}],"replies":[{"embeddable":true,"href":"https:\/\/displayproducts.eu\/fr\/wp-json\/wp\/v2\/comments?post=6237"}],"wp:featuredmedia":[{"embeddable":true,"href":"https:\/\/displayproducts.eu\/fr\/wp-json\/wp\/v2\/media\/6238"}],"wp:attachment":[{"href":"https:\/\/displayproducts.eu\/fr\/wp-json\/wp\/v2\/media?parent=6237"}],"wp:term":[{"taxonomy":"product_brand","embeddable":true,"href":"https:\/\/displayproducts.eu\/fr\/wp-json\/wp\/v2\/product_brand?post=6237"},{"taxonomy":"product_cat","embeddable":true,"href":"https:\/\/displayproducts.eu\/fr\/wp-json\/wp\/v2\/product_cat?post=6237"},{"taxonomy":"product_tag","embeddable":true,"href":"https:\/\/displayproducts.eu\/fr\/wp-json\/wp\/v2\/product_tag?post=6237"}],"curies":[{"name":"wp","href":"https:\/\/api.w.org\/{rel}","templated":true}]}}