{"id":6234,"date":"2025-12-20T18:28:29","date_gmt":"2025-12-20T15:28:29","guid":{"rendered":"https:\/\/wristbandfactory.eu\/?post_type=product&#038;p=6234"},"modified":"2026-04-01T21:52:34","modified_gmt":"2026-04-01T18:52:34","slug":"custom-3d-printed-cookie-cutters-gingerbread-molds-logo-shape","status":"publish","type":"product","link":"https:\/\/displayproducts.eu\/fr\/p\/custom-3d-printed-cookie-cutters-gingerbread-molds-logo-shape\/","title":{"rendered":"Emporte-pi\u00e8ces personnalis\u00e9s (Impression 3D)"},"content":{"rendered":"<p data-path-to-node=\"10\">Apportez une touche de votre marque dans la cuisine de chaque client gr\u00e2ce \u00e0 notre <b data-path-to-node=\"10\" data-index-in-node=\"88\">Emporte-pi\u00e8ces personnalis\u00e9s imprim\u00e9s en 3D<\/b>. Que ce soit pour des biscuits de No\u00ebl en pain d&#039;\u00e9pices, des sabl\u00e9s ou des biscuits au sucre, ces moules sur mesure transforment la p\u00e2tisserie en une exp\u00e9rience de marque. Contrairement aux emporte-pi\u00e8ces en m\u00e9tal classiques, notre technologie d&#039;impression 3D nous permet de cr\u00e9er des moules personnalis\u00e9s. <b data-path-to-node=\"10\" data-index-in-node=\"332\">toute forme imaginable<\/b>\u2014 du logo exact de votre entreprise \u00e0 la silhouette sp\u00e9cifique d&#039;un produit.<\/p>\n<p data-path-to-node=\"11\">Fabriqu\u00e9s gr\u00e2ce \u00e0 la technologie d&#039;impression 3D haute d\u00e9finition, ces emporte-pi\u00e8ces sont robustes et pr\u00e9cis. Nous accordons une attention particuli\u00e8re au tranchant, garantissant une d\u00e9coupe nette de la p\u00e2te tout en assurant une prise en main s\u00fbre et confortable. Disponibles dans des coloris festifs comme le rouge, le vert et le bleu, ils s&#039;accordent parfaitement \u00e0 l&#039;esprit des f\u00eates ou \u00e0 votre identit\u00e9 visuelle.<\/p>\n<h2 data-path-to-node=\"12\">Caract\u00e9ristiques principales<\/h2>\n<ul data-path-to-node=\"13\">\n<li>\n<p data-path-to-node=\"13,0,0\"><b data-path-to-node=\"13,0,0\" data-index-in-node=\"0\">Conception fid\u00e8le \u00e0 la marque\u00a0:<\/b> Ici, il n&#039;existe pas de formes standard. Chaque emporte-pi\u00e8ce est con\u00e7u sur mesure pour s&#039;harmoniser avec votre logo ou le th\u00e8me de votre campagne.<\/p>\n<\/li>\n<li>\n<p data-path-to-node=\"13,1,0\"><b data-path-to-node=\"13,1,0\" data-index-in-node=\"0\">Mat\u00e9riau biosourc\u00e9 :<\/b> Fabriqu\u00e9 \u00e0 partir de <b data-path-to-node=\"13,1,0\" data-index-in-node=\"30\">PLA apte au contact alimentaire<\/b> (Acide polylactique), un bioplastique d\u00e9riv\u00e9 de l&#039;amidon de ma\u00efs ou de la canne \u00e0 sucre, ce qui en fait un choix respectueux de l&#039;environnement.<\/p>\n<\/li>\n<li>\n<p data-path-to-node=\"13,2,0\"><b data-path-to-node=\"13,2,0\" data-index-in-node=\"0\">G\u00e9om\u00e9trie optimis\u00e9e\u00a0:<\/b> Dot\u00e9 d&#039;un rebord renforc\u00e9 pour une meilleure durabilit\u00e9 et d&#039;un bord de coupe effil\u00e9 pour un d\u00e9moulage facile de la p\u00e2te.<\/p>\n<\/li>\n<li>\n<p data-path-to-node=\"13,3,0\"><b data-path-to-node=\"13,3,0\" data-index-in-node=\"0\">Couleurs \u00e9clatantes :<\/b> Disponible dans une gamme de couleurs pour rendre l&#039;outil lui-m\u00eame visuellement attrayant en tant que cadeau.<\/p>\n<\/li>\n<\/ul>\n<h2 data-path-to-node=\"14\">Caract\u00e9ristiques<\/h2>\n<ul data-path-to-node=\"15\">\n<li>\n<p data-path-to-node=\"15,0,0\"><b data-path-to-node=\"15,0,0\" data-index-in-node=\"0\">Mat\u00e9riel:<\/b> Plastique PLA de qualit\u00e9 alimentaire (biod\u00e9gradable).<\/p>\n<\/li>\n<li>\n<p data-path-to-node=\"15,1,0\"><b data-path-to-node=\"15,1,0\" data-index-in-node=\"0\">M\u00e9thode de production :<\/b> Impression 3D FDM haute r\u00e9solution (70\u2013200 microns).<\/p>\n<\/li>\n<li>\n<p data-path-to-node=\"15,2,0\"><b data-path-to-node=\"15,2,0\" data-index-in-node=\"0\">Profondeur standard :<\/b> 1,27 cm (0,5 pouce) \u2013 Id\u00e9al pour les p\u00e2tes \u00e9tal\u00e9es standard. <i data-path-to-node=\"15,2,0\" data-index-in-node=\"72\">Profondeurs personnalis\u00e9es disponibles.<\/i><\/p>\n<\/li>\n<li>\n<p data-path-to-node=\"15,3,0\"><b data-path-to-node=\"15,3,0\" data-index-in-node=\"0\">Taille:<\/b> Personnalis\u00e9 (mis \u00e0 l&#039;\u00e9chelle selon le design). <i data-path-to-node=\"15,3,0\" data-index-in-node=\"33\">Les photos de r\u00e9f\u00e9rence utilisent une grille de 2,54 cm.<\/i><\/p>\n<\/li>\n<li>\n<p data-path-to-node=\"15,4,0\"><b data-path-to-node=\"15,4,0\" data-index-in-node=\"0\">Conseils d&#039;entretien\u00a0:<\/b> <b data-path-to-node=\"15,4,0\" data-index-in-node=\"19\">Lavage \u00e0 la main seulement<\/b> Lavage \u00e0 l&#039;eau ti\u00e8de. Ne convient pas au lave-vaisselle (la chaleur \u00e9lev\u00e9e peut d\u00e9former le PLA). \u00c9viter toute exposition prolong\u00e9e au soleil.<\/p>\n<\/li>\n<\/ul>\n<h2 data-path-to-node=\"16\">Cas d&#039;utilisation<\/h2>\n<ul data-path-to-node=\"17\">\n<li>\n<p data-path-to-node=\"17,0,0\"><b data-path-to-node=\"17,0,0\" data-index-in-node=\"0\">Cadeaux de No\u00ebl d&#039;entreprise :<\/b> Incluez un emporte-pi\u00e8ce de marque dans les ma s\u00e9lections cadeaux de No\u00ebl destin\u00e9s aux partenaires et aux employ\u00e9s.<\/p>\n<\/li>\n<li>\n<p data-path-to-node=\"17,1,0\"><b data-path-to-node=\"17,1,0\" data-index-in-node=\"0\">Service traiteur pour \u00e9v\u00e9nements :<\/b> Servez des biscuits en forme de votre nouveau produit lors des soir\u00e9es de lancement ou des salons professionnels.<\/p>\n<\/li>\n<li>\n<p data-path-to-node=\"17,2,0\"><b data-path-to-node=\"17,2,0\" data-index-in-node=\"0\">Merchandising :<\/b> Un article unique et peu co\u00fbteux que les \u00e9coles de cuisine, les boulangeries ou les marques familiales peuvent vendre ou offrir.<\/p>\n<\/li>\n<\/ul>","protected":false},"excerpt":{"rendered":"<ul>\n<li>\n<p data-path-to-node=\"9,0,0\"><b data-path-to-node=\"9,0,0\" data-index-in-node=\"0\">Mod\u00e9lisation de formes personnalis\u00e9es\u00a0:<\/b> Nous transformons votre logo ou mascotte 2D en un emporte-pi\u00e8ce 3D enti\u00e8rement fonctionnel.<\/p>\n<\/li>\n<li>\n<p data-path-to-node=\"9,1,0\"><b data-path-to-node=\"9,1,0\" data-index-in-node=\"0\">Sans danger pour les aliments et respectueux de l&#039;environnement\u00a0:<\/b> Fabriqu\u00e9 \u00e0 partir de plastique PLA, un mat\u00e9riau biod\u00e9gradable issu de ressources renouvelables.<\/p>\n<\/li>\n<li>\n<p data-path-to-node=\"9,2,0\"><b data-path-to-node=\"9,2,0\" data-index-in-node=\"0\">D\u00e9coupe de pr\u00e9cision :<\/b> L&#039;impression 3D haute r\u00e9solution (70 \u00e0 200 microns) cr\u00e9e des bords nets pour des d\u00e9coupes pr\u00e9cises, m\u00eame avec des motifs complexes.<\/p>\n<\/li>\n<li>\n<p data-path-to-node=\"9,3,0\"><b data-path-to-node=\"9,3,0\" data-index-in-node=\"0\">Image de marque saisonni\u00e8re\u00a0:<\/b> Le cadeau d&#039;entreprise interactif par excellence qui met votre marque \u00e0 l&#039;honneur lors des repas de f\u00eates.<\/p>\n<\/li>\n<\/ul>","protected":false},"featured_media":6235,"comment_status":"closed","ping_status":"closed","template":"","meta":[],"product_brand":[],"product_cat":[122],"product_tag":[],"class_list":{"0":"post-6234","1":"product","2":"type-product","3":"status-publish","4":"has-post-thumbnail","6":"product_cat-promotional-accessories","8":"first","9":"instock","10":"shipping-taxable","11":"purchasable","12":"product-type-simple"},"_links":{"self":[{"href":"https:\/\/displayproducts.eu\/fr\/wp-json\/wp\/v2\/product\/6234","targetHints":{"allow":["GET"]}}],"collection":[{"href":"https:\/\/displayproducts.eu\/fr\/wp-json\/wp\/v2\/product"}],"about":[{"href":"https:\/\/displayproducts.eu\/fr\/wp-json\/wp\/v2\/types\/product"}],"replies":[{"embeddable":true,"href":"https:\/\/displayproducts.eu\/fr\/wp-json\/wp\/v2\/comments?post=6234"}],"wp:featuredmedia":[{"embeddable":true,"href":"https:\/\/displayproducts.eu\/fr\/wp-json\/wp\/v2\/media\/6235"}],"wp:attachment":[{"href":"https:\/\/displayproducts.eu\/fr\/wp-json\/wp\/v2\/media?parent=6234"}],"wp:term":[{"taxonomy":"product_brand","embeddable":true,"href":"https:\/\/displayproducts.eu\/fr\/wp-json\/wp\/v2\/product_brand?post=6234"},{"taxonomy":"product_cat","embeddable":true,"href":"https:\/\/displayproducts.eu\/fr\/wp-json\/wp\/v2\/product_cat?post=6234"},{"taxonomy":"product_tag","embeddable":true,"href":"https:\/\/displayproducts.eu\/fr\/wp-json\/wp\/v2\/product_tag?post=6234"}],"curies":[{"name":"wp","href":"https:\/\/api.w.org\/{rel}","templated":true}]}}