{"id":6232,"date":"2025-12-20T18:21:12","date_gmt":"2025-12-20T15:21:12","guid":{"rendered":"https:\/\/wristbandfactory.eu\/?post_type=product&#038;p=6232"},"modified":"2026-04-01T21:52:03","modified_gmt":"2026-04-01T18:52:03","slug":"custom-printed-beer-coasters-drink-mats-absorbent-pulpboard","status":"publish","type":"product","link":"https:\/\/displayproducts.eu\/fr\/p\/custom-printed-beer-coasters-drink-mats-absorbent-pulpboard\/","title":{"rendered":"Sous-bocks personnalis\u00e9s"},"content":{"rendered":"<p data-path-to-node=\"10\">Transformez chaque table en panneau publicitaire gr\u00e2ce \u00e0 notre <b data-path-to-node=\"10\" data-index-in-node=\"68\">Dessous de verre personnalis\u00e9s pour bi\u00e8re<\/b>. Bien plus qu&#039;un sans impression accessoire pratique pour prot\u00e9ger vos meubles des \u00e9claboussures et de la condensation, ces sous-verres constituent un puissant outil marketing \u00e0 forte fr\u00e9quence. Que vous teniez une brasserie, un bar ou organisiez un \u00e9v\u00e9nement d&#039;entreprise d&#039;envergure, les sous-verres personnalis\u00e9s mettent votre marque litt\u00e9ralement entre les mains de votre public.<\/p>\n<p data-path-to-node=\"11\">Nous vous encourageons \u00e0 <b data-path-to-node=\"11\" data-index-in-node=\"20\">Faites appel \u00e0 votre imagination<\/b>. Gr\u00e2ce \u00e0 l&#039;impression en couleur sur ces sous-verres, vous n&#039;\u00eates pas limit\u00e9 \u00e0 un sans impression logo. L&#039;impression recto verso vous permet d&#039;organiser des concours, de partager des recettes de cocktails ou d&#039;afficher des QR codes pour stimuler l&#039;engagement num\u00e9rique.<\/p>\n<h2 data-path-to-node=\"12\">Caract\u00e9ristiques principales<\/h2>\n<ul data-path-to-node=\"13\">\n<li>\n<p data-path-to-node=\"13,0,0\"><b data-path-to-node=\"13,0,0\" data-index-in-node=\"0\">Absorption sup\u00e9rieure :<\/b> Fabriqu\u00e9 \u00e0 partir d&#039;un carton sp\u00e9cial pour dessous de verre (carton de p\u00e2te \u00e0 papier) con\u00e7u pour retenir l&#039;humidit\u00e9 sans se d\u00e9sint\u00e9grer, gardant ainsi les surfaces s\u00e8ches.<\/p>\n<\/li>\n<li>\n<p data-path-to-node=\"13,1,0\"><b data-path-to-node=\"13,1,0\" data-index-in-node=\"0\">Branding double face\u00a0:<\/b> Optimisez votre message en imprimant des visuels diff\u00e9rents au recto et au verso \u2013 id\u00e9al pour les promotions crois\u00e9es ou les messages \u201c surprise \u201d.<\/p>\n<\/li>\n<li>\n<p data-path-to-node=\"13,2,0\"><b data-path-to-node=\"13,2,0\" data-index-in-node=\"0\">Vari\u00e9t\u00e9 des formes :<\/b> Disponible en version classique <b data-path-to-node=\"13,2,0\" data-index-in-node=\"36\">Rond<\/b> ou <b data-path-to-node=\"13,2,0\" data-index-in-node=\"45\">Carr\u00e9<\/b> Des formats aux coins arrondis pour s&#039;harmoniser avec votre esth\u00e9tique.<\/p>\n<\/li>\n<li>\n<p data-path-to-node=\"13,3,0\"><b data-path-to-node=\"13,3,0\" data-index-in-node=\"0\">Impression de qualit\u00e9 photo :<\/b> Notre proc\u00e9d\u00e9 d&#039;impression offset garantit des couleurs \u00e9clatantes et des d\u00e9tails pr\u00e9cis, donnant ainsi du relief \u00e0 votre design.<\/p>\n<\/li>\n<\/ul>\n<h2 data-path-to-node=\"14\">Caract\u00e9ristiques<\/h2>\n<ul data-path-to-node=\"15\">\n<li>\n<p data-path-to-node=\"15,0,0\"><b data-path-to-node=\"15,0,0\" data-index-in-node=\"0\">Mat\u00e9riel:<\/b> Carton absorbant haute densit\u00e9 (carton pour sous-bocks).<\/p>\n<\/li>\n<li>\n<p data-path-to-node=\"15,1,0\"><b data-path-to-node=\"15,1,0\" data-index-in-node=\"0\">Formes standard :<\/b><\/p>\n<ul data-path-to-node=\"15,1,1\">\n<li>\n<p data-path-to-node=\"15,1,1,0,0\">Rond (\u00d8 107 mm ou \u00d8 93 mm).<\/p>\n<\/li>\n<li>\n<p data-path-to-node=\"15,1,1,1,0\">Carr\u00e9 (93 \u00d7 93 mm ou 107 \u00d7 107 mm) avec des coins arrondis.<\/p>\n<\/li>\n<\/ul>\n<\/li>\n<li>\n<p data-path-to-node=\"15,2,0\"><b data-path-to-node=\"15,2,0\" data-index-in-node=\"0\">Options d&#039;\u00e9paisseur\u00a0:<\/b> Standard 1,2 mm, Premium 1,6 mm ou Robuste 2,0 mm.<\/p>\n<\/li>\n<li>\n<p data-path-to-node=\"15,3,0\"><b data-path-to-node=\"15,3,0\" data-index-in-node=\"0\">Impression:<\/b> Impression offset en quadrichromie (CMJN) sur les deux faces.<\/p>\n<\/li>\n<\/ul>\n<h2 data-path-to-node=\"16\">Cas d&#039;utilisation<\/h2>\n<ul data-path-to-node=\"17\">\n<li>\n<p data-path-to-node=\"17,0,0\"><b data-path-to-node=\"17,0,0\" data-index-in-node=\"0\">Brasseries et bars :<\/b> Indispensable pour servir de la bi\u00e8re pression tout en renfor\u00e7ant l&#039;identit\u00e9 de marque.<\/p>\n<\/li>\n<li>\n<p data-path-to-node=\"17,1,0\"><b data-path-to-node=\"17,1,0\" data-index-in-node=\"0\">Mariages et f\u00eates :<\/b> Les sous-verres personnalis\u00e9s ajoutent une touche unique \u00e0 la d\u00e9coration de table et constituent de pr\u00e9cieux souvenirs.<\/p>\n<\/li>\n<li>\n<p data-path-to-node=\"17,2,0\"><b data-path-to-node=\"17,2,0\" data-index-in-node=\"0\">Marketing de gu\u00e9rilla\u00a0:<\/b> Distribuez-les dans les lieux partenaires pour promouvoir le lancement d&#039;une application, un festival ou un service de taxi.<\/p>\n<\/li>\n<\/ul>","protected":false},"excerpt":{"rendered":"<ul>\n<li>\n<p data-path-to-node=\"9,0,0\"><b data-path-to-node=\"9,0,0\" data-index-in-node=\"0\">Tr\u00e8s absorbant :<\/b> Fabriqu\u00e9 \u00e0 partir de carton-p\u00e2te de qualit\u00e9 sup\u00e9rieure qui absorbe efficacement la condensation, prot\u00e9geant ainsi les tables et les meubles.<\/p>\n<\/li>\n<li>\n<p data-path-to-node=\"9,1,0\"><b data-path-to-node=\"9,1,0\" data-index-in-node=\"0\">Exposition maximale :<\/b> Plac\u00e9 directement devant le client, votre marque est ainsi visible \u00e0 chaque gorg\u00e9e.<\/p>\n<\/li>\n<li>\n<p data-path-to-node=\"9,2,0\"><b data-path-to-node=\"9,2,0\" data-index-in-node=\"0\">Marketing cr\u00e9atif :<\/b> Id\u00e9al pour les codes QR, les jeux de questions-r\u00e9ponses ou les s\u00e9ries de collection afin d&#039;engager les clients de mani\u00e8re interactive.<\/p>\n<\/li>\n<li>\n<p data-path-to-node=\"9,3,0\"><b data-path-to-node=\"9,3,0\" data-index-in-node=\"0\">Rentable :<\/b> Un outil promotionnel abordable et \u00e0 grand volume qui offre un retour sur investissement \u00e9lev\u00e9.<\/p>\n<\/li>\n<\/ul>","protected":false},"featured_media":6233,"comment_status":"closed","ping_status":"closed","template":"","meta":[],"product_brand":[],"product_cat":[119],"product_tag":[],"class_list":{"0":"post-6232","1":"product","2":"type-product","3":"status-publish","4":"has-post-thumbnail","6":"product_cat-drinkware-accessories","8":"first","9":"instock","10":"shipping-taxable","11":"purchasable","12":"product-type-simple"},"_links":{"self":[{"href":"https:\/\/displayproducts.eu\/fr\/wp-json\/wp\/v2\/product\/6232","targetHints":{"allow":["GET"]}}],"collection":[{"href":"https:\/\/displayproducts.eu\/fr\/wp-json\/wp\/v2\/product"}],"about":[{"href":"https:\/\/displayproducts.eu\/fr\/wp-json\/wp\/v2\/types\/product"}],"replies":[{"embeddable":true,"href":"https:\/\/displayproducts.eu\/fr\/wp-json\/wp\/v2\/comments?post=6232"}],"wp:featuredmedia":[{"embeddable":true,"href":"https:\/\/displayproducts.eu\/fr\/wp-json\/wp\/v2\/media\/6233"}],"wp:attachment":[{"href":"https:\/\/displayproducts.eu\/fr\/wp-json\/wp\/v2\/media?parent=6232"}],"wp:term":[{"taxonomy":"product_brand","embeddable":true,"href":"https:\/\/displayproducts.eu\/fr\/wp-json\/wp\/v2\/product_brand?post=6232"},{"taxonomy":"product_cat","embeddable":true,"href":"https:\/\/displayproducts.eu\/fr\/wp-json\/wp\/v2\/product_cat?post=6232"},{"taxonomy":"product_tag","embeddable":true,"href":"https:\/\/displayproducts.eu\/fr\/wp-json\/wp\/v2\/product_tag?post=6232"}],"curies":[{"name":"wp","href":"https:\/\/api.w.org\/{rel}","templated":true}]}}