{"id":6230,"date":"2025-12-20T18:14:23","date_gmt":"2025-12-20T15:14:23","guid":{"rendered":"https:\/\/wristbandfactory.eu\/?post_type=product&#038;p=6230"},"modified":"2026-04-01T21:52:34","modified_gmt":"2026-04-01T18:52:34","slug":"custom-printed-door-hangers-do-not-disturb-signs-pvc-pp-cardboard","status":"publish","type":"product","link":"https:\/\/displayproducts.eu\/fr\/p\/custom-printed-door-hangers-do-not-disturb-signs-pvc-pp-cardboard\/","title":{"rendered":"Accroche-portes personnalis\u00e9s"},"content":{"rendered":"<p data-path-to-node=\"10\">Simplifiez la communication et renforcez votre image de marque gr\u00e2ce \u00e0 notre <b data-path-to-node=\"10\" data-index-in-node=\"80\">Accroche-portes personnalis\u00e9s<\/b>. Que vous ayez besoin de panneaux \u201c Ne pas d\u00e9ranger \u201d fonctionnels pour une cha\u00eene h\u00f4teli\u00e8re ou d&#039;outils marketing accrocheurs pour une campagne de publicit\u00e9 de gu\u00e9rilla, nos accroche-portes sont con\u00e7us pour transmettre votre message de mani\u00e8re claire et professionnelle.<\/p>\n<p data-path-to-node=\"11\">Nous proposons une gamme de mat\u00e9riaux adapt\u00e9s \u00e0 vos besoins sp\u00e9cifiques en mati\u00e8re de durabilit\u00e9. <b data-path-to-node=\"11\" data-index-in-node=\"74\">PVC et polypropyl\u00e8ne (PP)<\/b> Nos options sont r\u00e9sistantes \u00e0 la d\u00e9chirure et imperm\u00e9ables, ce qui les rend id\u00e9ales pour un usage quotidien intensif dans le secteur de l&#039;h\u00f4tellerie-restauration. Pour les promotions ponctuelles ou les campagnes de marketing direct, nos produits de haute qualit\u00e9 sont parfaitement adapt\u00e9s. <b data-path-to-node=\"11\" data-index-in-node=\"283\">Carton<\/b> Ces options offrent un rendu haut de gamme \u00e0 un prix avantageux.<\/p>\n<h2 data-path-to-node=\"12\">Caract\u00e9ristiques principales<\/h2>\n<ul data-path-to-node=\"13\">\n<li>\n<p data-path-to-node=\"13,0,0\"><b data-path-to-node=\"13,0,0\" data-index-in-node=\"0\">Flexibilit\u00e9 des mat\u00e9riaux :<\/b><\/p>\n<ul data-path-to-node=\"13,0,1\">\n<li>\n<p data-path-to-node=\"13,0,1,0,0\"><b data-path-to-node=\"13,0,1,0,0\" data-index-in-node=\"0\">PVC\/PP :<\/b> Imperm\u00e9able, rigide et facile \u00e0 nettoyer. Id\u00e9al pour une utilisation int\u00e9rieure\/ext\u00e9rieure \u00e0 long terme.<\/p>\n<\/li>\n<li>\n<p data-path-to-node=\"13,0,1,1,0\"><b data-path-to-node=\"13,0,1,1,0\" data-index-in-node=\"0\">Carton:<\/b> Durable et l\u00e9ger. Id\u00e9al pour des \u00e9v\u00e9nements ponctuels ou une distribution \u00e0 grande \u00e9chelle.<\/p>\n<\/li>\n<\/ul>\n<\/li>\n<li>\n<p data-path-to-node=\"13,1,0\"><b data-path-to-node=\"13,1,0\" data-index-in-node=\"0\">Excellence visuelle :<\/b> Nous utilisons la haute d\u00e9finition <b data-path-to-node=\"13,1,0\" data-index-in-node=\"42\">Compenser<\/b> ou <b data-path-to-node=\"13,1,0\" data-index-in-node=\"52\">S\u00e9rigraphie<\/b> pour garantir que votre logo et votre texte soient nets, color\u00e9s et r\u00e9sistants \u00e0 la d\u00e9coloration.<\/p>\n<\/li>\n<li>\n<p data-path-to-node=\"13,2,0\"><b data-path-to-node=\"13,2,0\" data-index-in-node=\"0\">Formes personnalis\u00e9es\u00a0:<\/b> Bien que nous proposions des formes rectangulaires standard avec un crochet, nous pouvons \u00e9galement d\u00e9couper les cintres dans des formes personnalis\u00e9es pour correspondre \u00e0 votre image de marque.<\/p>\n<\/li>\n<li>\n<p data-path-to-node=\"13,3,0\"><b data-path-to-node=\"13,3,0\" data-index-in-node=\"0\">Messagerie double\u00a0:<\/b> Utilisez les deux faces de l&#039;\u00e9tiquette pour transmettre plus d&#039;informations ou offrir une double fonctionnalit\u00e9.<\/p>\n<\/li>\n<\/ul>\n<h2 data-path-to-node=\"14\">Caract\u00e9ristiques<\/h2>\n<ul data-path-to-node=\"15\">\n<li>\n<p data-path-to-node=\"15,0,0\"><b data-path-to-node=\"15,0,0\" data-index-in-node=\"0\">Mat\u00e9riels:<\/b> PVC rigide, PP (polypropyl\u00e8ne) flexible ou carton couch\u00e9.<\/p>\n<\/li>\n<li>\n<p data-path-to-node=\"15,1,0\"><b data-path-to-node=\"15,1,0\" data-index-in-node=\"0\">Technique d&#039;impression :<\/b> Impression offset en quadrichromie (CMJN) ou s\u00e9rigraphie (couleurs d&#039;accompagnement).<\/p>\n<\/li>\n<li>\n<p data-path-to-node=\"15,2,0\"><b data-path-to-node=\"15,2,0\" data-index-in-node=\"0\">Couverture imprim\u00e9e\u00a0:<\/b> Face sans impression ou double face.<\/p>\n<\/li>\n<li>\n<p data-path-to-node=\"15,3,0\"><b data-path-to-node=\"15,3,0\" data-index-in-node=\"0\">\u00c9paisseur:<\/b> Personnalisable en fonction du choix du mat\u00e9riau (par exemple, carton 300 g, PVC 500 microns).<\/p>\n<\/li>\n<li>\n<p data-path-to-node=\"15,4,0\"><b data-path-to-node=\"15,4,0\" data-index-in-node=\"0\">Pi\u00e8ce jointe:<\/b> Crochet standard d\u00e9coup\u00e9 \u00e0 l&#039;emporte-pi\u00e8ce pour poign\u00e9es de porte.<\/p>\n<\/li>\n<\/ul>\n<h2 data-path-to-node=\"16\">Cas d&#039;utilisation<\/h2>\n<ul data-path-to-node=\"17\">\n<li>\n<p data-path-to-node=\"17,0,0\"><b data-path-to-node=\"17,0,0\" data-index-in-node=\"0\">Industrie h\u00f4teli\u00e8re :<\/b> Indispensable pour les h\u00f4tels, les complexes h\u00f4teliers et les navires de croisi\u00e8re (\u201c Ne pas d\u00e9ranger \u201d, \u201c Menu du petit-d\u00e9jeuner \u201d, \u201c Service en chambre \u201d).<\/p>\n<\/li>\n<li>\n<p data-path-to-node=\"17,1,0\"><b data-path-to-node=\"17,1,0\" data-index-in-node=\"0\">Si\u00e8ges sociaux :<\/b> Utile pour les salles de r\u00e9union (\u201c R\u00e9union en cours \u201d) ou les plannings de nettoyage.<\/p>\n<\/li>\n<li>\n<p data-path-to-node=\"17,2,0\"><b data-path-to-node=\"17,2,0\" data-index-in-node=\"0\">Immobilier et marketing :<\/b> \u201cDes avis \u201d Vendu \u201c ou \u201d Portes ouvertes \u00bb laiss\u00e9s sur les poign\u00e9es de porte du quartier.<\/p>\n<\/li>\n<\/ul>\n<p data-path-to-node=\"18\">","protected":false},"excerpt":{"rendered":"<ul>\n<li>\n<p data-path-to-node=\"9,0,0\"><b data-path-to-node=\"9,0,0\" data-index-in-node=\"0\">Choix de mat\u00e9riaux polyvalent :<\/b> Choisissez du PVC robuste ou du polypropyl\u00e8ne (PP) pour une r\u00e9utilisation durable dans les h\u00f4tels, ou du carton \u00e9conomique pour les campagnes marketing.<\/p>\n<\/li>\n<li>\n<p data-path-to-node=\"9,1,0\"><b data-path-to-node=\"9,1,0\" data-index-in-node=\"0\">Impression \u00e0 fort impact :<\/b> Disponible avec une impression offset ou s\u00e9rigraphique en couleurs \u00e9clatantes pour garantir la visibilit\u00e9 de votre message \u00e0 distance.<\/p>\n<\/li>\n<li>\n<p data-path-to-node=\"9,2,0\"><b data-path-to-node=\"9,2,0\" data-index-in-node=\"0\">Communication bilat\u00e9rale :<\/b> Optimisez l&#039;utilit\u00e9 en imprimant des messages diff\u00e9rents sur chaque face (par exemple, \u201c Ne pas d\u00e9ranger \u201d \/ \u201c Veuillez nettoyer la pi\u00e8ce \u201d).<\/p>\n<\/li>\n<li>\n<p data-path-to-node=\"9,3,0\"><b data-path-to-node=\"9,3,0\" data-index-in-node=\"0\">Ajustement universel :<\/b> Con\u00e7ues pour s&#039;adapter aux poign\u00e9es de porte standard des h\u00f4tels, des centres de conf\u00e9rence et des bureaux d&#039;entreprises.<\/p>\n<\/li>\n<\/ul>","protected":false},"featured_media":6280,"comment_status":"closed","ping_status":"closed","template":"","meta":[],"product_brand":[],"product_cat":[132],"product_tag":[],"class_list":{"0":"post-6230","1":"product","2":"type-product","3":"status-publish","4":"has-post-thumbnail","6":"product_cat-hotel-spa-amenities","8":"first","9":"instock","10":"shipping-taxable","11":"product-type-simple"},"_links":{"self":[{"href":"https:\/\/displayproducts.eu\/fr\/wp-json\/wp\/v2\/product\/6230","targetHints":{"allow":["GET"]}}],"collection":[{"href":"https:\/\/displayproducts.eu\/fr\/wp-json\/wp\/v2\/product"}],"about":[{"href":"https:\/\/displayproducts.eu\/fr\/wp-json\/wp\/v2\/types\/product"}],"replies":[{"embeddable":true,"href":"https:\/\/displayproducts.eu\/fr\/wp-json\/wp\/v2\/comments?post=6230"}],"wp:featuredmedia":[{"embeddable":true,"href":"https:\/\/displayproducts.eu\/fr\/wp-json\/wp\/v2\/media\/6280"}],"wp:attachment":[{"href":"https:\/\/displayproducts.eu\/fr\/wp-json\/wp\/v2\/media?parent=6230"}],"wp:term":[{"taxonomy":"product_brand","embeddable":true,"href":"https:\/\/displayproducts.eu\/fr\/wp-json\/wp\/v2\/product_brand?post=6230"},{"taxonomy":"product_cat","embeddable":true,"href":"https:\/\/displayproducts.eu\/fr\/wp-json\/wp\/v2\/product_cat?post=6230"},{"taxonomy":"product_tag","embeddable":true,"href":"https:\/\/displayproducts.eu\/fr\/wp-json\/wp\/v2\/product_tag?post=6230"}],"curies":[{"name":"wp","href":"https:\/\/api.w.org\/{rel}","templated":true}]}}