{"id":6228,"date":"2025-12-20T18:09:00","date_gmt":"2025-12-20T15:09:00","guid":{"rendered":"https:\/\/wristbandfactory.eu\/?post_type=product&#038;p=6228"},"modified":"2026-04-01T21:52:34","modified_gmt":"2026-04-01T18:52:34","slug":"custom-printed-rulers-3d-lenticular-rulers-pvc-pp-pet","status":"publish","type":"product","link":"https:\/\/displayproducts.eu\/fr\/p\/custom-printed-rulers-3d-lenticular-rulers-pvc-pp-pet\/","title":{"rendered":"R\u00e8gles personnalis\u00e9es avec logo"},"content":{"rendered":"<p data-path-to-node=\"10\">Assurez-vous une place permanente sur le bureau de votre client gr\u00e2ce \u00e0 notre <b data-path-to-node=\"10\" data-index-in-node=\"80\">R\u00e8gles imprim\u00e9es personnalis\u00e9es<\/b>. Contrairement aux prospectus jetables, une r\u00e8gle personnalis\u00e9e est un outil pratique qui offre une valeur \u00e0 long terme et une visibilit\u00e9 quotidienne dans les bureaux, les \u00e9coles et les environnements industriels.<\/p>\n<p data-path-to-node=\"11\">Nous proposons une large gamme de supports adapt\u00e9s aux objectifs de votre campagne. Choisissez parmi nos <b data-path-to-node=\"11\" data-index-in-node=\"75\">PVC standard<\/b> pour un look classique, <b data-path-to-node=\"11\" data-index-in-node=\"108\">Polypropyl\u00e8ne (PP) \u00e9cologique<\/b> pour une image de marque durable, ou notre technologie de pointe <b data-path-to-node=\"11\" data-index-in-node=\"186\">R\u00e8gles lenticulaires 3D<\/b> Pour un impact maximal. La technologie lenticulaire cr\u00e9e des effets visuels captivants tels que l&#039;animation, la profondeur ou le retournement d&#039;image, ce qui la rend id\u00e9ale pour les campagnes des industries pharmaceutique et agroalimentaire.<\/p>\n<h2 data-path-to-node=\"12\">Caract\u00e9ristiques principales<\/h2>\n<ul data-path-to-node=\"13\">\n<li>\n<p data-path-to-node=\"13,0,0\"><b data-path-to-node=\"13,0,0\" data-index-in-node=\"0\">Image de marque haute d\u00e9finition\u00a0:<\/b> Que vous optiez pour l&#039;impression num\u00e9rique pour des images complexes ou la s\u00e9rigraphie pour des couleurs unies, nous vous garantissons des r\u00e9sultats nets et \u00e9clatants.<\/p>\n<\/li>\n<li>\n<p data-path-to-node=\"13,1,0\"><b data-path-to-node=\"13,1,0\" data-index-in-node=\"0\">Dimensions personnalis\u00e9es\u00a0:<\/b> Nous ne proposons pas seulement des tailles standard ; nous pouvons produire des r\u00e8gles allant des versions compactes de 15 cm aux grands formats de 68 cm.<\/p>\n<\/li>\n<li>\n<p data-path-to-node=\"13,2,0\"><b data-path-to-node=\"13,2,0\" data-index-in-node=\"0\">Options \u00e9cologiques\u00a0:<\/b> Pour les campagnes \u00e9cologiques, nous proposons des mat\u00e9riaux en polypropyl\u00e8ne (PP) biod\u00e9gradables et recyclables.<\/p>\n<\/li>\n<li>\n<p data-path-to-node=\"13,3,0\"><b data-path-to-node=\"13,3,0\" data-index-in-node=\"0\">Effets 3D avanc\u00e9s\u00a0:<\/b> L&#039;impression lenticulaire permet des effets de \u201c retournement \u201d (changement d&#039;images), de \u201c mouvement \u201d (mouvement de type vid\u00e9o) ou de \u201c profondeur 3D \u201d, transformant une sans impression r\u00e8gle en une exp\u00e9rience interactive.<\/p>\n<\/li>\n<\/ul>\n<h2 data-path-to-node=\"14\">Caract\u00e9ristiques<\/h2>\n<table data-path-to-node=\"15\">\n<thead>\n<tr>\n<td><strong>Fonctionnalit\u00e9<\/strong><\/td>\n<td><strong>R\u00e8gles en PVC<\/strong><\/td>\n<td><strong>R\u00e8gles en PP (polypropyl\u00e8ne)<\/strong><\/td>\n<td><strong>R\u00e8gles lenticulaires 3D<\/strong><\/td>\n<\/tr>\n<\/thead>\n<tbody>\n<tr>\n<td><span data-path-to-node=\"15,1,0,0\"><b data-path-to-node=\"15,1,0,0\" data-index-in-node=\"0\">Mat\u00e9riel<\/b><\/span><\/td>\n<td><span data-path-to-node=\"15,1,1,0\">PVC blanc semi-rigide<\/span><\/td>\n<td><span data-path-to-node=\"15,1,2,0\">PP flexible et \u00e9cologique<\/span><\/td>\n<td><span data-path-to-node=\"15,1,3,0\">PET lenticulaire<\/span><\/td>\n<\/tr>\n<tr>\n<td><span data-path-to-node=\"15,2,0,0\"><b data-path-to-node=\"15,2,0,0\" data-index-in-node=\"0\">\u00c9paisseur<\/b><\/span><\/td>\n<td><span data-path-to-node=\"15,2,1,0\">300, 500 ou 700 microns<\/span><\/td>\n<td><span data-path-to-node=\"15,2,2,0\">500 ou 800 microns<\/span><\/td>\n<td><span data-path-to-node=\"15,2,3,0\">500 microns<\/span><\/td>\n<\/tr>\n<tr>\n<td><span data-path-to-node=\"15,3,0,0\"><b data-path-to-node=\"15,3,0,0\" data-index-in-node=\"0\">M\u00e9thode d&#039;impression<\/b><\/span><\/td>\n<td><span data-path-to-node=\"15,3,1,0\">Impression num\u00e9rique ou s\u00e9rigraphique<\/span><\/td>\n<td><span data-path-to-node=\"15,3,2,0\">Impression num\u00e9rique ou s\u00e9rigraphique<\/span><\/td>\n<td><span data-path-to-node=\"15,3,3,0\">D\u00e9calage\/\u00c9cran (Effets 3D)<\/span><\/td>\n<\/tr>\n<tr>\n<td><span data-path-to-node=\"15,4,0,0\"><b data-path-to-node=\"15,4,0,0\" data-index-in-node=\"0\">Accompagnements<\/b><\/span><\/td>\n<td><span data-path-to-node=\"15,4,1,0\">1 ou 2 faces<\/span><\/td>\n<td><span data-path-to-node=\"15,4,2,0\">1 ou 2 faces<\/span><\/td>\n<td><span data-path-to-node=\"15,4,3,0\">Face avant (3D) + Face arri\u00e8re (statique)<\/span><\/td>\n<\/tr>\n<tr>\n<td><span data-path-to-node=\"15,5,0,0\"><b data-path-to-node=\"15,5,0,0\" data-index-in-node=\"0\">Gamme de longueur<\/b><\/span><\/td>\n<td><span data-path-to-node=\"15,5,1,0\">15 cm \u2013 68 cm<\/span><\/td>\n<td><span data-path-to-node=\"15,5,2,0\">15 cm \u2013 68 cm<\/span><\/td>\n<td><span data-path-to-node=\"15,5,3,0\">Tailles standard<\/span><\/td>\n<\/tr>\n<\/tbody>\n<\/table>\n<h2 data-path-to-node=\"16\">Cas d&#039;utilisation<\/h2>\n<ul data-path-to-node=\"17\">\n<li>\n<p data-path-to-node=\"17,0,0\"><b data-path-to-node=\"17,0,0\" data-index-in-node=\"0\">Campagnes \u00e9ducatives :<\/b> Documents essentiels \u00e0 distribuer aux \u00e9coles, universit\u00e9s et centres de formation.<\/p>\n<\/li>\n<li>\n<p data-path-to-node=\"17,1,0\"><b data-path-to-node=\"17,1,0\" data-index-in-node=\"0\">Marketing pharmaceutique :<\/b> Utilisez des effets lenticulaires 3D pour illustrer les r\u00e9sultats \u201c Avant et Apr\u00e8s \u201d ou des animations du m\u00e9canisme d&#039;action.<\/p>\n<\/li>\n<li>\n<p data-path-to-node=\"17,2,0\"><b data-path-to-node=\"17,2,0\" data-index-in-node=\"0\">Construction et ing\u00e9nierie :<\/b> Un outil indispensable pour les architectes et les ing\u00e9nieurs, qui fait \u00e9galement office de carte de visite haut de gamme.<\/p>\n<\/li>\n<\/ul>","protected":false},"excerpt":{"rendered":"<ul>\n<li>\n<p data-path-to-node=\"9,0,0\"><b data-path-to-node=\"9,0,0\" data-index-in-node=\"0\">Choix de mat\u00e9riaux polyvalents\u00a0:<\/b> Choisissez parmi le PVC semi-rigide, le polypropyl\u00e8ne (PP) \u00e9cologique ou le PET lenticulaire sp\u00e9cialis\u00e9.<\/p>\n<\/li>\n<li>\n<p data-path-to-node=\"9,1,0\"><b data-path-to-node=\"9,1,0\" data-index-in-node=\"0\">Effets visuels 3D\u00a0:<\/b> Nos r\u00e8gles lenticulaires en PET offrent des effets de mouvement, de zoom et de morphing \u00e9poustouflants pour capter l&#039;attention.<\/p>\n<\/li>\n<li>\n<p data-path-to-node=\"9,2,0\"><b data-path-to-node=\"9,2,0\" data-index-in-node=\"0\">Personnalisation compl\u00e8te :<\/b> Disponible avec impression num\u00e9rique ou s\u00e9rigraphie haute d\u00e9finition sur toute la surface (1 ou 2 faces).<\/p>\n<\/li>\n<li>\n<p data-path-to-node=\"9,3,0\"><b data-path-to-node=\"9,3,0\" data-index-in-node=\"0\">Visibilit\u00e9 pratique de la marque\u00a0:<\/b> Un outil de bureau fonctionnel qui garantit que votre marque reste visible au quotidien pour le client.<\/p>\n<\/li>\n<\/ul>","protected":false},"featured_media":6229,"comment_status":"closed","ping_status":"closed","template":"","meta":[],"product_brand":[],"product_cat":[122],"product_tag":[],"class_list":{"0":"post-6228","1":"product","2":"type-product","3":"status-publish","4":"has-post-thumbnail","6":"product_cat-promotional-accessories","8":"first","9":"instock","10":"shipping-taxable","11":"product-type-simple"},"_links":{"self":[{"href":"https:\/\/displayproducts.eu\/fr\/wp-json\/wp\/v2\/product\/6228","targetHints":{"allow":["GET"]}}],"collection":[{"href":"https:\/\/displayproducts.eu\/fr\/wp-json\/wp\/v2\/product"}],"about":[{"href":"https:\/\/displayproducts.eu\/fr\/wp-json\/wp\/v2\/types\/product"}],"replies":[{"embeddable":true,"href":"https:\/\/displayproducts.eu\/fr\/wp-json\/wp\/v2\/comments?post=6228"}],"wp:featuredmedia":[{"embeddable":true,"href":"https:\/\/displayproducts.eu\/fr\/wp-json\/wp\/v2\/media\/6229"}],"wp:attachment":[{"href":"https:\/\/displayproducts.eu\/fr\/wp-json\/wp\/v2\/media?parent=6228"}],"wp:term":[{"taxonomy":"product_brand","embeddable":true,"href":"https:\/\/displayproducts.eu\/fr\/wp-json\/wp\/v2\/product_brand?post=6228"},{"taxonomy":"product_cat","embeddable":true,"href":"https:\/\/displayproducts.eu\/fr\/wp-json\/wp\/v2\/product_cat?post=6228"},{"taxonomy":"product_tag","embeddable":true,"href":"https:\/\/displayproducts.eu\/fr\/wp-json\/wp\/v2\/product_tag?post=6228"}],"curies":[{"name":"wp","href":"https:\/\/api.w.org\/{rel}","templated":true}]}}