{"id":6226,"date":"2025-12-20T18:04:19","date_gmt":"2025-12-20T15:04:19","guid":{"rendered":"https:\/\/wristbandfactory.eu\/?post_type=product&#038;p=6226"},"modified":"2026-04-01T21:52:03","modified_gmt":"2026-04-01T18:52:03","slug":"custom-fsc-certified-pencils-with-eraser-360-full-color-print","status":"publish","type":"product","link":"https:\/\/displayproducts.eu\/fr\/p\/custom-fsc-certified-pencils-with-eraser-360-full-color-print\/","title":{"rendered":"Crayons \u00e0 papier personnalis\u00e9s (Certifi\u00e9 FSC\u00ae)"},"content":{"rendered":"<p data-path-to-node=\"10\">Affirmez votre engagement environnemental sans faire de compromis sur le design gr\u00e2ce \u00e0 notre <b data-path-to-node=\"10\" data-index-in-node=\"109\">Crayons personnalis\u00e9s certifi\u00e9s FSC\u00ae<\/b>. Ce ne sont pas de sans impressions instruments d&#039;\u00e9criture\u00a0; ils incarnent les valeurs durables de la marque. En choisissant du bois certifi\u00e9 FSC\u00ae, vous soutenez une gestion foresti\u00e8re responsable \u00e0 l&#039;\u00e9chelle mondiale.<\/p>\n<p data-path-to-node=\"11\">Ce qui distingue ce crayon, c&#039;est le <b data-path-to-node=\"11\" data-index-in-node=\"35\">Personnalisation en couleur \u00e0 360\u00b0<\/b>. Nous n&#039;imprimons pas sans impressionment un petit logo sur le c\u00f4t\u00e9\u00a0; nous recouvrons l&#039;int\u00e9gralit\u00e9 du corps du crayon avec votre design unique. Qu&#039;il s&#039;agisse d&#039;un motif complexe, d&#039;une image photographique ou de vos couleurs d&#039;entreprise, le r\u00e9sultat est un outil promotionnel \u00e9l\u00e9gant et percutant.<\/p>\n<h2 data-path-to-node=\"12\">Caract\u00e9ristiques principales<\/h2>\n<ul data-path-to-node=\"13\">\n<li>\n<p data-path-to-node=\"13,0,0\"><b data-path-to-node=\"13,0,0\" data-index-in-node=\"0\">Choix \u00e9cologique :<\/b> Fabriqu\u00e9 \u00e0 partir de bois naturel provenant de sources durables certifi\u00e9es, ce qui en fait un article promotionnel sans culpabilit\u00e9.<\/p>\n<\/li>\n<li>\n<p data-path-to-node=\"13,1,0\"><b data-path-to-node=\"13,1,0\" data-index-in-node=\"0\">Conception illimit\u00e9e :<\/b> La technique d&#039;impression \u00e0 360\u00b0 permet un marquage bord \u00e0 bord en CMJN, id\u00e9al pour les graphismes complexes et les messages percutants.<\/p>\n<\/li>\n<li>\n<p data-path-to-node=\"13,2,0\"><b data-path-to-node=\"13,2,0\" data-index-in-node=\"0\">Fonctionnel et \u00e9l\u00e9gant :<\/b> Dot\u00e9 d&#039;une gomme pratique maintenue en place par un \u00e9l\u00e9gant <b data-path-to-node=\"13,2,0\" data-index-in-node=\"80\">virole m\u00e9tallique<\/b>, alliant fonctionnalit\u00e9 et esth\u00e9tique soign\u00e9e.<\/p>\n<\/li>\n<li>\n<p data-path-to-node=\"13,3,0\"><b data-path-to-node=\"13,3,0\" data-index-in-node=\"0\">Haute utilit\u00e9 :<\/b> Les crayons font partie des objets publicitaires les plus appr\u00e9ci\u00e9s, garantissant ainsi que votre marque reste entre les mains de vos clients pendant des mois.<\/p>\n<\/li>\n<\/ul>\n<h2 data-path-to-node=\"14\">Caract\u00e9ristiques<\/h2>\n<ul data-path-to-node=\"15\">\n<li>\n<p data-path-to-node=\"15,0,0\"><b data-path-to-node=\"15,0,0\" data-index-in-node=\"0\">Mat\u00e9riel:<\/b> Bois naturel (certifi\u00e9 FSC\u00ae).<\/p>\n<\/li>\n<li>\n<p data-path-to-node=\"15,1,0\"><b data-path-to-node=\"15,1,0\" data-index-in-node=\"0\">M\u00e9thode d&#039;impression :<\/b> Emballage num\u00e9rique couleur \u00e0 360\u00b0.<\/p>\n<\/li>\n<li>\n<p data-path-to-node=\"15,2,0\"><b data-path-to-node=\"15,2,0\" data-index-in-node=\"0\">Composants :<\/b> Mine de graphite, gomme, virole m\u00e9tallique.<\/p>\n<\/li>\n<li>\n<p data-path-to-node=\"15,3,0\"><b data-path-to-node=\"15,3,0\" data-index-in-node=\"0\">Forme:<\/b> Rond ou hexagonal standard (selon le stock).<\/p>\n<\/li>\n<li>\n<p data-path-to-node=\"15,4,0\"><b data-path-to-node=\"15,4,0\" data-index-in-node=\"0\">Certifications :<\/b> FSC\u00ae (Forest Stewardship Council).<\/p>\n<\/li>\n<\/ul>\n<h2 data-path-to-node=\"16\">Cas d&#039;utilisation<\/h2>\n<ul data-path-to-node=\"17\">\n<li>\n<p data-path-to-node=\"17,0,0\"><b data-path-to-node=\"17,0,0\" data-index-in-node=\"0\">\u00c9v\u00e9nements \u00e9ducatifs\u00a0:<\/b> Id\u00e9al pour les \u00e9coles, les universit\u00e9s et les centres de formation.<\/p>\n<\/li>\n<li>\n<p data-path-to-node=\"17,1,0\"><b data-path-to-node=\"17,1,0\" data-index-in-node=\"0\">Salons professionnels :<\/b> Un cadeau publicitaire l\u00e9ger et \u00e9cologique que les participants utilisent r\u00e9ellement.<\/p>\n<\/li>\n<li>\n<p data-path-to-node=\"17,2,0\"><b data-path-to-node=\"17,2,0\" data-index-in-node=\"0\">Fournitures de bureau :<\/b> Personnalisez votre papeterie de bureau pour renforcer l&#039;identit\u00e9 de votre entreprise en interne et lors de vos r\u00e9unions clients.<\/p>\n<\/li>\n<\/ul>","protected":false},"excerpt":{"rendered":"<ul>\n<li>\n<p data-path-to-node=\"9,0,0\"><b data-path-to-node=\"9,0,0\" data-index-in-node=\"0\">Certifi\u00e9 durable :<\/b> Fabriqu\u00e9 \u00e0 partir de bois naturel 100% provenant de for\u00eats g\u00e9r\u00e9es de mani\u00e8re responsable (certifi\u00e9 FSC\u00ae).<\/p>\n<\/li>\n<li>\n<p data-path-to-node=\"9,1,0\"><b data-path-to-node=\"9,1,0\" data-index-in-node=\"0\">Image de marque compl\u00e8te \u00e0 360\u00b0 :<\/b> Contrairement \u00e0 la tampographie classique, votre motif recouvre l&#039;int\u00e9gralit\u00e9 du canon gr\u00e2ce \u00e0 une impression num\u00e9rique en couleur \u00e9clatante.<\/p>\n<\/li>\n<li>\n<p data-path-to-node=\"9,2,0\"><b data-path-to-node=\"9,2,0\" data-index-in-node=\"0\">Finition Premium :<\/b> Comporte une gomme de haute qualit\u00e9 fix\u00e9e par une virole m\u00e9tallique durable (d\u00e9tail).<\/p>\n<\/li>\n<li>\n<p data-path-to-node=\"9,3,0\"><b data-path-to-node=\"9,3,0\" data-index-in-node=\"0\">Promotion polyvalente\u00a0:<\/b> Le cadeau publicitaire id\u00e9al, peu co\u00fbteux et \u00e0 forte visibilit\u00e9, pour les salons professionnels, les \u00e9coles et les bureaux.<\/p>\n<\/li>\n<\/ul>","protected":false},"featured_media":6227,"comment_status":"closed","ping_status":"closed","template":"","meta":[],"product_brand":[],"product_cat":[122],"product_tag":[],"class_list":{"0":"post-6226","1":"product","2":"type-product","3":"status-publish","4":"has-post-thumbnail","6":"product_cat-promotional-accessories","8":"first","9":"instock","10":"shipping-taxable","11":"product-type-simple"},"_links":{"self":[{"href":"https:\/\/displayproducts.eu\/fr\/wp-json\/wp\/v2\/product\/6226","targetHints":{"allow":["GET"]}}],"collection":[{"href":"https:\/\/displayproducts.eu\/fr\/wp-json\/wp\/v2\/product"}],"about":[{"href":"https:\/\/displayproducts.eu\/fr\/wp-json\/wp\/v2\/types\/product"}],"replies":[{"embeddable":true,"href":"https:\/\/displayproducts.eu\/fr\/wp-json\/wp\/v2\/comments?post=6226"}],"wp:featuredmedia":[{"embeddable":true,"href":"https:\/\/displayproducts.eu\/fr\/wp-json\/wp\/v2\/media\/6227"}],"wp:attachment":[{"href":"https:\/\/displayproducts.eu\/fr\/wp-json\/wp\/v2\/media?parent=6226"}],"wp:term":[{"taxonomy":"product_brand","embeddable":true,"href":"https:\/\/displayproducts.eu\/fr\/wp-json\/wp\/v2\/product_brand?post=6226"},{"taxonomy":"product_cat","embeddable":true,"href":"https:\/\/displayproducts.eu\/fr\/wp-json\/wp\/v2\/product_cat?post=6226"},{"taxonomy":"product_tag","embeddable":true,"href":"https:\/\/displayproducts.eu\/fr\/wp-json\/wp\/v2\/product_tag?post=6226"}],"curies":[{"name":"wp","href":"https:\/\/api.w.org\/{rel}","templated":true}]}}