{"id":6222,"date":"2025-12-20T17:56:31","date_gmt":"2025-12-20T14:56:31","guid":{"rendered":"https:\/\/wristbandfactory.eu\/?post_type=product&#038;p=6222"},"modified":"2026-04-01T21:52:03","modified_gmt":"2026-04-01T18:52:03","slug":"custom-3d-snow-globes-with-bespoke-interior-logo","status":"publish","type":"product","link":"https:\/\/displayproducts.eu\/fr\/p\/custom-3d-snow-globes-with-bespoke-interior-logo\/","title":{"rendered":"Boules \u00e0 neige personnalis\u00e9es (3D)"},"content":{"rendered":"<p data-path-to-node=\"10\">Capturez la magie des f\u00eates ou immortalisez un moment avec nos <b data-path-to-node=\"10\" data-index-in-node=\"95\">Boules \u00e0 neige 3D personnalis\u00e9es<\/b>. Contrairement aux objets publicitaires classiques, ces globes renferment une sculpture 3D enti\u00e8rement personnalis\u00e9e, qu&#039;il s&#039;agisse d&#039;une r\u00e9plique miniature de votre produit, de la mascotte de votre entreprise ou d&#039;une sc\u00e8ne architecturale sp\u00e9cifique.<\/p>\n<p data-path-to-node=\"11\">Fabriqu\u00e9s en r\u00e9sine polyester durable et sans solvant, ces globes sont des objets de collection haut de gamme. Les paillettes qui y flottent cr\u00e9ent un effet hypnotisant qui met en valeur votre marque. Avec des options de personnalisation pour la sculpture int\u00e9rieure et le socle ext\u00e9rieur, c&#039;est le cadeau premium par excellence pour vos partenaires et campagnes saisonni\u00e8res.<\/p>\n<h2 data-path-to-node=\"12\">Caract\u00e9ristiques principales<\/h2>\n<ul data-path-to-node=\"13\">\n<li>\n<p data-path-to-node=\"13,0,0\"><b data-path-to-node=\"13,0,0\" data-index-in-node=\"0\">Mod\u00e9lisation 3D enti\u00e8rement personnalis\u00e9e\u00a0:<\/b> L&#039;int\u00e9rieur n&#039;est pas un insert plat, mais une figurine en r\u00e9sine moul\u00e9e cr\u00e9\u00e9e sp\u00e9cifiquement pour votre projet.<\/p>\n<\/li>\n<li>\n<p data-path-to-node=\"13,1,0\"><b data-path-to-node=\"13,1,0\" data-index-in-node=\"0\">Finition artistique :<\/b> Les \u00e9l\u00e9ments 3D peuvent \u00eatre laiss\u00e9s d&#039;un blanc uni \u00e9l\u00e9gant ou peints \u00e0 la main avec minutie pour correspondre aux couleurs de votre marque.<\/p>\n<\/li>\n<li>\n<p data-path-to-node=\"13,2,0\"><b data-path-to-node=\"13,2,0\" data-index-in-node=\"0\">Base de marque :<\/b> Le socle (disponible en blanc ou en noir) comprend <b data-path-to-node=\"13,2,0\" data-index-in-node=\"62\">impression en relief<\/b>, en ajoutant une texture 3D \u00e0 votre logo ou \u00e0 votre texte \u00e0 l&#039;ext\u00e9rieur.<\/p>\n<\/li>\n<li>\n<p data-path-to-node=\"13,3,0\"><b data-path-to-node=\"13,3,0\" data-index-in-node=\"0\">Emballage pr\u00eat \u00e0 vendre au d\u00e9tail :<\/b> Pas besoin d&#039;emballage suppl\u00e9mentaire. Chaque globe est livr\u00e9 dans une bo\u00eete en carton imprim\u00e9e en couleur avec un rembourrage s\u00e9curis\u00e9, pr\u00eat \u00e0 \u00eatre distribu\u00e9.<\/p>\n<\/li>\n<\/ul>\n<h2 data-path-to-node=\"14\">Caract\u00e9ristiques<\/h2>\n<ul data-path-to-node=\"15\">\n<li>\n<p data-path-to-node=\"15,0,0\"><b data-path-to-node=\"15,0,0\" data-index-in-node=\"0\">Mat\u00e9riau du globe :<\/b> Verre\/plastique transparent avec figurines en r\u00e9sine polyester (sans solvant).<\/p>\n<\/li>\n<li>\n<p data-path-to-node=\"15,1,0\"><b data-path-to-node=\"15,1,0\" data-index-in-node=\"0\">Mat\u00e9riau de base :<\/b> Composite durable.<\/p>\n<\/li>\n<li>\n<p data-path-to-node=\"15,2,0\"><b data-path-to-node=\"15,2,0\" data-index-in-node=\"0\">Remplissage:<\/b> Liquide \u00e0 paillettes scintillantes.<\/p>\n<\/li>\n<li>\n<p data-path-to-node=\"15,3,0\"><b data-path-to-node=\"15,3,0\" data-index-in-node=\"0\">Tailles disponibles :<\/b><\/p>\n<ul data-path-to-node=\"15,3,1\">\n<li>\n<p data-path-to-node=\"15,3,1,0,0\"><b data-path-to-node=\"15,3,1,0,0\" data-index-in-node=\"0\">Globe \u00d8 8 cm :<\/b> Base 7,5 \u00d7 7,5 \u00d7 2,5 cm | Bo\u00eete 11 \u00d7 13 \u00d7 11 cm.<\/p>\n<\/li>\n<li>\n<p data-path-to-node=\"15,3,1,1,0\"><b data-path-to-node=\"15,3,1,1,0\" data-index-in-node=\"0\">Globe de 10 cm de diam\u00e8tre :<\/b> Base 9 \u00d7 9 \u00d7 3 cm | Bo\u00eete 13,7 \u00d7 15,7 \u00d7 13,7 cm.<\/p>\n<\/li>\n<\/ul>\n<\/li>\n<li>\n<p data-path-to-node=\"15,4,0\"><b data-path-to-node=\"15,4,0\" data-index-in-node=\"0\">Personnalisation:<\/b> Int\u00e9rieur moul\u00e9 en 3D + Impression en relief sur la base + Bo\u00eete personnalis\u00e9e.<\/p>\n<\/li>\n<\/ul>\n<h2 data-path-to-node=\"16\">Cas d&#039;utilisation<\/h2>\n<ul data-path-to-node=\"17\">\n<li>\n<p data-path-to-node=\"17,0,0\"><b data-path-to-node=\"17,0,0\" data-index-in-node=\"0\">Cadeaux de No\u00ebl :<\/b> Le cadeau id\u00e9al pour les f\u00eates, pour les clients et les employ\u00e9s.<\/p>\n<\/li>\n<li>\n<p data-path-to-node=\"17,1,0\"><b data-path-to-node=\"17,1,0\" data-index-in-node=\"0\">Tourisme et souvenirs :<\/b> Sc\u00e8nes personnalis\u00e9es de monuments pour les mus\u00e9es, les h\u00f4tels et les conseils municipaux.<\/p>\n<\/li>\n<li>\n<p data-path-to-node=\"17,2,0\"><b data-path-to-node=\"17,2,0\" data-index-in-node=\"0\">Lancement de produits\u00a0:<\/b> Cr\u00e9ez une version miniature d&#039;une nouvelle voiture, d&#039;un b\u00e2timent ou d&#039;un produit flottant dans de la \u201c neige \u201d.\u201d<\/p>\n<\/li>\n<\/ul>","protected":false},"excerpt":{"rendered":"<ul>\n<li>\n<p data-path-to-node=\"9,0,0\"><b data-path-to-node=\"9,0,0\" data-index-in-node=\"0\">Int\u00e9rieur 3D sur mesure :<\/b> Nous mod\u00e9lisons votre logo, produit ou mascotte sous la forme d&#039;une sculpture 3D d\u00e9taill\u00e9e \u00e0 l&#039;int\u00e9rieur du globe.<\/p>\n<\/li>\n<li>\n<p data-path-to-node=\"9,1,0\"><b data-path-to-node=\"9,1,0\" data-index-in-node=\"0\">Peint \u00e0 la main ou monochrome\u00a0:<\/b> Choisissez entre une sculpture classique enti\u00e8rement blanche ou des d\u00e9tails vibrants peints \u00e0 la main.<\/p>\n<\/li>\n<li>\n<p data-path-to-node=\"9,2,0\"><b data-path-to-node=\"9,2,0\" data-index-in-node=\"0\">Base Premium :<\/b> Socle robuste disponible en noir ou blanc, personnalisable avec impression en relief tactile.<\/p>\n<\/li>\n<li>\n<p data-path-to-node=\"9,3,0\"><b data-path-to-node=\"9,3,0\" data-index-in-node=\"0\">Solution cadeau compl\u00e8te :<\/b> Livr\u00e9 dans une bo\u00eete personnalis\u00e9e en couleur avec des inserts de protection en polystyr\u00e8ne.<\/p>\n<\/li>\n<\/ul>","protected":false},"featured_media":6223,"comment_status":"closed","ping_status":"closed","template":"","meta":[],"product_brand":[],"product_cat":[121],"product_tag":[],"class_list":{"0":"post-6222","1":"product","2":"type-product","3":"status-publish","4":"has-post-thumbnail","6":"product_cat-promotional-merchandise","8":"first","9":"instock","10":"shipping-taxable","11":"product-type-simple"},"_links":{"self":[{"href":"https:\/\/displayproducts.eu\/fr\/wp-json\/wp\/v2\/product\/6222","targetHints":{"allow":["GET"]}}],"collection":[{"href":"https:\/\/displayproducts.eu\/fr\/wp-json\/wp\/v2\/product"}],"about":[{"href":"https:\/\/displayproducts.eu\/fr\/wp-json\/wp\/v2\/types\/product"}],"replies":[{"embeddable":true,"href":"https:\/\/displayproducts.eu\/fr\/wp-json\/wp\/v2\/comments?post=6222"}],"wp:featuredmedia":[{"embeddable":true,"href":"https:\/\/displayproducts.eu\/fr\/wp-json\/wp\/v2\/media\/6223"}],"wp:attachment":[{"href":"https:\/\/displayproducts.eu\/fr\/wp-json\/wp\/v2\/media?parent=6222"}],"wp:term":[{"taxonomy":"product_brand","embeddable":true,"href":"https:\/\/displayproducts.eu\/fr\/wp-json\/wp\/v2\/product_brand?post=6222"},{"taxonomy":"product_cat","embeddable":true,"href":"https:\/\/displayproducts.eu\/fr\/wp-json\/wp\/v2\/product_cat?post=6222"},{"taxonomy":"product_tag","embeddable":true,"href":"https:\/\/displayproducts.eu\/fr\/wp-json\/wp\/v2\/product_tag?post=6222"}],"curies":[{"name":"wp","href":"https:\/\/api.w.org\/{rel}","templated":true}]}}