{"id":6217,"date":"2025-12-20T17:51:24","date_gmt":"2025-12-20T14:51:24","guid":{"rendered":"https:\/\/wristbandfactory.eu\/?post_type=product&#038;p=6217"},"modified":"2026-04-01T21:52:03","modified_gmt":"2026-04-01T18:52:03","slug":"custom-printed-bottle-openers-with-3d-domed-logo","status":"publish","type":"product","link":"https:\/\/displayproducts.eu\/fr\/p\/custom-printed-bottle-openers-with-3d-domed-logo\/","title":{"rendered":"D\u00e9capsuleurs personnalis\u00e9s avec d\u00f4me r\u00e9sine"},"content":{"rendered":"<p data-path-to-node=\"10\">Faites en sorte que votre marque participe \u00e0 la f\u00eate avec notre <b data-path-to-node=\"10\" data-index-in-node=\"79\">Ouvre-bouteilles personnalis\u00e9s<\/b>. Pratiques, durables et esth\u00e9tiques, ces ouvre-bo\u00eetes sont con\u00e7us pour une utilisation r\u00e9p\u00e9t\u00e9e, assurant ainsi une visibilit\u00e9 durable \u00e0 votre logo. Contrairement aux impressions plates classiques, nos ouvre-bo\u00eetes pr\u00e9sentent une impression en relief. <b data-path-to-node=\"10\" data-index-in-node=\"288\">Autocollant bomb\u00e9 3D (\u00e9poxy)<\/b>, qui ajoute un effet brillant et grossissant \u00e0 votre motif tout en le prot\u00e9geant des rayures et de la d\u00e9coloration.<\/p>\n<p data-path-to-node=\"11\">Nous proposons trois mod\u00e8les sp\u00e9cifiques pour r\u00e9pondre \u00e0 diff\u00e9rents besoins promotionnels, allant des porte-cl\u00e9s de poche aux outils de bar professionnels.<\/p>\n<h2 data-path-to-node=\"12\">Caract\u00e9ristiques principales<\/h2>\n<ul data-path-to-node=\"13\">\n<li>\n<p data-path-to-node=\"13,0,0\"><b data-path-to-node=\"13,0,0\" data-index-in-node=\"0\">Personnalisation dynamique\u00a0:<\/b> Nous utilisons l&#039;impression num\u00e9rique CMJN pour reproduire votre logo, vos photos ou vos d\u00e9grad\u00e9s avec une pr\u00e9cision parfaite avant de les sceller sous un d\u00f4me de r\u00e9sine protecteur.<\/p>\n<\/li>\n<li>\n<p data-path-to-node=\"13,1,0\"><b data-path-to-node=\"13,1,0\" data-index-in-node=\"0\">Finition Premium :<\/b> Le rev\u00eatement \u00e9poxy conf\u00e8re au produit un aspect \u201cbijou\u201d lisse au toucher et rehausse sa valeur per\u00e7ue.<\/p>\n<\/li>\n<li>\n<p data-path-to-node=\"13,2,0\"><b data-path-to-node=\"13,2,0\" data-index-in-node=\"0\">Mat\u00e9riaux ultra-r\u00e9sistants\u00a0:<\/b> Fabriqu\u00e9s en acier nickel\u00e9 et en alliages m\u00e9talliques robustes, ils permettent d&#039;ouvrir les bouteilles sans effort et sans se plier.<\/p>\n<\/li>\n<li>\n<p data-path-to-node=\"13,3,0\"><b data-path-to-node=\"13,3,0\" data-index-in-node=\"0\">Utilit\u00e9 polyvalente\u00a0:<\/b> Id\u00e9al pour les produits d\u00e9riv\u00e9s de brasserie, les cadeaux promotionnels de festivals ou comme outil pratique \u00e0 accrocher \u00e0 un trousseau de cl\u00e9s.<\/p>\n<\/li>\n<\/ul>\n<h2 data-path-to-node=\"14\">Caract\u00e9ristiques<\/h2>\n<table data-path-to-node=\"15\">\n<thead>\n<tr>\n<td><strong>Type de mod\u00e8le<\/strong><\/td>\n<td><strong>Dimensions<\/strong><\/td>\n<td><strong>Mat\u00e9riel<\/strong><\/td>\n<td><strong>Zone de marque<\/strong><\/td>\n<\/tr>\n<\/thead>\n<tbody>\n<tr>\n<td><span data-path-to-node=\"15,1,0,0\"><b data-path-to-node=\"15,1,0,0\" data-index-in-node=\"0\">Ouvre-badge<\/b><\/span><\/td>\n<td><span data-path-to-node=\"15,1,1,0\">\u00d8 56 mm<\/span><\/td>\n<td><span data-path-to-node=\"15,1,2,0\">Support en m\u00e9tal et plastique<\/span><\/td>\n<td><span data-path-to-node=\"15,1,3,0\">Visage complet (rond)<\/span><\/td>\n<\/tr>\n<tr>\n<td><span data-path-to-node=\"15,2,0,0\"><b data-path-to-node=\"15,2,0,0\" data-index-in-node=\"0\">Forme de bouteille<\/b><\/span><\/td>\n<td><span data-path-to-node=\"15,2,1,0\">35 \u00d7 137 mm<\/span><\/td>\n<td><span data-path-to-node=\"15,2,2,0\">Acier nickel\u00e9<\/span><\/td>\n<td><span data-path-to-node=\"15,2,3,0\">D\u00f4me de forme personnalis\u00e9e<\/span><\/td>\n<\/tr>\n<tr>\n<td><span data-path-to-node=\"15,3,0,0\"><b data-path-to-node=\"15,3,0,0\" data-index-in-node=\"0\">Porte-cl\u00e9s poire<\/b><\/span><\/td>\n<td><span data-path-to-node=\"15,3,1,0\">Taille standard d&#039;un porte-cl\u00e9s<\/span><\/td>\n<td><span data-path-to-node=\"15,3,2,0\">M\u00e9tal (finition nickel\u00e9e)<\/span><\/td>\n<td><span data-path-to-node=\"15,3,3,0\">D\u00f4me \u00d8 20 mm<\/span><\/td>\n<\/tr>\n<\/tbody>\n<\/table>\n<h2 data-path-to-node=\"16\">Cas d&#039;utilisation<\/h2>\n<ul data-path-to-node=\"17\">\n<li>\n<p data-path-to-node=\"17,0,0\"><b data-path-to-node=\"17,0,0\" data-index-in-node=\"0\">Industrie des boissons :<\/b> Produits essentiels pour les brasseries artisanales, les cidreries et les distributeurs de boissons.<\/p>\n<\/li>\n<li>\n<p data-path-to-node=\"17,1,0\"><b data-path-to-node=\"17,1,0\" data-index-in-node=\"0\">Festivals et \u00e9v\u00e9nements :<\/b> Un souvenir populaire des festivals de musique et des foires gastronomiques, que les participants conservent.<\/p>\n<\/li>\n<li>\n<p data-path-to-node=\"17,2,0\"><b data-path-to-node=\"17,2,0\" data-index-in-node=\"0\">Hospitalit\u00e9:<\/b> Outils de marque pour les barmans et les serveurs dans les pubs, les clubs et les restaurants.<\/p>\n<\/li>\n<\/ul>","protected":false},"excerpt":{"rendered":"<ul>\n<li>\n<p data-path-to-node=\"9,0,0\"><b data-path-to-node=\"9,0,0\" data-index-in-node=\"0\">Trois styles distincts\u00a0:<\/b> Choisissez entre le mod\u00e8le classique \u00e0 bouton, le mod\u00e8le robuste en forme de bouteille ou le porte-cl\u00e9s portable en forme de poire.<\/p>\n<\/li>\n<li>\n<p data-path-to-node=\"9,1,0\"><b data-path-to-node=\"9,1,0\" data-index-in-node=\"0\">Finition en r\u00e9sine 3D :<\/b> Votre logo est imprim\u00e9 en quadrichromie (CMJN) et prot\u00e9g\u00e9 par un d\u00f4me \u00e9poxy transparent pour un aspect brillant et haut de gamme.<\/p>\n<\/li>\n<li>\n<p data-path-to-node=\"9,2,0\"><b data-path-to-node=\"9,2,0\" data-index-in-node=\"0\">Construction durable :<\/b> Fabriqu\u00e9 en acier nickel\u00e9 ou en m\u00e9tal massif pour une performance durable.<\/p>\n<\/li>\n<li>\n<p data-path-to-node=\"9,3,0\"><b data-path-to-node=\"9,3,0\" data-index-in-node=\"0\">Marketing pratique :<\/b> Un objet tr\u00e8s pratique qui garantit la pr\u00e9sence de votre marque lors de f\u00eates, d&#039;\u00e9v\u00e9nements et dans les foyers.<\/p>\n<\/li>\n<\/ul>","protected":false},"featured_media":6218,"comment_status":"closed","ping_status":"closed","template":"","meta":[],"product_brand":[],"product_cat":[119,121],"product_tag":[],"class_list":{"0":"post-6217","1":"product","2":"type-product","3":"status-publish","4":"has-post-thumbnail","6":"product_cat-drinkware-accessories","7":"product_cat-promotional-merchandise","9":"first","10":"instock","11":"shipping-taxable","12":"product-type-simple"},"_links":{"self":[{"href":"https:\/\/displayproducts.eu\/fr\/wp-json\/wp\/v2\/product\/6217","targetHints":{"allow":["GET"]}}],"collection":[{"href":"https:\/\/displayproducts.eu\/fr\/wp-json\/wp\/v2\/product"}],"about":[{"href":"https:\/\/displayproducts.eu\/fr\/wp-json\/wp\/v2\/types\/product"}],"replies":[{"embeddable":true,"href":"https:\/\/displayproducts.eu\/fr\/wp-json\/wp\/v2\/comments?post=6217"}],"wp:featuredmedia":[{"embeddable":true,"href":"https:\/\/displayproducts.eu\/fr\/wp-json\/wp\/v2\/media\/6218"}],"wp:attachment":[{"href":"https:\/\/displayproducts.eu\/fr\/wp-json\/wp\/v2\/media?parent=6217"}],"wp:term":[{"taxonomy":"product_brand","embeddable":true,"href":"https:\/\/displayproducts.eu\/fr\/wp-json\/wp\/v2\/product_brand?post=6217"},{"taxonomy":"product_cat","embeddable":true,"href":"https:\/\/displayproducts.eu\/fr\/wp-json\/wp\/v2\/product_cat?post=6217"},{"taxonomy":"product_tag","embeddable":true,"href":"https:\/\/displayproducts.eu\/fr\/wp-json\/wp\/v2\/product_tag?post=6217"}],"curies":[{"name":"wp","href":"https:\/\/api.w.org\/{rel}","templated":true}]}}