{"id":6212,"date":"2025-12-20T17:41:19","date_gmt":"2025-12-20T14:41:19","guid":{"rendered":"https:\/\/wristbandfactory.eu\/?post_type=product&#038;p=6212"},"modified":"2026-04-01T21:52:03","modified_gmt":"2026-04-01T18:52:03","slug":"custom-metal-lapel-pins-with-3d-domed-logo-epoxy","status":"publish","type":"product","link":"https:\/\/displayproducts.eu\/fr\/p\/custom-metal-lapel-pins-with-3d-domed-logo-epoxy\/","title":{"rendered":"Pin's en m\u00e9tal avec d\u00f4me r\u00e9sine"},"content":{"rendered":"<p data-path-to-node=\"10\">Cr\u00e9ez une impression durable avec notre <b data-path-to-node=\"10\" data-index-in-node=\"62\">Pins de revers en m\u00e9tal personnalis\u00e9s avec autocollants en relief 3D<\/b>. Ces pins offrent un \u00e9quilibre parfait entre le poids premium d&#039;une base en m\u00e9tal et la polyvalence moderne de l&#039;impression num\u00e9rique. Ils constituent la solution id\u00e9ale pour les marques aux logos complexes, aux d\u00e9grad\u00e9s ou aux \u00e9l\u00e9ments photographiques que les pins en \u00e9mail classiques ne peuvent reproduire.<\/p>\n<p data-path-to-node=\"11\">Chaque pin&#039;s est compos\u00e9 d&#039;une base m\u00e9tallique fa\u00e7onn\u00e9e sur mesure, recouverte d&#039;une impression adh\u00e9sive haute r\u00e9solution. Le tout est ensuite encapsul\u00e9 dans une r\u00e9sine de polyur\u00e9thane transparente et r\u00e9sistante (effet de d\u00f4me), cr\u00e9ant ainsi un effet de lentille 3D sophistiqu\u00e9 qui rehausse les couleurs et prot\u00e8ge le motif de l&#039;usure et de la d\u00e9coloration.<\/p>\n<h2 data-path-to-node=\"12\">Caract\u00e9ristiques principales<\/h2>\n<ul data-path-to-node=\"13\">\n<li>\n<p data-path-to-node=\"13,0,0\"><b data-path-to-node=\"13,0,0\" data-index-in-node=\"0\">Potentiel de conception illimit\u00e9\u00a0:<\/b> Contrairement aux broches frapp\u00e9es \u00e0 la presse, notre proc\u00e9d\u00e9 de d\u00f4me prend en charge l&#039;impression CMJN en couleur, ce qui signifie qu&#039;il n&#039;y a aucune restriction sur les d\u00e9grad\u00e9s ou les d\u00e9tails fins.<\/p>\n<\/li>\n<li>\n<p data-path-to-node=\"13,1,0\"><b data-path-to-node=\"13,1,0\" data-index-in-node=\"0\">Finition protectrice :<\/b> Le d\u00f4me en r\u00e9sine rend la broche r\u00e9sistante aux rayures, stable aux UV et suffisamment durable pour un usage quotidien.<\/p>\n<\/li>\n<li>\n<p data-path-to-node=\"13,2,0\"><b data-path-to-node=\"13,2,0\" data-index-in-node=\"0\">Pr\u00e9sentation professionnelle\u00a0:<\/b> L&#039;alliance du m\u00e9tal poli et de la r\u00e9sine brillante cr\u00e9e une impression de grande valeur, id\u00e9ale pour les tenues d&#039;entreprise.<\/p>\n<\/li>\n<li>\n<p data-path-to-node=\"13,3,0\"><b data-path-to-node=\"13,3,0\" data-index-in-node=\"0\">Fixation s\u00e9curis\u00e9e\u00a0:<\/b> Livr\u00e9 de s\u00e9rie avec un embrayage papillon facile d&#039;utilisation pour \u00e9viter la rotation et les pertes accidentelles.<\/p>\n<\/li>\n<\/ul>\n<h2 data-path-to-node=\"14\">Caract\u00e9ristiques<\/h2>\n<ul data-path-to-node=\"15\">\n<li>\n<p data-path-to-node=\"15,0,0\"><b data-path-to-node=\"15,0,0\" data-index-in-node=\"0\">Mat\u00e9riel:<\/b> Base en alliage m\u00e9tallique + d\u00f4me en r\u00e9sine polyur\u00e9thane.<\/p>\n<\/li>\n<li>\n<p data-path-to-node=\"15,1,0\"><b data-path-to-node=\"15,1,0\" data-index-in-node=\"0\">Impression:<\/b> Couleur num\u00e9rique (CMJN).<\/p>\n<\/li>\n<li>\n<p data-path-to-node=\"15,2,0\"><b data-path-to-node=\"15,2,0\" data-index-in-node=\"0\">Forme:<\/b> Enti\u00e8rement personnalisable (d\u00e9coup\u00e9 \u00e0 la forme).<\/p>\n<\/li>\n<li>\n<p data-path-to-node=\"15,3,0\"><b data-path-to-node=\"15,3,0\" data-index-in-node=\"0\">Attachement standard :<\/b> Fermoir papillon (\u00c9pingle papillon).<\/p>\n<\/li>\n<li>\n<p data-path-to-node=\"15,4,0\"><b data-path-to-node=\"15,4,0\" data-index-in-node=\"0\">Pi\u00e8ce jointe facultative\u00a0:<\/b> Aimant en n\u00e9odyme (sans danger pour les v\u00eatements, ne perce pas).<\/p>\n<\/li>\n<li>\n<p data-path-to-node=\"15,5,0\"><b data-path-to-node=\"15,5,0\" data-index-in-node=\"0\">Options d&#039;emballage\u00a0:<\/b><\/p>\n<ul data-path-to-node=\"15,5,1\">\n<li>\n<p data-path-to-node=\"15,5,1,0,0\">En vrac (standard).<\/p>\n<\/li>\n<li>\n<p data-path-to-node=\"15,5,1,1,0\">Sachet individuel en poly\u00e9thyl\u00e8ne avec carte de support imprim\u00e9e.<\/p>\n<\/li>\n<li>\n<p data-path-to-node=\"15,5,1,2,0\">Bo\u00eete \u00e0 bijoux haut de gamme (pour r\u00e9compenses\/cadeaux).<\/p>\n<\/li>\n<\/ul>\n<\/li>\n<\/ul>\n<h2 data-path-to-node=\"16\">Cas d&#039;utilisation<\/h2>\n<ul data-path-to-node=\"17\">\n<li>\n<p data-path-to-node=\"17,0,0\"><b data-path-to-node=\"17,0,0\" data-index-in-node=\"0\">Identit\u00e9 d&#039;entreprise :<\/b> Faisant partie de l&#039;uniforme quotidien des guichetiers de banque, du personnel h\u00f4telier et des \u00e9quipages de compagnies a\u00e9riennes.<\/p>\n<\/li>\n<li>\n<p data-path-to-node=\"17,1,0\"><b data-path-to-node=\"17,1,0\" data-index-in-node=\"0\">Campagnes promotionnelles :<\/b> Cadeaux publicitaires de haute qualit\u00e9 pour les lancements de produits et les salons professionnels.<\/p>\n<\/li>\n<li>\n<p data-path-to-node=\"17,2,0\"><b data-path-to-node=\"17,2,0\" data-index-in-node=\"0\">Reconnaissance et r\u00e9compenses :<\/b> \u00c9pinglettes comm\u00e9moratives d&#039;anciennet\u00e9 ou badges de m\u00e9rite pour les employ\u00e9s et les b\u00e9n\u00e9voles.<\/p>\n<\/li>\n<\/ul>","protected":false},"excerpt":{"rendered":"<ul>\n<li>\n<p data-path-to-node=\"9,0,0\"><b data-path-to-node=\"9,0,0\" data-index-in-node=\"0\">Forme personnalis\u00e9e\u00a0:<\/b> Le socle m\u00e9tallique est con\u00e7u pour \u00e9pouser parfaitement les contours de votre logo ou de votre motif.<\/p>\n<\/li>\n<li>\n<p data-path-to-node=\"9,1,0\"><b data-path-to-node=\"9,1,0\" data-index-in-node=\"0\">Impression de qualit\u00e9 photo :<\/b> L&#039;impression num\u00e9rique CMJN permet de r\u00e9aliser des d\u00e9grad\u00e9s, des photos et des d\u00e9tails complexes impossibles \u00e0 reproduire avec des pins en \u00e9mail.<\/p>\n<\/li>\n<li>\n<p data-path-to-node=\"9,2,0\"><b data-path-to-node=\"9,2,0\" data-index-in-node=\"0\">D\u00f4me en r\u00e9sine 3D :<\/b> Un rev\u00eatement \u00e9poxy transparent comme du cristal ajoute un effet \u201c bulle \u201d haut de gamme et prot\u00e8ge contre les rayures.<\/p>\n<\/li>\n<li>\n<p data-path-to-node=\"9,3,0\"><b data-path-to-node=\"9,3,0\" data-index-in-node=\"0\">Accessoires polyvalents\u00a0:<\/b> Disponible avec une fermeture papillon standard ou une fermeture magn\u00e9tique adapt\u00e9e aux v\u00eatements.<\/p>\n<\/li>\n<\/ul>","protected":false},"featured_media":6216,"comment_status":"closed","ping_status":"closed","template":"","meta":[],"product_brand":[],"product_cat":[121],"product_tag":[],"class_list":{"0":"post-6212","1":"product","2":"type-product","3":"status-publish","4":"has-post-thumbnail","6":"product_cat-promotional-merchandise","8":"first","9":"instock","10":"shipping-taxable","11":"product-type-simple"},"_links":{"self":[{"href":"https:\/\/displayproducts.eu\/fr\/wp-json\/wp\/v2\/product\/6212","targetHints":{"allow":["GET"]}}],"collection":[{"href":"https:\/\/displayproducts.eu\/fr\/wp-json\/wp\/v2\/product"}],"about":[{"href":"https:\/\/displayproducts.eu\/fr\/wp-json\/wp\/v2\/types\/product"}],"replies":[{"embeddable":true,"href":"https:\/\/displayproducts.eu\/fr\/wp-json\/wp\/v2\/comments?post=6212"}],"wp:featuredmedia":[{"embeddable":true,"href":"https:\/\/displayproducts.eu\/fr\/wp-json\/wp\/v2\/media\/6216"}],"wp:attachment":[{"href":"https:\/\/displayproducts.eu\/fr\/wp-json\/wp\/v2\/media?parent=6212"}],"wp:term":[{"taxonomy":"product_brand","embeddable":true,"href":"https:\/\/displayproducts.eu\/fr\/wp-json\/wp\/v2\/product_brand?post=6212"},{"taxonomy":"product_cat","embeddable":true,"href":"https:\/\/displayproducts.eu\/fr\/wp-json\/wp\/v2\/product_cat?post=6212"},{"taxonomy":"product_tag","embeddable":true,"href":"https:\/\/displayproducts.eu\/fr\/wp-json\/wp\/v2\/product_tag?post=6212"}],"curies":[{"name":"wp","href":"https:\/\/api.w.org\/{rel}","templated":true}]}}