{"id":6207,"date":"2025-12-20T17:34:30","date_gmt":"2025-12-20T14:34:30","guid":{"rendered":"https:\/\/wristbandfactory.eu\/?post_type=product&#038;p=6207"},"modified":"2026-04-01T21:52:03","modified_gmt":"2026-04-01T18:52:03","slug":"custom-faux-leather-keychains-with-3d-domed-logo","status":"publish","type":"product","link":"https:\/\/displayproducts.eu\/fr\/p\/custom-faux-leather-keychains-with-3d-domed-logo\/","title":{"rendered":"Porte-cl\u00e9s en similicuir avec d\u00f4me 3D"},"content":{"rendered":"<p data-path-to-node=\"10\">Valorisez votre marque gr\u00e2ce \u00e0 notre <b data-path-to-node=\"10\" data-index-in-node=\"53\">Porte-cl\u00e9s personnalis\u00e9s en similicuir<\/b>, Dot\u00e9s d&#039;une finition bomb\u00e9e 3D haut de gamme, ces porte-cl\u00e9s allient l&#039;\u00e9l\u00e9gance du cuir \u00e0 la modernit\u00e9 de l&#039;impression num\u00e9rique. Ils constituent ainsi le choix id\u00e9al pour les entreprises souhaitant offrir un cadeau promotionnel raffin\u00e9 sans le co\u00fbt \u00e9lev\u00e9 de la gravure sur cuir v\u00e9ritable.<\/p>\n<p data-path-to-node=\"11\">L&#039;\u00e9l\u00e9ment central de ce porte-cl\u00e9s est le <b data-path-to-node=\"11\" data-index-in-node=\"40\">Autocollant 3D bomb\u00e9<\/b> (\u00c9galement appel\u00e9e \u00e9tiquette en r\u00e9sine). Nous imprimons votre logo en couleurs CMJN \u00e9clatantes et le recouvrons d&#039;une couche de r\u00e9sine polyur\u00e9thane transparente. Cela conf\u00e8re \u00e0 votre design un effet \u201c\u00a03D\u00a0\u201d saisissant et le prot\u00e8ge durablement des rayures et de la d\u00e9coloration due aux UV.<\/p>\n<h2 data-path-to-node=\"12\">Caract\u00e9ristiques principales<\/h2>\n<ul data-path-to-node=\"13\">\n<li>\n<p data-path-to-node=\"13,0,0\"><b data-path-to-node=\"13,0,0\" data-index-in-node=\"0\">Sans impression ou double face :<\/b> Choisissez notre option recto sans impression pour un look \u00e9l\u00e9gant et sobre, ou optimisez votre visibilit\u00e9 avec le mod\u00e8le recto verso comportant un logo \u00e0 l&#039;avant et \u00e0 l&#039;arri\u00e8re.<\/p>\n<\/li>\n<li>\n<p data-path-to-node=\"13,1,0\"><b data-path-to-node=\"13,1,0\" data-index-in-node=\"0\">Pr\u00e9cision couleur :<\/b> Contrairement au gaufrage, notre proc\u00e9d\u00e9 d&#039;impression num\u00e9rique capture parfaitement les d\u00e9grad\u00e9s et les couleurs complexes des logos.<\/p>\n<\/li>\n<li>\n<p data-path-to-node=\"13,2,0\"><b data-path-to-node=\"13,2,0\" data-index-in-node=\"0\">Exp\u00e9rience tactile :<\/b> L&#039;association du similicuir doux et du d\u00f4me en r\u00e9sine lisse et en relief offre une sensation de grande qualit\u00e9 au toucher.<\/p>\n<\/li>\n<li>\n<p data-path-to-node=\"13,3,0\"><b data-path-to-node=\"13,3,0\" data-index-in-node=\"0\">Longue dur\u00e9e:<\/b> Le rev\u00eatement en r\u00e9sine garantit que votre message de marque reste clair et intact, m\u00eame en cas d&#039;utilisation quotidienne sur un porte-cl\u00e9s.<\/p>\n<\/li>\n<\/ul>\n<h2 data-path-to-node=\"14\">Caract\u00e9ristiques<\/h2>\n<ul data-path-to-node=\"15\">\n<li>\n<p data-path-to-node=\"15,0,0\"><b data-path-to-node=\"15,0,0\" data-index-in-node=\"0\">Mat\u00e9riel:<\/b> Corps en similicuir (PU) avec \u00e9tiquette en r\u00e9sine polyur\u00e9thane<\/p>\n<\/li>\n<li>\n<p data-path-to-node=\"15,1,0\"><b data-path-to-node=\"15,1,0\" data-index-in-node=\"0\">M\u00e9thode d&#039;impression\u00a0:<\/b> Impression num\u00e9rique CMJN sous d\u00f4me de r\u00e9sine<\/p>\n<\/li>\n<li>\n<p data-path-to-node=\"15,2,0\"><b data-path-to-node=\"15,2,0\" data-index-in-node=\"0\">Dimensions du mod\u00e8le double face\u00a0:<\/b><\/p>\n<ul data-path-to-node=\"15,2,1\">\n<li>\n<p data-path-to-node=\"15,2,1,0,0\">Dimensions de l&#039;autocollant : 19 \u00d7 21 mm<\/p>\n<\/li>\n<\/ul>\n<\/li>\n<li>\n<p data-path-to-node=\"15,3,0\"><b data-path-to-node=\"15,3,0\" data-index-in-node=\"0\">Formes standard des mod\u00e8les \u00e0 une seule face\u00a0:<\/b><\/p>\n<ul data-path-to-node=\"15,3,1\">\n<li>\n<p data-path-to-node=\"15,3,1,0,0\">Rond (diam\u00e8tre) : 20 mm, 27 mm<\/p>\n<\/li>\n<li>\n<p data-path-to-node=\"15,3,1,1,0\">Carr\u00e9\/Rectangulaire : 27 \u00d7 27 mm, 16 \u00d7 45 mm<\/p>\n<\/li>\n<\/ul>\n<\/li>\n<\/ul>\n<h2 data-path-to-node=\"16\">Cas d&#039;utilisation<\/h2>\n<ul data-path-to-node=\"17\">\n<li>\n<p data-path-to-node=\"17,0,0\"><b data-path-to-node=\"17,0,0\" data-index-in-node=\"0\">Industrie automobile :<\/b> Cadeaux publicitaires id\u00e9aux pour les concessionnaires automobiles, les stations de lavage et les agences de location.<\/p>\n<\/li>\n<li>\n<p data-path-to-node=\"17,1,0\"><b data-path-to-node=\"17,1,0\" data-index-in-node=\"0\">Immobilier:<\/b> Un cadeau classique et durable pour les nouveaux propri\u00e9taires lors de la remise des cl\u00e9s.<\/p>\n<\/li>\n<li>\n<p data-path-to-node=\"17,2,0\"><b data-path-to-node=\"17,2,0\" data-index-in-node=\"0\">Image de marque de l&#039;entreprise\u00a0:<\/b> Produits professionnels destin\u00e9s aux compagnies d&#039;assurance, aux banques et aux fournisseurs de fournitures de bureau.<\/p>\n<\/li>\n<\/ul>\n<p data-path-to-node=\"18\">","protected":false},"excerpt":{"rendered":"<ul data-path-to-node=\"9\">\n<li>\n<p data-path-to-node=\"9,0,0\"><b data-path-to-node=\"9,0,0\" data-index-in-node=\"0\">Look haut de gamme :<\/b> Le similicuir de haute qualit\u00e9, associ\u00e9 \u00e0 une \u00e9tiquette en r\u00e9sine 3D brillante, cr\u00e9e une apparence sophistiqu\u00e9e.<\/p>\n<\/li>\n<li>\n<p data-path-to-node=\"9,1,0\"><b data-path-to-node=\"9,1,0\" data-index-in-node=\"0\">Image de marque dynamique :<\/b> L&#039;impression num\u00e9rique CMJN permet d&#039;obtenir des logos en couleur, prot\u00e9g\u00e9s par un d\u00f4me en r\u00e9sine r\u00e9sistant aux rayures.<\/p>\n<\/li>\n<li>\n<p data-path-to-node=\"9,2,0\"><b data-path-to-node=\"9,2,0\" data-index-in-node=\"0\">Options polyvalentes\u00a0:<\/b> Choisissez entre une personnalisation recto ou recto-verso en fonction de vos besoins marketing.<\/p>\n<\/li>\n<li>\n<p data-path-to-node=\"9,3,0\"><b data-path-to-node=\"9,3,0\" data-index-in-node=\"0\">Finition durable :<\/b> La couche de r\u00e9sine \u00e9poxy prot\u00e8ge le logo de l&#039;usure, de la d\u00e9coloration et des d\u00e9g\u00e2ts d&#039;eau.<\/p>\n<\/li>\n<\/ul>","protected":false},"featured_media":6209,"comment_status":"closed","ping_status":"closed","template":"","meta":[],"product_brand":[],"product_cat":[94],"product_tag":[],"class_list":{"0":"post-6207","1":"product","2":"type-product","3":"status-publish","4":"has-post-thumbnail","6":"product_cat-keychains","8":"first","9":"instock","10":"shipping-taxable","11":"product-type-simple"},"_links":{"self":[{"href":"https:\/\/displayproducts.eu\/fr\/wp-json\/wp\/v2\/product\/6207","targetHints":{"allow":["GET"]}}],"collection":[{"href":"https:\/\/displayproducts.eu\/fr\/wp-json\/wp\/v2\/product"}],"about":[{"href":"https:\/\/displayproducts.eu\/fr\/wp-json\/wp\/v2\/types\/product"}],"replies":[{"embeddable":true,"href":"https:\/\/displayproducts.eu\/fr\/wp-json\/wp\/v2\/comments?post=6207"}],"wp:featuredmedia":[{"embeddable":true,"href":"https:\/\/displayproducts.eu\/fr\/wp-json\/wp\/v2\/media\/6209"}],"wp:attachment":[{"href":"https:\/\/displayproducts.eu\/fr\/wp-json\/wp\/v2\/media?parent=6207"}],"wp:term":[{"taxonomy":"product_brand","embeddable":true,"href":"https:\/\/displayproducts.eu\/fr\/wp-json\/wp\/v2\/product_brand?post=6207"},{"taxonomy":"product_cat","embeddable":true,"href":"https:\/\/displayproducts.eu\/fr\/wp-json\/wp\/v2\/product_cat?post=6207"},{"taxonomy":"product_tag","embeddable":true,"href":"https:\/\/displayproducts.eu\/fr\/wp-json\/wp\/v2\/product_tag?post=6207"}],"curies":[{"name":"wp","href":"https:\/\/api.w.org\/{rel}","templated":true}]}}