{"id":6204,"date":"2025-12-20T17:26:54","date_gmt":"2025-12-20T14:26:54","guid":{"rendered":"https:\/\/wristbandfactory.eu\/?post_type=product&#038;p=6204"},"modified":"2026-04-01T21:52:34","modified_gmt":"2026-04-01T18:52:34","slug":"custom-printed-decorative-pillows-microfiber","status":"publish","type":"product","link":"https:\/\/displayproducts.eu\/fr\/p\/custom-printed-decorative-pillows-microfiber\/","title":{"rendered":"Coussins publicitaires personnalis\u00e9s"},"content":{"rendered":"<p data-path-to-node=\"10\">Transformez n&#039;importe quel espace en une opportunit\u00e9 de branding gr\u00e2ce \u00e0 notre <b data-path-to-node=\"10\" data-index-in-node=\"82\">Coussins d\u00e9coratifs imprim\u00e9s personnalis\u00e9s<\/b>. Que ce soit pour cibler les passionn\u00e9s de voyage, am\u00e9liorer le confort lors d&#039;\u00e9v\u00e9nements en plein air ou ajouter une touche de marque aux halls d&#039;h\u00f4tel et aux restaurants, ces coussins garantissent que votre message est vu et ressenti.<\/p>\n<p data-path-to-node=\"11\">Confectionn\u00e9s en microfibre douce de haute qualit\u00e9, ces coussins offrent un toucher luxueux tr\u00e8s appr\u00e9ci\u00e9 des clients. Leur surface lisse est id\u00e9ale pour <b data-path-to-node=\"11\" data-index-in-node=\"142\">impression par sublimation photor\u00e9aliste<\/b>, permettant des motifs complexes, des photos de produits et des logos \u00e9clatants qui couvrent toute la surface de l&#039;oreiller.<\/p>\n<h2 data-path-to-node=\"12\">Caract\u00e9ristiques principales<\/h2>\n<ul data-path-to-node=\"13\">\n<li>\n<p data-path-to-node=\"13,0,0\"><b data-path-to-node=\"13,0,0\" data-index-in-node=\"0\">Visibilit\u00e9 maximale de la marque\u00a0:<\/b> Contrairement aux petits objets, les coussins offrent une grande surface d&#039;expression. L&#039;utilisation des deux faces permet des possibilit\u00e9s marketing cr\u00e9atives\u00a0: par exemple, une image lifestyle sur le devant et votre logo d&#039;entreprise au dos.<\/p>\n<\/li>\n<li>\n<p data-path-to-node=\"13,1,0\"><b data-path-to-node=\"13,1,0\" data-index-in-node=\"0\">Confort sup\u00e9rieur :<\/b> Le tissu en microfibre de 200 g\/m\u00b2 est doux au toucher, ce qui en fait un objet fonctionnel que les destinataires auront r\u00e9ellement envie d&#039;utiliser chez eux ou au bureau.<\/p>\n<\/li>\n<li>\n<p data-path-to-node=\"13,2,0\"><b data-path-to-node=\"13,2,0\" data-index-in-node=\"0\">Durable et \u00e9clatant :<\/b> Sa composition en polyester 100% garantit que l&#039;oreiller conserve sa forme et que l&#039;impression reste \u00e9clatante m\u00eame apr\u00e8s utilisation.<\/p>\n<\/li>\n<li>\n<p data-path-to-node=\"13,3,0\"><b data-path-to-node=\"13,3,0\" data-index-in-node=\"0\">Pr\u00eat pour l&#039;\u00e9v\u00e9nement :<\/b> Un excellent moyen de personnaliser les espaces lounge lors de salons professionnels, de festivals ou les espaces VIP des bars et des clubs.<\/p>\n<\/li>\n<\/ul>\n<h2 data-path-to-node=\"14\">Caract\u00e9ristiques<\/h2>\n<ul data-path-to-node=\"15\">\n<li>\n<p data-path-to-node=\"15,0,0\"><b data-path-to-node=\"15,0,0\" data-index-in-node=\"0\">Mat\u00e9riel:<\/b> 100% Microfibre de polyester<\/p>\n<\/li>\n<li>\n<p data-path-to-node=\"15,1,0\"><b data-path-to-node=\"15,1,0\" data-index-in-node=\"0\">Poids du tissu :<\/b> 200 g\/m\u00b2<\/p>\n<\/li>\n<li>\n<p data-path-to-node=\"15,2,0\"><b data-path-to-node=\"15,2,0\" data-index-in-node=\"0\">Technique d&#039;impression :<\/b> Sublimation en couleur (photor\u00e9aliste)<\/p>\n<\/li>\n<li>\n<p data-path-to-node=\"15,3,0\"><b data-path-to-node=\"15,3,0\" data-index-in-node=\"0\">Tailles disponibles :<\/b><\/p>\n<ul data-path-to-node=\"15,3,1\">\n<li>\n<p data-path-to-node=\"15,3,1,0,0\"><b data-path-to-node=\"15,3,1,0,0\" data-index-in-node=\"0\">30 \u00d7 30 cm<\/b><\/p>\n<\/li>\n<li>\n<p data-path-to-node=\"15,3,1,1,0\"><b data-path-to-node=\"15,3,1,1,0\" data-index-in-node=\"0\">40 \u00d7 40 cm<\/b><\/p>\n<\/li>\n<\/ul>\n<\/li>\n<\/ul>\n<h2 data-path-to-node=\"16\">Cas d&#039;utilisation<\/h2>\n<ul>\n<li>\n<p data-path-to-node=\"6,0,0\"><b data-path-to-node=\"6,0,0\" data-index-in-node=\"0\">\u00c9v\u00e9nements et promotions :<\/b> Id\u00e9al pour am\u00e9nager des espaces ext\u00e9rieurs, des salons VIP lors de festivals et des zones de d\u00e9tente dans les salons professionnels.<\/p>\n<\/li>\n<li>\n<p data-path-to-node=\"6,1,0\"><b data-path-to-node=\"6,1,0\" data-index-in-node=\"0\">H\u00f4tellerie et d\u00e9coration :<\/b> Apporte une touche personnalis\u00e9e aux halls d&#039;h\u00f4tel, aux salles d&#039;attente des spas, aux restaurants et aux bars.<\/p>\n<\/li>\n<li>\n<p data-path-to-node=\"6,2,0\"><b data-path-to-node=\"6,2,0\" data-index-in-node=\"0\">Cadeaux d&#039;entreprise\u00a0:<\/b> Un cadeau haut de gamme et tout doux pour les partenaires et les employ\u00e9s, qui s&#039;int\u00e8gre parfaitement dans un environnement de bureau \u00e0 domicile.<\/p>\n<\/li>\n<\/ul>","protected":false},"excerpt":{"rendered":"<ul>\n<li>\n<p data-path-to-node=\"9,0,0\"><b data-path-to-node=\"9,0,0\" data-index-in-node=\"0\">Image de marque photor\u00e9aliste\u00a0:<\/b> Impression haute d\u00e9finition sur toute la surface pour des logos nets et des images \u00e9clatantes.<\/p>\n<\/li>\n<li>\n<p data-path-to-node=\"9,1,0\"><b data-path-to-node=\"9,1,0\" data-index-in-node=\"0\">Mat\u00e9riau de qualit\u00e9 sup\u00e9rieure :<\/b> Fabriqu\u00e9 \u00e0 partir de microfibre de polyester 100% (200 g\/m\u00b2) avec une texture luxueuse et douce.<\/p>\n<\/li>\n<li>\n<p data-path-to-node=\"9,2,0\"><b data-path-to-node=\"9,2,0\" data-index-in-node=\"0\">Conception \u00e0 double face\u00a0:<\/b> Imprimez une image du produit d&#039;un c\u00f4t\u00e9 et votre logo de l&#039;autre pour un impact maximal.<\/p>\n<\/li>\n<li>\n<p data-path-to-node=\"9,3,0\"><b data-path-to-node=\"9,3,0\" data-index-in-node=\"0\">Utilisation polyvalente :<\/b> Id\u00e9al pour les campagnes de promotion touristique, les h\u00f4tels, les restaurants et les \u00e9v\u00e9nements en ext\u00e9rieur.<\/p>\n<\/li>\n<\/ul>","protected":false},"featured_media":6206,"comment_status":"closed","ping_status":"closed","template":"","meta":[],"product_brand":[],"product_cat":[129,68],"product_tag":[],"class_list":{"0":"post-6204","1":"product","2":"type-product","3":"status-publish","4":"has-post-thumbnail","6":"product_cat-leisure-lifestyle","7":"product_cat-event-supplies","9":"first","10":"instock","11":"shipping-taxable","12":"product-type-simple"},"_links":{"self":[{"href":"https:\/\/displayproducts.eu\/fr\/wp-json\/wp\/v2\/product\/6204","targetHints":{"allow":["GET"]}}],"collection":[{"href":"https:\/\/displayproducts.eu\/fr\/wp-json\/wp\/v2\/product"}],"about":[{"href":"https:\/\/displayproducts.eu\/fr\/wp-json\/wp\/v2\/types\/product"}],"replies":[{"embeddable":true,"href":"https:\/\/displayproducts.eu\/fr\/wp-json\/wp\/v2\/comments?post=6204"}],"wp:featuredmedia":[{"embeddable":true,"href":"https:\/\/displayproducts.eu\/fr\/wp-json\/wp\/v2\/media\/6206"}],"wp:attachment":[{"href":"https:\/\/displayproducts.eu\/fr\/wp-json\/wp\/v2\/media?parent=6204"}],"wp:term":[{"taxonomy":"product_brand","embeddable":true,"href":"https:\/\/displayproducts.eu\/fr\/wp-json\/wp\/v2\/product_brand?post=6204"},{"taxonomy":"product_cat","embeddable":true,"href":"https:\/\/displayproducts.eu\/fr\/wp-json\/wp\/v2\/product_cat?post=6204"},{"taxonomy":"product_tag","embeddable":true,"href":"https:\/\/displayproducts.eu\/fr\/wp-json\/wp\/v2\/product_tag?post=6204"}],"curies":[{"name":"wp","href":"https:\/\/api.w.org\/{rel}","templated":true}]}}