{"id":6201,"date":"2025-12-20T17:18:10","date_gmt":"2025-12-20T14:18:10","guid":{"rendered":"https:\/\/wristbandfactory.eu\/?post_type=product&#038;p=6201"},"modified":"2026-04-01T21:52:03","modified_gmt":"2026-04-01T18:52:03","slug":"custom-fan-scarves-sports-supporters-scarves-knitted-or-printed","status":"publish","type":"product","link":"https:\/\/displayproducts.eu\/fr\/p\/custom-fan-scarves-sports-supporters-scarves-knitted-or-printed\/","title":{"rendered":"\u00c9charpes de supporters personnalis\u00e9es"},"content":{"rendered":"<p data-path-to-node=\"10\">Renforcez la coh\u00e9sion de votre \u00e9quipe et optimisez la visibilit\u00e9 de votre marque gr\u00e2ce \u00e0 notre <b data-path-to-node=\"10\" data-index-in-node=\"86\">\u00c9charpes de supporters personnalis\u00e9es<\/b>. Que ce soit pour un club de football professionnel, une \u00e9quipe sportive locale ou un \u00e9v\u00e9nement promotionnel d&#039;entreprise, ces \u00e9charpes sont l&#039;accessoire id\u00e9al pour encourager votre \u00e9quipe. Nous proposons diff\u00e9rentes options de fabrication pour r\u00e9pondre \u00e0 vos besoins sp\u00e9cifiques, de la chaleur traditionnelle aux graphismes haute d\u00e9finition.<\/p>\n<p data-path-to-node=\"11\">Notre gamme comprend trois mod\u00e8les sp\u00e9cialis\u00e9s pour garantir que votre logo soit mis en valeur de fa\u00e7on optimale, qu&#039;il soit tiss\u00e9 directement dans le tissu ou imprim\u00e9 avec une pr\u00e9cision photor\u00e9aliste.<\/p>\n<h2 data-path-to-node=\"12\">Caract\u00e9ristiques principales<\/h2>\n<ul data-path-to-node=\"13\">\n<li>\n<p data-path-to-node=\"13,0,0\"><b data-path-to-node=\"13,0,0\" data-index-in-node=\"0\">\u00c9charpe tricot\u00e9e classique :<\/b> Le choix classique. Ce mod\u00e8le double face permet d&#039;afficher des logos diff\u00e9rents de chaque c\u00f4t\u00e9. Fabriqu\u00e9 en acrylique souple 100% pour plus de chaleur et de durabilit\u00e9.<\/p>\n<\/li>\n<li>\n<p data-path-to-node=\"13,1,0\"><b data-path-to-node=\"13,1,0\" data-index-in-node=\"0\">\u00c9charpe \u00e0 image unique (imprim\u00e9e) :<\/b> Con\u00e7u pour les graphismes complexes. Utilise un effet miroir sur une seule face pour obtenir des impressions nettes et d\u00e9taill\u00e9es qu&#039;aucun tricot ne peut \u00e9galer.<\/p>\n<\/li>\n<li>\n<p data-path-to-node=\"13,2,0\"><b data-path-to-node=\"13,2,0\" data-index-in-node=\"0\">\u00c9charpe tricot\u00e9e avec embl\u00e8me :<\/b> Une option exclusive et haut de gamme. Elle associe une base tricot\u00e9e classique \u00e0 un embl\u00e8me d\u00e9taill\u00e9 pour un style raffin\u00e9.<\/p>\n<\/li>\n<\/ul>\n<h2 data-path-to-node=\"14\">Caract\u00e9ristiques<\/h2>\n<table data-path-to-node=\"15\">\n<thead>\n<tr>\n<td><strong>Type de mod\u00e8le<\/strong><\/td>\n<td><strong>Dimensions<\/strong><\/td>\n<td><strong>Composition du mat\u00e9riau<\/strong><\/td>\n<td><strong>Caract\u00e9ristique cl\u00e9<\/strong><\/td>\n<\/tr>\n<\/thead>\n<tbody>\n<tr>\n<td><span data-path-to-node=\"15,1,0,0\"><b data-path-to-node=\"15,1,0,0\" data-index-in-node=\"0\">\u00c9charpe tricot\u00e9e<\/b><\/span><\/td>\n<td><span data-path-to-node=\"15,1,1,0\">18 \u00d7 140 cm<\/span><\/td>\n<td><span data-path-to-node=\"15,1,2,0\">100% Acrylique<\/span><\/td>\n<td><span data-path-to-node=\"15,1,3,0\">Double face, Chaleur Classique<\/span><\/td>\n<\/tr>\n<tr>\n<td><span data-path-to-node=\"15,2,0,0\"><b data-path-to-node=\"15,2,0,0\" data-index-in-node=\"0\">\u00c9charpe \u00e0 image<\/b><\/span><\/td>\n<td><span data-path-to-node=\"15,2,1,0\">20 \u00d7 130 cm<\/span><\/td>\n<td><span data-path-to-node=\"15,2,2,0\">Acrylique 80%, polyester 20%<\/span><\/td>\n<td><span data-path-to-node=\"15,2,3,0\">Impression haute d\u00e9finition, effet miroir<\/span><\/td>\n<\/tr>\n<tr>\n<td><span data-path-to-node=\"15,3,0,0\"><b data-path-to-node=\"15,3,0,0\" data-index-in-node=\"0\">\u00c9charpe \u00e0 embl\u00e8me<\/b><\/span><\/td>\n<td><span data-path-to-node=\"15,3,1,0\">19 \u00d7 130 cm<\/span><\/td>\n<td><span data-path-to-node=\"15,3,2,0\">100% Acrylique<\/span><\/td>\n<td><span data-path-to-node=\"15,3,3,0\">\u00c9cusson brod\u00e9 de qualit\u00e9 sup\u00e9rieure<\/span><\/td>\n<\/tr>\n<\/tbody>\n<\/table>\n<h2 data-path-to-node=\"16\">Cas d&#039;utilisation<\/h2>\n<ul data-path-to-node=\"17\">\n<li>\n<p data-path-to-node=\"17,0,0\"><b data-path-to-node=\"17,0,0\" data-index-in-node=\"0\">Merchandising sportif :<\/b> Source de revenus essentielle pour les boutiques de supporters des clubs de football, de hockey et de basketball.<\/p>\n<\/li>\n<li>\n<p data-path-to-node=\"17,1,0\"><b data-path-to-node=\"17,1,0\" data-index-in-node=\"0\">Commandite d&#039;\u00e9v\u00e9nements\u00a0:<\/b> Visibilit\u00e9 maximale de la marque aupr\u00e8s des foules dans les stades et lors d&#039;\u00e9v\u00e9nements sportifs de grande envergure.<\/p>\n<\/li>\n<li>\n<p data-path-to-node=\"17,2,0\"><b data-path-to-node=\"17,2,0\" data-index-in-node=\"0\">Cadeaux d&#039;entreprise :<\/b> Des cadeaux chaleureux et pratiques pour les \u00e9v\u00e9nements hivernaux ou les activit\u00e9s de team building en ext\u00e9rieur.<\/p>\n<\/li>\n<\/ul>","protected":false},"excerpt":{"rendered":"<ul>\n<li>\n<p data-path-to-node=\"9,0,0\"><b data-path-to-node=\"9,0,0\" data-index-in-node=\"0\">Trois styles distincts\u00a0:<\/b> Choisissez parmi les mod\u00e8les en maille classique (jacquard), imprim\u00e9s en haute d\u00e9finition ou \u00e0 embl\u00e8me exclusif.<\/p>\n<\/li>\n<li>\n<p data-path-to-node=\"9,1,0\"><b data-path-to-node=\"9,1,0\" data-index-in-node=\"0\">Mat\u00e9riaux de haute qualit\u00e9 :<\/b> Fabriqu\u00e9 \u00e0 partir d&#039;acrylique 100% chaleureux ou d&#039;un m\u00e9lange polyacrylique d\u00e9taill\u00e9 pour des impressions plus nettes.<\/p>\n<\/li>\n<li>\n<p data-path-to-node=\"9,2,0\"><b data-path-to-node=\"9,2,0\" data-index-in-node=\"0\">Branding double face\u00a0:<\/b> Les mod\u00e8les tricot\u00e9s permettent de r\u00e9aliser diff\u00e9rents motifs personnalis\u00e9s sur le devant et le dos.<\/p>\n<\/li>\n<li>\n<p data-path-to-node=\"9,3,0\"><b data-path-to-node=\"9,3,0\" data-index-in-node=\"0\">Produits d\u00e9riv\u00e9s ultimes pour les fans\u00a0:<\/b> L&#039;accessoire indispensable des clubs de football, des \u00e9quipes sportives et des \u00e9v\u00e9nements promotionnels.<\/p>\n<\/li>\n<\/ul>","protected":false},"featured_media":6202,"comment_status":"closed","ping_status":"closed","template":"","meta":[],"product_brand":[],"product_cat":[123],"product_tag":[],"class_list":{"0":"post-6201","1":"product","2":"type-product","3":"status-publish","4":"has-post-thumbnail","6":"product_cat-fan-cheering-items","8":"first","9":"instock","10":"shipping-taxable","11":"product-type-simple"},"_links":{"self":[{"href":"https:\/\/displayproducts.eu\/fr\/wp-json\/wp\/v2\/product\/6201","targetHints":{"allow":["GET"]}}],"collection":[{"href":"https:\/\/displayproducts.eu\/fr\/wp-json\/wp\/v2\/product"}],"about":[{"href":"https:\/\/displayproducts.eu\/fr\/wp-json\/wp\/v2\/types\/product"}],"replies":[{"embeddable":true,"href":"https:\/\/displayproducts.eu\/fr\/wp-json\/wp\/v2\/comments?post=6201"}],"wp:featuredmedia":[{"embeddable":true,"href":"https:\/\/displayproducts.eu\/fr\/wp-json\/wp\/v2\/media\/6202"}],"wp:attachment":[{"href":"https:\/\/displayproducts.eu\/fr\/wp-json\/wp\/v2\/media?parent=6201"}],"wp:term":[{"taxonomy":"product_brand","embeddable":true,"href":"https:\/\/displayproducts.eu\/fr\/wp-json\/wp\/v2\/product_brand?post=6201"},{"taxonomy":"product_cat","embeddable":true,"href":"https:\/\/displayproducts.eu\/fr\/wp-json\/wp\/v2\/product_cat?post=6201"},{"taxonomy":"product_tag","embeddable":true,"href":"https:\/\/displayproducts.eu\/fr\/wp-json\/wp\/v2\/product_tag?post=6201"}],"curies":[{"name":"wp","href":"https:\/\/api.w.org\/{rel}","templated":true}]}}