{"id":6196,"date":"2025-12-20T17:11:39","date_gmt":"2025-12-20T14:11:39","guid":{"rendered":"https:\/\/wristbandfactory.eu\/?post_type=product&#038;p=6196"},"modified":"2026-04-01T21:52:03","modified_gmt":"2026-04-01T18:52:03","slug":"custom-printed-beeswax-food-wraps-bags-gots-certified-cotton","status":"publish","type":"product","link":"https:\/\/displayproducts.eu\/fr\/p\/custom-printed-beeswax-food-wraps-bags-gots-certified-cotton\/","title":{"rendered":"Bee Wraps personnalis\u00e9s"},"content":{"rendered":"<p data-path-to-node=\"12\">Augmentez votre responsabilit\u00e9 sociale d&#039;entreprise avec notre <b data-path-to-node=\"12\" data-index-in-node=\"79\">Emballages alimentaires en cire d&#039;abeille imprim\u00e9s sur mesure<\/b>. Alternative durable aux plastiques \u00e0 usage unique, ces emballages offrent une solution innovante et \u00e9cologique pour conserver la fra\u00eecheur des aliments. Id\u00e9aux pour les marques soucieuses de l&#039;environnement, ils transforment les produits de cuisine du quotidien en supports promotionnels percutants.<\/p>\n<p data-path-to-node=\"13\">Fabriqu\u00e9s \u00e0 partir de mat\u00e9riaux naturels 100% de haute qualit\u00e9, nos emballages utilisent la chaleur de vos mains pour se mouler autour des fruits, des l\u00e9gumes, des sandwichs ou des bols, cr\u00e9ant un joint respirant qui garde les aliments frais plus longtemps.<\/p>\n<h2 data-path-to-node=\"14\">Caract\u00e9ristiques principales<\/h2>\n<ul data-path-to-node=\"15\">\n<li>\n<p data-path-to-node=\"15,0,0\"><b data-path-to-node=\"15,0,0\" data-index-in-node=\"0\">Solution z\u00e9ro d\u00e9chet :<\/b> Enti\u00e8rement biod\u00e9gradable et compostable, il remplace le film plastique et le papier aluminium jetables.<\/p>\n<\/li>\n<li>\n<p data-path-to-node=\"15,1,0\"><b data-path-to-node=\"15,1,0\" data-index-in-node=\"0\">Qualit\u00e9 certifi\u00e9e :<\/b> Nous utilisons exclusivement du coton imprimable certifi\u00e9 GOTS, garantissant ainsi que le tissu est biologique et issu d&#039;une production \u00e9thique.<\/p>\n<\/li>\n<li>\n<p data-path-to-node=\"15,2,0\"><b data-path-to-node=\"15,2,0\" data-index-in-node=\"0\">Pr\u00e9servation naturelle :<\/b> Ce m\u00e9lange unique de cire d&#039;abeille, d&#039;huile de jojoba et de r\u00e9sine de pin offre des propri\u00e9t\u00e9s antibact\u00e9riennes naturelles.<\/p>\n<\/li>\n<li>\n<p data-path-to-node=\"15,3,0\"><b data-path-to-node=\"15,3,0\" data-index-in-node=\"0\">Image de marque polyvalente\u00a0:<\/b> Votre logo ou motif personnalis\u00e9 peut \u00eatre imprim\u00e9 directement sur le tissu, offrant ainsi une visibilit\u00e9 quotidienne de votre marque dans les accueils et les bureaux.<\/p>\n<\/li>\n<li>\n<p data-path-to-node=\"15,4,0\"><b data-path-to-node=\"15,4,0\" data-index-in-node=\"0\">Longue dur\u00e9e:<\/b> Avec un entretien sans impression (lavage \u00e0 l&#039;eau ti\u00e8de), ces emballages sont con\u00e7us pour une utilisation r\u00e9p\u00e9t\u00e9e, offrant un retour sur investissement \u00e9lev\u00e9 pour les budgets promotionnels.<\/p>\n<\/li>\n<\/ul>\n<h2 data-path-to-node=\"16\">Caract\u00e9ristiques<\/h2>\n<ul data-path-to-node=\"17\">\n<li>\n<p data-path-to-node=\"17,0,0\"><b data-path-to-node=\"17,0,0\" data-index-in-node=\"0\">Composition du mat\u00e9riau :<\/b> Coton certifi\u00e9 GOTS, cire d&#039;abeille (qualit\u00e9 alimentaire), huile de jojoba, r\u00e9sine de pin.<\/p>\n<\/li>\n<li>\n<p data-path-to-node=\"17,1,0\"><b data-path-to-node=\"17,1,0\" data-index-in-node=\"0\">Formats de feuilles standard\u00a0:<\/b><\/p>\n<ul data-path-to-node=\"17,1,1\">\n<li>\n<p data-path-to-node=\"17,1,1,0,0\"><b data-path-to-node=\"17,1,1,0,0\" data-index-in-node=\"0\">Petit (18\u00d718 cm) :<\/b> Pour les en-cas, les fruits coup\u00e9s ou pour couvrir les petits pots.<\/p>\n<\/li>\n<li>\n<p data-path-to-node=\"17,1,1,1,0\"><b data-path-to-node=\"17,1,1,1,0\" data-index-in-node=\"0\">Moyen (25\u00d725 cm) :<\/b> Id\u00e9al pour le fromage, les sandwichs ou les bols moyens.<\/p>\n<\/li>\n<li>\n<p data-path-to-node=\"17,1,1,2,0\"><b data-path-to-node=\"17,1,1,2,0\" data-index-in-node=\"0\">Grand format (36\u00d736 cm) :<\/b> Couvre les grands bols, le pain ou les melons.<\/p>\n<\/li>\n<\/ul>\n<\/li>\n<li>\n<p data-path-to-node=\"17,2,0\"><b data-path-to-node=\"17,2,0\" data-index-in-node=\"0\">Tailles des sacs :<\/b><\/p>\n<ul data-path-to-node=\"17,2,1\">\n<li>\n<p data-path-to-node=\"17,2,1,0,0\"><b data-path-to-node=\"17,2,1,0,0\" data-index-in-node=\"0\">Sac moyen (16\u00d723 cm) :<\/b> Parfait pour les en-cas et les sandwichs \u00e0 emporter.<\/p>\n<\/li>\n<li>\n<p data-path-to-node=\"17,2,1,1,0\"><b data-path-to-node=\"17,2,1,1,0\" data-index-in-node=\"0\">Grand sac (23\u00d732 cm) :<\/b> Convient pour les produits de boulangerie, les l\u00e9gumes verts frais ou les fruits et l\u00e9gumes de plus grande taille.<\/p>\n<\/li>\n<\/ul>\n<\/li>\n<li>\n<p data-path-to-node=\"17,3,0\"><b data-path-to-node=\"17,3,0\" data-index-in-node=\"0\">Personnalisation:<\/b> Impression sur toute la surface ou placement de logo disponibles.<\/p>\n<\/li>\n<\/ul>\n<h2 data-path-to-node=\"18\">Cas d&#039;utilisation<\/h2>\n<ul data-path-to-node=\"19\">\n<li>\n<p data-path-to-node=\"19,0,0\"><b data-path-to-node=\"19,0,0\" data-index-in-node=\"0\">Cadeaux d&#039;entreprise\u00a0:<\/b> Un cadeau attentionn\u00e9 et durable pour les employ\u00e9s et les clients, en accord avec les initiatives \u00e9cologiques.<\/p>\n<\/li>\n<li>\n<p data-path-to-node=\"19,1,0\"><b data-path-to-node=\"19,1,0\" data-index-in-node=\"0\">Produits d\u00e9riv\u00e9s de l&#039;\u00e9v\u00e9nement\u00a0:<\/b> Cadeaux promotionnels de grande valeur pour les festivals gastronomiques, les conf\u00e9rences sur le d\u00e9veloppement durable et les salons professionnels.<\/p>\n<\/li>\n<li>\n<p data-path-to-node=\"19,2,0\"><b data-path-to-node=\"19,2,0\" data-index-in-node=\"0\">Vente au d\u00e9tail et revente\u00a0:<\/b> Id\u00e9al pour les magasins d&#039;alimentation biologique, les boutiques z\u00e9ro d\u00e9chet et les boutiques de souvenirs de mus\u00e9es.<\/p>\n<\/li>\n<\/ul>","protected":false},"excerpt":{"rendered":"<ul>\n<li>\n<p data-path-to-node=\"11,0,0\"><b data-path-to-node=\"11,0,0\" data-index-in-node=\"0\">100% Mat\u00e9riaux naturels\u00a0:<\/b> Fabriqu\u00e9 \u00e0 partir de coton certifi\u00e9 GOTS, de cire d&#039;abeille pure, d&#039;huile de jojoba et de r\u00e9sine de pin.<\/p>\n<\/li>\n<li>\n<p data-path-to-node=\"11,1,0\"><b data-path-to-node=\"11,1,0\" data-index-in-node=\"0\">Image de marque \u00e9coresponsable\u00a0:<\/b> Une alternative durable et biod\u00e9gradable au film plastique et au papier aluminium.<\/p>\n<\/li>\n<li>\n<p data-path-to-node=\"11,2,0\"><b data-path-to-node=\"11,2,0\" data-index-in-node=\"0\">Personnalisable :<\/b> Disponible en diff\u00e9rents formats de feuilles et de sachets, avec options d&#039;impression de logo en couleur.<\/p>\n<\/li>\n<li>\n<p data-path-to-node=\"11,3,0\"><b data-path-to-node=\"11,3,0\" data-index-in-node=\"0\">R\u00e9utilisable et lavable :<\/b> Conception durable qui se moule \u00e0 la chaleur de la main et r\u00e9siste \u00e0 une utilisation r\u00e9p\u00e9t\u00e9e.<\/p>\n<\/li>\n<\/ul>","protected":false},"featured_media":6198,"comment_status":"closed","ping_status":"closed","template":"","meta":[],"product_brand":[],"product_cat":[121],"product_tag":[],"class_list":{"0":"post-6196","1":"product","2":"type-product","3":"status-publish","4":"has-post-thumbnail","6":"product_cat-promotional-merchandise","8":"first","9":"instock","10":"shipping-taxable","11":"purchasable","12":"product-type-simple"},"_links":{"self":[{"href":"https:\/\/displayproducts.eu\/fr\/wp-json\/wp\/v2\/product\/6196","targetHints":{"allow":["GET"]}}],"collection":[{"href":"https:\/\/displayproducts.eu\/fr\/wp-json\/wp\/v2\/product"}],"about":[{"href":"https:\/\/displayproducts.eu\/fr\/wp-json\/wp\/v2\/types\/product"}],"replies":[{"embeddable":true,"href":"https:\/\/displayproducts.eu\/fr\/wp-json\/wp\/v2\/comments?post=6196"}],"wp:featuredmedia":[{"embeddable":true,"href":"https:\/\/displayproducts.eu\/fr\/wp-json\/wp\/v2\/media\/6198"}],"wp:attachment":[{"href":"https:\/\/displayproducts.eu\/fr\/wp-json\/wp\/v2\/media?parent=6196"}],"wp:term":[{"taxonomy":"product_brand","embeddable":true,"href":"https:\/\/displayproducts.eu\/fr\/wp-json\/wp\/v2\/product_brand?post=6196"},{"taxonomy":"product_cat","embeddable":true,"href":"https:\/\/displayproducts.eu\/fr\/wp-json\/wp\/v2\/product_cat?post=6196"},{"taxonomy":"product_tag","embeddable":true,"href":"https:\/\/displayproducts.eu\/fr\/wp-json\/wp\/v2\/product_tag?post=6196"}],"curies":[{"name":"wp","href":"https:\/\/api.w.org\/{rel}","templated":true}]}}