{"id":6193,"date":"2025-12-20T16:56:00","date_gmt":"2025-12-20T13:56:00","guid":{"rendered":"https:\/\/wristbandfactory.eu\/?post_type=product&#038;p=6193"},"modified":"2026-04-01T21:52:34","modified_gmt":"2026-04-01T18:52:34","slug":"plantable-id-cards-with-linden-seeds-personalized","status":"publish","type":"product","link":"https:\/\/displayproducts.eu\/fr\/p\/plantable-id-cards-with-linden-seeds-personalized\/","title":{"rendered":"Badges \u00e0 planter"},"content":{"rendered":"<p data-path-to-node=\"12\">Transformez l&#039;accr\u00e9ditation de votre \u00e9v\u00e9nement en un engagement \u00e9cologique gr\u00e2ce \u00e0 notre <b data-path-to-node=\"12\" data-index-in-node=\"92\">Cartes d&#039;identit\u00e9 \u00e0 planter avec des graines de tilleul<\/b>. Contrairement aux badges classiques en plastique ou en papier, ces cartes innovantes pr\u00e9sentent une particularit\u00e9 \u00e9cologique unique\u00a0: un petit r\u00e9cipient en MDF biod\u00e9gradable fix\u00e9 sur le devant, contenant de v\u00e9ritables morceaux de tilleul (<i data-path-to-node=\"12\" data-index-in-node=\"310\">Tilia<\/i>) graines.<\/p>\n<p data-path-to-node=\"13\">Fabriqu\u00e9es en papier impr\u00e9gn\u00e9 de haute qualit\u00e9, ces cartes sont con\u00e7ues pour r\u00e9sister \u00e0 l&#039;usure des conf\u00e9rences ou festivals de plusieurs jours, tout en \u00e9tant enti\u00e8rement biod\u00e9gradables. Apr\u00e8s l&#039;\u00e9v\u00e9nement, les participants peuvent planter la carte enti\u00e8re dans un jardin ou un parc, o\u00f9 les graines germeront et donneront naissance \u00e0 des arbres, laissant ainsi un h\u00e9ritage \u00e9cologique positif et durable, bien apr\u00e8s la fin de votre \u00e9v\u00e9nement.<\/p>\n<h2 data-path-to-node=\"14\">Caract\u00e9ristiques principales<\/h2>\n<ul data-path-to-node=\"15\">\n<li>\n<p data-path-to-node=\"15,0,0\"><b data-path-to-node=\"15,0,0\" data-index-in-node=\"0\">Impression de donn\u00e9es variables (VDP)\u00a0:<\/b> Nous pouvons imprimer directement sur chaque carte le nom de chaque participant, un code QR ou un num\u00e9ro de si\u00e8ge, ce qui rend chaque badge unique et pr\u00eat \u00e0 \u00eatre distribu\u00e9.<\/p>\n<\/li>\n<li>\n<p data-path-to-node=\"15,1,0\"><b data-path-to-node=\"15,1,0\" data-index-in-node=\"0\">Conteneur \u00e0 graines innovant\u00a0:<\/b> Les graines sont conserv\u00e9es dans une capsule d\u00e9corative en MDF appos\u00e9e sur le recto de la carte, cr\u00e9ant ainsi un point de discussion visuel imm\u00e9diat sur le th\u00e8me du d\u00e9veloppement durable.<\/p>\n<\/li>\n<li>\n<p data-path-to-node=\"15,2,0\"><b data-path-to-node=\"15,2,0\" data-index-in-node=\"0\">Identit\u00e9 visuelle en couleur :<\/b> L&#039;impression CMJN haute r\u00e9solution est disponible \u00e0 la fois au recto (4+0) et au verso (4+4) pour mettre en valeur de mani\u00e8re \u00e9clatante le logo de votre \u00e9v\u00e9nement.<\/p>\n<\/li>\n<li>\n<p data-path-to-node=\"15,3,0\"><b data-path-to-node=\"15,3,0\" data-index-in-node=\"0\">Valeur \u00e9ducative :<\/b> Des instructions de plantation claires sont imprim\u00e9es au verso, guidant l&#039;utilisateur sur la mani\u00e8re de transformer sa carte d&#039;identit\u00e9 en arbre.<\/p>\n<\/li>\n<\/ul>\n<h2 data-path-to-node=\"16\">Caract\u00e9ristiques<\/h2>\n<ul data-path-to-node=\"17\">\n<li>\n<p data-path-to-node=\"17,0,0\"><b data-path-to-node=\"17,0,0\" data-index-in-node=\"0\">Dimensions:<\/b> 60 mm x 90 mm.<\/p>\n<\/li>\n<li>\n<p data-path-to-node=\"17,1,0\"><b data-path-to-node=\"17,1,0\" data-index-in-node=\"0\">Mat\u00e9riel:<\/b> Papier impr\u00e9gn\u00e9 (biod\u00e9gradable) + conteneur \u00e0 graines en MDF.<\/p>\n<\/li>\n<li>\n<p data-path-to-node=\"17,2,0\"><b data-path-to-node=\"17,2,0\" data-index-in-node=\"0\">Type de graine :<\/b> Tilleul (<i data-path-to-node=\"17,2,0\" data-index-in-node=\"24\">Tilia<\/i>).<\/p>\n<\/li>\n<li>\n<p data-path-to-node=\"17,3,0\"><b data-path-to-node=\"17,3,0\" data-index-in-node=\"0\">Orientation:<\/b> Options verticales ou horizontales disponibles.<\/p>\n<\/li>\n<li>\n<p data-path-to-node=\"17,4,0\"><b data-path-to-node=\"17,4,0\" data-index-in-node=\"0\">Impression:<\/b> CMJN num\u00e9rique (compatible avec les donn\u00e9es variables).<\/p>\n<\/li>\n<li>\n<p data-path-to-node=\"17,5,0\"><b data-path-to-node=\"17,5,0\" data-index-in-node=\"0\">D\u00e9lai de production :<\/b> Environ 2 semaines apr\u00e8s l&#039;approbation.<\/p>\n<\/li>\n<li>\n<p data-path-to-node=\"17,6,0\"><b data-path-to-node=\"17,6,0\" data-index-in-node=\"0\">Quantit\u00e9 minimale de commande\u00a0:<\/b> 100 unit\u00e9s.<\/p>\n<\/li>\n<\/ul>\n<h2 data-path-to-node=\"18\">Cas d&#039;utilisation<\/h2>\n<ul data-path-to-node=\"19\">\n<li>\n<p data-path-to-node=\"19,0,0\"><b data-path-to-node=\"19,0,0\" data-index-in-node=\"0\">Conf\u00e9rences durables :<\/b> Le label \u201c vert \u201d par excellence pour les sommets environnementaux et les forums sur le climat.<\/p>\n<\/li>\n<li>\n<p data-path-to-node=\"19,1,0\"><b data-path-to-node=\"19,1,0\" data-index-in-node=\"0\">\u00c9v\u00e9nements RSE d&#039;entreprise\u00a0:<\/b> D\u00e9montrez l&#039;engagement de votre entreprise envers l&#039;environnement avec des badges qui contribuent \u00e0 la protection de la nature.<\/p>\n<\/li>\n<li>\n<p data-path-to-node=\"19,2,0\"><b data-path-to-node=\"19,2,0\" data-index-in-node=\"0\">F\u00eates de la nature :<\/b> Id\u00e9al pour les \u00e9v\u00e9nements en plein air o\u00f9 les d\u00e9chets plastiques sont strictement r\u00e9duits.<\/p>\n<\/li>\n<li>\n<p data-path-to-node=\"19,3,0\"><b data-path-to-node=\"19,3,0\" data-index-in-node=\"0\">Invitations VIP :<\/b> Peuvent \u00e9galement servir d&#039;invitations haut de gamme \u00e0 planter pour des galas exclusifs.<\/p>\n<\/li>\n<\/ul>","protected":false},"excerpt":{"rendered":"<ul data-path-to-node=\"11\">\n<li>\n<p data-path-to-node=\"11,0,0\"><b data-path-to-node=\"11,0,0\" data-index-in-node=\"0\">Caract\u00e9ristique \u00e9cologique :<\/b> Carte en papier impr\u00e9gn\u00e9 avec un contenant en MDF visible renfermant de v\u00e9ritables graines de tilleul.<\/p>\n<\/li>\n<li>\n<p data-path-to-node=\"11,1,0\"><b data-path-to-node=\"11,1,0\" data-index-in-node=\"0\">Personnalisation:<\/b> Prend en charge l&#039;impression de donn\u00e9es variables (VDP) \u2013 imprimez les noms, codes ou titres individuels des participants sur chaque carte.<\/p>\n<\/li>\n<li>\n<p data-path-to-node=\"11,2,0\"><b data-path-to-node=\"11,2,0\" data-index-in-node=\"0\">Conception:<\/b> Impression CMJN en couleur (recto ou recto verso) avec instructions de plantation au verso.<\/p>\n<\/li>\n<li>\n<p data-path-to-node=\"11,3,0\"><b data-path-to-node=\"11,3,0\" data-index-in-node=\"0\">Format:<\/b> Format standard 60 x 90 mm, disponible en orientation verticale ou horizontale.<\/p>\n<\/li>\n<\/ul>","protected":false},"featured_media":6293,"comment_status":"closed","ping_status":"closed","template":"","meta":[],"product_brand":[],"product_cat":[90,91],"product_tag":[],"class_list":{"0":"post-6193","1":"product","2":"type-product","3":"status-publish","4":"has-post-thumbnail","6":"product_cat-laminated-cards","7":"product_cat-badge-holders","9":"first","10":"instock","11":"shipping-taxable","12":"purchasable","13":"product-type-simple"},"_links":{"self":[{"href":"https:\/\/displayproducts.eu\/fr\/wp-json\/wp\/v2\/product\/6193","targetHints":{"allow":["GET"]}}],"collection":[{"href":"https:\/\/displayproducts.eu\/fr\/wp-json\/wp\/v2\/product"}],"about":[{"href":"https:\/\/displayproducts.eu\/fr\/wp-json\/wp\/v2\/types\/product"}],"replies":[{"embeddable":true,"href":"https:\/\/displayproducts.eu\/fr\/wp-json\/wp\/v2\/comments?post=6193"}],"wp:featuredmedia":[{"embeddable":true,"href":"https:\/\/displayproducts.eu\/fr\/wp-json\/wp\/v2\/media\/6293"}],"wp:attachment":[{"href":"https:\/\/displayproducts.eu\/fr\/wp-json\/wp\/v2\/media?parent=6193"}],"wp:term":[{"taxonomy":"product_brand","embeddable":true,"href":"https:\/\/displayproducts.eu\/fr\/wp-json\/wp\/v2\/product_brand?post=6193"},{"taxonomy":"product_cat","embeddable":true,"href":"https:\/\/displayproducts.eu\/fr\/wp-json\/wp\/v2\/product_cat?post=6193"},{"taxonomy":"product_tag","embeddable":true,"href":"https:\/\/displayproducts.eu\/fr\/wp-json\/wp\/v2\/product_tag?post=6193"}],"curies":[{"name":"wp","href":"https:\/\/api.w.org\/{rel}","templated":true}]}}