{"id":6191,"date":"2025-12-20T16:49:13","date_gmt":"2025-12-20T13:49:13","guid":{"rendered":"https:\/\/wristbandfactory.eu\/?post_type=product&#038;p=6191"},"modified":"2026-04-01T21:52:34","modified_gmt":"2026-04-01T18:52:34","slug":"custom-wooden-id-cards-event-badges-eco-plywood","status":"publish","type":"product","link":"https:\/\/displayproducts.eu\/fr\/p\/custom-wooden-id-cards-event-badges-eco-plywood\/","title":{"rendered":"Badges \u00e9v\u00e9nementiels en bois"},"content":{"rendered":"<p data-path-to-node=\"12\">D\u00e9marquez-vous avec notre <b data-path-to-node=\"12\" data-index-in-node=\"44\">Cartes d&#039;identit\u00e9 en bois personnalis\u00e9es<\/b>, Une alternative \u00e9l\u00e9gante et durable aux badges traditionnels en PVC. Fabriqu\u00e9es en contreplaqu\u00e9 de haute qualit\u00e9 de 3 mm, ces cartes offrent une esth\u00e9tique naturelle et professionnelle, en parfaite ad\u00e9quation avec les valeurs \u00e9co-responsables des marques.<\/p>\n<p data-path-to-node=\"13\">Id\u00e9ales pour les conf\u00e9rences, les \u00e9v\u00e9nements VIP et l&#039;identification d&#039;entreprise, chaque carte pr\u00e9sente un veinage de bois distinct, ce qui rend chaque pi\u00e8ce unique. L\u00e9g\u00e8res et r\u00e9sistantes, elles conviennent parfaitement aux \u00e9v\u00e9nements de plusieurs jours.<\/p>\n<p data-path-to-node=\"14\"><b data-path-to-node=\"14\" data-index-in-node=\"0\">Impression et finition :<\/b> Nous proposons une impression en couleur \u00e9clatante pour afficher votre logo, les noms des participants ou des codes QR.<\/p>\n<ul data-path-to-node=\"15\">\n<li>\n<p data-path-to-node=\"15,0,0\"><b data-path-to-node=\"15,0,0\" data-index-in-node=\"0\">Finition standard :<\/b> Les cartes sont vernies sur une face en standard afin de prot\u00e9ger la surface et l&#039;impression.<\/p>\n<\/li>\n<li>\n<p data-path-to-node=\"15,1,0\"><b data-path-to-node=\"15,1,0\" data-index-in-node=\"0\">Option double face :<\/b> Pour l&#039;impression recto verso, nous recommandons fortement l&#039;ajout de vernis sur la deuxi\u00e8me face afin d&#039;\u00e9viter la d\u00e9coloration et l&#039;usure (disponible en option).<\/p>\n<\/li>\n<\/ul>\n<h2 data-path-to-node=\"16\">Caract\u00e9ristiques principales<\/h2>\n<ul data-path-to-node=\"17\">\n<li>\n<p data-path-to-node=\"17,0,0\"><b data-path-to-node=\"17,0,0\" data-index-in-node=\"0\">Esth\u00e9tique naturelle :<\/b> La texture chaleureuse du bois offre un aspect et un toucher haut de gamme que le plastique ne peut \u00e9galer.<\/p>\n<\/li>\n<li>\n<p data-path-to-node=\"17,1,0\"><b data-path-to-node=\"17,1,0\" data-index-in-node=\"0\">Personnalisation compl\u00e8te :<\/b> Prend en charge l&#039;impression num\u00e9rique en couleur sur une ou deux faces.<\/p>\n<\/li>\n<li>\n<p data-path-to-node=\"17,2,0\"><b data-path-to-node=\"17,2,0\" data-index-in-node=\"0\">Durabilit\u00e9:<\/b> Trait\u00e9e avec un vernis protecteur pour r\u00e9sister \u00e0 l&#039;humidit\u00e9 et \u00e0 l&#039;usure quotidienne.<\/p>\n<\/li>\n<li>\n<p data-path-to-node=\"17,3,0\"><b data-path-to-node=\"17,3,0\" data-index-in-node=\"0\">Ajustement universel :<\/b> Comprend un trou pr\u00e9-perc\u00e9 (taille standard) pour une fixation facile \u00e0 n&#039;importe quelle lani\u00e8re ou clip.<\/p>\n<\/li>\n<li>\n<p data-path-to-node=\"17,4,0\"><b data-path-to-node=\"17,4,0\" data-index-in-node=\"0\">Choix durable\u00a0:<\/b> Fabriqu\u00e9 \u00e0 partir de sources de bois renouvelables, r\u00e9duisant ainsi l&#039;empreinte plastique de votre \u00e9v\u00e9nement.<\/p>\n<\/li>\n<\/ul>\n<h2 data-path-to-node=\"18\">Caract\u00e9ristiques<\/h2>\n<ul data-path-to-node=\"19\">\n<li>\n<p data-path-to-node=\"19,0,0\"><b data-path-to-node=\"19,0,0\" data-index-in-node=\"0\">Dimensions:<\/b> 100 mm x 50 mm x 3 mm.<\/p>\n<\/li>\n<li>\n<p data-path-to-node=\"19,1,0\"><b data-path-to-node=\"19,1,0\" data-index-in-node=\"0\">Mat\u00e9riel:<\/b> Contreplaqu\u00e9 naturel.<\/p>\n<\/li>\n<li>\n<p data-path-to-node=\"19,2,0\"><b data-path-to-node=\"19,2,0\" data-index-in-node=\"0\">Poids:<\/b> Ultra-l\u00e9ger pour un confort optimal.<\/p>\n<\/li>\n<li>\n<p data-path-to-node=\"19,3,0\"><b data-path-to-node=\"19,3,0\" data-index-in-node=\"0\">Perforatrice :<\/b> Trou sup\u00e9rieur centr\u00e9 (rond ou oblong, g\u00e9n\u00e9ralement standard).<\/p>\n<\/li>\n<li>\n<p data-path-to-node=\"19,4,0\"><b data-path-to-node=\"19,4,0\" data-index-in-node=\"0\">Quantit\u00e9 minimale de commande\u00a0:<\/b> 100 unit\u00e9s.<\/p>\n<\/li>\n<\/ul>\n<h2 data-path-to-node=\"20\">Cas d&#039;utilisation<\/h2>\n<ul data-path-to-node=\"21\">\n<li>\n<p data-path-to-node=\"21,0,0\"><b data-path-to-node=\"21,0,0\" data-index-in-node=\"0\">Conf\u00e9rences vertes :<\/b> L&#039;accessoire indispensable pour les sommets ax\u00e9s sur le d\u00e9veloppement durable.<\/p>\n<\/li>\n<li>\n<p data-path-to-node=\"21,1,0\"><b data-path-to-node=\"21,1,0\" data-index-in-node=\"0\">Pass VIP :<\/b> Acc\u00e8s exclusif aux coulisses ou laissez-passer pour invit\u00e9s sp\u00e9ciaux, pour une exp\u00e9rience haut de gamme.<\/p>\n<\/li>\n<li>\n<p data-path-to-node=\"21,2,0\"><b data-path-to-node=\"21,2,0\" data-index-in-node=\"0\">Identifiant du personnel\u00a0:<\/b> Des badges d&#039;identification quotidiens, durables et \u00e9l\u00e9gants, pour les entreprises \u00e9co-responsables.<\/p>\n<\/li>\n<li>\n<p data-path-to-node=\"21,3,0\"><b data-path-to-node=\"21,3,0\" data-index-in-node=\"0\">Cadeaux d&#039;entreprise :<\/b> Peuvent servir d&#039;\u00e9tiquettes \u00e0 bagages ou de petits souvenirs.<\/p>\n<\/li>\n<\/ul>","protected":false},"excerpt":{"rendered":"<ul>\n<li>\n<p data-path-to-node=\"11,0,0\"><b data-path-to-node=\"11,0,0\" data-index-in-node=\"0\">Mat\u00e9riel:<\/b> Contreplaqu\u00e9 de haute qualit\u00e9 de 3 mm (finition naturelle).<\/p>\n<\/li>\n<li>\n<p data-path-to-node=\"11,1,0\"><b data-path-to-node=\"11,1,0\" data-index-in-node=\"0\">Dimensions:<\/b> 10 cm x 5 cm (L\u00e9ger et durable).<\/p>\n<\/li>\n<li>\n<p data-path-to-node=\"11,2,0\"><b data-path-to-node=\"11,2,0\" data-index-in-node=\"0\">Protection:<\/b> Vernis standard sur une face pour une meilleure durabilit\u00e9 (double face en option).<\/p>\n<\/li>\n<li>\n<p data-path-to-node=\"11,3,0\"><b data-path-to-node=\"11,3,0\" data-index-in-node=\"0\">Pi\u00e8ce jointe:<\/b> Trou pr\u00e9-perc\u00e9 compatible avec toutes les lani\u00e8res standard.<\/p>\n<\/li>\n<li>\n<p data-path-to-node=\"11,4,0\"><b data-path-to-node=\"11,4,0\" data-index-in-node=\"0\">\u00c9cologique:<\/b> Une alternative biod\u00e9gradable et sans plastique pour des \u00e9v\u00e9nements \u00e9coresponsables.<\/p>\n<\/li>\n<\/ul>","protected":false},"featured_media":6192,"comment_status":"closed","ping_status":"closed","template":"","meta":[],"product_brand":[],"product_cat":[91],"product_tag":[],"class_list":{"0":"post-6191","1":"product","2":"type-product","3":"status-publish","4":"has-post-thumbnail","6":"product_cat-badge-holders","8":"first","9":"instock","10":"shipping-taxable","11":"purchasable","12":"product-type-simple"},"_links":{"self":[{"href":"https:\/\/displayproducts.eu\/fr\/wp-json\/wp\/v2\/product\/6191","targetHints":{"allow":["GET"]}}],"collection":[{"href":"https:\/\/displayproducts.eu\/fr\/wp-json\/wp\/v2\/product"}],"about":[{"href":"https:\/\/displayproducts.eu\/fr\/wp-json\/wp\/v2\/types\/product"}],"replies":[{"embeddable":true,"href":"https:\/\/displayproducts.eu\/fr\/wp-json\/wp\/v2\/comments?post=6191"}],"wp:featuredmedia":[{"embeddable":true,"href":"https:\/\/displayproducts.eu\/fr\/wp-json\/wp\/v2\/media\/6192"}],"wp:attachment":[{"href":"https:\/\/displayproducts.eu\/fr\/wp-json\/wp\/v2\/media?parent=6191"}],"wp:term":[{"taxonomy":"product_brand","embeddable":true,"href":"https:\/\/displayproducts.eu\/fr\/wp-json\/wp\/v2\/product_brand?post=6191"},{"taxonomy":"product_cat","embeddable":true,"href":"https:\/\/displayproducts.eu\/fr\/wp-json\/wp\/v2\/product_cat?post=6191"},{"taxonomy":"product_tag","embeddable":true,"href":"https:\/\/displayproducts.eu\/fr\/wp-json\/wp\/v2\/product_tag?post=6191"}],"curies":[{"name":"wp","href":"https:\/\/api.w.org\/{rel}","templated":true}]}}