{"id":6179,"date":"2025-12-20T16:26:50","date_gmt":"2025-12-20T13:26:50","guid":{"rendered":"https:\/\/wristbandfactory.eu\/?post_type=product&#038;p=6179"},"modified":"2026-04-01T21:52:03","modified_gmt":"2026-04-01T18:52:03","slug":"custom-branded-plant-growing-kits-green-gifts","status":"publish","type":"product","link":"https:\/\/displayproducts.eu\/fr\/p\/custom-branded-plant-growing-kits-green-gifts\/","title":{"rendered":"Kits de plantation personnalis\u00e9s"},"content":{"rendered":"<p data-path-to-node=\"12\">Apportez la nature au bureau ou \u00e0 la accueil gr\u00e2ce \u00e0 notre gamme polyvalente de <b data-path-to-node=\"12\" data-index-in-node=\"90\">Kits de culture de plantes personnalis\u00e9s<\/b>. Ces \u201c\u00a0cadeaux verts\u00a0\u201d sont parfaits pour les entreprises qui souhaitent mettre l&#039;accent sur le d\u00e9veloppement durable, le bien-\u00eatre et la croissance. Que ce soit pour la Journ\u00e9e de la Terre, des cadeaux de remerciement aux employ\u00e9s ou des pr\u00e9sents promotionnels \u00e9coresponsables, une plante vivante laisse une impression durable.<\/p>\n<p data-path-to-node=\"13\">Nous proposons une grande vari\u00e9t\u00e9 de formats pour tous les budgets et tous les styles. Des ensembles en c\u00e9ramique haut de gamme, parfaits pour d\u00e9corer un rebord de fen\u00eatre, aux kits compacts en Bio-PET pour une distribution \u00e0 grande \u00e9chelle, chaque kit est pr\u00eat \u00e0 l&#039;emploi\u00a0: terreau et graines sont inclus.<\/p>\n<h2 data-path-to-node=\"14\">Configurations disponibles<\/h2>\n<p data-path-to-node=\"15\">Vous pouvez combiner diff\u00e9rents styles ou en s\u00e9lectionner certains parmi notre collection\u00a0:<\/p>\n<ul data-path-to-node=\"16\">\n<li>\n<p data-path-to-node=\"16,0,0\"><b data-path-to-node=\"16,0,0\" data-index-in-node=\"0\">Ensembles de pots en c\u00e9ramique :<\/b> Disponible en coffret standard de 3 ou en coffret XXL impressionnant. Un design haut de gamme, id\u00e9al pour les cadeaux d&#039;affaires.<\/p>\n<\/li>\n<li>\n<p data-path-to-node=\"16,1,0\"><b data-path-to-node=\"16,1,0\" data-index-in-node=\"0\">Kits EcoCup et Bio-PET\u00a0:<\/b> Contenants l\u00e9gers et durables, fabriqu\u00e9s \u00e0 partir de mat\u00e9riaux recycl\u00e9s ou de bioplastiques. Id\u00e9aux pour les envois postaux et les \u00e9v\u00e9nements.<\/p>\n<\/li>\n<li>\n<p data-path-to-node=\"16,2,0\"><b data-path-to-node=\"16,2,0\" data-index-in-node=\"0\">M\u00e9lange de graines anti-smog\u00a0:<\/b> M\u00e9langes de graines sp\u00e9ciaux con\u00e7us pour purifier l&#039;air, conditionn\u00e9s dans des emballages \u00e9cologiques.<\/p>\n<\/li>\n<li>\n<p data-path-to-node=\"16,3,0\"><b data-path-to-node=\"16,3,0\" data-index-in-node=\"0\">Bouquets en flacons :<\/b> Un concept unique de \u201c fleur en flacon \u201d (\u00e0 l&#039;unit\u00e9 ou par lot de 3) \u2013 une approche minimaliste et moderne du cadeau floral.<\/p>\n<\/li>\n<li>\n<p data-path-to-node=\"16,4,0\"><b data-path-to-node=\"16,4,0\" data-index-in-node=\"0\">Kits Mini et Doubles :<\/b> Kits individuels compacts ou bo\u00eetes \u201c Deux en Un \u201d pour plus de vari\u00e9t\u00e9.<\/p>\n<\/li>\n<\/ul>\n<h2 data-path-to-node=\"17\">Caract\u00e9ristiques principales<\/h2>\n<ul data-path-to-node=\"18\">\n<li>\n<p data-path-to-node=\"18,0,0\"><b data-path-to-node=\"18,0,0\" data-index-in-node=\"0\">Pr\u00eat \u00e0 pousser :<\/b> Tous les kits comprennent des pastilles de terreau compress\u00e9 et des graines de haute qualit\u00e9 (herbes aromatiques, fleurs ou arbres).<\/p>\n<\/li>\n<li>\n<p data-path-to-node=\"18,1,0\"><b data-path-to-node=\"18,1,0\" data-index-in-node=\"0\">Zone de marque\u00a0:<\/b> Grande surface sur les pots, les tasses ou les emballages pour votre logo et votre message.<\/p>\n<\/li>\n<li>\n<p data-path-to-node=\"18,2,0\"><b data-path-to-node=\"18,2,0\" data-index-in-node=\"0\">Message durable :<\/b> Associez votre marque \u00e0 la protection de l&#039;environnement et \u00e0 la croissance positive.<\/p>\n<\/li>\n<li>\n<p data-path-to-node=\"18,3,0\"><b data-path-to-node=\"18,3,0\" data-index-in-node=\"0\">Exposition prolong\u00e9e :<\/b> Contrairement \u00e0 un prospectus, une plante reste sur un bureau pendant des mois, voire des ann\u00e9es, assurant ainsi la visibilit\u00e9 de votre marque.<\/p>\n<\/li>\n<\/ul>\n<h2 data-path-to-node=\"19\">Caract\u00e9ristiques<\/h2>\n<ul data-path-to-node=\"20\">\n<li>\n<p data-path-to-node=\"20,0,0\"><b data-path-to-node=\"20,0,0\" data-index-in-node=\"0\">Options de mat\u00e9riaux :<\/b> C\u00e9ramique, plastique bio-PET, papier\/carton recycl\u00e9, verre (flacons).<\/p>\n<\/li>\n<li>\n<p data-path-to-node=\"20,1,0\"><b data-path-to-node=\"20,1,0\" data-index-in-node=\"0\">Options de semences\u00a0:<\/b> Basilic, menthe, persil, tournesol, myosotis, m\u00e9lange anti-smog, et bien plus encore.<\/p>\n<\/li>\n<li>\n<p data-path-to-node=\"20,2,0\"><b data-path-to-node=\"20,2,0\" data-index-in-node=\"0\">Impression:<\/b> Impression par tampographie (sur surfaces dures) ou \u00e9tiquette\/manchon num\u00e9rique (sur emballage).<\/p>\n<\/li>\n<li>\n<p data-path-to-node=\"20,3,0\"><b data-path-to-node=\"20,3,0\" data-index-in-node=\"0\">Quantit\u00e9 minimale de commande\u00a0:<\/b> 50 unit\u00e9s (varie selon le mod\u00e8le sp\u00e9cifique).<\/p>\n<\/li>\n<\/ul>","protected":false},"excerpt":{"rendered":"<ul data-path-to-node=\"11\">\n<li>\n<p data-path-to-node=\"11,0,0\"><b data-path-to-node=\"11,0,0\" data-index-in-node=\"0\">Vari\u00e9t\u00e9:<\/b> Disponible en c\u00e9ramique (lot de 3\/XXL), en Bio-PET, en EcoCup ou en flacon de verre.<\/p>\n<\/li>\n<li>\n<p data-path-to-node=\"11,1,0\"><b data-path-to-node=\"11,1,0\" data-index-in-node=\"0\">Kit complet :<\/b> Comprend tout le n\u00e9cessaire pour la culture : pot\/r\u00e9cipient, pastilles de terreau et graines.<\/p>\n<\/li>\n<li>\n<p data-path-to-node=\"11,2,0\"><b data-path-to-node=\"11,2,0\" data-index-in-node=\"0\">\u00c9cologique:<\/b> Des mat\u00e9riaux durables comme le plastique recycl\u00e9, la c\u00e9ramique et les m\u00e9langes de plantes anti-smog.<\/p>\n<\/li>\n<li>\n<p data-path-to-node=\"11,3,0\"><b data-path-to-node=\"11,3,0\" data-index-in-node=\"0\">Personnalisation:<\/b> Impression par tampographie ou \u00e9tiquetage en couleur sur le contenant ou l&#039;emballage.<\/p>\n<\/li>\n<\/ul>","protected":false},"featured_media":6295,"comment_status":"closed","ping_status":"closed","template":"","meta":[],"product_brand":[],"product_cat":[121],"product_tag":[],"class_list":{"0":"post-6179","1":"product","2":"type-product","3":"status-publish","4":"has-post-thumbnail","6":"product_cat-promotional-merchandise","8":"first","9":"instock","10":"shipping-taxable","11":"purchasable","12":"product-type-simple"},"_links":{"self":[{"href":"https:\/\/displayproducts.eu\/fr\/wp-json\/wp\/v2\/product\/6179","targetHints":{"allow":["GET"]}}],"collection":[{"href":"https:\/\/displayproducts.eu\/fr\/wp-json\/wp\/v2\/product"}],"about":[{"href":"https:\/\/displayproducts.eu\/fr\/wp-json\/wp\/v2\/types\/product"}],"replies":[{"embeddable":true,"href":"https:\/\/displayproducts.eu\/fr\/wp-json\/wp\/v2\/comments?post=6179"}],"wp:featuredmedia":[{"embeddable":true,"href":"https:\/\/displayproducts.eu\/fr\/wp-json\/wp\/v2\/media\/6295"}],"wp:attachment":[{"href":"https:\/\/displayproducts.eu\/fr\/wp-json\/wp\/v2\/media?parent=6179"}],"wp:term":[{"taxonomy":"product_brand","embeddable":true,"href":"https:\/\/displayproducts.eu\/fr\/wp-json\/wp\/v2\/product_brand?post=6179"},{"taxonomy":"product_cat","embeddable":true,"href":"https:\/\/displayproducts.eu\/fr\/wp-json\/wp\/v2\/product_cat?post=6179"},{"taxonomy":"product_tag","embeddable":true,"href":"https:\/\/displayproducts.eu\/fr\/wp-json\/wp\/v2\/product_tag?post=6179"}],"curies":[{"name":"wp","href":"https:\/\/api.w.org\/{rel}","templated":true}]}}