{"id":6171,"date":"2025-12-19T22:38:05","date_gmt":"2025-12-19T19:38:05","guid":{"rendered":"https:\/\/wristbandfactory.eu\/?post_type=product&#038;p=6171"},"modified":"2026-04-01T21:52:34","modified_gmt":"2026-04-01T18:52:34","slug":"custom-handheld-led-mini-fans-battery-operated","status":"publish","type":"product","link":"https:\/\/displayproducts.eu\/fr\/p\/custom-handheld-led-mini-fans-battery-operated\/","title":{"rendered":"Mini ventilateurs portables LED"},"content":{"rendered":"<div style=\"width: 480px;\" class=\"wp-video\"><video class=\"wp-video-shortcode\" id=\"video-6171-1\" width=\"480\" height=\"834\" preload=\"metadata\" controls=\"controls\"><source type=\"video\/mp4\" src=\"https:\/\/displayproducts.eu\/wp-content\/uploads\/2025\/12\/wedding-fan.mp4?_=1\" \/><a href=\"https:\/\/displayproducts.eu\/wp-content\/uploads\/2025\/12\/wedding-fan.mp4\">https:\/\/displayproducts.eu\/wp-content\/uploads\/2025\/12\/wedding-fan.mp4<\/a><\/video><\/div>\n<p data-path-to-node=\"10\">Transformez n&#039;importe quelle piste de danse ou soir\u00e9e en un spectacle lumineux gr\u00e2ce \u00e0 nos \u00e9ventails LED portables personnalis\u00e9s. Bien plus que de sans impressions accessoires rafra\u00eechissants, ce sont de v\u00e9ritables \u00e9l\u00e9ments visuels percutants que vos invit\u00e9s adorent utiliser pour leurs photos et leurs publications sur les r\u00e9seaux sociaux. Particuli\u00e8rement appr\u00e9ci\u00e9s lors des after-parties de mariage et des festivals de musique, ces \u00e9ventails allient l&#039;\u00e9l\u00e9gance traditionnelle d&#039;un \u00e9ventail pliant \u00e0 la technologie LED moderne.<\/p>\n<p data-path-to-node=\"11\">Disponibles en plusieurs coloris de tissu (dont le blanc classique pour les mariages) et de LED, ces \u00e9ventails peuvent \u00eatre personnalis\u00e9s pour s&#039;harmoniser parfaitement avec le th\u00e8me de votre \u00e9v\u00e9nement. Qu&#039;il s&#039;agisse d&#039;une grande f\u00eate ou d&#039;une r\u00e9ception de mariage intime, ils garantissent une visibilit\u00e9 optimale de votre marque ou de votre message, m\u00eame dans l&#039;obscurit\u00e9.<\/p>\n<h2 data-path-to-node=\"12\">Caract\u00e9ristiques principales<\/h2>\n<ul data-path-to-node=\"13\">\n<li>\n<p data-path-to-node=\"13,0,0\"><b data-path-to-node=\"13,0,0\" data-index-in-node=\"0\">Cr\u00e9ateur d&#039;atmosph\u00e8re :<\/b> Cr\u00e9e un effet \u201c wow \u201d instantan\u00e9 lorsque les lumi\u00e8res s&#039;\u00e9teignent.<\/p>\n<\/li>\n<li>\n<p data-path-to-node=\"13,1,0\"><b data-path-to-node=\"13,1,0\" data-index-in-node=\"0\">Grande zone de marquage :<\/b> La surface du tissu offre un espace suffisant pour l&#039;impression de logos, de hashtags ou de dates de mariage.<\/p>\n<\/li>\n<li>\n<p data-path-to-node=\"13,2,0\"><b data-path-to-node=\"13,2,0\" data-index-in-node=\"0\">Convivial:<\/b> Fonctionnement sans impression \u00e0 un seul bouton pour basculer entre les diff\u00e9rents modes de clignotement.<\/p>\n<\/li>\n<li>\n<p data-path-to-node=\"13,3,0\"><b data-path-to-node=\"13,3,0\" data-index-in-node=\"0\">Construction durable :<\/b> Fabriqu\u00e9 avec des nervures en plastique robuste et un tissu diffusant la lumi\u00e8re pour r\u00e9sister \u00e0 une utilisation intensive.<\/p>\n<\/li>\n<\/ul>\n<h2 data-path-to-node=\"14\">Caract\u00e9ristiques<\/h2>\n<ul data-path-to-node=\"15\">\n<li>\n<p data-path-to-node=\"15,0,0\"><b data-path-to-node=\"15,0,0\" data-index-in-node=\"0\">Mat\u00e9riel:<\/b> Nervures en plastique + Tissu en nylon\/polyester diffusant la lumi\u00e8re.<\/p>\n<\/li>\n<li>\n<p data-path-to-node=\"15,1,0\"><b data-path-to-node=\"15,1,0\" data-index-in-node=\"0\">Taille:<\/b> Environ 27 cm (pli\u00e9) \/ 48-50 cm (largeur ouverte).<\/p>\n<\/li>\n<li>\n<p data-path-to-node=\"15,2,0\"><b data-path-to-node=\"15,2,0\" data-index-in-node=\"0\">Couleurs des LED :<\/b> Blanc, Bleu, Rouge, Vert, Rose, RGB (Multicolore).<\/p>\n<\/li>\n<li>\n<p data-path-to-node=\"15,3,0\"><b data-path-to-node=\"15,3,0\" data-index-in-node=\"0\">Piles :<\/b> Pile incluse et rempla\u00e7able (g\u00e9n\u00e9ralement CR2032 ou similaire).<\/p>\n<\/li>\n<li>\n<p data-path-to-node=\"15,4,0\"><b data-path-to-node=\"15,4,0\" data-index-in-node=\"0\">M\u00e9thode d&#039;impression :<\/b> Impression s\u00e9rigraphique sur tissu ou poign\u00e9e.<\/p>\n<\/li>\n<\/ul>\n<h2 data-path-to-node=\"16\">Cas d&#039;utilisation<\/h2>\n<ul data-path-to-node=\"17\">\n<li>\n<p data-path-to-node=\"17,0,0\"><b data-path-to-node=\"17,0,0\" data-index-in-node=\"0\">Mariages :<\/b> Le cadeau id\u00e9al pour faire la f\u00eate jusqu&#039;au bout de la nuit (surtout pour les fans blancs).<\/p>\n<\/li>\n<li>\n<p data-path-to-node=\"17,1,0\"><b data-path-to-node=\"17,1,0\" data-index-in-node=\"0\">Festivals de musique et raves :<\/b> Article promotionnel tr\u00e8s demand\u00e9 par les participants.<\/p>\n<\/li>\n<li>\n<p data-path-to-node=\"17,2,0\"><b data-path-to-node=\"17,2,0\" data-index-in-node=\"0\">Bo\u00eetes de nuit :<\/b> Accessoires de marque pour les tables VIP ou les soir\u00e9es \u00e0 th\u00e8me.<\/p>\n<\/li>\n<li>\n<p data-path-to-node=\"17,3,0\"><b data-path-to-node=\"17,3,0\" data-index-in-node=\"0\">F\u00eates d&#039;entreprise :<\/b> Des cadeaux originaux pour briser la glace et \u00e9gayer l&#039;\u00e9v\u00e9nement.<\/p>\n<\/li>\n<\/ul>","protected":false},"excerpt":{"rendered":"<ul>\n<li>\n<p data-path-to-node=\"9,0,0\"><b data-path-to-node=\"9,0,0\" data-index-in-node=\"0\">Double fonction :<\/b> Permet de garder les invit\u00e9s au frais tout en cr\u00e9ant un spectacle de lumi\u00e8re \u00e9poustouflant.<\/p>\n<\/li>\n<li>\n<p data-path-to-node=\"9,1,0\"><b data-path-to-node=\"9,1,0\" data-index-in-node=\"0\">Personnalisable :<\/b> Imprimez votre logo ou la date de votre \u00e9v\u00e9nement sur le tissu ou la poign\u00e9e.<\/p>\n<\/li>\n<li>\n<p data-path-to-node=\"9,2,0\"><b data-path-to-node=\"9,2,0\" data-index-in-node=\"0\">Modes d&#039;\u00e9clairage\u00a0:<\/b> Plusieurs r\u00e9glages (clignotement rapide, clignotement lent, \u00e9clairage continu).<\/p>\n<\/li>\n<li>\n<p data-path-to-node=\"9,3,0\"><b data-path-to-node=\"9,3,0\" data-index-in-node=\"0\">Fonctionne sur piles :<\/b> Piles longue dur\u00e9e et rempla\u00e7ables incluses.<\/p>\n<\/li>\n<\/ul>","protected":false},"featured_media":6172,"comment_status":"closed","ping_status":"closed","template":"","meta":[],"product_brand":[],"product_cat":[76,123],"product_tag":[],"class_list":{"0":"post-6171","1":"product","2":"type-product","3":"status-publish","4":"has-post-thumbnail","6":"product_cat-glow-led-products","7":"product_cat-fan-cheering-items","9":"first","10":"instock","11":"shipping-taxable","12":"purchasable","13":"product-type-simple"},"_links":{"self":[{"href":"https:\/\/displayproducts.eu\/fr\/wp-json\/wp\/v2\/product\/6171","targetHints":{"allow":["GET"]}}],"collection":[{"href":"https:\/\/displayproducts.eu\/fr\/wp-json\/wp\/v2\/product"}],"about":[{"href":"https:\/\/displayproducts.eu\/fr\/wp-json\/wp\/v2\/types\/product"}],"replies":[{"embeddable":true,"href":"https:\/\/displayproducts.eu\/fr\/wp-json\/wp\/v2\/comments?post=6171"}],"wp:featuredmedia":[{"embeddable":true,"href":"https:\/\/displayproducts.eu\/fr\/wp-json\/wp\/v2\/media\/6172"}],"wp:attachment":[{"href":"https:\/\/displayproducts.eu\/fr\/wp-json\/wp\/v2\/media?parent=6171"}],"wp:term":[{"taxonomy":"product_brand","embeddable":true,"href":"https:\/\/displayproducts.eu\/fr\/wp-json\/wp\/v2\/product_brand?post=6171"},{"taxonomy":"product_cat","embeddable":true,"href":"https:\/\/displayproducts.eu\/fr\/wp-json\/wp\/v2\/product_cat?post=6171"},{"taxonomy":"product_tag","embeddable":true,"href":"https:\/\/displayproducts.eu\/fr\/wp-json\/wp\/v2\/product_tag?post=6171"}],"curies":[{"name":"wp","href":"https:\/\/api.w.org\/{rel}","templated":true}]}}