{"id":6165,"date":"2025-12-19T22:29:34","date_gmt":"2025-12-19T19:29:34","guid":{"rendered":"https:\/\/wristbandfactory.eu\/?post_type=product&#038;p=6165"},"modified":"2026-04-01T21:52:34","modified_gmt":"2026-04-01T18:52:34","slug":"custom-luggage-tags-bamboo-waterproof-paper-shaped","status":"publish","type":"product","link":"https:\/\/displayproducts.eu\/fr\/p\/custom-luggage-tags-bamboo-waterproof-paper-shaped\/","title":{"rendered":"\u00c9tiquettes \u00e0 bagages personnalis\u00e9es"},"content":{"rendered":"<p data-path-to-node=\"9\">Voyager cr\u00e9e des impressions, et notre gamme d&#039;\u00e9tiquettes \u00e0 bagages personnalis\u00e9es garantit que votre marque vous accompagne partout o\u00f9 vont vos clients. Con\u00e7ue pour durer et offrir une visibilit\u00e9 optimale, cette gamme de produits s&#039;adapte \u00e0 votre budget marketing et \u00e0 votre style, que vous recherchiez une solution \u00e9conomique pour une distribution massive ou un cadeau haut de gamme et \u00e9cologique.<\/p>\n<p data-path-to-node=\"10\"><b data-path-to-node=\"10\" data-index-in-node=\"0\">Choisissez votre style\u00a0:<\/b><\/p>\n<ol start=\"1\" data-path-to-node=\"11\">\n<li>\n<p data-path-to-node=\"11,0,0\"><b data-path-to-node=\"11,0,0\" data-index-in-node=\"0\">\u00c9tiquettes en papier synth\u00e9tique (r\u00e9sistantes \u00e0 l&#039;eau et aux d\u00e9chirures)\u00a0:<\/b> Ne vous laissez pas tromper par le mot \u201c\u00a0papier\u00a0\u201d. Ce mat\u00e9riau synth\u00e9tique de pointe est totalement imperm\u00e9able et ind\u00e9chirable, ce qui le rend id\u00e9al pour les voyages tout-terrain.<\/p>\n<ul data-path-to-node=\"11,0,1\">\n<li>\n<p data-path-to-node=\"11,0,1,0,0\"><b data-path-to-node=\"11,0,1,0,0\" data-index-in-node=\"0\">Forme standard :<\/b> Zone maximale pour les logos et les informations de contact.<\/p>\n<\/li>\n<li>\n<p data-path-to-node=\"11,0,1,1,0\"><b data-path-to-node=\"11,0,1,1,0\" data-index-in-node=\"0\">Forme d&#039;avion :<\/b> Un motif a\u00e9ronautique amusant et d\u00e9coup\u00e9, id\u00e9al pour les offices de tourisme et les compagnies a\u00e9riennes.<\/p>\n<\/li>\n<li>\n<p data-path-to-node=\"11,0,1,2,0\"><i data-path-to-node=\"11,0,1,2,0\" data-index-in-node=\"0\">Comprend une impression en couleur sur le devant.<\/i><\/p>\n<\/li>\n<\/ul>\n<\/li>\n<li>\n<p data-path-to-node=\"11,1,0\"><b data-path-to-node=\"11,1,0\" data-index-in-node=\"0\">\u00c9tiquettes en bambou (\u00e9co-premium) :<\/b> Pour un style durable et haut de gamme, choisissez nos \u00e9tiquettes en bambou naturel. Rigides et originales, elles se distinguent sur le carrousel.<\/p>\n<ul data-path-to-node=\"11,1,1\">\n<li>\n<p data-path-to-node=\"11,1,1,0,0\"><i data-path-to-node=\"11,1,1,0,0\" data-index-in-node=\"0\">Comprend une sangle et une boucle en plastique pour une fixation s\u00e9curis\u00e9e.<\/i><\/p>\n<\/li>\n<\/ul>\n<\/li>\n<\/ol>\n<h2 data-path-to-node=\"12\">Caract\u00e9ristiques principales<\/h2>\n<ul data-path-to-node=\"13\">\n<li>\n<p data-path-to-node=\"13,0,0\"><b data-path-to-node=\"13,0,0\" data-index-in-node=\"0\">Versatilit\u00e9:<\/b> Un seul produit, de multiples solutions. Combinez et adaptez selon les diff\u00e9rents segments de client\u00e8le (par exemple, du papier pour les passagers en classe \u00e9conomique, du bambou pour les VIP).<\/p>\n<\/li>\n<li>\n<p data-path-to-node=\"13,1,0\"><b data-path-to-node=\"13,1,0\" data-index-in-node=\"0\">Durabilit\u00e9 extr\u00eame :<\/b> Le papier synth\u00e9tique r\u00e9siste \u00e0 la pluie, \u00e0 l&#039;humidit\u00e9 et aux manipulations brutales des bagages sans se d\u00e9chirer.<\/p>\n<\/li>\n<li>\n<p data-path-to-node=\"13,2,0\"><b data-path-to-node=\"13,2,0\" data-index-in-node=\"0\">\u00c9co-responsable :<\/b> Le bambou offre une option de mat\u00e9riau renouvelable pour les campagnes de marketing vert.<\/p>\n<\/li>\n<li>\n<p data-path-to-node=\"13,3,0\"><b data-path-to-node=\"13,3,0\" data-index-in-node=\"0\">Haute visibilit\u00e9 :<\/b> Les larges zones d&#039;impression garantissent la visibilit\u00e9 de votre logo dans les a\u00e9roports du monde entier.<\/p>\n<\/li>\n<\/ul>\n<h2 data-path-to-node=\"14\">Caract\u00e9ristiques<\/h2>\n<ul data-path-to-node=\"15\">\n<li>\n<p data-path-to-node=\"15,0,0\"><b data-path-to-node=\"15,0,0\" data-index-in-node=\"0\">Mat\u00e9riels:<\/b> Papier synth\u00e9tique (m\u00e9lange de polypropyl\u00e8ne) OU bambou naturel.<\/p>\n<\/li>\n<li>\n<p data-path-to-node=\"15,1,0\"><b data-path-to-node=\"15,1,0\" data-index-in-node=\"0\">Propri\u00e9t\u00e9s des \u00e9tiquettes en papier\u00a0:<\/b> R\u00e9sistant \u00e0 l&#039;eau, ind\u00e9chirable, flexible.<\/p>\n<\/li>\n<li>\n<p data-path-to-node=\"15,2,0\"><b data-path-to-node=\"15,2,0\" data-index-in-node=\"0\">Propri\u00e9t\u00e9s des \u00e9tiquettes en bambou\u00a0:<\/b> Rigide, finition grain naturel.<\/p>\n<\/li>\n<li>\n<p data-path-to-node=\"15,3,0\"><b data-path-to-node=\"15,3,0\" data-index-in-node=\"0\">Formes :<\/b> Rectangulaire (environ 85 x 54 mm) ou d\u00e9coup\u00e9 \u00e0 l&#039;emporte-pi\u00e8ce en forme d&#039;avion.<\/p>\n<\/li>\n<li>\n<p data-path-to-node=\"15,4,0\"><b data-path-to-node=\"15,4,0\" data-index-in-node=\"0\">Pi\u00e8ce jointe:<\/b> Bracelet en plastique avec boucle (bambou) ou m\u00e9canisme \u00e0 boucle.<\/p>\n<\/li>\n<li>\n<p data-path-to-node=\"15,5,0\"><b data-path-to-node=\"15,5,0\" data-index-in-node=\"0\">MOQ\u00a0:<\/b> 250 pi\u00e8ces (pour les mod\u00e8les en papier).<\/p>\n<\/li>\n<\/ul>\n<h2 data-path-to-node=\"16\">Cas d&#039;utilisation<\/h2>\n<ul data-path-to-node=\"17\">\n<li>\n<p data-path-to-node=\"17,0,0\"><b data-path-to-node=\"17,0,0\" data-index-in-node=\"0\">Agences de voyages\u00a0:<\/b> Inclure une \u00e9tiquette de marque avec les pochettes pour documents de voyage.<\/p>\n<\/li>\n<li>\n<p data-path-to-node=\"17,1,0\"><b data-path-to-node=\"17,1,0\" data-index-in-node=\"0\">Retraites d&#039;entreprise :<\/b> Identifiez facilement les bagages de l&#039;\u00e9quipe lors d&#039;un voyage en groupe.<\/p>\n<\/li>\n<li>\n<p data-path-to-node=\"17,2,0\"><b data-path-to-node=\"17,2,0\" data-index-in-node=\"0\">H\u00f4tels :<\/b> Un cadeau de d\u00e9part m\u00e9morable pour les invit\u00e9s.<\/p>\n<\/li>\n<li>\n<p data-path-to-node=\"17,3,0\"><b data-path-to-node=\"17,3,0\" data-index-in-node=\"0\">Logistique:<\/b> \u00c9tiquetage durable pour le fret et les marchandises non standard.<\/p>\n<\/li>\n<\/ul>","protected":false},"excerpt":{"rendered":"<ul>\n<li>\n<p data-path-to-node=\"8,0,0\"><b data-path-to-node=\"8,0,0\" data-index-in-node=\"0\">Choix des mat\u00e9riaux :<\/b> Choisissez entre le bambou rigide et le papier ind\u00e9chirable flexible.<\/p>\n<\/li>\n<li>\n<p data-path-to-node=\"8,1,0\"><b data-path-to-node=\"8,1,0\" data-index-in-node=\"0\">Formes :<\/b> Disponible en formes rectangulaires standard ou th\u00e9matiques d&#039;avions.<\/p>\n<\/li>\n<li>\n<p data-path-to-node=\"8,2,0\"><b data-path-to-node=\"8,2,0\" data-index-in-node=\"0\">Durabilit\u00e9:<\/b> R\u00e9sistante \u00e0 l&#039;eau et con\u00e7ue pour les voyages \u00e0 travers le monde.<\/p>\n<\/li>\n<li>\n<p data-path-to-node=\"8,3,0\"><b data-path-to-node=\"8,3,0\" data-index-in-node=\"0\">Image de marque :<\/b> Impression en couleur (papier) ou gravure\/impression laser (bambou).<\/p>\n<\/li>\n<\/ul>","protected":false},"featured_media":6304,"comment_status":"closed","ping_status":"closed","template":"","meta":[],"product_brand":[],"product_cat":[129,122],"product_tag":[],"class_list":{"0":"post-6165","1":"product","2":"type-product","3":"status-publish","4":"has-post-thumbnail","6":"product_cat-leisure-lifestyle","7":"product_cat-promotional-accessories","9":"first","10":"instock","11":"shipping-taxable","12":"purchasable","13":"product-type-simple"},"_links":{"self":[{"href":"https:\/\/displayproducts.eu\/fr\/wp-json\/wp\/v2\/product\/6165","targetHints":{"allow":["GET"]}}],"collection":[{"href":"https:\/\/displayproducts.eu\/fr\/wp-json\/wp\/v2\/product"}],"about":[{"href":"https:\/\/displayproducts.eu\/fr\/wp-json\/wp\/v2\/types\/product"}],"replies":[{"embeddable":true,"href":"https:\/\/displayproducts.eu\/fr\/wp-json\/wp\/v2\/comments?post=6165"}],"wp:featuredmedia":[{"embeddable":true,"href":"https:\/\/displayproducts.eu\/fr\/wp-json\/wp\/v2\/media\/6304"}],"wp:attachment":[{"href":"https:\/\/displayproducts.eu\/fr\/wp-json\/wp\/v2\/media?parent=6165"}],"wp:term":[{"taxonomy":"product_brand","embeddable":true,"href":"https:\/\/displayproducts.eu\/fr\/wp-json\/wp\/v2\/product_brand?post=6165"},{"taxonomy":"product_cat","embeddable":true,"href":"https:\/\/displayproducts.eu\/fr\/wp-json\/wp\/v2\/product_cat?post=6165"},{"taxonomy":"product_tag","embeddable":true,"href":"https:\/\/displayproducts.eu\/fr\/wp-json\/wp\/v2\/product_tag?post=6165"}],"curies":[{"name":"wp","href":"https:\/\/api.w.org\/{rel}","templated":true}]}}