{"id":6162,"date":"2025-12-19T22:20:32","date_gmt":"2025-12-19T19:20:32","guid":{"rendered":"https:\/\/wristbandfactory.eu\/?post_type=product&#038;p=6162"},"modified":"2026-04-01T21:52:34","modified_gmt":"2026-04-01T18:52:34","slug":"colored-eva-earplugs-in-transparent-case-with-carrying-chain","status":"publish","type":"product","link":"https:\/\/displayproducts.eu\/fr\/p\/colored-eva-earplugs-in-transparent-case-with-carrying-chain\/","title":{"rendered":"Bouchons d'oreilles color\u00e9s en EVA avec \u00e9tui et cha\u00eenette"},"content":{"rendered":"<p data-path-to-node=\"10\">Prot\u00e9gez l&#039;audition de vos participants avec style gr\u00e2ce \u00e0 nos bouchons d&#039;oreille en EVA aux couleurs vives. Con\u00e7us pour un port prolong\u00e9, ces bouchons sont fabriqu\u00e9s en ac\u00e9tate de vinyle d&#039;\u00e9thyl\u00e8ne (EVA) souple qui \u00e9pouse confortablement la forme du conduit auditif. Chaque paire est livr\u00e9e dans un \u00e9tui individuel transparent et r\u00e9sistant, muni d&#039;une cha\u00eenette pratique pour l&#039;accrocher facilement \u00e0 un porte-cl\u00e9s, un cordon ou une fermeture \u00e9clair. Un accessoire indispensable pour les festivals, les chantiers et les voyages.<\/p>\n<h2 data-path-to-node=\"11\">Caract\u00e9ristiques principales<\/h2>\n<ul data-path-to-node=\"12\">\n<li>\n<p data-path-to-node=\"12,0,0\"><b data-path-to-node=\"12,0,0\" data-index-in-node=\"0\">Conception portable :<\/b> La cha\u00eenette fournie permet de garder les bouchons d&#039;oreille \u00e0 port\u00e9e de main et de les prot\u00e9ger de la salet\u00e9 lorsqu&#039;ils ne sont pas utilis\u00e9s.<\/p>\n<\/li>\n<li>\n<p data-path-to-node=\"12,1,0\"><b data-path-to-node=\"12,1,0\" data-index-in-node=\"0\">Coupe confortable :<\/b> La mousse EVA souple se dilate en douceur pour un maintien s\u00fbr sans exercer de pression.<\/p>\n<\/li>\n<li>\n<p data-path-to-node=\"12,2,0\"><b data-path-to-node=\"12,2,0\" data-index-in-node=\"0\">Haute visibilit\u00e9 :<\/b> Disponible dans des couleurs vives et \u00e9clatantes qui se d\u00e9marquent.<\/p>\n<\/li>\n<li>\n<p data-path-to-node=\"12,3,0\"><b data-path-to-node=\"12,3,0\" data-index-in-node=\"0\">\u00c9tui r\u00e9sistant :<\/b> La bo\u00eete en plastique transparent offre un excellent potentiel de branding et une protection optimale.<\/p>\n<\/li>\n<\/ul>\n<h2 data-path-to-node=\"13\">Caract\u00e9ristiques<\/h2>\n<ul data-path-to-node=\"14\">\n<li>\n<p data-path-to-node=\"14,0,0\"><b data-path-to-node=\"14,0,0\" data-index-in-node=\"0\">Mat\u00e9riel:<\/b> Mousse EVA souple (ac\u00e9tate d&#039;\u00e9thyl\u00e8ne-vinyle).<\/p>\n<\/li>\n<li>\n<p data-path-to-node=\"14,1,0\"><b data-path-to-node=\"14,1,0\" data-index-in-node=\"0\">Mat\u00e9riau du bo\u00eetier :<\/b> Plastique transparent.<\/p>\n<\/li>\n<li>\n<p data-path-to-node=\"14,2,0\"><b data-path-to-node=\"14,2,0\" data-index-in-node=\"0\">Pi\u00e8ce jointe:<\/b> Cha\u00eene \u00e0 billes m\u00e9talliques \/ cha\u00eene de transport.<\/p>\n<\/li>\n<li>\n<p data-path-to-node=\"14,3,0\"><b data-path-to-node=\"14,3,0\" data-index-in-node=\"0\">Couleurs:<\/b> Couleurs vives assorties.<\/p>\n<\/li>\n<li>\n<p data-path-to-node=\"14,4,0\"><b data-path-to-node=\"14,4,0\" data-index-in-node=\"0\">R\u00e9utilisabilit\u00e9 :<\/b> R\u00e9utilisable et lavable.<\/p>\n<\/li>\n<\/ul>\n<h2 data-path-to-node=\"15\">Cas d&#039;utilisation<\/h2>\n<ul data-path-to-node=\"16\">\n<li>\n<p data-path-to-node=\"16,0,0\"><b data-path-to-node=\"16,0,0\" data-index-in-node=\"0\">Festivals de musique et concerts :<\/b> Protection auditive indispensable dans les environnements bruyants.<\/p>\n<\/li>\n<li>\n<p data-path-to-node=\"16,1,0\"><b data-path-to-node=\"16,1,0\" data-index-in-node=\"0\">Voyages et aviation :<\/b> R\u00e9duit le bruit en cabine pour un voyage paisible.<\/p>\n<\/li>\n<li>\n<p data-path-to-node=\"16,2,0\"><b data-path-to-node=\"16,2,0\" data-index-in-node=\"0\">Construction et industrie :<\/b> \u00c9quipement de s\u00e9curit\u00e9 de base pour les visiteurs ou les zones \u00e0 faible activit\u00e9.<\/p>\n<\/li>\n<li>\n<p data-path-to-node=\"16,3,0\"><b data-path-to-node=\"16,3,0\" data-index-in-node=\"0\">Campagnes promotionnelles :<\/b> Un excellent cadeau publicitaire pour les \u00e9v\u00e9nements de sensibilisation \u00e0 la sant\u00e9 et \u00e0 la s\u00e9curit\u00e9.<\/p>\n<\/li>\n<\/ul>","protected":false},"excerpt":{"rendered":"<ul>\n<li>\n<p data-path-to-node=\"9,0,0\">Fabriqu\u00e9 en mat\u00e9riau EVA doux et confortable.<\/p>\n<\/li>\n<li>\n<p data-path-to-node=\"9,1,0\">Comprend un \u00e9tui transparent avec cha\u00eenette de transport.<\/p>\n<\/li>\n<li>\n<p data-path-to-node=\"9,2,0\">Couleurs vives et tr\u00e8s visibles.<\/p>\n<\/li>\n<li>\n<p data-path-to-node=\"9,3,0\">R\u00e9utilisable et facile \u00e0 nettoyer.<\/p>\n<\/li>\n<\/ul>","protected":false},"featured_media":6163,"comment_status":"closed","ping_status":"closed","template":"","meta":[],"product_brand":[],"product_cat":[68,121],"product_tag":[],"class_list":{"0":"post-6162","1":"product","2":"type-product","3":"status-publish","4":"has-post-thumbnail","6":"product_cat-event-supplies","7":"product_cat-promotional-merchandise","9":"first","10":"instock","11":"shipping-taxable","12":"purchasable","13":"product-type-simple"},"_links":{"self":[{"href":"https:\/\/displayproducts.eu\/fr\/wp-json\/wp\/v2\/product\/6162","targetHints":{"allow":["GET"]}}],"collection":[{"href":"https:\/\/displayproducts.eu\/fr\/wp-json\/wp\/v2\/product"}],"about":[{"href":"https:\/\/displayproducts.eu\/fr\/wp-json\/wp\/v2\/types\/product"}],"replies":[{"embeddable":true,"href":"https:\/\/displayproducts.eu\/fr\/wp-json\/wp\/v2\/comments?post=6162"}],"wp:featuredmedia":[{"embeddable":true,"href":"https:\/\/displayproducts.eu\/fr\/wp-json\/wp\/v2\/media\/6163"}],"wp:attachment":[{"href":"https:\/\/displayproducts.eu\/fr\/wp-json\/wp\/v2\/media?parent=6162"}],"wp:term":[{"taxonomy":"product_brand","embeddable":true,"href":"https:\/\/displayproducts.eu\/fr\/wp-json\/wp\/v2\/product_brand?post=6162"},{"taxonomy":"product_cat","embeddable":true,"href":"https:\/\/displayproducts.eu\/fr\/wp-json\/wp\/v2\/product_cat?post=6162"},{"taxonomy":"product_tag","embeddable":true,"href":"https:\/\/displayproducts.eu\/fr\/wp-json\/wp\/v2\/product_tag?post=6162"}],"curies":[{"name":"wp","href":"https:\/\/api.w.org\/{rel}","templated":true}]}}