{"id":6159,"date":"2025-12-19T16:35:18","date_gmt":"2025-12-19T13:35:18","guid":{"rendered":"https:\/\/wristbandfactory.eu\/?post_type=product&#038;p=6159"},"modified":"2026-04-01T21:52:34","modified_gmt":"2026-04-01T18:52:34","slug":"custom-printed-seamless-arm-sleeves-uv-protection","status":"publish","type":"product","link":"https:\/\/displayproducts.eu\/fr\/p\/custom-printed-seamless-arm-sleeves-uv-protection\/","title":{"rendered":"Manchettes de sport personnalis\u00e9es"},"content":{"rendered":"<p data-path-to-node=\"11\">Optimisez la visibilit\u00e9 de votre marque lors d&#039;\u00e9v\u00e9nements sportifs et de comp\u00e9titions en ext\u00e9rieur gr\u00e2ce \u00e0 nos manchons sans coutures personnalis\u00e9s. Ces accessoires polyvalents sont indispensables aux coureurs, cyclistes et professionnels du sport en plein air, offrant une large surface d&#039;affichage pour votre logo ou visuel.<\/p>\n<p data-path-to-node=\"12\">Contrairement aux manches imprim\u00e9es en s\u00e9rigraphie classique, nos manches utilisent la technologie de sublimation. Ce proc\u00e9d\u00e9 permet d&#039;int\u00e9grer le motif directement dans les fibres du tissu, garantissant ainsi une impression qui ne craquelle pas, ne s&#039;\u00e9caille pas et ne se d\u00e9colore pas, tout en pr\u00e9servant la respirabilit\u00e9 et l&#039;\u00e9lasticit\u00e9 du tissu.<\/p>\n<h2 data-path-to-node=\"13\">Caract\u00e9ristiques principales<\/h2>\n<ul data-path-to-node=\"14\">\n<li>\n<p data-path-to-node=\"14,0,0\"><b data-path-to-node=\"14,0,0\" data-index-in-node=\"0\">Construction sans joint :<\/b> La conception en tricot tubulaire \u00e9limine les coutures lat\u00e9rales, \u00e9vitant ainsi les frottements et les irritations lors d&#039;un port prolong\u00e9.<\/p>\n<\/li>\n<li>\n<p data-path-to-node=\"14,1,0\"><b data-path-to-node=\"14,1,0\" data-index-in-node=\"0\"><span class=\"citation-32\">Protection solaire et cutan\u00e9e :<\/span><\/b><span class=\"citation-32 citation-end-32\"> Offre une barri\u00e8re efficace contre les rayons UV nocifs et prot\u00e8ge la peau des br\u00fblures ou des \u00e9gratignures dues au gazon synth\u00e9tique.<\/span><\/p>\n<div class=\"source-inline-chip-container ng-star-inserted\"><\/div>\n<\/li>\n<li>\n<p data-path-to-node=\"14,2,0\"><b data-path-to-node=\"14,2,0\" data-index-in-node=\"0\">Ajustement \u00e9lastique :<\/b> Le m\u00e9lange de polyester et d&#039;\u00e9lasthanne assure que les manches restent bien en place sans restreindre les mouvements.<\/p>\n<\/li>\n<li>\n<p data-path-to-node=\"14,3,0\"><b data-path-to-node=\"14,3,0\" data-index-in-node=\"0\">Personnalisation pouss\u00e9e\u00a0:<\/b> L&#039;impression sur toute la surface permet de reproduire parfaitement les d\u00e9grad\u00e9s complexes, les photos et les couleurs de la marque.<\/p>\n<\/li>\n<\/ul>\n<h2 data-path-to-node=\"15\">Caract\u00e9ristiques<\/h2>\n<ul data-path-to-node=\"16\">\n<li>\n<p data-path-to-node=\"16,0,0\"><b data-path-to-node=\"16,0,0\" data-index-in-node=\"0\">Mat\u00e9riel:<\/b> Tissu technique 160 g\/m\u00b2 (95% Polyester \/ 5% \u00c9lasthanne).<\/p>\n<\/li>\n<li>\n<p data-path-to-node=\"16,1,0\"><b data-path-to-node=\"16,1,0\" data-index-in-node=\"0\">Technique d&#039;impression :<\/b> Impression par sublimation thermique en couleur.<\/p>\n<\/li>\n<li>\n<p data-path-to-node=\"16,2,0\"><b data-path-to-node=\"16,2,0\" data-index-in-node=\"0\">Conditionnement:<\/b> Vendu par paire (1 pi\u00e8ce = 2 manches).<\/p>\n<\/li>\n<li>\n<p data-path-to-node=\"16,3,0\"><b data-path-to-node=\"16,3,0\" data-index-in-node=\"0\">Dimensions (Moyennes) :<\/b> 7 cm (poignet) x 8 cm (bras) x 37 cm (longueur).<\/p>\n<\/li>\n<li>\n<p data-path-to-node=\"16,4,0\"><b data-path-to-node=\"16,4,0\" data-index-in-node=\"0\">Dimensions (grand format) :<\/b> 9 cm (poignet) x 11 cm (bras) x 44 cm (longueur).<\/p>\n<\/li>\n<\/ul>\n<h2 data-path-to-node=\"17\">Cas d&#039;utilisation<\/h2>\n<ul data-path-to-node=\"18\">\n<li>\n<p data-path-to-node=\"18,0,0\"><b data-path-to-node=\"18,0,0\" data-index-in-node=\"0\">Marathons et \u00e9v\u00e9nements cyclistes\u00a0:<\/b> \u00c9quipement essentiel pour les participants dans les sacs cadeaux.<\/p>\n<\/li>\n<li>\n<p data-path-to-node=\"18,1,0\"><b data-path-to-node=\"18,1,0\" data-index-in-node=\"0\">Uniformes de l&#039;\u00e9quipe :<\/b> Une identit\u00e9 visuelle unifi\u00e9e pour les \u00e9quipes de basketball, de volleyball ou d&#039;e-sport.<\/p>\n<\/li>\n<li>\n<p data-path-to-node=\"18,2,0\"><b data-path-to-node=\"18,2,0\" data-index-in-node=\"0\">Main-d&#039;\u0153uvre ext\u00e9rieure :<\/b> Protection du personnel travaillant en plein soleil (am\u00e9nagement paysager, s\u00e9curit\u00e9 \u00e9v\u00e9nementielle).<\/p>\n<\/li>\n<li>\n<p data-path-to-node=\"18,3,0\"><b data-path-to-node=\"18,3,0\" data-index-in-node=\"0\">Ventes de marchandises :<\/b> Article \u00e0 forte marge pour les boutiques de salles de sport ou de clubs.<\/p>\n<\/li>\n<\/ul>","protected":false},"excerpt":{"rendered":"<ul>\n<li>\n<p data-path-to-node=\"10,0,0\"><b data-path-to-node=\"10,0,0\" data-index-in-node=\"0\">Confort sans faille :<\/b> Aucune couture irritante, pour un confort maximal lors des activit\u00e9s physiques.<\/p>\n<\/li>\n<li>\n<p data-path-to-node=\"10,1,0\"><b data-path-to-node=\"10,1,0\" data-index-in-node=\"0\">Identit\u00e9 visuelle en couleur :<\/b> L&#039;impression par sublimation bord \u00e0 bord offre des possibilit\u00e9s de conception illimit\u00e9es.<\/p>\n<\/li>\n<li>\n<p data-path-to-node=\"10,2,0\"><b data-path-to-node=\"10,2,0\" data-index-in-node=\"0\"><span class=\"citation-33\">Protection contre les UV et les rayures :<\/span><\/b><span class=\"citation-33 citation-end-33\"> Prot\u00e8ge les bras des rayons du soleil et des \u00e9raflures mineures.<\/span><\/p>\n<\/li>\n<li>\n<p data-path-to-node=\"10,3,0\"><b data-path-to-node=\"10,3,0\" data-index-in-node=\"0\">Vendus par paire :<\/b> Chaque unit\u00e9 comprend une manche gauche et une manche droite.<\/p>\n<\/li>\n<\/ul>","protected":false},"featured_media":6160,"comment_status":"closed","ping_status":"closed","template":"","meta":[],"product_brand":[],"product_cat":[118],"product_tag":[],"class_list":{"0":"post-6159","1":"product","2":"type-product","3":"status-publish","4":"has-post-thumbnail","6":"product_cat-sports-fitness","8":"first","9":"instock","10":"shipping-taxable","11":"purchasable","12":"product-type-simple"},"_links":{"self":[{"href":"https:\/\/displayproducts.eu\/fr\/wp-json\/wp\/v2\/product\/6159","targetHints":{"allow":["GET"]}}],"collection":[{"href":"https:\/\/displayproducts.eu\/fr\/wp-json\/wp\/v2\/product"}],"about":[{"href":"https:\/\/displayproducts.eu\/fr\/wp-json\/wp\/v2\/types\/product"}],"replies":[{"embeddable":true,"href":"https:\/\/displayproducts.eu\/fr\/wp-json\/wp\/v2\/comments?post=6159"}],"wp:featuredmedia":[{"embeddable":true,"href":"https:\/\/displayproducts.eu\/fr\/wp-json\/wp\/v2\/media\/6160"}],"wp:attachment":[{"href":"https:\/\/displayproducts.eu\/fr\/wp-json\/wp\/v2\/media?parent=6159"}],"wp:term":[{"taxonomy":"product_brand","embeddable":true,"href":"https:\/\/displayproducts.eu\/fr\/wp-json\/wp\/v2\/product_brand?post=6159"},{"taxonomy":"product_cat","embeddable":true,"href":"https:\/\/displayproducts.eu\/fr\/wp-json\/wp\/v2\/product_cat?post=6159"},{"taxonomy":"product_tag","embeddable":true,"href":"https:\/\/displayproducts.eu\/fr\/wp-json\/wp\/v2\/product_tag?post=6159"}],"curies":[{"name":"wp","href":"https:\/\/api.w.org\/{rel}","templated":true}]}}