{"id":6155,"date":"2025-12-19T16:20:46","date_gmt":"2025-12-19T13:20:46","guid":{"rendered":"https:\/\/wristbandfactory.eu\/?post_type=product&#038;p=6155"},"modified":"2026-04-01T21:52:03","modified_gmt":"2026-04-01T18:52:03","slug":"custom-beach-slippers-with-logo-sand-imprint-sole","status":"publish","type":"product","link":"https:\/\/displayproducts.eu\/fr\/p\/custom-beach-slippers-with-logo-sand-imprint-sole\/","title":{"rendered":"Tongs personnalis\u00e9es avec empreinte sur le sable"},"content":{"rendered":"<p data-path-to-node=\"12\">Boostez vos campagnes marketing estivales ou vos prestations h\u00f4teli\u00e8res avec nos tongs de plage enti\u00e8rement personnalisables. Con\u00e7ues pour une visibilit\u00e9 maximale de votre marque, ces tongs offrent un effet publicitaire ambulant unique. Que ce soit pour une retraite d&#039;entreprise, un cadeau spa ou un \u00e9v\u00e9nement promotionnel lors d&#039;un festival d&#039;\u00e9t\u00e9, nous proposons une harmonisation parfaite des couleurs avec votre identit\u00e9 visuelle.<\/p>\n<p data-path-to-node=\"13\">Contrairement aux chaussures promotionnelles classiques, nos pantoufles offrent des techniques de marquage innovantes sur la semelle qui transforment chaque pas en une impression.<\/p>\n<h2 data-path-to-node=\"14\">Caract\u00e9ristiques principales<\/h2>\n<ul data-path-to-node=\"15\">\n<li>\n<p data-path-to-node=\"15,0,0\"><b data-path-to-node=\"15,0,0\" data-index-in-node=\"0\">Correspondance des couleurs Pantone\u00a0:<\/b> Nous pouvons assortir les couleurs de la semelle et de la bride \u00e0 vos codes PMS sp\u00e9cifiques sans frais d&#039;installation suppl\u00e9mentaires.<\/p>\n<\/li>\n<li>\n<p data-path-to-node=\"15,1,0\"><b data-path-to-node=\"15,1,0\" data-index-in-node=\"0\">D\u00e9coupe \u00e0 l&#039;emporte-pi\u00e8ce \u201c Impression sable \u201d :<\/b> La semelle est creus\u00e9e sur environ 5 mm de profondeur. March\u00e9e sur du sable mou, la pantoufle laisse une empreinte nette de votre logo ou message.<\/p>\n<\/li>\n<li>\n<p data-path-to-node=\"15,2,0\"><b data-path-to-node=\"15,2,0\" data-index-in-node=\"0\">Gaufrage de la semelle inf\u00e9rieure\u00a0:<\/b> Pour une plus grande pr\u00e9cision, nous pouvons estampiller votre logo \u00e0 environ 2 mm de profondeur sur la semelle (id\u00e9al pour les motifs complexes).<\/p>\n<\/li>\n<li>\n<p data-path-to-node=\"15,3,0\"><b data-path-to-node=\"15,3,0\" data-index-in-node=\"0\">Marquage int\u00e9gral\u00a0:<\/b> L&#039;impression s\u00e9rigraphique traditionnelle est disponible \u00e0 la fois sur le talon de la semelle et sur les brides pour un placement du logo \u00e0 haute visibilit\u00e9.<\/p>\n<\/li>\n<\/ul>\n<h2 data-path-to-node=\"16\">Caract\u00e9ristiques<\/h2>\n<ul data-path-to-node=\"17\">\n<li>\n<p data-path-to-node=\"17,0,0\"><b data-path-to-node=\"17,0,0\" data-index-in-node=\"0\">Mat\u00e9riel:<\/b> M\u00e9lange de caoutchouc PE\/PVC durable et confortable (mat\u00e9riaux personnalis\u00e9s disponibles sur demande).<\/p>\n<\/li>\n<li>\n<p data-path-to-node=\"17,1,0\"><b data-path-to-node=\"17,1,0\" data-index-in-node=\"0\">\u00c9paisseur de la semelle :<\/b> \u00c9paisseur standard optimis\u00e9e pour le confort et une d\u00e9coupe efficace.<\/p>\n<\/li>\n<li>\n<p data-path-to-node=\"17,2,0\"><b data-path-to-node=\"17,2,0\" data-index-in-node=\"0\">Tailles:<\/b> Disponible dans une gamme de tailles standard europ\u00e9ennes (unisexe, homme, femme, enfant).<\/p>\n<\/li>\n<li>\n<p data-path-to-node=\"17,3,0\"><b data-path-to-node=\"17,3,0\" data-index-in-node=\"0\">M\u00e9thodes de personnalisation\u00a0:<\/b> S\u00e9rigraphie, gaufrage (dessous), d\u00e9coupe (dessous).<\/p>\n<\/li>\n<li>\n<p data-path-to-node=\"17,4,0\"><b data-path-to-node=\"17,4,0\" data-index-in-node=\"0\">Commande minimum:<\/b> Veuillez v\u00e9rifier la quantit\u00e9 minimale de commande (MOQ) actuelle aupr\u00e8s de notre \u00e9quipe commerciale.<\/p>\n<\/li>\n<\/ul>\n<h2 data-path-to-node=\"18\">Cas d&#039;utilisation<\/h2>\n<ul data-path-to-node=\"19\">\n<li>\n<p data-path-to-node=\"19,0,0\"><b data-path-to-node=\"19,0,0\" data-index-in-node=\"0\">Festivals et \u00e9v\u00e9nements d&#039;\u00e9t\u00e9 :<\/b> Des produits de grande valeur que les participants utiliseront tout au long de la saison.<\/p>\n<\/li>\n<li>\n<p data-path-to-node=\"19,1,0\"><b data-path-to-node=\"19,1,0\" data-index-in-node=\"0\">H\u00f4tels et spas :<\/b> Produits d&#039;accueil haut de gamme de marques pour les piscines et les centres de bien-\u00eatre.<\/p>\n<\/li>\n<li>\n<p data-path-to-node=\"19,2,0\"><b data-path-to-node=\"19,2,0\" data-index-in-node=\"0\">Cadeaux d&#039;entreprise :<\/b> Id\u00e9al pour les s\u00e9minaires de coh\u00e9sion d&#039;\u00e9quipe ou les kits de d\u00e9marrage d&#039;\u00e9t\u00e9.<\/p>\n<\/li>\n<li>\n<p data-path-to-node=\"19,3,0\"><b data-path-to-node=\"19,3,0\" data-index-in-node=\"0\">Agences de voyages :<\/b> Superbe offre promotionnelle pour les forfaits vacances \u00e0 la plage.<\/p>\n<\/li>\n<\/ul>","protected":false},"excerpt":{"rendered":"<ul>\n<li>\n<p data-path-to-node=\"11,0,0\"><b data-path-to-node=\"11,0,0\" data-index-in-node=\"0\">Correspondance Pantone\u00a0:<\/b> Couleurs personnalis\u00e9es pour la semelle et la bride, sans frais suppl\u00e9mentaires.<\/p>\n<\/li>\n<li>\n<p data-path-to-node=\"11,1,0\"><b data-path-to-node=\"11,1,0\" data-index-in-node=\"0\">Plusieurs emplacements publicitaires :<\/b> Impression sur la bride, la semelle sup\u00e9rieure ou la semelle inf\u00e9rieure.<\/p>\n<\/li>\n<li>\n<p data-path-to-node=\"11,2,0\"><b data-path-to-node=\"11,2,0\" data-index-in-node=\"0\">Effet d&#039;empreinte de sable :<\/b> Semelle d\u00e9coup\u00e9e en option laissant l&#039;empreinte de votre logo dans le sable.<\/p>\n<\/li>\n<li>\n<p data-path-to-node=\"11,3,0\"><b data-path-to-node=\"11,3,0\" data-index-in-node=\"0\">Personnalisation premium\u00a0:<\/b> Choisissez entre un gaufrage d\u00e9taill\u00e9 ou des semelles d\u00e9coup\u00e9es \u00e0 l&#039;emporte-pi\u00e8ce \u00e0 fort impact.<\/p>\n<\/li>\n<\/ul>","protected":false},"featured_media":6158,"comment_status":"closed","ping_status":"closed","template":"","meta":[],"product_brand":[],"product_cat":[129],"product_tag":[],"class_list":{"0":"post-6155","1":"product","2":"type-product","3":"status-publish","4":"has-post-thumbnail","6":"product_cat-leisure-lifestyle","8":"first","9":"instock","10":"shipping-taxable","11":"purchasable","12":"product-type-simple"},"_links":{"self":[{"href":"https:\/\/displayproducts.eu\/fr\/wp-json\/wp\/v2\/product\/6155","targetHints":{"allow":["GET"]}}],"collection":[{"href":"https:\/\/displayproducts.eu\/fr\/wp-json\/wp\/v2\/product"}],"about":[{"href":"https:\/\/displayproducts.eu\/fr\/wp-json\/wp\/v2\/types\/product"}],"replies":[{"embeddable":true,"href":"https:\/\/displayproducts.eu\/fr\/wp-json\/wp\/v2\/comments?post=6155"}],"wp:featuredmedia":[{"embeddable":true,"href":"https:\/\/displayproducts.eu\/fr\/wp-json\/wp\/v2\/media\/6158"}],"wp:attachment":[{"href":"https:\/\/displayproducts.eu\/fr\/wp-json\/wp\/v2\/media?parent=6155"}],"wp:term":[{"taxonomy":"product_brand","embeddable":true,"href":"https:\/\/displayproducts.eu\/fr\/wp-json\/wp\/v2\/product_brand?post=6155"},{"taxonomy":"product_cat","embeddable":true,"href":"https:\/\/displayproducts.eu\/fr\/wp-json\/wp\/v2\/product_cat?post=6155"},{"taxonomy":"product_tag","embeddable":true,"href":"https:\/\/displayproducts.eu\/fr\/wp-json\/wp\/v2\/product_tag?post=6155"}],"curies":[{"name":"wp","href":"https:\/\/api.w.org\/{rel}","templated":true}]}}