{"id":6150,"date":"2025-12-19T16:10:08","date_gmt":"2025-12-19T13:10:08","guid":{"rendered":"https:\/\/wristbandfactory.eu\/?post_type=product&#038;p=6150"},"modified":"2026-04-01T21:52:34","modified_gmt":"2026-04-01T18:52:34","slug":"custom-printed-hand-fans-bamboo-wood-plastic","status":"publish","type":"product","link":"https:\/\/displayproducts.eu\/fr\/p\/custom-printed-hand-fans-bamboo-wood-plastic\/","title":{"rendered":"\u00c9ventails personnalis\u00e9s (Bambou, Bois et Plastique)"},"content":{"rendered":"<p data-path-to-node=\"10\">Affrontez la chaleur et mettez en valeur votre marque gr\u00e2ce \u00e0 notre gamme polyvalente de <b data-path-to-node=\"10\" data-index-in-node=\"90\">\u00c9ventails personnalis\u00e9s<\/b>. Une brise rafra\u00eechissante est le cadeau id\u00e9al \u00e0 offrir \u00e0 votre public cible lors de festivals d&#039;\u00e9t\u00e9, de conf\u00e9rences en plein air ou de mariages. Contrairement \u00e0 un prospectus jet\u00e9 \u00e0 la poubelle, un \u00e9ventail est un accessoire pratique que les participants conserveront et utiliseront \u00e0 plusieurs reprises, maintenant ainsi votre logo \u00e0 hauteur des yeux.<\/p>\n<p data-path-to-node=\"11\">Nous proposons quatre styles distincts pour correspondre \u00e0 l&#039;esth\u00e9tique de votre marque\u00a0: du bambou et du bois \u00e9cologiques pour un aspect naturel haut de gamme, aux options en plastique color\u00e9 pour les promotions \u00e0 grand volume.<\/p>\n<h3 data-path-to-node=\"12\">Mod\u00e8les disponibles<\/h3>\n<p><strong>1. Le Classique (Plastique et Tissu)<\/strong><\/p>\n<p>Durable et color\u00e9.<\/p>\n<ul data-path-to-node=\"14\">\n<li>\n<p data-path-to-node=\"14,0,0\"><b data-path-to-node=\"14,0,0\" data-index-in-node=\"0\">C\u00f4tes:<\/b> En plastique (12 nervures + 2 embouts). Les embouts sont disponibles en plusieurs couleurs et peuvent \u00eatre imprim\u00e9s.<\/p>\n<\/li>\n<li>\n<p data-path-to-node=\"14,1,0\"><b data-path-to-node=\"14,1,0\" data-index-in-node=\"0\">Feuille:<\/b> Tissu polyester blanc 210T.<\/p>\n<\/li>\n<li>\n<p data-path-to-node=\"14,2,0\"><b data-path-to-node=\"14,2,0\" data-index-in-node=\"0\">Imprimer:<\/b> Impression en couleur sur une face.<\/p>\n<\/li>\n<\/ul>\n<p><strong>2. La version Premium Naturelle (Bois et Tissu)<\/strong><\/p>\n<p>\u00c9l\u00e9gant et robuste.<\/p>\n<ul data-path-to-node=\"16\">\n<li>\n<p data-path-to-node=\"16,0,0\"><b data-path-to-node=\"16,0,0\" data-index-in-node=\"0\">C\u00f4tes:<\/b> Bois naturel (14 nervures + 2 embouts). Les embouts peuvent \u00eatre personnalis\u00e9s avec votre logo.<\/p>\n<\/li>\n<li>\n<p data-path-to-node=\"16,1,0\"><b data-path-to-node=\"16,1,0\" data-index-in-node=\"0\">Feuille:<\/b> Tissu polyester blanc 210T.<\/p>\n<\/li>\n<li>\n<p data-path-to-node=\"16,2,0\"><b data-path-to-node=\"16,2,0\" data-index-in-node=\"0\">Imprimer:<\/b> Impression en couleur sur une face.<\/p>\n<\/li>\n<\/ul>\n<p><strong>3. L&#039;\u00e9co-traditionnel (bambou et papier)<\/strong><\/p>\n<p>L\u00e9g\u00e8re et agr\u00e9able au toucher, comme du papier classique.<\/p>\n<ul data-path-to-node=\"18\">\n<li>\n<p data-path-to-node=\"18,0,0\"><b data-path-to-node=\"18,0,0\" data-index-in-node=\"0\">C\u00f4tes:<\/b> Bambou (18 nervures + 2 embouts). Les embouts peuvent \u00eatre imprim\u00e9s.<\/p>\n<\/li>\n<li>\n<p data-path-to-node=\"18,1,0\"><b data-path-to-node=\"18,1,0\" data-index-in-node=\"0\">Feuille:<\/b> Papier blanc 80 g\/m\u00b2.<\/p>\n<\/li>\n<li>\n<p data-path-to-node=\"18,2,0\"><b data-path-to-node=\"18,2,0\" data-index-in-node=\"0\">Imprimer:<\/b> Impression en couleur sur une ou deux faces.<\/p>\n<\/li>\n<\/ul>\n<p><strong>4. Le budget promotionnel (plastique et papier)<\/strong><\/p>\n<p>Rentable pour les grands rassemblements.<\/p>\n<ul data-path-to-node=\"20\">\n<li>\n<p data-path-to-node=\"20,0,0\"><b data-path-to-node=\"20,0,0\" data-index-in-node=\"0\">C\u00f4tes:<\/b> Plastique blanc. (Les embouts ne peuvent pas \u00eatre imprim\u00e9s ; correspondance de couleurs personnalis\u00e9e disponible pour les quantit\u00e9s minimales de commande \u00e9lev\u00e9es).<\/p>\n<\/li>\n<li>\n<p data-path-to-node=\"20,1,0\"><b data-path-to-node=\"20,1,0\" data-index-in-node=\"0\">Feuille:<\/b> Papier blanc 80 g\/m\u00b2.<\/p>\n<\/li>\n<li>\n<p data-path-to-node=\"20,2,0\"><b data-path-to-node=\"20,2,0\" data-index-in-node=\"0\">Imprimer:<\/b> Impression en couleur sur une face.<\/p>\n<\/li>\n<\/ul>\n<h2 data-path-to-node=\"21\">Caract\u00e9ristiques principales<\/h2>\n<ul data-path-to-node=\"22\">\n<li>\n<p data-path-to-node=\"22,0,0\"><b data-path-to-node=\"22,0,0\" data-index-in-node=\"0\">Grande surface de marquage :<\/b> La feuille en \u00e9ventail offre une large surface incurv\u00e9e pour vos illustrations, slogans ou visuels de campagne.<\/p>\n<\/li>\n<li>\n<p data-path-to-node=\"22,1,0\"><b data-path-to-node=\"22,1,0\" data-index-in-node=\"0\">C\u00f4tes personnalisables :<\/b> Selon le mod\u00e8le, ajoutez des logos suppl\u00e9mentaires aux pi\u00e8ces d&#039;extr\u00e9mit\u00e9 rigides (nervures) pour un marquage subtil et d\u00e9taill\u00e9.<\/p>\n<\/li>\n<li>\n<p data-path-to-node=\"22,2,0\"><b data-path-to-node=\"22,2,0\" data-index-in-node=\"0\">Compact et portable :<\/b> Se replie rapidement pour se ranger dans un sac \u00e0 main ou une poche.<\/p>\n<\/li>\n<\/ul>\n<h2 data-path-to-node=\"23\">Caract\u00e9ristiques<\/h2>\n<table data-path-to-node=\"24\">\n<thead>\n<tr>\n<td><strong>Fonctionnalit\u00e9<\/strong><\/td>\n<td><strong>Plastique + Tissu<\/strong><\/td>\n<td><strong>Bois + Tissu<\/strong><\/td>\n<td><strong>Bambou + Papier<\/strong><\/td>\n<td><strong>Plastique + Papier<\/strong><\/td>\n<\/tr>\n<\/thead>\n<tbody>\n<tr>\n<td><span data-path-to-node=\"24,1,0,0\"><b data-path-to-node=\"24,1,0,0\" data-index-in-node=\"0\">Mat\u00e9riau des nervures<\/b><\/span><\/td>\n<td><span data-path-to-node=\"24,1,1,0\">Plastique<\/span><\/td>\n<td><span data-path-to-node=\"24,1,2,0\">Bois<\/span><\/td>\n<td><span data-path-to-node=\"24,1,3,0\">Bambou<\/span><\/td>\n<td><span data-path-to-node=\"24,1,4,0\">Plastique (blanc)<\/span><\/td>\n<\/tr>\n<tr>\n<td><span data-path-to-node=\"24,2,0,0\"><b data-path-to-node=\"24,2,0,0\" data-index-in-node=\"0\">Mat\u00e9riau en feuille<\/b><\/span><\/td>\n<td><span data-path-to-node=\"24,2,1,0\">Polyester 210T<\/span><\/td>\n<td><span data-path-to-node=\"24,2,2,0\">Polyester 210T<\/span><\/td>\n<td><span data-path-to-node=\"24,2,3,0\">Papier 80 g\/m\u00b2<\/span><\/td>\n<td><span data-path-to-node=\"24,2,4,0\">Papier 80 g\/m\u00b2<\/span><\/td>\n<\/tr>\n<tr>\n<td><span data-path-to-node=\"24,3,0,0\"><b data-path-to-node=\"24,3,0,0\" data-index-in-node=\"0\">Nombre de c\u00f4tes<\/b><\/span><\/td>\n<td><span data-path-to-node=\"24,3,1,0\">12 + 2 pi\u00e8ces d&#039;extr\u00e9mit\u00e9<\/span><\/td>\n<td><span data-path-to-node=\"24,3,2,0\">14 + 2 pi\u00e8ces d&#039;extr\u00e9mit\u00e9<\/span><\/td>\n<td><span data-path-to-node=\"24,3,3,0\">18 + 2 pi\u00e8ces d&#039;extr\u00e9mit\u00e9<\/span><\/td>\n<td><span data-path-to-node=\"24,3,4,0\">Standard<\/span><\/td>\n<\/tr>\n<tr>\n<td><span data-path-to-node=\"24,4,0,0\"><b data-path-to-node=\"24,4,0,0\" data-index-in-node=\"0\">Dimensions (ouvert)<\/b><\/span><\/td>\n<td><span data-path-to-node=\"24,4,1,0\">23 x 42 cm<\/span><\/td>\n<td><span data-path-to-node=\"24,4,2,0\">23 x 42 cm<\/span><\/td>\n<td><span data-path-to-node=\"24,4,3,0\">21 x 38 cm<\/span><\/td>\n<td><span data-path-to-node=\"24,4,4,0\">23 x 42 cm<\/span><\/td>\n<\/tr>\n<tr>\n<td><span data-path-to-node=\"24,5,0,0\"><b data-path-to-node=\"24,5,0,0\" data-index-in-node=\"0\">Zone d&#039;impression<\/b><\/span><\/td>\n<td><span data-path-to-node=\"24,5,1,0\">1 c\u00f4t\u00e9<\/span><\/td>\n<td><span data-path-to-node=\"24,5,2,0\">1 c\u00f4t\u00e9<\/span><\/td>\n<td><span data-path-to-node=\"24,5,3,0\">1 ou 2 c\u00f4t\u00e9s<\/span><\/td>\n<td><span data-path-to-node=\"24,5,4,0\">1 c\u00f4t\u00e9<\/span><\/td>\n<\/tr>\n<tr>\n<td><span data-path-to-node=\"24,6,0,0\"><b data-path-to-node=\"24,6,0,0\" data-index-in-node=\"0\">Impression de la pi\u00e8ce d&#039;extr\u00e9mit\u00e9<\/b><\/span><\/td>\n<td><span data-path-to-node=\"24,6,1,0\">Oui<\/span><\/td>\n<td><span data-path-to-node=\"24,6,2,0\">Oui<\/span><\/td>\n<td><span data-path-to-node=\"24,6,3,0\">Oui<\/span><\/td>\n<td><span data-path-to-node=\"24,6,4,0\">Non<\/span><\/td>\n<\/tr>\n<\/tbody>\n<\/table>\n<h2 data-path-to-node=\"25\">Cas d&#039;utilisation<\/h2>\n<ul data-path-to-node=\"26\">\n<li>\n<p data-path-to-node=\"26,0,0\"><b data-path-to-node=\"26,0,0\" data-index-in-node=\"0\">Mariages d&#039;\u00e9t\u00e9 :<\/b> Un joli cadeau pour les invit\u00e9s lors des c\u00e9r\u00e9monies en plein air.<\/p>\n<\/li>\n<li>\n<p data-path-to-node=\"26,1,0\"><b data-path-to-node=\"26,1,0\" data-index-in-node=\"0\">Festivals de musique :<\/b> \u00c9quipement de survie indispensable pour les foules qui dansent sous la chaleur.<\/p>\n<\/li>\n<li>\n<p data-path-to-node=\"26,2,0\"><b data-path-to-node=\"26,2,0\" data-index-in-node=\"0\">Campagnes politiques :<\/b> Des objets \u00e0 haute visibilit\u00e9 que les supporters brandissent en l&#039;air.<\/p>\n<\/li>\n<li>\n<p data-path-to-node=\"26,3,0\"><b data-path-to-node=\"26,3,0\" data-index-in-node=\"0\">Tourisme et complexes h\u00f4teliers :<\/b> Des cadeaux de bienvenue parfaits pour les h\u00f4tels des r\u00e9gions chaudes.<\/p>\n<\/li>\n<\/ul>","protected":false},"excerpt":{"rendered":"<ul>\n<li>\n<p data-path-to-node=\"9,0,0\"><b data-path-to-node=\"9,0,0\" data-index-in-node=\"0\">4 combinaisons de mat\u00e9riaux :<\/b> Choisissez parmi les options suivantes : plastique\/tissu, bois\/tissu, bambou\/papier ou plastique\/papier.<\/p>\n<\/li>\n<li>\n<p data-path-to-node=\"9,1,0\"><b data-path-to-node=\"9,1,0\" data-index-in-node=\"0\">Identit\u00e9 visuelle compl\u00e8te\u00a0:<\/b> Impression couleur de haute qualit\u00e9 sur feuille \u00e9ventail (papier ou polyester).<\/p>\n<\/li>\n<li>\n<p data-path-to-node=\"9,2,0\"><b data-path-to-node=\"9,2,0\" data-index-in-node=\"0\">Options de c\u00f4tes lev\u00e9es :<\/b> C\u00f4tes robustes, de 12 \u00e0 18 unit\u00e9s selon le mod\u00e8le.<\/p>\n<\/li>\n<li>\n<p data-path-to-node=\"9,3,0\"><b data-path-to-node=\"9,3,0\" data-index-in-node=\"0\">Indispensable de l&#039;\u00e9t\u00e9 :<\/b> Le cadeau id\u00e9al pour les mariages en plein air, les festivals et les \u00e9v\u00e9nements sportifs.<\/p>\n<\/li>\n<\/ul>","protected":false},"featured_media":6311,"comment_status":"closed","ping_status":"closed","template":"","meta":[],"product_brand":[],"product_cat":[45],"product_tag":[],"class_list":{"0":"post-6150","1":"product","2":"type-product","3":"status-publish","4":"has-post-thumbnail","6":"product_cat-other","8":"first","9":"instock","10":"shipping-taxable","11":"purchasable","12":"product-type-simple"},"_links":{"self":[{"href":"https:\/\/displayproducts.eu\/fr\/wp-json\/wp\/v2\/product\/6150","targetHints":{"allow":["GET"]}}],"collection":[{"href":"https:\/\/displayproducts.eu\/fr\/wp-json\/wp\/v2\/product"}],"about":[{"href":"https:\/\/displayproducts.eu\/fr\/wp-json\/wp\/v2\/types\/product"}],"replies":[{"embeddable":true,"href":"https:\/\/displayproducts.eu\/fr\/wp-json\/wp\/v2\/comments?post=6150"}],"wp:featuredmedia":[{"embeddable":true,"href":"https:\/\/displayproducts.eu\/fr\/wp-json\/wp\/v2\/media\/6311"}],"wp:attachment":[{"href":"https:\/\/displayproducts.eu\/fr\/wp-json\/wp\/v2\/media?parent=6150"}],"wp:term":[{"taxonomy":"product_brand","embeddable":true,"href":"https:\/\/displayproducts.eu\/fr\/wp-json\/wp\/v2\/product_brand?post=6150"},{"taxonomy":"product_cat","embeddable":true,"href":"https:\/\/displayproducts.eu\/fr\/wp-json\/wp\/v2\/product_cat?post=6150"},{"taxonomy":"product_tag","embeddable":true,"href":"https:\/\/displayproducts.eu\/fr\/wp-json\/wp\/v2\/product_tag?post=6150"}],"curies":[{"name":"wp","href":"https:\/\/api.w.org\/{rel}","templated":true}]}}