{"id":6144,"date":"2025-12-19T16:02:37","date_gmt":"2025-12-19T13:02:37","guid":{"rendered":"https:\/\/wristbandfactory.eu\/?post_type=product&#038;p=6144"},"modified":"2026-04-01T21:52:34","modified_gmt":"2026-04-01T18:52:34","slug":"custom-printed-picnic-blankets-fleece-waterproof-models","status":"publish","type":"product","link":"https:\/\/displayproducts.eu\/fr\/p\/custom-printed-picnic-blankets-fleece-waterproof-models\/","title":{"rendered":"Couvertures de pique-nique personnalis\u00e9es"},"content":{"rendered":"<p data-path-to-node=\"10\">Transformez chaque \u00e9v\u00e9nement en plein air en une opportunit\u00e9 de promotion de votre marque gr\u00e2ce \u00e0 notre <b data-path-to-node=\"10\" data-index-in-node=\"89\">Couvertures de pique-nique imprim\u00e9es personnalis\u00e9es<\/b>. Que vous ayez besoin d&#039;un petit cadeau convivial pour un concert d&#039;\u00e9t\u00e9 ou d&#039;un cadeau d&#039;entreprise haut de gamme pour vos employ\u00e9s, nous proposons deux mat\u00e9riaux de fabrication diff\u00e9rents pour r\u00e9pondre \u00e0 votre budget et \u00e0 vos besoins fonctionnels.<\/p>\n<p data-path-to-node=\"11\">Les deux mod\u00e8les sont dot\u00e9s d&#039;une impression num\u00e9rique bord \u00e0 bord, permettant d&#039;afficher des photos \u00e9clatantes, des motifs complexes ou des logos audacieux sur toute la surface.<\/p>\n<h3 data-path-to-node=\"12\">Choisissez votre mod\u00e8le<\/h3>\n<p>1. La couverture en polaire douce (standard)<\/p>\n<p>Un choix classique pour la chaleur et le confort.<\/p>\n<ul data-path-to-node=\"14\">\n<li>\n<p data-path-to-node=\"14,0,0\"><b data-path-to-node=\"14,0,0\" data-index-in-node=\"0\">Haut:<\/b> Polaire douce en polyester 100% (220 g\/m\u00b2) pour une sensation de confort.<\/p>\n<\/li>\n<li>\n<p data-path-to-node=\"14,1,0\"><b data-path-to-node=\"14,1,0\" data-index-in-node=\"0\">Bas:<\/b> Support en tissu non tiss\u00e9 noir de 80 g.<\/p>\n<\/li>\n<li>\n<p data-path-to-node=\"14,2,0\"><b data-path-to-node=\"14,2,0\" data-index-in-node=\"0\">Conditionnement:<\/b> Emball\u00e9 individuellement sous film plastique (pochette en papier personnalis\u00e9e disponible sur demande).<\/p>\n<\/li>\n<\/ul>\n<p>2. La couverture imperm\u00e9able de qualit\u00e9 sup\u00e9rieure (rembourr\u00e9e)<\/p>\n<p>Con\u00e7u pour durer et r\u00e9sister aux sols humides.<\/p>\n<ul data-path-to-node=\"16\">\n<li>\n<p data-path-to-node=\"16,0,0\"><b data-path-to-node=\"16,0,0\" data-index-in-node=\"0\">Construction:<\/b> Conception sandwich \u00e0 3 couches \u2013 dessus en polyester 300D, noyau en mousse de 2 mm pour le confort d&#039;assise et dessous en polyester 210D.<\/p>\n<\/li>\n<li>\n<p data-path-to-node=\"16,1,0\"><b data-path-to-node=\"16,1,0\" data-index-in-node=\"0\">\u00c9tanche:<\/b> Dot\u00e9 d&#039;un rev\u00eatement en polyur\u00e9thane pour emp\u00eacher l&#039;humidit\u00e9 de p\u00e9n\u00e9trer.<\/p>\n<\/li>\n<li>\n<p data-path-to-node=\"16,2,0\"><b data-path-to-node=\"16,2,0\" data-index-in-node=\"0\">Portabilit\u00e9:<\/b> Comprend une poign\u00e9e en sangle PP cousue (environ 2,5 x 50 cm) avec fermeture auto-agrippante pour un enroulement et un transport faciles.<\/p>\n<\/li>\n<\/ul>\n<h2 data-path-to-node=\"17\">Caract\u00e9ristiques principales<\/h2>\n<ul data-path-to-node=\"18\">\n<li>\n<p data-path-to-node=\"18,0,0\"><b data-path-to-node=\"18,0,0\" data-index-in-node=\"0\">Impression num\u00e9rique \u00e9clatante\u00a0:<\/b> Nous imprimons votre motif num\u00e9riquement. <i data-path-to-node=\"18,0,0\" data-index-in-node=\"55\">Remarque : En raison de la texture du tissu, les couleurs d&#039;impression finales peuvent varier jusqu&#039;\u00e0 15% en nuance par rapport \u00e0 l&#039;\u0153uvre d&#039;art originale.<\/i><\/p>\n<\/li>\n<li>\n<p data-path-to-node=\"18,1,0\"><b data-path-to-node=\"18,1,0\" data-index-in-node=\"0\">Image de marque pratique\u00a0:<\/b> Une surface massive garantit la visibilit\u00e9 de votre marque \u00e0 distance sur les plages, dans les parcs et lors de festivals.<\/p>\n<\/li>\n<li>\n<p data-path-to-node=\"18,2,0\"><b data-path-to-node=\"18,2,0\" data-index-in-node=\"0\">Tol\u00e9rance de production :<\/b> Conform\u00e9ment aux normes de l&#039;industrie, nous nous r\u00e9servons le droit de livrer et de facturer +\/- 10% de la quantit\u00e9 command\u00e9e.<\/p>\n<\/li>\n<\/ul>\n<h2 data-path-to-node=\"19\">Caract\u00e9ristiques<\/h2>\n<table data-path-to-node=\"20\">\n<thead>\n<tr>\n<td><strong>Fonctionnalit\u00e9<\/strong><\/td>\n<td><strong>Mod\u00e8le polaire<\/strong><\/td>\n<td><strong>Mod\u00e8le rembourr\u00e9 imperm\u00e9able<\/strong><\/td>\n<\/tr>\n<\/thead>\n<tbody>\n<tr>\n<td><span data-path-to-node=\"20,1,0,0\"><b data-path-to-node=\"20,1,0,0\" data-index-in-node=\"0\">Mat\u00e9riau de qualit\u00e9 sup\u00e9rieure<\/b><\/span><\/td>\n<td><span data-path-to-node=\"20,1,1,0\">Polaire en polyester 220 g\/m\u00b2<\/span><\/td>\n<td><span data-path-to-node=\"20,1,2,0\">Polyester 300D<\/span><\/td>\n<\/tr>\n<tr>\n<td><span data-path-to-node=\"20,2,0,0\"><b data-path-to-node=\"20,2,0,0\" data-index-in-node=\"0\">Support<\/b><\/span><\/td>\n<td><span data-path-to-node=\"20,2,1,0\">Tissu non tiss\u00e9 noir 80 g<\/span><\/td>\n<td><span data-path-to-node=\"20,2,2,0\">PU imperm\u00e9able + polyester 210D<\/span><\/td>\n<\/tr>\n<tr>\n<td><span data-path-to-node=\"20,3,0,0\"><b data-path-to-node=\"20,3,0,0\" data-index-in-node=\"0\">Rembourrage<\/b><\/span><\/td>\n<td><span data-path-to-node=\"20,3,1,0\">Aucun<\/span><\/td>\n<td><span data-path-to-node=\"20,3,2,0\">Mousse de 2 mm<\/span><\/td>\n<\/tr>\n<tr>\n<td><span data-path-to-node=\"20,4,0,0\"><b data-path-to-node=\"20,4,0,0\" data-index-in-node=\"0\">Dimensions<\/b><\/span><\/td>\n<td><span data-path-to-node=\"20,4,1,0\">120 x 150 cm OU 130 x 170 cm<\/span><\/td>\n<td><span data-path-to-node=\"20,4,2,0\">120 x 150 cm<\/span><\/td>\n<\/tr>\n<tr>\n<td><span data-path-to-node=\"20,5,0,0\"><b data-path-to-node=\"20,5,0,0\" data-index-in-node=\"0\">Syst\u00e8me de transport<\/b><\/span><\/td>\n<td><span data-path-to-node=\"20,5,1,0\">Sachet plastique (pochette optionnelle)<\/span><\/td>\n<td><span data-path-to-node=\"20,5,2,0\">Poign\u00e9e int\u00e9gr\u00e9e en sangle PP<\/span><\/td>\n<\/tr>\n<tr>\n<td><span data-path-to-node=\"20,6,0,0\"><b data-path-to-node=\"20,6,0,0\" data-index-in-node=\"0\">Technique d&#039;impression<\/b><\/span><\/td>\n<td><span data-path-to-node=\"20,6,1,0\">Num\u00e9rique couleur<\/span><\/td>\n<td><span data-path-to-node=\"20,6,2,0\">Num\u00e9rique couleur<\/span><\/td>\n<\/tr>\n<\/tbody>\n<\/table>\n<p>&nbsp;<\/p>\n<h2 data-path-to-node=\"21\">Cas d&#039;utilisation<\/h2>\n<ul data-path-to-node=\"22\">\n<li>\n<p data-path-to-node=\"22,0,0\"><b data-path-to-node=\"22,0,0\" data-index-in-node=\"0\">Festivals d&#039;\u00e9t\u00e9 :<\/b> Espaces de si\u00e8ges personnalis\u00e9s pour les \u00e9v\u00e9nements musicaux.<\/p>\n<\/li>\n<li>\n<p data-path-to-node=\"22,1,0\"><b data-path-to-node=\"22,1,0\" data-index-in-node=\"0\">Pique-niques d&#039;entreprise :<\/b> Un cadeau pratique que les employ\u00e9s utiliseront \u00e0 maintes reprises.<\/p>\n<\/li>\n<li>\n<p data-path-to-node=\"22,2,0\"><b data-path-to-node=\"22,2,0\" data-index-in-node=\"0\">Boutiques de marchandises :<\/b> Un article de grande valeur pour les groupes de musique ou les \u00e9quipes sportives.<\/p>\n<\/li>\n<li>\n<p data-path-to-node=\"22,3,0\"><b data-path-to-node=\"22,3,0\" data-index-in-node=\"0\">Promotions ext\u00e9rieures :<\/b> Id\u00e9al pour les marques de boissons ou de style de vie.<\/p>\n<\/li>\n<\/ul>","protected":false},"excerpt":{"rendered":"<ul>\n<li>\n<p data-path-to-node=\"9,0,0\"><b data-path-to-node=\"9,0,0\" data-index-in-node=\"0\">Deux variantes :<\/b> Choisissez entre la polaire douce (l\u00e9g\u00e8re) ou la version imperm\u00e9able premium (rembourr\u00e9e avec poign\u00e9e).<\/p>\n<\/li>\n<li>\n<p data-path-to-node=\"9,1,0\"><b data-path-to-node=\"9,1,0\" data-index-in-node=\"0\">Personnalisation compl\u00e8te :<\/b> L&#039;impression num\u00e9rique haute r\u00e9solution recouvre toute la surface sup\u00e9rieure.<\/p>\n<\/li>\n<li>\n<p data-path-to-node=\"9,2,0\"><b data-path-to-node=\"9,2,0\" data-index-in-node=\"0\">Tailles polyvalentes :<\/b> Standard 120x150cm ou plus grand 130x170cm (Polaire uniquement).<\/p>\n<\/li>\n<li>\n<p data-path-to-node=\"9,3,0\"><b data-path-to-node=\"9,3,0\" data-index-in-node=\"0\">Pr\u00eat pour l&#039;\u00e9v\u00e9nement :<\/b> Id\u00e9al pour les festivals en plein air, les pique-niques d&#039;entreprise et les campagnes estivales.<\/p>\n<\/li>\n<\/ul>","protected":false},"featured_media":6315,"comment_status":"closed","ping_status":"closed","template":"","meta":[],"product_brand":[],"product_cat":[68,121],"product_tag":[],"class_list":{"0":"post-6144","1":"product","2":"type-product","3":"status-publish","4":"has-post-thumbnail","6":"product_cat-event-supplies","7":"product_cat-promotional-merchandise","9":"first","10":"instock","11":"shipping-taxable","12":"purchasable","13":"product-type-simple"},"_links":{"self":[{"href":"https:\/\/displayproducts.eu\/fr\/wp-json\/wp\/v2\/product\/6144","targetHints":{"allow":["GET"]}}],"collection":[{"href":"https:\/\/displayproducts.eu\/fr\/wp-json\/wp\/v2\/product"}],"about":[{"href":"https:\/\/displayproducts.eu\/fr\/wp-json\/wp\/v2\/types\/product"}],"replies":[{"embeddable":true,"href":"https:\/\/displayproducts.eu\/fr\/wp-json\/wp\/v2\/comments?post=6144"}],"wp:featuredmedia":[{"embeddable":true,"href":"https:\/\/displayproducts.eu\/fr\/wp-json\/wp\/v2\/media\/6315"}],"wp:attachment":[{"href":"https:\/\/displayproducts.eu\/fr\/wp-json\/wp\/v2\/media?parent=6144"}],"wp:term":[{"taxonomy":"product_brand","embeddable":true,"href":"https:\/\/displayproducts.eu\/fr\/wp-json\/wp\/v2\/product_brand?post=6144"},{"taxonomy":"product_cat","embeddable":true,"href":"https:\/\/displayproducts.eu\/fr\/wp-json\/wp\/v2\/product_cat?post=6144"},{"taxonomy":"product_tag","embeddable":true,"href":"https:\/\/displayproducts.eu\/fr\/wp-json\/wp\/v2\/product_tag?post=6144"}],"curies":[{"name":"wp","href":"https:\/\/api.w.org\/{rel}","templated":true}]}}