{"id":6135,"date":"2025-12-19T15:54:46","date_gmt":"2025-12-19T12:54:46","guid":{"rendered":"https:\/\/wristbandfactory.eu\/?post_type=product&#038;p=6135"},"modified":"2026-04-01T21:52:34","modified_gmt":"2026-04-01T18:52:34","slug":"custom-printed-wooden-deck-chairs-patio-stools-made-in-eu","status":"publish","type":"product","link":"https:\/\/displayproducts.eu\/fr\/p\/custom-printed-wooden-deck-chairs-patio-stools-made-in-eu\/","title":{"rendered":"Chaises longues en bois personnalis\u00e9es"},"content":{"rendered":"<p data-path-to-node=\"10\">Cr\u00e9ez une exp\u00e9rience de marque relaxante avec notre gamme premium de <b data-path-to-node=\"10\" data-index-in-node=\"86\">Chaises longues et tabourets en bois imprim\u00e9s personnalis\u00e9s<\/b>. Que ce soit pour un club de plage, un festival de musique, une terrasse d&#039;entreprise en \u00e9t\u00e9 ou une station de ski en hiver, ces chaises offrent le parfait \u00e9quilibre entre confort et visibilit\u00e9.<\/p>\n<p data-path-to-node=\"11\">Fabriqu\u00e9s directement dans l&#039;UE, nos cadres sont con\u00e7us en bois de h\u00eatre robuste (finition naturelle), garantissant durabilit\u00e9 et une qualit\u00e9 sup\u00e9rieure par rapport aux importations l\u00e9g\u00e8res. Le tissu de l&#039;assise est imprim\u00e9 num\u00e9riquement en couleur, permettant des motifs photor\u00e9alistes recouvrant toute la surface.<\/p>\n<h3 data-path-to-node=\"12\">Mod\u00e8les disponibles<\/h3>\n<p data-path-to-node=\"13\">Nous proposons quatre configurations distinctes pour r\u00e9pondre aux besoins de votre \u00e9v\u00e9nement\u00a0:<\/p>\n<ol start=\"1\" data-path-to-node=\"14\">\n<li>\n<p data-path-to-node=\"14,0,0\"><b data-path-to-node=\"14,0,0\" data-index-in-node=\"0\">Chaise longue classique :<\/b> Un design intemporel sans accoudoirs. Minimaliste et portable.<\/p>\n<\/li>\n<li>\n<p data-path-to-node=\"14,1,0\"><b data-path-to-node=\"14,1,0\" data-index-in-node=\"0\">Chaise longue confortable :<\/b> Il est dot\u00e9 d&#039;accoudoirs ergonomiques pour une d\u00e9tente accrue.<\/p>\n<\/li>\n<li>\n<p data-path-to-node=\"14,2,0\"><b data-path-to-node=\"14,2,0\" data-index-in-node=\"0\">Chaise longue haut de gamme :<\/b> Avec accoudoirs et porte-gobelet int\u00e9gr\u00e9 \u2013 le choix id\u00e9al pour les festivals.<\/p>\n<\/li>\n<li>\n<p data-path-to-node=\"14,3,0\"><b data-path-to-node=\"14,3,0\" data-index-in-node=\"0\">Tabouret de patio :<\/b> Un repose-pieds compact et pliable ou un si\u00e8ge suppl\u00e9mentaire qui compl\u00e8te parfaitement les chaises.<\/p>\n<\/li>\n<\/ol>\n<h2 data-path-to-node=\"15\">Caract\u00e9ristiques principales<\/h2>\n<ul data-path-to-node=\"16\">\n<li>\n<p data-path-to-node=\"16,0,0\"><b data-path-to-node=\"16,0,0\" data-index-in-node=\"0\">Confort ajustable :<\/b> Tous les mod\u00e8les de chaises sont dot\u00e9s d&#039;un r\u00e9glage de la hauteur du dossier en 3 \u00e9tapes pour une position de d\u00e9tente personnalis\u00e9e (Standard : plage de 28\/60 mm ; Mod\u00e8les avec accoudoirs : plage de 28\/57 mm ou 32\/61 mm).<\/p>\n<\/li>\n<li>\n<p data-path-to-node=\"16,1,0\"><b data-path-to-node=\"16,1,0\" data-index-in-node=\"0\">Image de marque dynamique :<\/b> Le tissu en polyester 215 g\/m\u00b2 prend en charge l&#039;impression CMJN haute r\u00e9solution. <i data-path-to-node=\"16,1,0\" data-index-in-node=\"83\">Remarque : En raison de l&#039;absorption du textile, les couleurs finales peuvent varier jusqu&#039;\u00e0 15% par rapport au fichier num\u00e9rique.<\/i><\/p>\n<\/li>\n<li>\n<p data-path-to-node=\"16,2,0\"><b data-path-to-node=\"16,2,0\" data-index-in-node=\"0\">Conception intelligente\u00a0:<\/b> Les housses de chaises sont amovibles et interchangeables, ce qui vous permet de mettre \u00e0 jour vos campagnes sans avoir \u00e0 acheter de nouvelles structures. (Remarque\u00a0: le tissu du tabouret est fixe et non amovible).<\/p>\n<\/li>\n<li>\n<p data-path-to-node=\"16,3,0\"><b data-path-to-node=\"16,3,0\" data-index-in-node=\"0\">S\u00e9curit\u00e9 et charge :<\/b> Sa construction robuste supporte jusqu&#039;\u00e0 110 kg par si\u00e8ge.<\/p>\n<\/li>\n<\/ul>\n<h2 data-path-to-node=\"17\">Caract\u00e9ristiques<\/h2>\n<table data-path-to-node=\"18\">\n<thead>\n<tr>\n<td><strong>Fonctionnalit\u00e9<\/strong><\/td>\n<td><strong>Chaise classique<\/strong><\/td>\n<td><strong>Fauteuil avec accoudoirs<\/strong><\/td>\n<td><strong>Chaise porte-gobelet<\/strong><\/td>\n<td><strong>Tabouret de patio<\/strong><\/td>\n<\/tr>\n<\/thead>\n<tbody>\n<tr>\n<td><span data-path-to-node=\"18,1,0,0\"><b data-path-to-node=\"18,1,0,0\" data-index-in-node=\"0\">Mat\u00e9riau du cadre<\/b><\/span><\/td>\n<td><span data-path-to-node=\"18,1,1,0\">Bois de h\u00eatre<\/span><\/td>\n<td><span data-path-to-node=\"18,1,2,0\">Bois de h\u00eatre<\/span><\/td>\n<td><span data-path-to-node=\"18,1,3,0\">Bois de h\u00eatre<\/span><\/td>\n<td><span data-path-to-node=\"18,1,4,0\">Bois de h\u00eatre<\/span><\/td>\n<\/tr>\n<tr>\n<td><span data-path-to-node=\"18,2,0,0\"><b data-path-to-node=\"18,2,0,0\" data-index-in-node=\"0\">Dimensions (pli\u00e9es)<\/b><\/span><\/td>\n<td><span data-path-to-node=\"18,2,1,0\">1250 x 560 mm<\/span><\/td>\n<td><span data-path-to-node=\"18,2,2,0\">1510 x 580 mm<\/span><\/td>\n<td><span data-path-to-node=\"18,2,3,0\">1510 x 580 mm<\/span><\/td>\n<td><span data-path-to-node=\"18,2,4,0\">500 x 320 mm<\/span><\/td>\n<\/tr>\n<tr>\n<td><span data-path-to-node=\"18,3,0,0\"><b data-path-to-node=\"18,3,0,0\" data-index-in-node=\"0\">Niveaux de hauteur<\/b><\/span><\/td>\n<td><span data-path-to-node=\"18,3,1,0\">3 \u00e9tapes<\/span><\/td>\n<td><span data-path-to-node=\"18,3,2,0\">3 \u00e9tapes<\/span><\/td>\n<td><span data-path-to-node=\"18,3,3,0\">3 \u00e9tapes<\/span><\/td>\n<td><span data-path-to-node=\"18,3,4,0\">Fixe (70 mm)<\/span><\/td>\n<\/tr>\n<tr>\n<td><span data-path-to-node=\"18,4,0,0\"><b data-path-to-node=\"18,4,0,0\" data-index-in-node=\"0\">Poids<\/b><\/span><\/td>\n<td><span data-path-to-node=\"18,4,1,0\">3,9 kg (7,8 kg\/bo\u00eete)<\/span><\/td>\n<td><span data-path-to-node=\"18,4,2,0\">4,4 kg (8,8 kg\/bo\u00eete)<\/span><\/td>\n<td><span data-path-to-node=\"18,4,3,0\">4,7 kg (9,4 kg\/bo\u00eete)<\/span><\/td>\n<td><span data-path-to-node=\"18,4,4,0\">1,6 kg (3,2 kg\/bo\u00eete)<\/span><\/td>\n<\/tr>\n<tr>\n<td><span data-path-to-node=\"18,5,0,0\"><b data-path-to-node=\"18,5,0,0\" data-index-in-node=\"0\">Tissu<\/b><\/span><\/td>\n<td><span data-path-to-node=\"18,5,1,0\">Polyester 215 g\/m\u00b2<\/span><\/td>\n<td><span data-path-to-node=\"18,5,2,0\">Polyester 215 g\/m\u00b2<\/span><\/td>\n<td><span data-path-to-node=\"18,5,3,0\">Polyester 215 g\/m\u00b2<\/span><\/td>\n<td><span data-path-to-node=\"18,5,4,0\">Polyester 215 g\/m\u00b2<\/span><\/td>\n<\/tr>\n<tr>\n<td><span data-path-to-node=\"18,6,0,0\"><b data-path-to-node=\"18,6,0,0\" data-index-in-node=\"0\">Conditionnement<\/b><\/span><\/td>\n<td><span data-path-to-node=\"18,6,1,0\">2 pi\u00e8ces par carton<\/span><\/td>\n<td><span data-path-to-node=\"18,6,2,0\">2 pi\u00e8ces par carton<\/span><\/td>\n<td><span data-path-to-node=\"18,6,3,0\">2 pi\u00e8ces par carton<\/span><\/td>\n<td><span data-path-to-node=\"18,6,4,0\">2 pi\u00e8ces par carton<\/span><\/td>\n<\/tr>\n<\/tbody>\n<\/table>\n<h2 data-path-to-node=\"19\">Cas d&#039;utilisation<\/h2>\n<ul data-path-to-node=\"20\">\n<li>\n<p data-path-to-node=\"20,0,0\"><b data-path-to-node=\"20,0,0\" data-index-in-node=\"0\">Festivals d&#039;\u00e9t\u00e9 et bars de plage\u00a0:<\/b> cr\u00e9er un espace d\u00e9tente de marque.<\/p>\n<\/li>\n<li>\n<p data-path-to-node=\"20,1,0\"><b data-path-to-node=\"20,1,0\" data-index-in-node=\"0\">Stations de ski :<\/b> Le bois durable et le polyester conviennent \u00e9galement aux terrasses ensoleill\u00e9es en hiver.<\/p>\n<\/li>\n<li>\n<p data-path-to-node=\"20,2,0\"><b data-path-to-node=\"20,2,0\" data-index-in-node=\"0\">Cadeaux d&#039;entreprise :<\/b> Un cadeau de grande valeur que les partenaires pourront utiliser dans leurs jardins ou sur leurs balcons.<\/p>\n<\/li>\n<li>\n<p data-path-to-node=\"20,3,0\"><b data-path-to-node=\"20,3,0\" data-index-in-node=\"0\">\u00c9v\u00e9nements en plein air :<\/b> Des si\u00e8ges portables faisant \u00e9galement office de panneau d&#039;affichage.<\/p>\n<\/li>\n<\/ul>","protected":false},"excerpt":{"rendered":"<ul>\n<li>\n<p data-path-to-node=\"9,0,0\"><b data-path-to-node=\"9,0,0\" data-index-in-node=\"0\">Fabriqu\u00e9 dans l&#039;UE :<\/b> Fabriqu\u00e9 artisanalement \u00e0 partir de bois de h\u00eatre naturel de haute qualit\u00e9.<\/p>\n<\/li>\n<li>\n<p data-path-to-node=\"9,1,0\"><b data-path-to-node=\"9,1,0\" data-index-in-node=\"0\">Personnalisation compl\u00e8te :<\/b> Impression CMJN bord \u00e0 bord sur polyester durable de 215 g\/m\u00b2.<\/p>\n<\/li>\n<li>\n<p data-path-to-node=\"9,2,0\"><b data-path-to-node=\"9,2,0\" data-index-in-node=\"0\">4 mod\u00e8les disponibles :<\/b> Standard, Accoudoirs, Accoudoirs + Porte-gobelet et Tabouret pliable.<\/p>\n<\/li>\n<li>\n<p data-path-to-node=\"9,3,0\"><b data-path-to-node=\"9,3,0\" data-index-in-node=\"0\">Tissu rempla\u00e7able\u00a0:<\/b> Le design est facilement modifiable sur tous les mod\u00e8les de chaises (le tissu du tabouret est fixe).<\/p>\n<\/li>\n<\/ul>","protected":false},"featured_media":6320,"comment_status":"closed","ping_status":"closed","template":"","meta":[],"product_brand":[],"product_cat":[68],"product_tag":[],"class_list":{"0":"post-6135","1":"product","2":"type-product","3":"status-publish","4":"has-post-thumbnail","6":"product_cat-event-supplies","8":"first","9":"instock","10":"shipping-taxable","11":"purchasable","12":"product-type-simple"},"_links":{"self":[{"href":"https:\/\/displayproducts.eu\/fr\/wp-json\/wp\/v2\/product\/6135","targetHints":{"allow":["GET"]}}],"collection":[{"href":"https:\/\/displayproducts.eu\/fr\/wp-json\/wp\/v2\/product"}],"about":[{"href":"https:\/\/displayproducts.eu\/fr\/wp-json\/wp\/v2\/types\/product"}],"replies":[{"embeddable":true,"href":"https:\/\/displayproducts.eu\/fr\/wp-json\/wp\/v2\/comments?post=6135"}],"wp:featuredmedia":[{"embeddable":true,"href":"https:\/\/displayproducts.eu\/fr\/wp-json\/wp\/v2\/media\/6320"}],"wp:attachment":[{"href":"https:\/\/displayproducts.eu\/fr\/wp-json\/wp\/v2\/media?parent=6135"}],"wp:term":[{"taxonomy":"product_brand","embeddable":true,"href":"https:\/\/displayproducts.eu\/fr\/wp-json\/wp\/v2\/product_brand?post=6135"},{"taxonomy":"product_cat","embeddable":true,"href":"https:\/\/displayproducts.eu\/fr\/wp-json\/wp\/v2\/product_cat?post=6135"},{"taxonomy":"product_tag","embeddable":true,"href":"https:\/\/displayproducts.eu\/fr\/wp-json\/wp\/v2\/product_tag?post=6135"}],"curies":[{"name":"wp","href":"https:\/\/api.w.org\/{rel}","templated":true}]}}