{"id":6133,"date":"2025-12-19T15:34:23","date_gmt":"2025-12-19T12:34:23","guid":{"rendered":"https:\/\/wristbandfactory.eu\/?post_type=product&#038;p=6133"},"modified":"2026-04-01T21:52:34","modified_gmt":"2026-04-01T18:52:34","slug":"custom-led-acrylic-invitations-business-cards","status":"publish","type":"product","link":"https:\/\/displayproducts.eu\/fr\/p\/custom-led-acrylic-invitations-business-cards\/","title":{"rendered":"Cartes de visite lumineuses et invitations LED"},"content":{"rendered":"<p data-path-to-node=\"9\">Rehaussez votre image de marque ou votre \u00e9v\u00e9nement gr\u00e2ce \u00e0 notre <b data-path-to-node=\"9\" data-index-in-node=\"65\">Invitations et cartes de visite personnalis\u00e9es en acrylique LED<\/b>. Contrairement aux cartes papier classiques, ces cartes futuristes sont fabriqu\u00e9es en acrylique rigide et transparent et int\u00e8grent des LED. Activ\u00e9es par un bouton tactile discret, elles illuminent les d\u00e9tails grav\u00e9s au laser de votre design, cr\u00e9ant un effet visuel saisissant qui garantit que votre message restera grav\u00e9 dans les m\u00e9moires.<\/p>\n<p data-path-to-node=\"10\">Ce ne sont pas de sans impressions cartes\u00a0; ce sont des souvenirs pr\u00e9cieux. Qu&#039;elle serve de carte de visite haut de gamme pour cr\u00e9er un lien imm\u00e9diat, de badge VIP lumineux pour une soir\u00e9e ou d&#039;invitation de mariage romantique, la carte en acrylique LED offre une exp\u00e9rience unique.<\/p>\n<h2 data-path-to-node=\"11\">Caract\u00e9ristiques principales<\/h2>\n<ul data-path-to-node=\"12\">\n<li>\n<p data-path-to-node=\"12,0,0\"><b data-path-to-node=\"12,0,0\" data-index-in-node=\"0\">Technologie de gravure laser\u00a0:<\/b> Nous gravons votre texte, logo ou illustration directement sur la surface acrylique. La lumi\u00e8re LED traverse le mat\u00e9riau et r\u00e9v\u00e8le la gravure, la faisant briller intens\u00e9ment sur le fond transparent.<\/p>\n<\/li>\n<li>\n<p data-path-to-node=\"12,1,0\"><b data-path-to-node=\"12,1,0\" data-index-in-node=\"0\">Activation tactile\u00a0:<\/b> Les capteurs tactiles capacitifs modernes permettent aux utilisateurs d&#039;allumer et d&#039;\u00e9teindre la lumi\u00e8re en toute simplicit\u00e9.<\/p>\n<\/li>\n<li>\n<p data-path-to-node=\"12,2,0\"><b data-path-to-node=\"12,2,0\" data-index-in-node=\"0\">Personnalisation compl\u00e8te :<\/b> Disponibles en diff\u00e9rentes formes (rectangulaires, carr\u00e9es ou d\u00e9coup\u00e9es sur mesure) et tailles pour s&#039;adapter aux portefeuilles standard ou aux formats d&#039;enveloppes plus grands.<\/p>\n<\/li>\n<li>\n<p data-path-to-node=\"12,3,0\"><b data-path-to-node=\"12,3,0\" data-index-in-node=\"0\">Durabilit\u00e9:<\/b> Fabriqu\u00e9e en acrylique robuste (PMMA) qui r\u00e9siste mieux \u00e0 la flexion et aux rayures que les cartes en plastique traditionnelles.<\/p>\n<\/li>\n<\/ul>\n<h2 data-path-to-node=\"13\">Caract\u00e9ristiques<\/h2>\n<ul data-path-to-node=\"14\">\n<li>\n<p data-path-to-node=\"14,0,0\"><b data-path-to-node=\"14,0,0\" data-index-in-node=\"0\">Mat\u00e9riel:<\/b> Acrylique transparent (PMMA).<\/p>\n<\/li>\n<li>\n<p data-path-to-node=\"14,1,0\"><b data-path-to-node=\"14,1,0\" data-index-in-node=\"0\">\u00c9paisseur:<\/b> Options 2 mm \u2013 3 mm.<\/p>\n<\/li>\n<li>\n<p data-path-to-node=\"14,2,0\"><b data-path-to-node=\"14,2,0\" data-index-in-node=\"0\">Source d&#039;\u00e9clairage :<\/b> Lumi\u00e8res LED int\u00e9gr\u00e9es (blanches ou multicolores).<\/p>\n<\/li>\n<li>\n<p data-path-to-node=\"14,3,0\"><b data-path-to-node=\"14,3,0\" data-index-in-node=\"0\">Pouvoir:<\/b> Piles boutons (options rempla\u00e7ables\/non rechargeables) ou rechargeables via USB (certains mod\u00e8les).<\/p>\n<\/li>\n<li>\n<p data-path-to-node=\"14,4,0\"><b data-path-to-node=\"14,4,0\" data-index-in-node=\"0\">Type de commutateur\u00a0:<\/b> Pav\u00e9 tactile ou interrupteur \u00e0 bouton.<\/p>\n<\/li>\n<li>\n<p data-path-to-node=\"14,5,0\"><b data-path-to-node=\"14,5,0\" data-index-in-node=\"0\">D\u00e9lai de production :<\/b> 5 \u00e0 10 jours ouvrables.<\/p>\n<\/li>\n<li>\n<p data-path-to-node=\"14,6,0\"><b data-path-to-node=\"14,6,0\" data-index-in-node=\"0\">Impression:<\/b> Gravure laser (standard) + options s\u00e9rigraphie ou typographie.<\/p>\n<\/li>\n<\/ul>\n<h2 data-path-to-node=\"15\">Cas d&#039;utilisation<\/h2>\n<ul data-path-to-node=\"16\">\n<li>\n<p data-path-to-node=\"16,0,0\"><b data-path-to-node=\"16,0,0\" data-index-in-node=\"0\">Cartes de visite VIP :<\/b> D\u00e9marquez-vous lors d&#039;\u00e9v\u00e9nements de r\u00e9seautage avec une carte qui illumine litt\u00e9ralement la pi\u00e8ce.<\/p>\n<\/li>\n<li>\n<p data-path-to-node=\"16,1,0\"><b data-path-to-node=\"16,1,0\" data-index-in-node=\"0\">Invitations de mariage de luxe :<\/b> Donnez le ton \u00e0 une soir\u00e9e de mariage exclusive avec des invitations resplendissantes.<\/p>\n<\/li>\n<li>\n<p data-path-to-node=\"16,2,0\"><b data-path-to-node=\"16,2,0\" data-index-in-node=\"0\">Souvenirs de l&#039;\u00e9v\u00e9nement\u00a0:<\/b> Id\u00e9al pour les produits d\u00e9riv\u00e9s destin\u00e9s aux fans, les billets comm\u00e9moratifs ou les aimants \u201c R\u00e9servez la date \u201d.<\/p>\n<\/li>\n<li>\n<p data-path-to-node=\"16,3,0\"><b data-path-to-node=\"16,3,0\" data-index-in-node=\"0\">Vie nocturne et galas :<\/b> \u00c0 utiliser comme jetons de boisson \u00e0 haute visibilit\u00e9 ou comme laissez-passer pour les zones VIP dans les environnements peu \u00e9clair\u00e9s.<\/p>\n<\/li>\n<\/ul>","protected":false},"excerpt":{"rendered":"<ul>\n<li>\n<p data-path-to-node=\"8,0,0\"><b data-path-to-node=\"8,0,0\" data-index-in-node=\"0\">Impact lumineux :<\/b> Des LED int\u00e9gr\u00e9es font briller votre motif grav\u00e9 au laser de fa\u00e7on \u00e9clatante.<\/p>\n<\/li>\n<li>\n<p data-path-to-node=\"8,1,0\"><b data-path-to-node=\"8,1,0\" data-index-in-node=\"0\">Mat\u00e9riau de qualit\u00e9 sup\u00e9rieure :<\/b> Acrylique transparent de haute qualit\u00e9, de 2 mm ou 3 mm d&#039;\u00e9paisseur.<\/p>\n<\/li>\n<li>\n<p data-path-to-node=\"8,2,0\"><b data-path-to-node=\"8,2,0\" data-index-in-node=\"0\">Technologie personnalis\u00e9e\u00a0:<\/b> Disponible avec des interrupteurs tactiles et des piles rechargeables ou jetables.<\/p>\n<\/li>\n<li>\n<p data-path-to-node=\"8,3,0\"><b data-path-to-node=\"8,3,0\" data-index-in-node=\"0\">Utilisation polyvalente :<\/b> Id\u00e9al pour des faire-part de mariage de luxe, des cartes de visite haut de gamme ou des billets souvenirs.<\/p>\n<\/li>\n<\/ul>","protected":false},"featured_media":6134,"comment_status":"closed","ping_status":"closed","template":"","meta":[],"product_brand":[],"product_cat":[76],"product_tag":[],"class_list":{"0":"post-6133","1":"product","2":"type-product","3":"status-publish","4":"has-post-thumbnail","6":"product_cat-glow-led-products","8":"first","9":"instock","10":"shipping-taxable","11":"product-type-simple"},"_links":{"self":[{"href":"https:\/\/displayproducts.eu\/fr\/wp-json\/wp\/v2\/product\/6133","targetHints":{"allow":["GET"]}}],"collection":[{"href":"https:\/\/displayproducts.eu\/fr\/wp-json\/wp\/v2\/product"}],"about":[{"href":"https:\/\/displayproducts.eu\/fr\/wp-json\/wp\/v2\/types\/product"}],"replies":[{"embeddable":true,"href":"https:\/\/displayproducts.eu\/fr\/wp-json\/wp\/v2\/comments?post=6133"}],"wp:featuredmedia":[{"embeddable":true,"href":"https:\/\/displayproducts.eu\/fr\/wp-json\/wp\/v2\/media\/6134"}],"wp:attachment":[{"href":"https:\/\/displayproducts.eu\/fr\/wp-json\/wp\/v2\/media?parent=6133"}],"wp:term":[{"taxonomy":"product_brand","embeddable":true,"href":"https:\/\/displayproducts.eu\/fr\/wp-json\/wp\/v2\/product_brand?post=6133"},{"taxonomy":"product_cat","embeddable":true,"href":"https:\/\/displayproducts.eu\/fr\/wp-json\/wp\/v2\/product_cat?post=6133"},{"taxonomy":"product_tag","embeddable":true,"href":"https:\/\/displayproducts.eu\/fr\/wp-json\/wp\/v2\/product_tag?post=6133"}],"curies":[{"name":"wp","href":"https:\/\/api.w.org\/{rel}","templated":true}]}}