{"id":6109,"date":"2025-12-18T12:35:53","date_gmt":"2025-12-18T09:35:53","guid":{"rendered":"https:\/\/wristbandfactory.eu\/?post_type=product&#038;p=6109"},"modified":"2026-04-01T21:52:34","modified_gmt":"2026-04-01T18:52:34","slug":"full-color-tyvek-wristbands-cmyk-photo-print","status":"publish","type":"product","link":"https:\/\/displayproducts.eu\/fr\/p\/full-color-tyvek-wristbands-cmyk-photo-print\/","title":{"rendered":"Bracelets Tyvek impression quadrichromie"},"content":{"rendered":"<p data-path-to-node=\"12\">Rehaussez l&#039;image de marque de votre \u00e9v\u00e9nement gr\u00e2ce \u00e0 notre <b data-path-to-node=\"12\" data-index-in-node=\"62\">Bracelets Tyvek en couleur<\/b>. Contrairement aux options standard \u00e0 une couleur, cette m\u00e9thode d&#039;impression haut de gamme supprime toutes les limitations de conception, vous permettant de transformer un sans impression badge de s\u00e9curit\u00e9 en un puissant outil marketing.<\/p>\n<p data-path-to-node=\"13\">Gr\u00e2ce \u00e0 une technologie d&#039;impression num\u00e9rique CMJN avanc\u00e9e, nous pouvons reproduire <b data-path-to-node=\"13\" data-index-in-node=\"66\">Photos haute r\u00e9solution, d\u00e9grad\u00e9s de couleurs harmonieux et logos de sponsors multicolores<\/b> D&#039;une clart\u00e9 exceptionnelle, l&#039;impression bord \u00e0 bord vous offre un support enti\u00e8rement personnalis\u00e9 pour mettre en valeur votre identit\u00e9 de marque ou le th\u00e8me de votre festival.<\/p>\n<h2 data-path-to-node=\"14\">Caract\u00e9ristiques principales<\/h2>\n<ul data-path-to-node=\"15\">\n<li>\n<p data-path-to-node=\"15,0,0\"><b data-path-to-node=\"15,0,0\" data-index-in-node=\"0\">Qualit\u00e9 photo CMJN\u00a0:<\/b> Imprimez des millions de couleurs avec pr\u00e9cision. Id\u00e9al pour les \u0153uvres complexes n\u00e9cessitant des ombrages ou des d\u00e9tails fins.<\/p>\n<\/li>\n<li>\n<p data-path-to-node=\"15,1,0\"><b data-path-to-node=\"15,1,0\" data-index-in-node=\"0\">Visibilit\u00e9 maximale de la marque\u00a0:<\/b> Id\u00e9al pour les festivals et les \u00e9v\u00e9nements d&#039;entreprise o\u00f9 les logos des sponsors doivent \u00eatre affich\u00e9s dans leurs couleurs d&#039;origine.<\/p>\n<\/li>\n<li>\n<p data-path-to-node=\"15,2,0\"><b data-path-to-node=\"15,2,0\" data-index-in-node=\"0\">S\u00e9curit\u00e9 inviolable\u00a0:<\/b> Dot\u00e9 d&#039;une fermeture adh\u00e9sive d\u00e9coup\u00e9e s\u00e9curis\u00e9e qui se d\u00e9chire lors du retrait pour emp\u00eacher le transfert du billet.<\/p>\n<\/li>\n<li>\n<p data-path-to-node=\"15,3,0\"><b data-path-to-node=\"15,3,0\" data-index-in-node=\"0\">Num\u00e9rotation s\u00e9quentielle\u00a0:<\/b> Chaque bracelet comporte un num\u00e9ro de s\u00e9rie unique permettant le suivi de la capacit\u00e9 et les audits de s\u00e9curit\u00e9.<\/p>\n<\/li>\n<li>\n<p data-path-to-node=\"15,4,0\"><b data-path-to-node=\"15,4,0\" data-index-in-node=\"0\">V\u00e9ritable Tyvek\u00ae DuPont\u2122 :<\/b> Nous utilisons du Tyvek\u00ae authentique, un mat\u00e9riau imperm\u00e9able, durable et confortable pour les \u00e9v\u00e9nements de plusieurs jours.<\/p>\n<\/li>\n<li>\n<p data-path-to-node=\"15,5,0\"><b data-path-to-node=\"15,5,0\" data-index-in-node=\"0\">Tige d\u00e9tachable facultative\u00a0:<\/b> Peut \u00eatre produit avec un talon perfor\u00e9, id\u00e9al pour les bons de boisson, les \u00e9tiquettes de vestiaire ou les tombolas.<\/p>\n<\/li>\n<\/ul>\n<h2 data-path-to-node=\"16\">Caract\u00e9ristiques<\/h2>\n<ul data-path-to-node=\"17\">\n<li>\n<p data-path-to-node=\"17,0,0\"><b data-path-to-node=\"17,0,0\" data-index-in-node=\"0\">Mat\u00e9riel:<\/b> DuPont\u2122 Tyvek\u00ae (poly\u00e9thyl\u00e8ne haute densit\u00e9 recyclable).<\/p>\n<\/li>\n<li>\n<p data-path-to-node=\"17,1,0\"><b data-path-to-node=\"17,1,0\" data-index-in-node=\"0\">Type d&#039;impression\u00a0:<\/b> Impression num\u00e9rique en couleur (CMJN).<\/p>\n<\/li>\n<li>\n<p data-path-to-node=\"17,2,0\"><b data-path-to-node=\"17,2,0\" data-index-in-node=\"0\">Zone d&#039;impression :<\/b> Bord \u00e0 bord (fond perdu autoris\u00e9).<\/p>\n<\/li>\n<li>\n<p data-path-to-node=\"17,3,0\"><b data-path-to-node=\"17,3,0\" data-index-in-node=\"0\">Taille:<\/b> Largeur standard de 19 mm ou 25 mm.<\/p>\n<\/li>\n<li>\n<p data-path-to-node=\"17,4,0\"><b data-path-to-node=\"17,4,0\" data-index-in-node=\"0\">Fermeture:<\/b> Adh\u00e9sif inviolable \u00e0 usage unique.<\/p>\n<\/li>\n<li>\n<p data-path-to-node=\"17,5,0\"><b data-path-to-node=\"17,5,0\" data-index-in-node=\"0\">Durabilit\u00e9:<\/b> R\u00e9sistant \u00e0 l&#039;eau, ind\u00e9chirable, convient pour une utilisation de 1 \u00e0 5 jours.<\/p>\n<\/li>\n<\/ul>\n<h2 data-path-to-node=\"18\">Cas d&#039;utilisation<\/h2>\n<ul data-path-to-node=\"19\">\n<li>\n<p data-path-to-node=\"19,0,0\"><b data-path-to-node=\"19,0,0\" data-index-in-node=\"0\">Festivals de musique :<\/b> Des motifs dynamiques qui correspondent \u00e0 l&#039;identit\u00e9 visuelle du festival.<\/p>\n<\/li>\n<li>\n<p data-path-to-node=\"19,1,0\"><b data-path-to-node=\"19,1,0\" data-index-in-node=\"0\">Acc\u00e8s VIP :<\/b> Distinguez vos invit\u00e9s VIP gr\u00e2ce \u00e0 un look haut de gamme et color\u00e9, contrairement aux bracelets standards.<\/p>\n<\/li>\n<li>\n<p data-path-to-node=\"19,2,0\"><b data-path-to-node=\"19,2,0\" data-index-in-node=\"0\">Parrainages :<\/b> Afficher clairement les logos de plusieurs sponsors dans leurs couleurs officielles.<\/p>\n<\/li>\n<li>\n<p data-path-to-node=\"19,3,0\"><b data-path-to-node=\"19,3,0\" data-index-in-node=\"0\">Campagnes marketing :<\/b> Utilisez des codes QR et des visuels percutants pour stimuler l&#039;engagement.<\/p>\n<\/li>\n<\/ul>","protected":false},"excerpt":{"rendered":"<ul>\n<li>\n<p data-path-to-node=\"11,0,0\"><b data-path-to-node=\"11,0,0\" data-index-in-node=\"0\">Cr\u00e9ativit\u00e9 illimit\u00e9e :<\/b> L&#039;impression en quadrichromie (CMJN) permet l&#039;int\u00e9gration de photos, de d\u00e9grad\u00e9s et de logos de sponsors complexes.<\/p>\n<\/li>\n<li>\n<p data-path-to-node=\"11,1,0\"><b data-path-to-node=\"11,1,0\" data-index-in-node=\"0\">Conception bord \u00e0 bord\u00a0:<\/b> Optimisez l&#039;impact de votre marque gr\u00e2ce \u00e0 un visuel qui couvre toute la longueur du bracelet.<\/p>\n<\/li>\n<li>\n<p data-path-to-node=\"11,2,0\"><b data-path-to-node=\"11,2,0\" data-index-in-node=\"0\">Haute d\u00e9finition :<\/b> Une qualit\u00e9 d&#039;impression nette et photor\u00e9aliste, impossible \u00e0 obtenir avec la s\u00e9rigraphie standard.<\/p>\n<\/li>\n<li>\n<p data-path-to-node=\"11,3,0\"><b data-path-to-node=\"11,3,0\" data-index-in-node=\"0\">S\u00fbr et durable :<\/b> Comporte une num\u00e9rotation s\u00e9quentielle et du v\u00e9ritable DuPont\u2122 Tyvek\u00ae r\u00e9sistant aux d\u00e9chirures.<\/p>\n<\/li>\n<\/ul>","protected":false},"featured_media":6110,"comment_status":"closed","ping_status":"closed","template":"","meta":[],"product_brand":[],"product_cat":[41],"product_tag":[],"class_list":{"0":"post-6109","1":"product","2":"type-product","3":"status-publish","4":"has-post-thumbnail","6":"product_cat-tyvek","8":"first","9":"instock","10":"shipping-taxable","11":"purchasable","12":"product-type-simple"},"_links":{"self":[{"href":"https:\/\/displayproducts.eu\/fr\/wp-json\/wp\/v2\/product\/6109","targetHints":{"allow":["GET"]}}],"collection":[{"href":"https:\/\/displayproducts.eu\/fr\/wp-json\/wp\/v2\/product"}],"about":[{"href":"https:\/\/displayproducts.eu\/fr\/wp-json\/wp\/v2\/types\/product"}],"replies":[{"embeddable":true,"href":"https:\/\/displayproducts.eu\/fr\/wp-json\/wp\/v2\/comments?post=6109"}],"wp:featuredmedia":[{"embeddable":true,"href":"https:\/\/displayproducts.eu\/fr\/wp-json\/wp\/v2\/media\/6110"}],"wp:attachment":[{"href":"https:\/\/displayproducts.eu\/fr\/wp-json\/wp\/v2\/media?parent=6109"}],"wp:term":[{"taxonomy":"product_brand","embeddable":true,"href":"https:\/\/displayproducts.eu\/fr\/wp-json\/wp\/v2\/product_brand?post=6109"},{"taxonomy":"product_cat","embeddable":true,"href":"https:\/\/displayproducts.eu\/fr\/wp-json\/wp\/v2\/product_cat?post=6109"},{"taxonomy":"product_tag","embeddable":true,"href":"https:\/\/displayproducts.eu\/fr\/wp-json\/wp\/v2\/product_tag?post=6109"}],"curies":[{"name":"wp","href":"https:\/\/api.w.org\/{rel}","templated":true}]}}