{"id":6101,"date":"2025-12-17T16:12:54","date_gmt":"2025-12-17T13:12:54","guid":{"rendered":"https:\/\/wristbandfactory.eu\/?post_type=product&#038;p=6101"},"modified":"2026-04-01T21:52:34","modified_gmt":"2026-04-01T18:52:34","slug":"custom-printed-helmet-covers-lycra-spandex","status":"publish","type":"product","link":"https:\/\/displayproducts.eu\/fr\/p\/custom-printed-helmet-covers-lycra-spandex\/","title":{"rendered":"Housses de casque personnalis\u00e9es"},"content":{"rendered":"<p data-path-to-node=\"11\">D\u00e9marquez-vous sur les pistes, la piste ou la rue avec nos <b>Housses de casque imprim\u00e9es personnalis\u00e9es<\/b>. Con\u00e7ues pour les \u00e9quipes sportives, les \u00e9coles de ski et les entreprises sponsors, ces housses transforment l&#039;\u00e9quipement de s\u00e9curit\u00e9 standard en un \u00e9l\u00e9ment dynamique de votre uniforme ou de votre campagne marketing.<\/p>\n<p data-path-to-node=\"12\">Fabriqu\u00e9 \u00e0 partir de mat\u00e9riaux de haute qualit\u00e9 <b>100% Lycra (Spandex)<\/b>, Ce mat\u00e9riau offre une \u00e9lasticit\u00e9 exceptionnelle. Il assure ainsi un ajustement pr\u00e9cis et a\u00e9rodynamique sur presque toutes les formes de casques, que ce soit pour le ski, le v\u00e9lo ou le patinage sur glace, sans compromettre la s\u00e9curit\u00e9 ni le confort.<\/p>\n<h2 data-path-to-node=\"13\">Caract\u00e9ristiques principales<\/h2>\n<ul data-path-to-node=\"14\">\n<li>\n<p data-path-to-node=\"14,0,0\"><b>Taille unique :<\/b> Gr\u00e2ce \u00e0 l&#039;\u00e9lasticit\u00e9 sup\u00e9rieure du Lycra, une seule taille s&#039;adapte parfaitement aux casques pour enfants et adultes.<\/p>\n<\/li>\n<li>\n<p data-path-to-node=\"14,1,0\"><b>Image de marque \u00e0 360\u00b0 :<\/b> Nous utilisons <b>Sublimation int\u00e9grale<\/b> Impression. Cela signifie que vous n&#039;\u00eates pas limit\u00e9 \u00e0 un petit logo sur le c\u00f4t\u00e9\u00a0; vous pouvez imprimer des motifs, des mascottes ou les couleurs de votre marque sur toute la surface de la couverture.<\/p>\n<\/li>\n<li>\n<p data-path-to-node=\"14,2,0\"><b>Durabilit\u00e9:<\/b> Le tissu r\u00e9siste au froid, \u00e0 l&#039;humidit\u00e9 et aux rayons UV, garantissant ainsi l&#039;\u00e9clat de votre motif saison apr\u00e8s saison.<\/p>\n<\/li>\n<li>\n<p data-path-to-node=\"14,3,0\"><b>Identification facile :<\/b> Indispensable pour les \u00e9coles de ski et les groupes de touristes afin de garder un \u0153il sur leurs membres dans des environnements bond\u00e9s.<\/p>\n<\/li>\n<\/ul>\n<h2 data-path-to-node=\"15\">Caract\u00e9ristiques<\/h2>\n<ul data-path-to-node=\"16\">\n<li>\n<p data-path-to-node=\"16,0,0\"><b>Mat\u00e9riel:<\/b> 100% Polyester Lycra (Spandex).<\/p>\n<\/li>\n<li>\n<p data-path-to-node=\"16,1,0\"><b>Technique d&#039;impression :<\/b> Sublimation en couleur (CMJN).<\/p>\n<\/li>\n<li>\n<p data-path-to-node=\"16,2,0\"><b>Taille:<\/b> Coupe extensible universelle.<\/p>\n<\/li>\n<li>\n<p data-path-to-node=\"16,3,0\"><b>Conception:<\/b> Enti\u00e8rement personnalisable (possibilit\u00e9 d&#039;ajouter des rabats d&#039;oreilles ou des cr\u00eates sur demande).<\/p>\n<\/li>\n<li>\n<p data-path-to-node=\"16,4,0\"><b>Soins:<\/b> Lavable en machine (\u00e0 basse temp\u00e9rature).<\/p>\n<\/li>\n<li>\n<p data-path-to-node=\"16,5,0\"><b>MOQ\u00a0:<\/b> 50 unit\u00e9s.<\/p>\n<\/li>\n<\/ul>\n<h2 data-path-to-node=\"17\">Cas d&#039;utilisation<\/h2>\n<ul data-path-to-node=\"18\">\n<li>\n<p data-path-to-node=\"18,0,0\"><b>\u00c9coles de ski et de snowboard\u00a0:<\/b> Identifiez clairement les moniteurs et les groupes d&#039;\u00e9tudiants sur la montagne.<\/p>\n<\/li>\n<li>\n<p data-path-to-node=\"18,1,0\"><b>Clubs de cyclisme :<\/b> L&#039;esprit d&#039;\u00e9quipe pour les courses sur route ou les sorties de groupe informelles.<\/p>\n<\/li>\n<li>\n<p data-path-to-node=\"18,2,0\"><b>\u00c9v\u00e9nements d&#039;entreprise hivernaux :<\/b> \u00c9quipement de marque pour les s\u00e9jours de ski d&#039;entreprise.<\/p>\n<\/li>\n<li>\n<p data-path-to-node=\"18,3,0\"><b>Campagnes de s\u00e9curit\u00e9 :<\/b> Couleurs \u00e0 haute visibilit\u00e9 pour les enfants dans la circulation.<\/p>\n<\/li>\n<\/ul>","protected":false},"excerpt":{"rendered":"<ul>\n<li>\n<p data-path-to-node=\"10,0,0\"><b>Mat\u00e9riel:<\/b> 100% Lycra (Spandex) \u2013 tr\u00e8s \u00e9lastique et durable.<\/p>\n<\/li>\n<li>\n<p data-path-to-node=\"10,1,0\"><b>Ajustement universel :<\/b> S&#039;\u00e9tire pour s&#039;adapter \u00e0 la plupart des casques de ski, de snowboard, de v\u00e9lo et de skate standard.<\/p>\n<\/li>\n<li>\n<p data-path-to-node=\"10,2,0\"><b>Personnalisation compl\u00e8te :<\/b> L&#039;impression par sublimation int\u00e9grale permet une infinit\u00e9 de couleurs et de motifs.<\/p>\n<\/li>\n<li>\n<p data-path-to-node=\"10,3,0\"><b>Fonctionnalit\u00e9s :<\/b> Prot\u00e8ge le casque des rayures tout en offrant une visibilit\u00e9 optimale de la marque.<\/p>\n<\/li>\n<\/ul>","protected":false},"featured_media":6326,"comment_status":"closed","ping_status":"closed","template":"","meta":[],"product_brand":[],"product_cat":[130,118],"product_tag":[],"class_list":{"0":"post-6101","1":"product","2":"type-product","3":"status-publish","4":"has-post-thumbnail","6":"product_cat-custom-headwear","7":"product_cat-sports-fitness","9":"first","10":"instock","11":"shipping-taxable","12":"product-type-simple"},"_links":{"self":[{"href":"https:\/\/displayproducts.eu\/fr\/wp-json\/wp\/v2\/product\/6101","targetHints":{"allow":["GET"]}}],"collection":[{"href":"https:\/\/displayproducts.eu\/fr\/wp-json\/wp\/v2\/product"}],"about":[{"href":"https:\/\/displayproducts.eu\/fr\/wp-json\/wp\/v2\/types\/product"}],"replies":[{"embeddable":true,"href":"https:\/\/displayproducts.eu\/fr\/wp-json\/wp\/v2\/comments?post=6101"}],"wp:featuredmedia":[{"embeddable":true,"href":"https:\/\/displayproducts.eu\/fr\/wp-json\/wp\/v2\/media\/6326"}],"wp:attachment":[{"href":"https:\/\/displayproducts.eu\/fr\/wp-json\/wp\/v2\/media?parent=6101"}],"wp:term":[{"taxonomy":"product_brand","embeddable":true,"href":"https:\/\/displayproducts.eu\/fr\/wp-json\/wp\/v2\/product_brand?post=6101"},{"taxonomy":"product_cat","embeddable":true,"href":"https:\/\/displayproducts.eu\/fr\/wp-json\/wp\/v2\/product_cat?post=6101"},{"taxonomy":"product_tag","embeddable":true,"href":"https:\/\/displayproducts.eu\/fr\/wp-json\/wp\/v2\/product_tag?post=6101"}],"curies":[{"name":"wp","href":"https:\/\/api.w.org\/{rel}","templated":true}]}}