{"id":6096,"date":"2025-12-17T16:05:07","date_gmt":"2025-12-17T13:05:07","guid":{"rendered":"https:\/\/wristbandfactory.eu\/?post_type=product&#038;p=6096"},"modified":"2026-04-01T21:52:34","modified_gmt":"2026-04-01T18:52:34","slug":"custom-full-print-boxer-shorts-sublimation","status":"publish","type":"product","link":"https:\/\/displayproducts.eu\/fr\/p\/custom-full-print-boxer-shorts-sublimation\/","title":{"rendered":"Cale\u00e7ons boxer personnalis\u00e9s (Impression totale)"},"content":{"rendered":"<p data-path-to-node=\"11\">Transformez un indispensable du quotidien en une affirmation de style audacieuse gr\u00e2ce \u00e0 notre <b>Boxers personnalis\u00e9s \u00e0 imprim\u00e9 int\u00e9gral<\/b>. Que ce soit pour une \u00e9quipe sportive \u00e0 la recherche d&#039;une tenue uniforme (jusqu&#039;\u00e0 la sous-couche), un groupe de musique vendant des produits d\u00e9riv\u00e9s uniques ou une entreprise cr\u00e9ant un cadeau original et m\u00e9morable, ces boxers offrent une libert\u00e9 cr\u00e9ative in\u00e9gal\u00e9e.<\/p>\n<p data-path-to-node=\"12\">Contrairement aux sous-v\u00eatements imprim\u00e9s classiques o\u00f9 le logo est appliqu\u00e9 par thermocollage sur le v\u00eatement fini, nous les fabriquons de A \u00e0 Z. Nous imprimons votre motif sur des rouleaux de tissu Lycra de haute qualit\u00e9 avant la d\u00e9coupe et la couture. Ainsi, votre motif, qu&#039;il s&#039;agisse d&#039;un logo r\u00e9p\u00e9t\u00e9, d&#039;une photo ou d&#039;une couleur sp\u00e9cifique \u00e0 votre marque, est parfaitement visible. <b>100% du produit<\/b>, y compris la ceinture.<\/p>\n<h2 data-path-to-node=\"13\">Caract\u00e9ristiques principales<\/h2>\n<ul data-path-to-node=\"14\">\n<li>\n<p data-path-to-node=\"14,0,0\"><b>Construction en Lycra de qualit\u00e9 sup\u00e9rieure :<\/b> Fabriqu\u00e9 \u00e0 partir de mat\u00e9riaux lisses <b>Lycra 130 g\/m\u00b2<\/b>, Le tissu est doux au contact de la peau, respirant et conserve sa forme.<\/p>\n<\/li>\n<li>\n<p data-path-to-node=\"14,1,0\"><b>Sublimation vive :<\/b> Nous utilisons des technologies de pointe <b>Impression \u00e0 1400 dpi<\/b> Gr\u00e2ce \u00e0 cette technologie, l&#039;encre est impr\u00e9gn\u00e9e dans les fibres du tissu, garantissant ainsi que le motif ne craquelle pas, ne s&#039;\u00e9caille pas et ne se d\u00e9colore pas, m\u00eame apr\u00e8s de nombreux lavages.<\/p>\n<\/li>\n<li>\n<p data-path-to-node=\"14,2,0\"><b>Performances techniques :<\/b> Le tissu est r\u00e9sistant \u00e0 l&#039;eau et conserve une certaine adh\u00e9rence. <b>Certificat de r\u00e9sistance au feu M1\/B1<\/b>, ce qui le rend s\u00fbr et durable.<\/p>\n<\/li>\n<li>\n<p data-path-to-node=\"14,3,0\"><b>Personnalisation:<\/b> Id\u00e9al pour les noms individuels. Vous pouvez demander un devis un lot o\u00f9 chaque paire a un nom diff\u00e9rent imprim\u00e9 sur la ceinture ou la jambe.<\/p>\n<\/li>\n<\/ul>\n<h2 data-path-to-node=\"15\">Caract\u00e9ristiques<\/h2>\n<ul data-path-to-node=\"16\">\n<li>\n<p data-path-to-node=\"16,0,0\"><b>Mat\u00e9riel:<\/b> 130 g\/m\u00b2 Lycra (m\u00e9lange polyester\/\u00e9lasthanne).<\/p>\n<\/li>\n<li>\n<p data-path-to-node=\"16,1,0\"><b>Technique d&#039;impression :<\/b> Sublimation thermique int\u00e9grale (CMJN).<\/p>\n<\/li>\n<li>\n<p data-path-to-node=\"16,2,0\"><b>R\u00e9solution:<\/b> 1400 dpi (Qualit\u00e9 photo).<\/p>\n<\/li>\n<li>\n<p data-path-to-node=\"16,3,0\"><b>S\u00e9curit\u00e9:<\/b> Classe ignifuge M1\/B1.<\/p>\n<\/li>\n<li>\n<p data-path-to-node=\"16,4,0\"><b>Styles\u00a0:<\/b> Boxers pour hommes, slips\/shorts pour femmes.<\/p>\n<\/li>\n<li>\n<p data-path-to-node=\"16,5,0\"><b>Tailles:<\/b> XS \u2013 XXL.<\/p>\n<\/li>\n<li>\n<p data-path-to-node=\"16,6,0\"><b>MOQ\u00a0:<\/b> 50 unit\u00e9s.<\/p>\n<\/li>\n<\/ul>\n<h2 data-path-to-node=\"17\">Cas d&#039;utilisation<\/h2>\n<ul data-path-to-node=\"18\">\n<li>\n<p data-path-to-node=\"18,0,0\"><b>\u00c9quipes sportives :<\/b> Sous-v\u00eatements techniques uniformes pour les \u00e9quipes de football, de basketball ou de rugby.<\/p>\n<\/li>\n<li>\n<p data-path-to-node=\"18,1,0\"><b>Marchandises:<\/b> Des articles amusants et \u00e0 forte marge pour les groupes de musique, les festivals et les influenceurs.<\/p>\n<\/li>\n<li>\n<p data-path-to-node=\"18,2,0\"><b>Enterrements de vie de gar\u00e7on\/jeune fille :<\/b> Des cadeaux personnalis\u00e9s et amusants avec des photos ou des blagues priv\u00e9es.<\/p>\n<\/li>\n<li>\n<p data-path-to-node=\"18,3,0\"><b>Objets publicitaires d&#039;entreprise\u00a0:<\/b> Un cadeau humoristique et inattendu qui ne passe certainement pas inaper\u00e7u.<\/p>\n<\/li>\n<\/ul>","protected":false},"excerpt":{"rendered":"<ul>\n<li>\n<p data-path-to-node=\"10,0,0\"><b>Impression int\u00e9grale :<\/b> 100% surface personnalisable (y compris la ceinture) par sublimation.<\/p>\n<\/li>\n<li>\n<p data-path-to-node=\"10,1,0\"><b>Mat\u00e9riel:<\/b> Tissu Lycra lisse de 130 g\/m\u00b2 (r\u00e9sistant \u00e0 l&#039;eau et ignifug\u00e9 M1\/B1).<\/p>\n<\/li>\n<li>\n<p data-path-to-node=\"10,2,0\"><b>Qualit\u00e9 d&#039;impression :<\/b> Haute d\u00e9finition <b>1400 dpi<\/b> pour des photos et des logos nets.<\/p>\n<\/li>\n<li>\n<p data-path-to-node=\"10,3,0\"><b>Styles\u00a0:<\/b> Coupes disponibles pour hommes et femmes.<\/p>\n<\/li>\n<\/ul>","protected":false},"featured_media":6097,"comment_status":"closed","ping_status":"closed","template":"","meta":[],"product_brand":[],"product_cat":[118,45],"product_tag":[],"class_list":{"0":"post-6096","1":"product","2":"type-product","3":"status-publish","4":"has-post-thumbnail","6":"product_cat-sports-fitness","7":"product_cat-other","9":"first","10":"instock","11":"shipping-taxable","12":"product-type-simple"},"_links":{"self":[{"href":"https:\/\/displayproducts.eu\/fr\/wp-json\/wp\/v2\/product\/6096","targetHints":{"allow":["GET"]}}],"collection":[{"href":"https:\/\/displayproducts.eu\/fr\/wp-json\/wp\/v2\/product"}],"about":[{"href":"https:\/\/displayproducts.eu\/fr\/wp-json\/wp\/v2\/types\/product"}],"replies":[{"embeddable":true,"href":"https:\/\/displayproducts.eu\/fr\/wp-json\/wp\/v2\/comments?post=6096"}],"wp:featuredmedia":[{"embeddable":true,"href":"https:\/\/displayproducts.eu\/fr\/wp-json\/wp\/v2\/media\/6097"}],"wp:attachment":[{"href":"https:\/\/displayproducts.eu\/fr\/wp-json\/wp\/v2\/media?parent=6096"}],"wp:term":[{"taxonomy":"product_brand","embeddable":true,"href":"https:\/\/displayproducts.eu\/fr\/wp-json\/wp\/v2\/product_brand?post=6096"},{"taxonomy":"product_cat","embeddable":true,"href":"https:\/\/displayproducts.eu\/fr\/wp-json\/wp\/v2\/product_cat?post=6096"},{"taxonomy":"product_tag","embeddable":true,"href":"https:\/\/displayproducts.eu\/fr\/wp-json\/wp\/v2\/product_tag?post=6096"}],"curies":[{"name":"wp","href":"https:\/\/api.w.org\/{rel}","templated":true}]}}