{"id":6091,"date":"2025-12-17T15:53:41","date_gmt":"2025-12-17T12:53:41","guid":{"rendered":"https:\/\/wristbandfactory.eu\/?post_type=product&#038;p=6091"},"modified":"2026-04-01T21:52:34","modified_gmt":"2026-04-01T18:52:34","slug":"custom-embroidered-hotel-bathrobes-dual-layer","status":"publish","type":"product","link":"https:\/\/displayproducts.eu\/fr\/p\/custom-embroidered-hotel-bathrobes-dual-layer\/","title":{"rendered":"Peignoirs de bain avec logo"},"content":{"rendered":"<p data-path-to-node=\"11\">Am\u00e9liorez l&#039;exp\u00e9rience de vos clients gr\u00e2ce \u00e0 notre <b>Peignoirs d&#039;h\u00f4tel brod\u00e9s sur mesure<\/b>. Con\u00e7ues pour les \u00e9tablissements exigeants en mati\u00e8re de luxe et de durabilit\u00e9, ces robes offrent un \u00e9quilibre parfait entre confort et douceur pour la peau et r\u00e9sistance \u00e0 l&#039;usage.<\/p>\n<p data-path-to-node=\"12\">Contrairement aux peignoirs en \u00e9ponge classiques qui peuvent devenir r\u00eaches ou se d\u00e9former avec le temps, notre technologie double couche garantit un toucher haut de gamme pendant des ann\u00e9es. Un parfait exemple de cette qualit\u00e9 est notre collaboration avec\u2026 <b>Panorama Kalevi<\/b> Dans ce complexe r\u00e9sidentiel, ils ont choisi ces peignoirs comme cadeaux de bienvenue exclusifs pour les nouveaux propri\u00e9taires d&#039;appartements, misant sur la grande valeur per\u00e7ue du peignoir pour laisser une impression positive durable.<\/p>\n<h2 data-path-to-node=\"13\">Caract\u00e9ristiques principales<\/h2>\n<ul data-path-to-node=\"14\">\n<li>\n<p data-path-to-node=\"14,0,0\"><b>Technologie double couche\u00a0:<\/b><\/p>\n<ul data-path-to-node=\"14,0,1\">\n<li>\n<p data-path-to-node=\"14,0,1,0,0\"><b>Couche int\u00e9rieure (100% Coton) :<\/b> Elle se pose directement sur la peau, offrant une excellente absorption de l&#039;humidit\u00e9 et une bonne respirabilit\u00e9 apr\u00e8s la douche ou le sauna.<\/p>\n<\/li>\n<li>\n<p data-path-to-node=\"14,0,1,1,0\"><b>Couche ext\u00e9rieure (100% Polyester) :<\/b> Offre un fini velout\u00e9 et \u00e9l\u00e9gant qui r\u00e9siste aux plis, au r\u00e9tr\u00e9cissement et aux accrocs.<\/p>\n<\/li>\n<\/ul>\n<\/li>\n<li>\n<p data-path-to-node=\"14,1,0\"><b>Design \u00e9l\u00e9gant :<\/b> Il pr\u00e9sente une coupe moderne avec une option de palette de couleurs graphite\/blanc (comme on peut le voir dans le projet Kalevi Panorama), des poignets larges, des poches profondes et une ceinture robuste.<\/p>\n<\/li>\n<li>\n<p data-path-to-node=\"14,2,0\"><b>Image de marque sup\u00e9rieure\u00a0:<\/b> Nous recommandons <b>Broderie<\/b> Pour le branding. Un logo brod\u00e9 cr\u00e9e un effet de relief qui \u00e9voque la qualit\u00e9 et r\u00e9siste mieux aux lavages \u00e0 haute temp\u00e9rature que n&#039;importe quelle impression.<\/p>\n<\/li>\n<li>\n<p data-path-to-node=\"14,3,0\"><b>Luxe abordable :<\/b> La durabilit\u00e9 de l&#039;enveloppe en polyester signifie que ces peignoirs n\u00e9cessitent d&#039;\u00eatre remplac\u00e9s moins souvent que les alternatives en coton 100%, offrant ainsi un meilleur retour sur investissement pour les h\u00f4tels.<\/p>\n<\/li>\n<\/ul>\n<h2 data-path-to-node=\"15\">Caract\u00e9ristiques<\/h2>\n<ul data-path-to-node=\"16\">\n<li>\n<p data-path-to-node=\"16,0,0\"><b>Mat\u00e9riel:<\/b> M\u00e9lange double couche (Int\u00e9rieur : coton 100% \/ Ext\u00e9rieur : polyester 100%).<\/p>\n<\/li>\n<li>\n<p data-path-to-node=\"16,1,0\"><b>Poids:<\/b> Environ 300-350 g\/m\u00b2 (L\u00e9ger mais chaud).<\/p>\n<\/li>\n<li>\n<p data-path-to-node=\"16,2,0\"><b>Style:<\/b> Kimono ou col ch\u00e2le.<\/p>\n<\/li>\n<li>\n<p data-path-to-node=\"16,3,0\"><b>Couleurs:<\/b> Blanc classique, gris graphite, bleu marine ou personnalis\u00e9.<\/p>\n<\/li>\n<li>\n<p data-path-to-node=\"16,4,0\"><b>Image de marque :<\/b> Broderie machine (poitrine, dos ou manche).<\/p>\n<\/li>\n<li>\n<p data-path-to-node=\"16,5,0\"><b>Tailles:<\/b> S\/M, L\/XL, XXL (Unisexe).<\/p>\n<\/li>\n<li>\n<p data-path-to-node=\"16,6,0\"><b>Soins:<\/b> Lavable en milieu industriel (jusqu&#039;\u00e0 60 \u00b0C).<\/p>\n<\/li>\n<\/ul>\n<h2 data-path-to-node=\"17\">Cas d&#039;utilisation<\/h2>\n<ul data-path-to-node=\"18\">\n<li>\n<p data-path-to-node=\"18,0,0\"><b>H\u00f4tels et spas :<\/b> \u00c9quipements en chambre pour les suites et les centres de spa.<\/p>\n<\/li>\n<li>\n<p data-path-to-node=\"18,1,0\"><b>D\u00e9veloppement immobilier :<\/b> Un cadeau de luxe pour les nouveaux propri\u00e9taires.<\/p>\n<\/li>\n<li>\n<p data-path-to-node=\"18,2,0\"><b>Cadeaux VIP d&#039;entreprise :<\/b> Un cadeau haut de gamme qui offre une v\u00e9ritable utilit\u00e9 et un confort optimal.<\/p>\n<\/li>\n<li>\n<p data-path-to-node=\"18,3,0\"><b>Centres de bien-\u00eatre\u00a0:<\/b> Peignoirs de marque \u00e0 disposition des clients pendant les soins.<\/p>\n<\/li>\n<\/ul>","protected":false},"excerpt":{"rendered":"<ul data-path-to-node=\"10\">\n<li>\n<p data-path-to-node=\"10,0,0\"><b>Tissu intelligent\u00a0:<\/b> Construction \u00e0 double couche avec int\u00e9rieur en coton 100% pour l&#039;absorption et ext\u00e9rieur en polyester 100% pour la durabilit\u00e9.<\/p>\n<\/li>\n<li>\n<p data-path-to-node=\"10,1,0\"><b>R\u00e9sistant aux plis :<\/b> La couche ext\u00e9rieure reste lisse et \u00e9l\u00e9gante m\u00eame apr\u00e8s des lavages industriels fr\u00e9quents.<\/p>\n<\/li>\n<li>\n<p data-path-to-node=\"10,2,0\"><b>Image de marque haut de gamme\u00a0:<\/b> La broderie du logo en haute d\u00e9finition sur la poitrine ou le dos ajoute une touche de luxe.<\/p>\n<\/li>\n<li>\n<p data-path-to-node=\"10,3,0\"><b>Polyvalent:<\/b> Id\u00e9al pour les h\u00f4tels, les spas et les cadeaux immobiliers haut de gamme (par exemple, Kalevi Panorama).<\/p>\n<\/li>\n<\/ul>","protected":false},"featured_media":6092,"comment_status":"closed","ping_status":"closed","template":"","meta":[],"product_brand":[],"product_cat":[132],"product_tag":[],"class_list":{"0":"post-6091","1":"product","2":"type-product","3":"status-publish","4":"has-post-thumbnail","6":"product_cat-hotel-spa-amenities","8":"first","9":"instock","10":"shipping-taxable","11":"purchasable","12":"product-type-simple"},"_links":{"self":[{"href":"https:\/\/displayproducts.eu\/fr\/wp-json\/wp\/v2\/product\/6091","targetHints":{"allow":["GET"]}}],"collection":[{"href":"https:\/\/displayproducts.eu\/fr\/wp-json\/wp\/v2\/product"}],"about":[{"href":"https:\/\/displayproducts.eu\/fr\/wp-json\/wp\/v2\/types\/product"}],"replies":[{"embeddable":true,"href":"https:\/\/displayproducts.eu\/fr\/wp-json\/wp\/v2\/comments?post=6091"}],"wp:featuredmedia":[{"embeddable":true,"href":"https:\/\/displayproducts.eu\/fr\/wp-json\/wp\/v2\/media\/6092"}],"wp:attachment":[{"href":"https:\/\/displayproducts.eu\/fr\/wp-json\/wp\/v2\/media?parent=6091"}],"wp:term":[{"taxonomy":"product_brand","embeddable":true,"href":"https:\/\/displayproducts.eu\/fr\/wp-json\/wp\/v2\/product_brand?post=6091"},{"taxonomy":"product_cat","embeddable":true,"href":"https:\/\/displayproducts.eu\/fr\/wp-json\/wp\/v2\/product_cat?post=6091"},{"taxonomy":"product_tag","embeddable":true,"href":"https:\/\/displayproducts.eu\/fr\/wp-json\/wp\/v2\/product_tag?post=6091"}],"curies":[{"name":"wp","href":"https:\/\/api.w.org\/{rel}","templated":true}]}}