{"id":6086,"date":"2025-12-17T15:46:12","date_gmt":"2025-12-17T12:46:12","guid":{"rendered":"https:\/\/wristbandfactory.eu\/?post_type=product&#038;p=6086"},"modified":"2026-04-01T21:52:34","modified_gmt":"2026-04-01T18:52:34","slug":"custom-pvc-parking-discs-made-in-estonia","status":"publish","type":"product","link":"https:\/\/displayproducts.eu\/fr\/p\/custom-pvc-parking-discs-made-in-estonia\/","title":{"rendered":"Disques de stationnement avec logo"},"content":{"rendered":"<p data-path-to-node=\"11\">Transformez un accessoire automobile indispensable en un espace publicitaire mobile gr\u00e2ce \u00e0 notre <b>Disques de stationnement en PVC personnalis\u00e9s<\/b>. Contrairement aux alternatives en plastique bon march\u00e9 et fragiles, nos horodateurs de stationnement sont <b>Fabriqu\u00e9 en Estonie<\/b> utilisant des mat\u00e9riaux de haute qualit\u00e9 con\u00e7us pour r\u00e9sister aux variations de temp\u00e9rature du climat nordique.<\/p>\n<p data-path-to-node=\"12\">Nous offrons une libert\u00e9 totale en mati\u00e8re de conception. Que vous ayez besoin d&#039;un objet de merchandising artistique, comme la magnifique s\u00e9rie que nous avons cr\u00e9\u00e9e pour les artistes <b>Ewa-Kaisa Plakk<\/b>\u2014ou un outil d&#039;entreprise performant comme le <b>JAPONS AS<\/b> Disques sur mesure, nous garantissons la pr\u00e9cision.<\/p>\n<h2 data-path-to-node=\"13\">Caract\u00e9ristiques principales<\/h2>\n<ul data-path-to-node=\"14\">\n<li>\n<p data-path-to-node=\"14,0,0\"><b>Construction haut de gamme :<\/b> Fabriqu\u00e9 \u00e0 partir de <b>plastique PVC de 1 mm d&#039;\u00e9paisseur<\/b>, ce qui donne au disque une sensation de solidit\u00e9, semblable \u00e0 celle d&#039;une carte de cr\u00e9dit, et qui ne se plie pas facilement.<\/p>\n<\/li>\n<li>\n<p data-path-to-node=\"14,1,0\"><b>Image de marque \u00e9clatante\u00a0:<\/b> Nous utilisons des technologies de pointe <b>Technologie d&#039;impression UV<\/b> De jour comme de nuit. Ainsi, votre logo, vos illustrations ou votre message publicitaire restent nets et r\u00e9sistants \u00e0 la d\u00e9coloration, m\u00eame en plein soleil.<\/p>\n<\/li>\n<li>\n<p data-path-to-node=\"14,2,0\"><b>D\u00e9tails personnalis\u00e9s\u00a0:<\/b> M\u00eame les aiguilles de l&#039;horloge sont personnalisables ! D\u00e9marquez-vous des mod\u00e8les bleus et blancs classiques en choisissant des couleurs contrast\u00e9es (par exemple, les aiguilles rouges \u00e9clatantes utilis\u00e9es dans nos projets r\u00e9cents).<\/p>\n<\/li>\n<li>\n<p data-path-to-node=\"14,3,0\"><b>Couche protectrice :<\/b> Pour une utilisation intensive, nous proposons <b>Mat\u00e9riau Lasernex<\/b> des options avec une couche protectrice de 250 microns (comme on le voit dans le projet JAPS AS), garantissant que l&#039;impression reste sans rayures pendant des ann\u00e9es.<\/p>\n<\/li>\n<\/ul>\n<h2 data-path-to-node=\"15\">Caract\u00e9ristiques<\/h2>\n<ul data-path-to-node=\"16\">\n<li>\n<p data-path-to-node=\"16,0,0\"><b>Dimensions:<\/b> Taille standard des disques de stationnement de l&#039;UE (environ 110 x 150 mm) ou sur mesure.<\/p>\n<\/li>\n<li>\n<p data-path-to-node=\"16,1,0\"><b>Mat\u00e9riel:<\/b> PVC de 1 mm (standard) ou composite Lasernex.<\/p>\n<\/li>\n<li>\n<p data-path-to-node=\"16,2,0\"><b>Imprimer:<\/b> Impression num\u00e9rique UV (CMJN).<\/p>\n<\/li>\n<li>\n<p data-path-to-node=\"16,3,0\"><b>Aiguilles de l&#039;horloge :<\/b> Plastique (rivett\u00e9), disponible en rouge, bleu, noir et blanc.<\/p>\n<\/li>\n<li>\n<p data-path-to-node=\"16,4,0\"><b>Origine:<\/b> Fabriqu\u00e9 en Estonie.<\/p>\n<\/li>\n<li>\n<p data-path-to-node=\"16,5,0\"><b>MOQ\u00a0:<\/b> 50 unit\u00e9s.<\/p>\n<\/li>\n<\/ul>\n<h2 data-path-to-node=\"17\">Cas d&#039;utilisation<\/h2>\n<ul data-path-to-node=\"18\">\n<li>\n<p data-path-to-node=\"18,0,0\"><b>Flottes d&#039;entreprises :<\/b> Uniformisez vos v\u00e9hicules d&#039;entreprise avec des disques de stationnement personnalis\u00e9s.<\/p>\n<\/li>\n<li>\n<p data-path-to-node=\"18,1,0\"><b>Marchandises:<\/b> Disques au design artistique (mus\u00e9es, artistes, groupes de musique) vendus comme souvenirs pratiques.<\/p>\n<\/li>\n<li>\n<p data-path-to-node=\"18,2,0\"><b>Centres commerciaux et h\u00f4tels :<\/b> Un cadeau pratique \u00e0 offrir aux invit\u00e9s, qui permet de garder votre marque visible \u00e0 chaque fois qu&#039;ils se garent.<\/p>\n<\/li>\n<li>\n<p data-path-to-node=\"18,3,0\"><b>Concessionnaires automobiles\u00a0:<\/b> Le cadeau id\u00e9al pour accompagner l&#039;achat d&#039;une nouvelle voiture.<\/p>\n<\/li>\n<\/ul>","protected":false},"excerpt":{"rendered":"<ul>\n<li>\n<p data-path-to-node=\"10,0,0\"><b>Fabriqu\u00e9 en Estonie :<\/b> Production locale de haute qualit\u00e9 garantissant durabilit\u00e9 et livraison rapide.<\/p>\n<\/li>\n<li>\n<p data-path-to-node=\"10,1,0\"><b>Options de mat\u00e9riaux :<\/b> PVC rigide de 1 mm ou Lasernex de qualit\u00e9 sup\u00e9rieure avec rev\u00eatement protecteur (250 microns).<\/p>\n<\/li>\n<li>\n<p data-path-to-node=\"10,2,0\"><b>Personnalisation compl\u00e8te :<\/b> Impression UV recto verso permettant des designs uniques (comme la s\u00e9rie d&#039;\u0153uvres d&#039;art Ewa-Kaisa Plakk).<\/p>\n<\/li>\n<li>\n<p data-path-to-node=\"10,3,0\"><b>Durabilit\u00e9:<\/b> Mat\u00e9riaux r\u00e9sistants \u00e0 la temp\u00e9rature et aux UV qui ne se d\u00e9forment pas sur le tableau de bord.<\/p>\n<\/li>\n<\/ul>","protected":false},"featured_media":6087,"comment_status":"closed","ping_status":"closed","template":"","meta":[],"product_brand":[],"product_cat":[121],"product_tag":[],"class_list":{"0":"post-6086","1":"product","2":"type-product","3":"status-publish","4":"has-post-thumbnail","6":"product_cat-promotional-merchandise","8":"first","9":"instock","10":"shipping-taxable","11":"purchasable","12":"product-type-simple"},"_links":{"self":[{"href":"https:\/\/displayproducts.eu\/fr\/wp-json\/wp\/v2\/product\/6086","targetHints":{"allow":["GET"]}}],"collection":[{"href":"https:\/\/displayproducts.eu\/fr\/wp-json\/wp\/v2\/product"}],"about":[{"href":"https:\/\/displayproducts.eu\/fr\/wp-json\/wp\/v2\/types\/product"}],"replies":[{"embeddable":true,"href":"https:\/\/displayproducts.eu\/fr\/wp-json\/wp\/v2\/comments?post=6086"}],"wp:featuredmedia":[{"embeddable":true,"href":"https:\/\/displayproducts.eu\/fr\/wp-json\/wp\/v2\/media\/6087"}],"wp:attachment":[{"href":"https:\/\/displayproducts.eu\/fr\/wp-json\/wp\/v2\/media?parent=6086"}],"wp:term":[{"taxonomy":"product_brand","embeddable":true,"href":"https:\/\/displayproducts.eu\/fr\/wp-json\/wp\/v2\/product_brand?post=6086"},{"taxonomy":"product_cat","embeddable":true,"href":"https:\/\/displayproducts.eu\/fr\/wp-json\/wp\/v2\/product_cat?post=6086"},{"taxonomy":"product_tag","embeddable":true,"href":"https:\/\/displayproducts.eu\/fr\/wp-json\/wp\/v2\/product_tag?post=6086"}],"curies":[{"name":"wp","href":"https:\/\/api.w.org\/{rel}","templated":true}]}}