{"id":6084,"date":"2025-12-17T15:39:44","date_gmt":"2025-12-17T12:39:44","guid":{"rendered":"https:\/\/wristbandfactory.eu\/?post_type=product&#038;p=6084"},"modified":"2026-04-01T21:52:34","modified_gmt":"2026-04-01T18:52:34","slug":"custom-stretch-table-covers-with-logo-spandex","status":"publish","type":"product","link":"https:\/\/displayproducts.eu\/fr\/p\/custom-stretch-table-covers-with-logo-spandex\/","title":{"rendered":"Nappes extensibles avec logo (Housses de table)"},"content":{"rendered":"<p data-path-to-node=\"11\">Transformez n&#039;importe quelle table pliante standard en un espace de branding professionnel gr\u00e2ce \u00e0 notre <b>Nappes extensibles sur mesure<\/b>. Con\u00e7ues pour les salons professionnels, les expositions et les \u00e9v\u00e9nements d&#039;entreprise, ces b\u00e2ches offrent un style \u00e9l\u00e9gant et moderne qui rehausse instantan\u00e9ment l&#039;apparence de votre stand.<\/p>\n<p data-path-to-node=\"12\">Comme le d\u00e9montre notre projet pour <b>Eesti Kennelliit (Union canine estonienne)<\/b>, Une nappe \u00e0 l&#039;effigie de la marque est essentielle pour une visibilit\u00e9 optimale dans les lieux tr\u00e8s fr\u00e9quent\u00e9s. Ils avaient besoin d&#039;une solution r\u00e9sistante qui se d\u00e9marque lors des diff\u00e9rents salons et \u00e9v\u00e9nements canins. Nous leur avons fourni une nappe qui non seulement mettait parfaitement en valeur leur logo, mais qui r\u00e9sistait aussi aux contraintes des d\u00e9placements et des installations fr\u00e9quentes.<\/p>\n<h2 data-path-to-node=\"13\">Caract\u00e9ristiques principales<\/h2>\n<ul data-path-to-node=\"14\">\n<li>\n<p data-path-to-node=\"14,0,0\"><b>Technologie anti-rides\u00a0:<\/b> La combinaison de <b>Polyester et \u00e9lasthanne<\/b> Elle permet au tissu de se tendre parfaitement sur la table, \u00e9liminant ainsi les plis et les froissements sans avoir besoin de repasser.<\/p>\n<\/li>\n<li>\n<p data-path-to-node=\"14,1,0\"><b>Image de marque dynamique :<\/b> Nous proposons deux options d&#039;impression\u00a0:<\/p>\n<ul data-path-to-node=\"14,1,1\">\n<li>\n<p data-path-to-node=\"14,1,1,0,0\"><i>Impression int\u00e9grale :<\/i> Recouvrez toute la surface avec les couleurs, les motifs et les images de votre marque.<\/p>\n<\/li>\n<li>\n<p data-path-to-node=\"14,1,1,1,0\"><i>Emplacement du logo\u00a0:<\/i> Un aspect soign\u00e9 et professionnel, avec votre logo centr\u00e9 sur le devant et\/ou les c\u00f4t\u00e9s.<\/p>\n<\/li>\n<\/ul>\n<\/li>\n<li>\n<p data-path-to-node=\"14,2,0\"><b>Ajustement s\u00fbr\u00a0:<\/b> La housse est dot\u00e9e de poches \u00e9lastiques renforc\u00e9es qui se glissent sous les pieds de la table. Cela permet de maintenir la nappe bien en place, m\u00eame \u00e0 l&#039;ext\u00e9rieur ou dans les zones de passage fr\u00e9quent.<\/p>\n<\/li>\n<li>\n<p data-path-to-node=\"14,3,0\"><b>Pratique et durable :<\/b> Le tissu est lavable en machine et r\u00e9sistant \u00e0 la d\u00e9coloration, ce qui lui permet de conserver son aspect impeccable pour chaque occasion.<\/p>\n<\/li>\n<\/ul>\n<h2 data-path-to-node=\"15\">Caract\u00e9ristiques<\/h2>\n<ul data-path-to-node=\"16\">\n<li>\n<p data-path-to-node=\"16,0,0\"><b>Mat\u00e9riel:<\/b> 90% Polyester \/ 10% Spandex (\u00c9lastique).<\/p>\n<\/li>\n<li>\n<p data-path-to-node=\"16,1,0\"><b>Poids du tissu :<\/b> Environ 200-240 g\/m\u00b2 (opaque et durable).<\/p>\n<\/li>\n<li>\n<p data-path-to-node=\"16,2,0\"><b>Tailles standard :<\/b><\/p>\n<ul data-path-to-node=\"16,2,1\">\n<li>\n<p data-path-to-node=\"16,2,1,0,0\">4 pieds (120 cm)<\/p>\n<\/li>\n<li>\n<p data-path-to-node=\"16,2,1,1,0\">6 pieds (180 cm) \u2013 <i>Les plus populaires<\/i><\/p>\n<\/li>\n<li>\n<p data-path-to-node=\"16,2,1,2,0\">8 pieds (240 cm)<\/p>\n<\/li>\n<\/ul>\n<\/li>\n<li>\n<p data-path-to-node=\"16,3,0\"><b>Technique d&#039;impression :<\/b> Sublimation thermique (CMJN).<\/p>\n<\/li>\n<li>\n<p data-path-to-node=\"16,4,0\"><b>Finition:<\/b> Bords ourl\u00e9s, poches de pieds renforc\u00e9es (tissu Oxford).<\/p>\n<\/li>\n<li>\n<p data-path-to-node=\"16,5,0\"><b>Soins:<\/b> Lavage en machine \u00e0 froid, s\u00e9chage en machine \u00e0 basse temp\u00e9rature.<\/p>\n<\/li>\n<\/ul>\n<h2 data-path-to-node=\"17\">Cas d&#039;utilisation<\/h2>\n<ul data-path-to-node=\"18\">\n<li>\n<p data-path-to-node=\"18,0,0\"><b>Salons et expositions professionnels\u00a0:<\/b> Cr\u00e9ez une apparence uniforme pour vos tables de stand.<\/p>\n<\/li>\n<li>\n<p data-path-to-node=\"18,1,0\"><b>Bureaux d&#039;inscription :<\/b> Tables d&#039;accueil professionnelles lors des conf\u00e9rences.<\/p>\n<\/li>\n<li>\n<p data-path-to-node=\"18,2,0\"><b>D\u00e9monstrations de produits\u00a0:<\/b> Une surface propre et portant la marque pour pr\u00e9senter les produits (comme l&#039;exemple de Kennelliit).<\/p>\n<\/li>\n<li>\n<p data-path-to-node=\"18,3,0\"><b>Tables de mixage DJ et audio :<\/b> Dissimulez les c\u00e2bles et le mat\u00e9riel encombrants sous la table.<\/p>\n<\/li>\n<\/ul>","protected":false},"excerpt":{"rendered":"<ul>\n<li>\n<p data-path-to-node=\"10,0,0\"><b>Mat\u00e9riel:<\/b> M\u00e9lange de polyester et d&#039;\u00e9lasthanne de haute qualit\u00e9 pour une coupe ajust\u00e9e et sans plis.<\/p>\n<\/li>\n<li>\n<p data-path-to-node=\"10,1,0\"><b>Impression:<\/b> Sublimation num\u00e9rique sur toute la surface (couleurs illimit\u00e9es) ou sans impression placement de logo.<\/p>\n<\/li>\n<li>\n<p data-path-to-node=\"10,2,0\"><b>Durabilit\u00e9:<\/b> Tissu lavable, r\u00e9utilisable et sans repassage.<\/p>\n<\/li>\n<li>\n<p data-path-to-node=\"10,3,0\"><b>Ajuster:<\/b> Con\u00e7u pour s&#039;adapter aux tables \u00e9v\u00e9nementielles standard (rectangulaires ou rondes) avec des poches pour les pieds renforc\u00e9es.<\/p>\n<\/li>\n<\/ul>","protected":false},"featured_media":6085,"comment_status":"closed","ping_status":"closed","template":"","meta":[],"product_brand":[],"product_cat":[45],"product_tag":[],"class_list":{"0":"post-6084","1":"product","2":"type-product","3":"status-publish","4":"has-post-thumbnail","6":"product_cat-other","8":"first","9":"instock","10":"shipping-taxable","11":"purchasable","12":"product-type-simple"},"_links":{"self":[{"href":"https:\/\/displayproducts.eu\/fr\/wp-json\/wp\/v2\/product\/6084","targetHints":{"allow":["GET"]}}],"collection":[{"href":"https:\/\/displayproducts.eu\/fr\/wp-json\/wp\/v2\/product"}],"about":[{"href":"https:\/\/displayproducts.eu\/fr\/wp-json\/wp\/v2\/types\/product"}],"replies":[{"embeddable":true,"href":"https:\/\/displayproducts.eu\/fr\/wp-json\/wp\/v2\/comments?post=6084"}],"wp:featuredmedia":[{"embeddable":true,"href":"https:\/\/displayproducts.eu\/fr\/wp-json\/wp\/v2\/media\/6085"}],"wp:attachment":[{"href":"https:\/\/displayproducts.eu\/fr\/wp-json\/wp\/v2\/media?parent=6084"}],"wp:term":[{"taxonomy":"product_brand","embeddable":true,"href":"https:\/\/displayproducts.eu\/fr\/wp-json\/wp\/v2\/product_brand?post=6084"},{"taxonomy":"product_cat","embeddable":true,"href":"https:\/\/displayproducts.eu\/fr\/wp-json\/wp\/v2\/product_cat?post=6084"},{"taxonomy":"product_tag","embeddable":true,"href":"https:\/\/displayproducts.eu\/fr\/wp-json\/wp\/v2\/product_tag?post=6084"}],"curies":[{"name":"wp","href":"https:\/\/api.w.org\/{rel}","templated":true}]}}